{"id":208504,"date":"2023-12-01T15:05:57","date_gmt":"2023-12-01T14:05:57","guid":{"rendered":"https:\/\/lediamant.ch\/die-richtige-wahl-ihrer-eheringe\/"},"modified":"2023-12-22T15:12:32","modified_gmt":"2023-12-22T14:12:32","slug":"die-richtige-wahl-ihrer-eheringe","status":"publish","type":"page","link":"https:\/\/lediamant.ch\/de\/die-richtige-wahl-ihrer-eheringe\/","title":{"rendered":"Die richtige Wahl Ihrer Eheringe"},"content":{"rendered":"\n<p>Ein Ehering oder Partnerschaftsring symbolisiert den Austausch von Gel\u00fcbden und den Schwur einer lebenslangen Liebe zwischen zwei Personen.<\/p>\n<h2 class=\"gb-headline gb-headline-40dd4e9c gb-headline-text\" id=\"ursprung-des-traurings\">Ursprung des Traurings<\/h2>\n<p>Schon in der Antike hatten die beiden Ringe ihre heutige Bedeutung, n\u00e4mlich die Verpflichtung der beiden Personen. Sie waren wie ein echter Ehevertrag zwischen den zuk\u00fcnftigen Eheleuten. Es handelte sich um einfache Ringe und die geometrische Form wurde vor allem deshalb gew\u00e4hlt, weil der Kreis ohne Anfang und Ende f\u00fcr die Ewigkeit steht.<\/p>\n\n<p>Anfangs wurden diese Ringe an die linke Hand gesteckt, da dies der Teil des K\u00f6rpers ist, der dem Herzen am n\u00e4chsten liegt. Au\u00dferdem hatten griechische \u00c4rzte im dritten Jahrhundert nachgewiesen, dass bestimmte Nerven in diesem vierten Finger direkt mit dem Herzen verbunden sind. Auch wenn diese Theorie mittlerweile widerlegt wurde, glauben viele Menschen weiterhin an diesen Mythos.<\/p>\n\n<p>Dennoch werden in einigen L\u00e4ndern wie Gro\u00dfbritannien, Ungarn, Griechenland, Spanien, Polen und Russland die Eheringe am rechten Ringfinger angesteckt.<\/p>\n<h2 class=\"gb-headline gb-headline-c78b0e72 gb-headline-text\" id=\"beratung\">Beratung<\/h2>\n<p>Die zuk\u00fcnftigen Eheleute w\u00e4hlten sie aus offensichtlichen Gr\u00f6\u00dfengr\u00fcnden gemeinsam aus. Auch heute noch werden die Ringe auf der Innenseite mit dem Vornamen des Ehepartners sowie dem Datum der Trauung graviert.<\/p>\n<div class=\"gb-container gb-container-1fdc05d8 gb-container-overflowing\">\n\n<figure class=\"gb-block-image gb-block-image-2dcbbdcf\"><img loading=\"lazy\" decoding=\"async\" width=\"2048\" height=\"1363\" class=\"gb-image gb-image-2dcbbdcf\" src=\"https:\/\/lediamant.ch\/wp-content\/uploads\/2023\/12\/recherche_alliances_lediamant.ch_.jpg\" alt=\"\" title=\"recherche_alliances_lediamant.ch\" srcset=\"https:\/\/lediamant.ch\/wp-content\/uploads\/2023\/12\/recherche_alliances_lediamant.ch_.jpg 2048w, https:\/\/lediamant.ch\/wp-content\/uploads\/2023\/12\/recherche_alliances_lediamant.ch_-300x200.jpg 300w, https:\/\/lediamant.ch\/wp-content\/uploads\/2023\/12\/recherche_alliances_lediamant.ch_-768x511.jpg 768w, https:\/\/lediamant.ch\/wp-content\/uploads\/2023\/12\/recherche_alliances_lediamant.ch_-1024x682.jpg 1024w, https:\/\/lediamant.ch\/wp-content\/uploads\/2023\/12\/recherche_alliances_lediamant.ch_-1536x1022.jpg 1536w, https:\/\/lediamant.ch\/wp-content\/uploads\/2023\/12\/recherche_alliances_lediamant.ch_-600x399.jpg 600w, https:\/\/lediamant.ch\/wp-content\/uploads\/2023\/12\/recherche_alliances_lediamant.ch_-400x266.jpg 400w, https:\/\/lediamant.ch\/wp-content\/uploads\/2023\/12\/recherche_alliances_lediamant.ch_-64x43.jpg 64w\" sizes=\"auto, (max-width: 2048px) 100vw, 2048px\" \/><\/figure>\n\n<\/div>\n<p>Unsere Trauringe bestehen aus Gold, Silber oder Stahl und bieten durch ihr Material und ihre Herstellungsqualit\u00e4t einen hohen Tragekomfort. Mit klaren Linien, extrem schlicht oder eher mit Diamanten besetzt, bieten unsere Ringe f\u00fcr jeden Geschmack und jedes Budget das Richtige.<\/p>\n\n<p>Ob Sie sie nun auf unserer Website lediamant.ch oder in unserem Juweliergesch\u00e4ft in La Chaux-de-Fonds kaufen, planen Sie zur Sicherheit dennoch einen guten Monat ein, bis sie mit einer Gravur zu Ihnen zur\u00fcckkehren.<\/p>\n<h2 class=\"gb-headline gb-headline-e8575160 gb-headline-text\" id=\"wie-waehle-ich-das-material-fuer-meinen-ehering-aus\">Wie w\u00e4hle ich das Material f\u00fcr meinen Ehering aus?<\/h2>\n<p>In unserem Gesch\u00e4ft k\u00f6nnen Sie aus einer der gr\u00f6\u00dften Schweizer Kollektionen w\u00e4hlen: Gold, Silber, Stahl, mit oder ohne Diamanten.<\/p>\n<h3 class=\"gb-headline gb-headline-df8fcd7c gb-headline-text\" id=\"gold\">Gold<\/h3>\n<p>Gold war schon immer eine klassische und zeitlose Wahl f\u00fcr Trauringe. Seine nat\u00fcrliche warme Ausstrahlung und sein Glanz machen Trauringe aus Gold zu einem romantischen Schmuckst\u00fcck. Gold ist ein Metall, das in Karat gemessen wird. Reines Gold hat 24 Karat und ist f\u00fcr die Verwendung in Schmuckst\u00fccken nicht formbar, daher muss es mit anderen Metallen gemischt werden, um zu einem Ring verarbeitet zu werden. 18 Karat oder 750er Gold enth\u00e4lt 75% reines Gold, 14 Karat oder 585er Gold 58,5% reines Gold.<\/p>\n\n<hr class=\"wp-block-separator has-alpha-channel-opacity\"\/>\n<div class=\"gb-grid-wrapper gb-grid-wrapper-15afee04\">\n<div class=\"gb-grid-column gb-grid-column-d00af828\"><div class=\"gb-container gb-container-d00af828\">\n<div class=\"gb-container gb-container-c9af96c7\">\n\n<figure class=\"gb-block-image gb-block-image-027480e7\"><img loading=\"lazy\" decoding=\"async\" width=\"600\" height=\"600\" class=\"gb-image gb-image-027480e7\" src=\"https:\/\/lediamant.ch\/wp-content\/uploads\/2023\/12\/alliances-or-jaune-lediamant.ch_.jpg\" alt=\"\" title=\"allianzen-gold-gelb-diamant.ch\" srcset=\"https:\/\/lediamant.ch\/wp-content\/uploads\/2023\/12\/alliances-or-jaune-lediamant.ch_.jpg 600w, https:\/\/lediamant.ch\/wp-content\/uploads\/2023\/12\/alliances-or-jaune-lediamant.ch_-150x150.jpg 150w, https:\/\/lediamant.ch\/wp-content\/uploads\/2023\/12\/alliances-or-jaune-lediamant.ch_-300x300.jpg 300w, https:\/\/lediamant.ch\/wp-content\/uploads\/2023\/12\/alliances-or-jaune-lediamant.ch_-400x400.jpg 400w, https:\/\/lediamant.ch\/wp-content\/uploads\/2023\/12\/alliances-or-jaune-lediamant.ch_-120x120.jpg 120w, https:\/\/lediamant.ch\/wp-content\/uploads\/2023\/12\/alliances-or-jaune-lediamant.ch_-64x64.jpg 64w\" sizes=\"auto, (max-width: 600px) 100vw, 600px\" \/><\/figure>\n\n<\/div>\n<\/div><\/div>\n\n<div class=\"gb-grid-column gb-grid-column-44592398\"><div class=\"gb-container gb-container-44592398\">\n<h4 class=\"gb-headline gb-headline-06b8447a gb-headline-text\" id=\"gelbgold\">Gelbgold<\/h4>\n\n\n<p>Das warme Aussehen von Gelbgold empf\u00e4ngt Sie mit seinem sonnigen Glanz. Es ist ein Klassiker, der immer in Mode ist und dessen leuchtendes Aussehen die Zeit \u00fcberdauert. Die nat\u00fcrliche, wundersch\u00f6n funkelnde gelbe Farbe passt perfekt zu jedem Stil und erweist sich als perfekt f\u00fcr klassische Liebhaber, da sie nie aus der Mode gekommen ist. Die zeitlose Qualit\u00e4t wird f\u00fcr immer an Ihrem Finger sein.<\/p>\n\n\n\n<a class=\"gb-button gb-button-f2abfd0f gb-button-text gb-button-primary\" href=\"https:\/\/lediamant.ch\/de\/trauringe\/?_matiere=gelbgold\">Entdecken Sie<\/a>\n\n<\/div><\/div>\n<\/div>\n<hr class=\"wp-block-separator has-alpha-channel-opacity\"\/>\n<div class=\"gb-grid-wrapper gb-grid-wrapper-fa1810c6\">\n<div class=\"gb-grid-column gb-grid-column-296c732d\"><div class=\"gb-container gb-container-296c732d\">\n<div class=\"gb-container gb-container-8af24c3d\">\n\n<figure class=\"gb-block-image gb-block-image-5cd40e19\"><img loading=\"lazy\" decoding=\"async\" width=\"800\" height=\"800\" class=\"gb-image gb-image-5cd40e19\" src=\"https:\/\/lediamant.ch\/wp-content\/uploads\/2023\/12\/alliances-or-blanc_lediamant.ch_.jpg\" alt=\"\" title=\"allianzen-wei\u00dfgold_lediamant.ch\" srcset=\"https:\/\/lediamant.ch\/wp-content\/uploads\/2023\/12\/alliances-or-blanc_lediamant.ch_.jpg 800w, https:\/\/lediamant.ch\/wp-content\/uploads\/2023\/12\/alliances-or-blanc_lediamant.ch_-150x150.jpg 150w, https:\/\/lediamant.ch\/wp-content\/uploads\/2023\/12\/alliances-or-blanc_lediamant.ch_-300x300.jpg 300w, https:\/\/lediamant.ch\/wp-content\/uploads\/2023\/12\/alliances-or-blanc_lediamant.ch_-768x768.jpg 768w, https:\/\/lediamant.ch\/wp-content\/uploads\/2023\/12\/alliances-or-blanc_lediamant.ch_-600x600.jpg 600w, https:\/\/lediamant.ch\/wp-content\/uploads\/2023\/12\/alliances-or-blanc_lediamant.ch_-400x400.jpg 400w, https:\/\/lediamant.ch\/wp-content\/uploads\/2023\/12\/alliances-or-blanc_lediamant.ch_-120x120.jpg 120w, https:\/\/lediamant.ch\/wp-content\/uploads\/2023\/12\/alliances-or-blanc_lediamant.ch_-64x64.jpg 64w\" sizes=\"auto, (max-width: 800px) 100vw, 800px\" \/><\/figure>\n\n<\/div>\n<\/div><\/div>\n\n<div class=\"gb-grid-column gb-grid-column-5507ccd9\"><div class=\"gb-container gb-container-5507ccd9\">\n<h4 class=\"gb-headline gb-headline-65205532 gb-headline-text\" id=\"weissgold\">Wei\u00dfgold<\/h4>\n\n\n<p>Das Wei\u00df des Wei\u00dfgoldes sorgt f\u00fcr einen zeitgem\u00e4\u00dfen und einzigartigen Look. Wei\u00dfgold bietet durch einen Zusatz von Palladium einen k\u00fchlen und anspruchsvollen Schimmer, seine Beliebtheit nimmt im Laufe der Zeit nie ab. Der reflektierende Charakter seiner gl\u00e4nzenden Oberfl\u00e4che wird in der Regel rhodiniert. Sein futuristisches und modernes Aussehen zeigt Ihr Vertrauen.<\/p>\n\n\n\n<a class=\"gb-button gb-button-6f2b6871 gb-button-text gb-button-primary\" href=\"https:\/\/lediamant.ch\/de\/trauringe\/?_matiere=weissgold\">Entdecken Sie<\/a>\n\n<\/div><\/div>\n<\/div>\n<hr class=\"wp-block-separator has-alpha-channel-opacity\"\/>\n<div class=\"gb-grid-wrapper gb-grid-wrapper-88867349\">\n<div class=\"gb-grid-column gb-grid-column-cb769263\"><div class=\"gb-container gb-container-cb769263\">\n<div class=\"gb-container gb-container-7aec7ee4\">\n\n<figure class=\"gb-block-image gb-block-image-c75ad6c8\"><img loading=\"lazy\" decoding=\"async\" width=\"800\" height=\"800\" class=\"gb-image gb-image-c75ad6c8\" src=\"https:\/\/lediamant.ch\/wp-content\/uploads\/2023\/12\/alliances-or-rose-lediamant.ch_.jpg\" alt=\"\" title=\"allianzen-gold-rosa-lediamant.ch\" srcset=\"https:\/\/lediamant.ch\/wp-content\/uploads\/2023\/12\/alliances-or-rose-lediamant.ch_.jpg 800w, https:\/\/lediamant.ch\/wp-content\/uploads\/2023\/12\/alliances-or-rose-lediamant.ch_-150x150.jpg 150w, https:\/\/lediamant.ch\/wp-content\/uploads\/2023\/12\/alliances-or-rose-lediamant.ch_-300x300.jpg 300w, https:\/\/lediamant.ch\/wp-content\/uploads\/2023\/12\/alliances-or-rose-lediamant.ch_-768x768.jpg 768w, https:\/\/lediamant.ch\/wp-content\/uploads\/2023\/12\/alliances-or-rose-lediamant.ch_-600x600.jpg 600w, https:\/\/lediamant.ch\/wp-content\/uploads\/2023\/12\/alliances-or-rose-lediamant.ch_-400x400.jpg 400w, https:\/\/lediamant.ch\/wp-content\/uploads\/2023\/12\/alliances-or-rose-lediamant.ch_-120x120.jpg 120w, https:\/\/lediamant.ch\/wp-content\/uploads\/2023\/12\/alliances-or-rose-lediamant.ch_-64x64.jpg 64w\" sizes=\"auto, (max-width: 800px) 100vw, 800px\" \/><\/figure>\n\n<\/div>\n<\/div><\/div>\n\n<div class=\"gb-grid-column gb-grid-column-60fcd071\"><div class=\"gb-container gb-container-60fcd071\">\n<h4 class=\"gb-headline gb-headline-d7d34837 gb-headline-text\" id=\"rosegold\">Ros\u00e9gold<\/h4>\n\n\n<p>Seine Farbe Ros\u00e9gold ist mit seinem weichen und eleganten Aussehen sehr beliebt. Das Kupfer verleiht dieser Legierung einen sch\u00f6nen rosa Farbton, der von Tag zu Tag mehr in Mode kommt. Ros\u00e9gold steht mit seiner romantischen Seite f\u00fcr die Liebe. Trauringe im Vintage-Stil haben einen ganz besonderen Charme und die bezaubernde Sch\u00f6nheit von Ros\u00e9gold verleiht jedem Ring Stil eine unglaubliche Anziehungskraft.<\/p>\n\n\n\n<a class=\"gb-button gb-button-3e42de3c gb-button-text gb-button-primary\" href=\"https:\/\/lediamant.ch\/de\/trauringe\/?_matiere=rosegold\">Entdecken Sie<\/a>\n\n<\/div><\/div>\n<\/div>\n<hr class=\"wp-block-separator has-alpha-channel-opacity\"\/>\n<h3 class=\"gb-headline gb-headline-20e4ff10 gb-headline-text\" id=\"andere-materialien\">Andere Materialien<\/h3>\n<hr class=\"wp-block-separator has-alpha-channel-opacity\"\/>\n<div class=\"gb-grid-wrapper gb-grid-wrapper-92fcb463\">\n<div class=\"gb-grid-column gb-grid-column-8cba3631\"><div class=\"gb-container gb-container-8cba3631\">\n<div class=\"gb-container gb-container-97df57b3\">\n\n<figure class=\"gb-block-image gb-block-image-7bd7b9b3\"><img loading=\"lazy\" decoding=\"async\" width=\"800\" height=\"800\" class=\"gb-image gb-image-7bd7b9b3\" src=\"https:\/\/lediamant.ch\/wp-content\/uploads\/2023\/12\/Alliances_argent_lediamant.ch_.jpg\" alt=\"\" title=\"Allianzen_Silber_Diamant.ch\" srcset=\"https:\/\/lediamant.ch\/wp-content\/uploads\/2023\/12\/Alliances_argent_lediamant.ch_.jpg 800w, https:\/\/lediamant.ch\/wp-content\/uploads\/2023\/12\/Alliances_argent_lediamant.ch_-150x150.jpg 150w, https:\/\/lediamant.ch\/wp-content\/uploads\/2023\/12\/Alliances_argent_lediamant.ch_-300x300.jpg 300w, https:\/\/lediamant.ch\/wp-content\/uploads\/2023\/12\/Alliances_argent_lediamant.ch_-768x768.jpg 768w, https:\/\/lediamant.ch\/wp-content\/uploads\/2023\/12\/Alliances_argent_lediamant.ch_-600x600.jpg 600w, https:\/\/lediamant.ch\/wp-content\/uploads\/2023\/12\/Alliances_argent_lediamant.ch_-400x400.jpg 400w, https:\/\/lediamant.ch\/wp-content\/uploads\/2023\/12\/Alliances_argent_lediamant.ch_-120x120.jpg 120w, https:\/\/lediamant.ch\/wp-content\/uploads\/2023\/12\/Alliances_argent_lediamant.ch_-64x64.jpg 64w\" sizes=\"auto, (max-width: 800px) 100vw, 800px\" \/><\/figure>\n\n<\/div>\n<\/div><\/div>\n\n<div class=\"gb-grid-column gb-grid-column-2ec93848\"><div class=\"gb-container gb-container-2ec93848\">\n<h4 class=\"gb-headline gb-headline-31c332f8 gb-headline-text\" id=\"silber\">Silber<\/h4>\n\n\n<p>Das gl\u00e4nzende Grauwei\u00df des Silbers erinnert an die Spiegelung des Mondes auf dem Meer. Reines Silber ist f\u00fcr die Schmuckherstellung zu formbar, daher wird es mit anderen Metallen legiert, um seine Festigkeit zu erh\u00f6hen. 925er Silber enth\u00e4lt 92,5% reines Silber und verleiht dem Trauring einen sch\u00f6nen, nat\u00fcrlich Glanz. Der funkelnde Glanz des Silbers ist mit seinem modernen Look sehr verf\u00fchrerisch.<\/p>\n\n\n\n<a class=\"gb-button gb-button-34a75614 gb-button-text gb-button-primary\" href=\"https:\/\/lediamant.ch\/de\/trauringe\/?_matiere=925silber\">Entdecken Sie<\/a>\n\n<\/div><\/div>\n<\/div>\n<hr class=\"wp-block-separator has-alpha-channel-opacity\"\/>\n<div class=\"gb-grid-wrapper gb-grid-wrapper-eb5a0374\">\n<div class=\"gb-grid-column gb-grid-column-bb6fc325\"><div class=\"gb-container gb-container-bb6fc325\">\n<div class=\"gb-container gb-container-ba2a10dc\">\n\n<figure class=\"gb-block-image gb-block-image-8acfde0d\"><img loading=\"lazy\" decoding=\"async\" width=\"800\" height=\"800\" class=\"gb-image gb-image-8acfde0d\" src=\"https:\/\/lediamant.ch\/wp-content\/uploads\/2023\/12\/alliances_acier_lediamant-ch.jpg\" alt=\"\" title=\"allianzen_stahl_lediamant-ch\" srcset=\"https:\/\/lediamant.ch\/wp-content\/uploads\/2023\/12\/alliances_acier_lediamant-ch.jpg 800w, https:\/\/lediamant.ch\/wp-content\/uploads\/2023\/12\/alliances_acier_lediamant-ch-150x150.jpg 150w, https:\/\/lediamant.ch\/wp-content\/uploads\/2023\/12\/alliances_acier_lediamant-ch-300x300.jpg 300w, https:\/\/lediamant.ch\/wp-content\/uploads\/2023\/12\/alliances_acier_lediamant-ch-768x768.jpg 768w, https:\/\/lediamant.ch\/wp-content\/uploads\/2023\/12\/alliances_acier_lediamant-ch-600x600.jpg 600w, https:\/\/lediamant.ch\/wp-content\/uploads\/2023\/12\/alliances_acier_lediamant-ch-400x400.jpg 400w, https:\/\/lediamant.ch\/wp-content\/uploads\/2023\/12\/alliances_acier_lediamant-ch-120x120.jpg 120w, https:\/\/lediamant.ch\/wp-content\/uploads\/2023\/12\/alliances_acier_lediamant-ch-64x64.jpg 64w\" sizes=\"auto, (max-width: 800px) 100vw, 800px\" \/><\/figure>\n\n<\/div>\n<\/div><\/div>\n\n<div class=\"gb-grid-column gb-grid-column-f994d721\"><div class=\"gb-container gb-container-f994d721\">\n<h4 class=\"gb-headline gb-headline-216191b0 gb-headline-text\" id=\"stahl\">Stahl<\/h4>\n\n\n<p>Edelstahl ist ein modernes und robustes Material, das hohe Anforderungen an die Verarbeitung stellt. Das Material \u00fcberzeugt durch das Zusammenspiel von matten und polierten Oberfl\u00e4chen, die in aufwendiger Handarbeit entstehen. Die Damenringe sind mit Diamanten besetzt.<\/p>\n\n\n\n<a class=\"gb-button gb-button-35a3a9b3 gb-button-text gb-button-primary\" href=\"https:\/\/lediamant.ch\/de\/trauringe\/?_matiere=stahl\">Entdecken Sie<\/a>\n\n<\/div><\/div>\n<\/div>\n<hr class=\"wp-block-separator has-alpha-channel-opacity\"\/>\n<div class=\"gb-grid-wrapper gb-grid-wrapper-e8374b2a\">\n<div class=\"gb-grid-column gb-grid-column-40a56d68\"><div class=\"gb-container gb-container-40a56d68\">\n<div class=\"gb-container gb-container-465d46c7\">\n\n<figure class=\"gb-block-image gb-block-image-8f935567\"><img loading=\"lazy\" decoding=\"async\" width=\"800\" height=\"800\" class=\"gb-image gb-image-8f935567\" src=\"https:\/\/lediamant.ch\/wp-content\/uploads\/2023\/12\/alliances_acier_carbone_lediamant.ch_.jpg\" alt=\"\" title=\"allianzen_stahl_kohlenstoff_lediamant.ch\" srcset=\"https:\/\/lediamant.ch\/wp-content\/uploads\/2023\/12\/alliances_acier_carbone_lediamant.ch_.jpg 800w, https:\/\/lediamant.ch\/wp-content\/uploads\/2023\/12\/alliances_acier_carbone_lediamant.ch_-150x150.jpg 150w, https:\/\/lediamant.ch\/wp-content\/uploads\/2023\/12\/alliances_acier_carbone_lediamant.ch_-300x300.jpg 300w, https:\/\/lediamant.ch\/wp-content\/uploads\/2023\/12\/alliances_acier_carbone_lediamant.ch_-768x768.jpg 768w, https:\/\/lediamant.ch\/wp-content\/uploads\/2023\/12\/alliances_acier_carbone_lediamant.ch_-600x600.jpg 600w, https:\/\/lediamant.ch\/wp-content\/uploads\/2023\/12\/alliances_acier_carbone_lediamant.ch_-400x400.jpg 400w, https:\/\/lediamant.ch\/wp-content\/uploads\/2023\/12\/alliances_acier_carbone_lediamant.ch_-120x120.jpg 120w, https:\/\/lediamant.ch\/wp-content\/uploads\/2023\/12\/alliances_acier_carbone_lediamant.ch_-64x64.jpg 64w\" sizes=\"auto, (max-width: 800px) 100vw, 800px\" \/><\/figure>\n\n<\/div>\n<\/div><\/div>\n\n<div class=\"gb-grid-column gb-grid-column-7e619ebb\"><div class=\"gb-container gb-container-7e619ebb\">\n<h4 class=\"gb-headline gb-headline-d6af0a82 gb-headline-text\" id=\"stahl-und-karbon\">Stahl und Karbon<\/h4>\n\n\n<p>Hochwertiger Edelstahl in Kombination mit dem Hightech-Material Karbon sorgt f\u00fcr bemerkenswerte Akzente. Das Karbonteil wird in der Schweizer Werkstatt sorgf\u00e4ltig von Hand gewickelt und geh\u00e4rtet. Die Damenringe sind eventuell mit Diamanten besetz<\/p>\n\n\n\n<a class=\"gb-button gb-button-8a6fe278 gb-button-text gb-button-primary\" href=\"https:\/\/lediamant.ch\/de\/trauringe\/?_matiere=karbon\">Entdecken Sie<\/a>\n\n<\/div><\/div>\n<\/div>","protected":false},"excerpt":{"rendered":"<p>Ein Ehering oder Partnerschaftsring symbolisiert den Austausch von Gel\u00fcbden und den Schwur einer lebenslangen Liebe zwischen zwei Personen. Ursprung des Traurings Schon in der Antike hatten die beiden Ringe ihre heutige Bedeutung, n\u00e4mlich die Verpflichtung der beiden Personen. Sie waren wie ein echter Ehevertrag zwischen den zuk\u00fcnftigen Eheleuten. Es handelte sich um einfache Ringe und &#8230; <a title=\"Die richtige Wahl Ihrer Eheringe\" class=\"read-more\" href=\"https:\/\/lediamant.ch\/de\/die-richtige-wahl-ihrer-eheringe\/\" aria-label=\"Mehr Informationen \u00fcber Die richtige Wahl Ihrer Eheringe\">Weiterlesen &#8230;<\/a><\/p>\n","protected":false},"author":1,"featured_media":207334,"parent":212439,"menu_order":0,"comment_status":"closed","ping_status":"closed","template":"","meta":{"_acf_changed":false,"_seopress_robots_primary_cat":"","_seopress_titles_title":"","_seopress_titles_desc":"","_seopress_robots_index":"","footnotes":""},"categories":[41051],"class_list":{"0":"post-208504","1":"page","2":"type-page","3":"status-publish","4":"has-post-thumbnail","6":"category-leitfaden"},"acf":[],"_links":{"self":[{"href":"https:\/\/lediamant.ch\/de\/wp-json\/wp\/v2\/pages\/208504","targetHints":{"allow":["GET"]}}],"collection":[{"href":"https:\/\/lediamant.ch\/de\/wp-json\/wp\/v2\/pages"}],"about":[{"href":"https:\/\/lediamant.ch\/de\/wp-json\/wp\/v2\/types\/page"}],"author":[{"embeddable":true,"href":"https:\/\/lediamant.ch\/de\/wp-json\/wp\/v2\/users\/1"}],"replies":[{"embeddable":true,"href":"https:\/\/lediamant.ch\/de\/wp-json\/wp\/v2\/comments?post=208504"}],"version-history":[{"count":9,"href":"https:\/\/lediamant.ch\/de\/wp-json\/wp\/v2\/pages\/208504\/revisions"}],"predecessor-version":[{"id":208519,"href":"https:\/\/lediamant.ch\/de\/wp-json\/wp\/v2\/pages\/208504\/revisions\/208519"}],"up":[{"embeddable":true,"href":"https:\/\/lediamant.ch\/de\/wp-json\/wp\/v2\/pages\/212439"}],"wp:featuredmedia":[{"embeddable":true,"href":"https:\/\/lediamant.ch\/de\/wp-json\/wp\/v2\/media\/207334"}],"wp:attachment":[{"href":"https:\/\/lediamant.ch\/de\/wp-json\/wp\/v2\/media?parent=208504"}],"wp:term":[{"taxonomy":"category","embeddable":true,"href":"https:\/\/lediamant.ch\/de\/wp-json\/wp\/v2\/categories?post=208504"}],"curies":[{"name":"wp","href":"https:\/\/api.w.org\/{rel}","templated":true}]}}