{"id":208915,"date":"2023-12-08T17:08:02","date_gmt":"2023-12-08T16:08:02","guid":{"rendered":"https:\/\/lediamant.ch\/die-richtige-ringgroesse-waehlen\/"},"modified":"2024-08-14T14:13:25","modified_gmt":"2024-08-14T12:13:25","slug":"die-richtige-ringgroesse-waehlen","status":"publish","type":"page","link":"https:\/\/lediamant.ch\/de\/die-richtige-ringgroesse-waehlen\/","title":{"rendered":"Die richtige Ringgr\u00f6\u00dfe w\u00e4hlen"},"content":{"rendered":"<div class=\"gb-container gb-container-36a2c82a\">\n\n<p>Hier finden Sie alle unsere Tipps, um die richtige Ringgr\u00f6\u00dfe f\u00fcr Sie so genau wie m\u00f6glich auszuw\u00e4hlen.<\/p>\n\n\n\n<p>Die Wahl de richtige Ringgr\u00f6\u00dfe ist immer eine komplizierte Angelegenheit. Das Schmuckst\u00fcck muss fest genug sitzen, damit es nicht vom Finger rutscht, aber breit genug sein, um beim Anziehen des Rings \u00fcber das Gelenk gleiten zu k\u00f6nnen.<\/p>\n\n\n<div class=\"gb-grid-wrapper gb-grid-wrapper-c7cde3fe\">\n<div class=\"gb-grid-column gb-grid-column-8340d259\"><div class=\"gb-container gb-container-8340d259\">\n\n<p>Je nach Tageszeit und\/oder Wetterbedingungen k\u00f6nnen diese Ma\u00dfe variieren. Wir empfehlen Ihnen, die Gr\u00f6\u00dfe Ihres Fingers mehrmals am Tag zu messen. Wir weisen Sie auch darauf hin, dass die Fingergr\u00f6\u00dfen Ihrer linken und Ihrer rechten Hand nicht identisch sind. Achten Sie darauf, die genaue Fingergr\u00f6\u00dfe zu messen.<\/p>\n\n\n\n<p>Wir stellen Ihnen kostenlos einen Ringfinger zur Verf\u00fcgung, mit dem Sie einfach und zuverl\u00e4ssig die Ringgr\u00f6\u00dfe bestimmen k\u00f6nnen, die Ihnen am besten passt.<\/p>\n\n<\/div><\/div>\n\n<div class=\"gb-grid-column gb-grid-column-fd12552e\"><div class=\"gb-container gb-container-fd12552e\">\n\n<figure class=\"gb-block-image gb-block-image-e0f5f298\"><a href=\"https:\/\/lediamant.ch\/de\/non-classe\/138477-multisizer-ring\/\"><img loading=\"lazy\" decoding=\"async\" width=\"2000\" height=\"1548\" class=\"gb-image gb-image-e0f5f298\" src=\"https:\/\/lediamant.ch\/wp-content\/uploads\/2023\/12\/lediamant.ch-Multisizer.jpg\" alt=\"\" title=\"lediamant.ch-Multisizer\" srcset=\"https:\/\/lediamant.ch\/wp-content\/uploads\/2023\/12\/lediamant.ch-Multisizer.jpg 2000w, https:\/\/lediamant.ch\/wp-content\/uploads\/2023\/12\/lediamant.ch-Multisizer-300x232.jpg 300w, https:\/\/lediamant.ch\/wp-content\/uploads\/2023\/12\/lediamant.ch-Multisizer-768x594.jpg 768w, https:\/\/lediamant.ch\/wp-content\/uploads\/2023\/12\/lediamant.ch-Multisizer-1024x793.jpg 1024w, https:\/\/lediamant.ch\/wp-content\/uploads\/2023\/12\/lediamant.ch-Multisizer-1536x1189.jpg 1536w, https:\/\/lediamant.ch\/wp-content\/uploads\/2023\/12\/lediamant.ch-Multisizer-600x464.jpg 600w, https:\/\/lediamant.ch\/wp-content\/uploads\/2023\/12\/lediamant.ch-Multisizer-400x310.jpg 400w, https:\/\/lediamant.ch\/wp-content\/uploads\/2023\/12\/lediamant.ch-Multisizer-64x50.jpg 64w\" sizes=\"auto, (max-width: 2000px) 100vw, 2000px\" \/><\/a><\/figure>\n\n\n\n<p class=\"has-text-align-center\"><a href=\"https:\/\/lediamant.ch\/de\/non-classe\/138477-multisizer-ring\/\">Bestellen Sie Ihr Multisizer Ring<\/a><\/p>\n\n<\/div><\/div>\n<\/div>\n\n<h2 class=\"gb-headline gb-headline-6e363ab7 gb-headline-text\" id=\"baguier-zum-ausdrucken\">Baguier zum Ausdrucken<\/h2>\n\n\n<p>M\u00f6chten Sie eine \u00dcberraschung bereiten? In diesem Fall empfehlen wir Ihnen, diskret einen Ring zu nehmen, den die Person normalerweise tr\u00e4gt, und ihn <a href=\"https:\/\/lediamant.ch\/wp-content\/uploads\/2024\/01\/Ringgrosse-zum-Ausdrucken.pdf\" target=\"_blank\" rel=\"noreferrer noopener\"> auf unserem Ringma\u00df zu messen<\/a>, das Sie hier ausdrucken k\u00f6nnen.<\/p>\n\n\n<div class=\"gb-grid-wrapper gb-grid-wrapper-f8921603\">\n<div class=\"gb-grid-column gb-grid-column-7c73d7ee\"><div class=\"gb-container gb-container-7c73d7ee\">\n\n<figure class=\"gb-block-image gb-block-image-afe66f71\"><img decoding=\"async\" class=\"gb-image gb-image-afe66f71\" src=\"https:\/\/lediamant.ch\/wp-content\/uploads\/2024\/01\/Ringgrosse.jpg\" alt=\"\" title=\"Baguier\"\/><\/figure>\n\n<\/div><\/div>\n\n<div class=\"gb-grid-column gb-grid-column-0a6ea64e\"><div class=\"gb-container gb-container-0a6ea64e\">\n\n<p><strong>Vorgehen:<\/strong><\/p>\n\n\n\n<ol class=\"wp-block-list\">\n<li>Drucken Sie das Dokument aus.<\/li>\n\n\n\n<li>Achten Sie darauf, dass Sie in den Druckeinstellungen &#8222;In Originalgr\u00f6\u00dfe&#8220; w\u00e4hlen.<\/li>\n\n\n\n<li>Legen Sie Ihren Ring auf den Kreis, dessen Gr\u00f6\u00dfe am ehesten zu Ihrem Ring passt.<\/li>\n<\/ol>\n\n\n\n<a class=\"gb-button gb-button-bbf5fa04 gb-button-text gb-button-secondary\" href=\"https:\/\/lediamant.ch\/wp-content\/uploads\/2024\/01\/Ringgrosse-zum-Ausdrucken.pdf\" target=\"_blank\" rel=\"noopener noreferrer\">Bedruckbarer Tornister<\/a>\n\n<\/div><\/div>\n<\/div>\n\n<h2 class=\"gb-headline gb-headline-9f980fdc gb-headline-text\" id=\"wie-kann-man-einen-ring-verschenken-ohne-die-groesse-zu-kennen\">Wie kann man einen Ring verschenken, ohne die Gr\u00f6\u00dfe zu kennen?<\/h2>\n\n\n<p>Wir verstehen, dass es schwierig sein kann, die richtige Gr\u00f6\u00dfe eines Ringes online genau auszuw\u00e4hlen. Und besonders wenn er als Geschenk gedacht ist, m\u00fcssen Sie die Gr\u00f6\u00dfe des Rings erraten.<\/p>\n\n\n\n<p>Wenn Sie eine \u00dcberraschung planen und sich \u00fcber die Gr\u00f6\u00dfe nicht sicher sind, k\u00f6nnen Sie die mittlere Ringgr\u00f6\u00dfe bestellen und den Ring innerhalb der ersten 30 Tage nach Erhalt zur Gr\u00f6\u00dfen\u00e4nderung an uns zur\u00fccksenden. Vergessen Sie nicht, in den Kommentaren zu erw\u00e4hnen, dass Sie die Gr\u00f6\u00dfenanpassung in Anspruch nehmen m\u00f6chten.<\/p>\n\n\n\n<p><strong>Die durchschnittliche K\u00f6rpergr\u00f6\u00dfe variiert zwischen 54 bei Frauen und 62 bei M\u00e4nnern.<\/strong><\/p>\n\n\n\n<p>Bitte beachten Sie, dass bei Eheringen und Freundschaftsringen die Gr\u00f6\u00dfen\u00e4nderung zus\u00e4tzliche Kosten verursacht. Nach Erhalt wird Ihnen ein Kostenvoranschlag mitgeteilt.<\/p>\n\n\n<h2 class=\"gb-headline gb-headline-efd5c56e gb-headline-text\" id=\"anpassen-der-ringe\">Anpassen der Ringe<\/h2>\n\n<div class=\"gb-grid-wrapper gb-grid-wrapper-1a2654dc\">\n<div class=\"gb-grid-column gb-grid-column-4ee0ff0a\"><div class=\"gb-container gb-container-4ee0ff0a\">\n\n<figure class=\"gb-block-image gb-block-image-211f70b3\"><img loading=\"lazy\" decoding=\"async\" width=\"377\" height=\"361\" class=\"gb-image gb-image-211f70b3\" src=\"https:\/\/lediamant.ch\/wp-content\/uploads\/2023\/12\/Bijouterie-le-diamant-atelier.jpg\" alt=\"\" title=\"Juwelier-der-Diamant-Werkstatt\" srcset=\"https:\/\/lediamant.ch\/wp-content\/uploads\/2023\/12\/Bijouterie-le-diamant-atelier.jpg 377w, https:\/\/lediamant.ch\/wp-content\/uploads\/2023\/12\/Bijouterie-le-diamant-atelier-300x287.jpg 300w, https:\/\/lediamant.ch\/wp-content\/uploads\/2023\/12\/Bijouterie-le-diamant-atelier-64x61.jpg 64w\" sizes=\"auto, (max-width: 377px) 100vw, 377px\" \/><\/figure>\n\n<\/div><\/div>\n\n<div class=\"gb-grid-column gb-grid-column-9f10a4cf\"><div class=\"gb-container gb-container-9f10a4cf\">\n\n<p>Es kann sein, dass sich die Gr\u00f6\u00dfe Ihres Fingers im Laufe der Zeit ver\u00e4ndert. Unsere Schmuckwerkstatt kann Ihren Ring vergr\u00f6\u00dfern oder verkleinern. Dazu empfehlen wir Ihnen, mit dem betreffenden Schmuckst\u00fcck in unserem Gesch\u00e4ft vorbeizukommen. Wir werden Sie bestm\u00f6glich beraten, um Ihren Ring anzupassen.<\/p>\n\n\n\n<a class=\"gb-button gb-button-26c71cce gb-button-text gb-button-secondary\" href=\"https:\/\/lediamant.ch\/de\/kontaktiere-uns\/\">Kontaktiere uns<\/a>\n\n<\/div><\/div>\n<\/div>\n<\/div>","protected":false},"excerpt":{"rendered":"<p>Hier finden Sie alle unsere Tipps, um die richtige Ringgr\u00f6\u00dfe f\u00fcr Sie so genau wie m\u00f6glich auszuw\u00e4hlen. Die Wahl de richtige Ringgr\u00f6\u00dfe ist immer eine komplizierte Angelegenheit. Das Schmuckst\u00fcck muss fest genug sitzen, damit es nicht vom Finger rutscht, aber breit genug sein, um beim Anziehen des Rings \u00fcber das Gelenk gleiten zu k\u00f6nnen. Baguier &#8230; <a title=\"Die richtige Ringgr\u00f6\u00dfe w\u00e4hlen\" class=\"read-more\" href=\"https:\/\/lediamant.ch\/de\/die-richtige-ringgroesse-waehlen\/\" aria-label=\"Mehr Informationen \u00fcber Die richtige Ringgr\u00f6\u00dfe w\u00e4hlen\">Weiterlesen &#8230;<\/a><\/p>\n","protected":false},"author":1,"featured_media":207582,"parent":212439,"menu_order":0,"comment_status":"closed","ping_status":"closed","template":"","meta":{"_acf_changed":false,"_seopress_robots_primary_cat":"","_seopress_titles_title":"","_seopress_titles_desc":"","_seopress_robots_index":"","footnotes":""},"categories":[41051],"class_list":{"0":"post-208915","1":"page","2":"type-page","3":"status-publish","4":"has-post-thumbnail","6":"category-leitfaden"},"acf":[],"_links":{"self":[{"href":"https:\/\/lediamant.ch\/de\/wp-json\/wp\/v2\/pages\/208915","targetHints":{"allow":["GET"]}}],"collection":[{"href":"https:\/\/lediamant.ch\/de\/wp-json\/wp\/v2\/pages"}],"about":[{"href":"https:\/\/lediamant.ch\/de\/wp-json\/wp\/v2\/types\/page"}],"author":[{"embeddable":true,"href":"https:\/\/lediamant.ch\/de\/wp-json\/wp\/v2\/users\/1"}],"replies":[{"embeddable":true,"href":"https:\/\/lediamant.ch\/de\/wp-json\/wp\/v2\/comments?post=208915"}],"version-history":[{"count":5,"href":"https:\/\/lediamant.ch\/de\/wp-json\/wp\/v2\/pages\/208915\/revisions"}],"predecessor-version":[{"id":213162,"href":"https:\/\/lediamant.ch\/de\/wp-json\/wp\/v2\/pages\/208915\/revisions\/213162"}],"up":[{"embeddable":true,"href":"https:\/\/lediamant.ch\/de\/wp-json\/wp\/v2\/pages\/212439"}],"wp:featuredmedia":[{"embeddable":true,"href":"https:\/\/lediamant.ch\/de\/wp-json\/wp\/v2\/media\/207582"}],"wp:attachment":[{"href":"https:\/\/lediamant.ch\/de\/wp-json\/wp\/v2\/media?parent=208915"}],"wp:term":[{"taxonomy":"category","embeddable":true,"href":"https:\/\/lediamant.ch\/de\/wp-json\/wp\/v2\/categories?post=208915"}],"curies":[{"name":"wp","href":"https:\/\/api.w.org\/{rel}","templated":true}]}}