{"id":208923,"date":"2023-12-06T10:16:17","date_gmt":"2023-12-06T09:16:17","guid":{"rendered":"https:\/\/lediamant.ch\/einkaufsfuehrer-der-diamant\/"},"modified":"2024-07-10T16:41:39","modified_gmt":"2024-07-10T14:41:39","slug":"einkaufsfuehrer-der-diamant","status":"publish","type":"page","link":"https:\/\/lediamant.ch\/de\/einkaufsfuehrer-der-diamant\/","title":{"rendered":"Einkaufsf\u00fchrer: Der Diamant"},"content":{"rendered":"\n<p>Der Diamant ist der h\u00e4rteste Edelstein, den es gibt. Er besteht haupts\u00e4chlich aus reinem Kohlenstoff und besitzt au\u00dfergew\u00f6hnliche Eigenschaften, die in der Schmuck- und Uhrenindustrie von Nutzen sind. Sein Name leitet sich vom lateinischen diamas ab, das aus dem griechischen adamas stammt und unbezwingbar bedeutet. Es ist eines der h\u00e4rtesten nat\u00fcrlichen Materialien. Auf der H\u00e4rteskala (Mohs-Skala), die von 1 bis 10 reicht, hat der Diamant einen Index von 10. Er wird am meisten f\u00fcr Verlobungsringe gesch\u00e4tzt. <\/p>\n\n\n\n<p>Seine reiche Symbolik und seine Seltenheit machen den Diamanten zum Traum jeder Frau. W\u00e4hrend der Diamant, den man \u00fcberwiegend in Juweliergesch\u00e4ften findet, strahlend wei\u00df und fast farblos ist, kann er in der Natur in Farben von Gr\u00fcn \u00fcber Schwarz bis Rot vorkommen. Er reflektiert das Licht bereits in seiner Rohform und erh\u00e4lt seine volle Brillanz erst, wenn er durch die erfahrenen H\u00e4nde eines Diamantschleifers geht.<\/p>\n\n\n\n<p>Diamanten kommen in der Natur nur in begrenzter Menge vor. Jeder Diamant ist anders und einzigartig. Sein Wert schwankt aufgrund feiner Unterschiede. Sein Wert schwankt aufgrund feiner Unterschiede. Aus diesem Grund wurden Wertfaktoren festgelegt: die 4C.<\/p>\n\n\n<h2 class=\"gb-headline gb-headline-06f76309 gb-headline-text\" id=\"die-4c\">Die 4C<\/h2>\n\n\n<p>Im Folgenden finden Sie die vier Cs f\u00fcr die Auswahl von Diamanten: <strong>CARAT<\/strong>(GEWICHT), <strong>COLOR<\/strong>(FARBE), <strong>CLARITY<\/strong> (REINHEIT), <strong>CUT<\/strong> (SCHLIFF).<\/p>\n\n\n<h3 class=\"gb-headline gb-headline-f4527899 gb-headline-text\" id=\"das-gewicht-karat\">Das Gewicht (Karat)<\/h3>\n\n\n<p>Dies ist die Ma\u00dfeinheit, die zum Wiegen des Gewichts eines Diamanten verwendet wird. 1 Karat entspricht 0,2 g. Die Abk\u00fcrzung lautet ct. und ist nicht mit dem Karat zu verwechseln, das die Legierung von Gold misst. Der Wert eines Diamanten verh\u00e4lt sich exponentiell zu seiner Masse.<\/p>\n\n\n\n<figure class=\"gb-block-image gb-block-image-2395950f\"><img loading=\"lazy\" decoding=\"async\" width=\"1536\" height=\"1033\" class=\"gb-image gb-image-2395950f\" src=\"https:\/\/lediamant.ch\/wp-content\/uploads\/2023\/12\/Diamond-Size-Chart-1536x1033-1.jpg\" alt=\"\" title=\"Diamond-Size-Chart-1536x1033-1\" srcset=\"https:\/\/lediamant.ch\/wp-content\/uploads\/2023\/12\/Diamond-Size-Chart-1536x1033-1.jpg 1536w, https:\/\/lediamant.ch\/wp-content\/uploads\/2023\/12\/Diamond-Size-Chart-1536x1033-1-300x202.jpg 300w, https:\/\/lediamant.ch\/wp-content\/uploads\/2023\/12\/Diamond-Size-Chart-1536x1033-1-768x517.jpg 768w, https:\/\/lediamant.ch\/wp-content\/uploads\/2023\/12\/Diamond-Size-Chart-1536x1033-1-1024x689.jpg 1024w, https:\/\/lediamant.ch\/wp-content\/uploads\/2023\/12\/Diamond-Size-Chart-1536x1033-1-600x404.jpg 600w, https:\/\/lediamant.ch\/wp-content\/uploads\/2023\/12\/Diamond-Size-Chart-1536x1033-1-400x269.jpg 400w, https:\/\/lediamant.ch\/wp-content\/uploads\/2023\/12\/Diamond-Size-Chart-1536x1033-1-64x43.jpg 64w\" sizes=\"auto, (max-width: 1536px) 100vw, 1536px\" \/><\/figure>\n\n\n<h3 class=\"gb-headline gb-headline-eaf12785 gb-headline-text\" id=\"die-farbe-color\">Die Farbe (color)<\/h3>\n\n\n<p>Diamanten werden nach Farben sortiert.<\/p>\n\n\n\n<p>Dies ist einer der wichtigsten Aspekte bei der Auswahl des Steins. Sie bestimmt seine Sch\u00f6nheit und seinen Wert. Diamanten werden in verschiedene Kategorien eingeteilt, die von der Farbe D bis zur Farbe Z reichen. Alle D-Z-Diamanten gelten als wei\u00df. Bei wei\u00dfen Diamanten gilt also: Je n\u00e4her die Farbe an der Farbe D liegt, desto wei\u00dfer ist ihr Farbton und desto h\u00f6her ist ihr Preis.<\/p>\n\n\n\n<p>Jeder Juwelier hat seine eigene Antwort auf diese Frage, aber wir raten unseren Kunden in der Regel zu Diamanten, die von D bis H eingestuft sind. In unserer langj\u00e4hrigen Erfahrung haben wir festgestellt, dass diese farblosen oder fast farblosen Diamanten am sch\u00f6nsten sind und sich wunderbar mit jedem Edelmetall einschlie\u00dflich Wei\u00dfgold und Platin kombinieren lassen.<\/p>\n\n\n\n<figure class=\"gb-block-image gb-block-image-279bd4f7\"><img loading=\"lazy\" decoding=\"async\" width=\"1600\" height=\"350\" class=\"gb-image gb-image-279bd4f7\" src=\"https:\/\/lediamant.ch\/wp-content\/uploads\/2023\/12\/Diamond-Color.jpg\" alt=\"\" title=\"Diamond-Color\" srcset=\"https:\/\/lediamant.ch\/wp-content\/uploads\/2023\/12\/Diamond-Color.jpg 1600w, https:\/\/lediamant.ch\/wp-content\/uploads\/2023\/12\/Diamond-Color-300x66.jpg 300w, https:\/\/lediamant.ch\/wp-content\/uploads\/2023\/12\/Diamond-Color-768x168.jpg 768w, https:\/\/lediamant.ch\/wp-content\/uploads\/2023\/12\/Diamond-Color-1024x224.jpg 1024w, https:\/\/lediamant.ch\/wp-content\/uploads\/2023\/12\/Diamond-Color-1536x336.jpg 1536w, https:\/\/lediamant.ch\/wp-content\/uploads\/2023\/12\/Diamond-Color-600x131.jpg 600w, https:\/\/lediamant.ch\/wp-content\/uploads\/2023\/12\/Diamond-Color-400x88.jpg 400w, https:\/\/lediamant.ch\/wp-content\/uploads\/2023\/12\/Diamond-Color-64x14.jpg 64w\" sizes=\"auto, (max-width: 1600px) 100vw, 1600px\" \/><\/figure>\n\n\n<h3 class=\"gb-headline gb-headline-6848aef3 gb-headline-text\" id=\"die-reinheit-clarity\">Die Reinheit (Clarity)<\/h3>\n\n\n<p>Die Reinheit - oder genauer gesagt das Fehlen von Einschl\u00fcssen - wirkt sich ebenfalls auf den Wert eines Steins aus. Alle Diamanten weisen innere Merkmale auf, die als Einschl\u00fcsse bezeichnet werden. Auch dieses Kriterium wird mithilfe einer Skala gemessen.<\/p>\n\n\n\n<p>Die Reinheit eines Diamanten zu bestimmen, erfordert ein ge\u00fcbtes Auge. Bei jedem Diamanten mit mehr als 0,50 Karat empfiehlt es sich, dies auf der Rechnung oder mit einem Zertifikat anzugeben. Um die Reinheit eines Diamanten zu bestimmen, analysieren Diamantenh\u00e4ndler und Labore den Stein mit einer 10-fachen Vergr\u00f6\u00dferungslupe. Die Analyse eines Diamanten erfolgt vom Tisch aus, d. h. von der Oberseite des Steins, um ihn als Ganzes zu sehen. Die Gr\u00f6\u00dfe, Position und Art der Einschl\u00fcsse bestimmen die Reinheitsnote des Steins. <\/p>\n\n\n\n<p>Um effizienter zu sein, verwenden Diamantenh\u00e4ndler auch das Mikroskop. Dadurch k\u00f6nnen sie gro\u00dfe Steinchargen schneller sortieren. Einschl\u00fcsse in einem Diamanten k\u00f6nnen verschiedener Art sein: fl\u00fcssig, gasf\u00f6rmig oder auch fest. Mit blo\u00dfem Auge sind sie erst ab den Qualit\u00e4ten<\/p>\n\n\n\n<figure class=\"gb-block-image gb-block-image-66c588c8\"><img loading=\"lazy\" decoding=\"async\" width=\"800\" height=\"107\" class=\"gb-image gb-image-66c588c8\" src=\"https:\/\/lediamant.ch\/wp-content\/uploads\/2023\/12\/Purete-diamant_lediamant_ch.jpg\" alt=\"\" title=\"Purete-diamant_lediamant_ch\" srcset=\"https:\/\/lediamant.ch\/wp-content\/uploads\/2023\/12\/Purete-diamant_lediamant_ch.jpg 800w, https:\/\/lediamant.ch\/wp-content\/uploads\/2023\/12\/Purete-diamant_lediamant_ch-300x40.jpg 300w, https:\/\/lediamant.ch\/wp-content\/uploads\/2023\/12\/Purete-diamant_lediamant_ch-768x103.jpg 768w, https:\/\/lediamant.ch\/wp-content\/uploads\/2023\/12\/Purete-diamant_lediamant_ch-600x80.jpg 600w, https:\/\/lediamant.ch\/wp-content\/uploads\/2023\/12\/Purete-diamant_lediamant_ch-400x54.jpg 400w, https:\/\/lediamant.ch\/wp-content\/uploads\/2023\/12\/Purete-diamant_lediamant_ch-64x9.jpg 64w\" sizes=\"auto, (max-width: 800px) 100vw, 800px\" \/><\/figure>\n\n\n<h3 class=\"gb-headline gb-headline-ff03d740 gb-headline-text\" id=\"die-groesse-cut\">Die Gr\u00f6\u00dfe (cut)<\/h3>\n\n\n<p>Die Qualit\u00e4t des Schliffs hat einen sichtbaren Einfluss auf die Sch\u00f6nheit des Diamanten. Aus diesem Grund werden Bewertungskriterien angewandt, die Begriffe wie Proportion, Symmetrie und Politur umfassen.<\/p>\n\n\n\n<figure class=\"gb-block-image gb-block-image-47f72616\"><img decoding=\"async\" class=\"gb-image gb-image-47f72616\" src=\"https:\/\/lediamant.ch\/wp-content\/uploads\/2024\/01\/diamantbrillanceDE.jpg\" alt=\"\" title=\"Diamant\"\/><\/figure>\n\n\n\n<p>Auch wenn es \u00e4u\u00dferst schwierig ist, dies zu analysieren und zu quantifizieren, sorgt der Diamantschliff f\u00fcr drei Effekte auf das Gesamterscheinungsbild des Steins:<\/p>\n\n\n\n<p><strong>Brillanz: <\/strong>Die Helligkeit, die durch die Reflexionen des wei\u00dfen Lichts auf der Oberfl\u00e4che und im Inneren des Diamanten erzeugt wird.<br><strong>Feuer:<\/strong> Die Streuung des Lichts durch verschiedene Spektralfarben.<br><strong>Szintillation:<\/strong> Der Kontrast zwischen Wei\u00df und Schwarz, der durch die Reflexion von Licht hervorgerufen wird.<\/p>\n\n\n\n<p>Der Schliff hat den gr\u00f6\u00dften Einfluss auf das Funkeln eines Diamanten. Er bezieht sich nicht nur auf die Anzahl der Facetten, die der Stein hat, sondern auch auf die Art und Weise, wie die Facetten angeordnet sind, um das Licht zu reflektieren. <\/p>\n\n\n\n<figure class=\"gb-block-image gb-block-image-f20c2650\"><img loading=\"lazy\" decoding=\"async\" width=\"900\" height=\"228\" class=\"gb-image gb-image-f20c2650\" src=\"https:\/\/lediamant.ch\/wp-content\/uploads\/2023\/12\/Taille-ideal-diamant.jpg\" alt=\"\" title=\"Schneider-ideal-diamant\" srcset=\"https:\/\/lediamant.ch\/wp-content\/uploads\/2023\/12\/Taille-ideal-diamant.jpg 900w, https:\/\/lediamant.ch\/wp-content\/uploads\/2023\/12\/Taille-ideal-diamant-300x76.jpg 300w, https:\/\/lediamant.ch\/wp-content\/uploads\/2023\/12\/Taille-ideal-diamant-768x195.jpg 768w, https:\/\/lediamant.ch\/wp-content\/uploads\/2023\/12\/Taille-ideal-diamant-600x152.jpg 600w, https:\/\/lediamant.ch\/wp-content\/uploads\/2023\/12\/Taille-ideal-diamant-400x101.jpg 400w, https:\/\/lediamant.ch\/wp-content\/uploads\/2023\/12\/Taille-ideal-diamant-64x16.jpg 64w\" sizes=\"auto, (max-width: 900px) 100vw, 900px\" \/><\/figure>\n\n\n\n<p>Der beliebteste und teuerste Diamantschliff aufgrund seiner au\u00dfergew\u00f6hnlichen Brillanz ist der runde Schliff, der aus 57 Facetten besteht. Kleiner und quadratisch geformt ist der Prinzessinnendiamant, der ebenfalls einen beeindruckenden Glanz aufweist. Au\u00dferdem finden Sie Diamanten in Smaragdform, die wegen ihrer rechteckigen Eleganz gesch\u00e4tzt werden, Diamanten in ovaler Form, die dank ihrer 55 Facetten ein gutes Ma\u00df an Brillanz erreichen k\u00f6nnen, oder auch Diamanten im Birnen- oder Tropfenschliff, die sich mit ihrer anmutigen Form besonders gut f\u00fcr Solit\u00e4re eignen. Romantiker k\u00f6nnen ihrer besseren H\u00e4lfte auch einen Diamanten im Herzschliff schenken, um die ewige Liebe zu symbolisieren.<\/p>\n\n\n\n<figure class=\"gb-block-image gb-block-image-4f045811\"><img loading=\"lazy\" decoding=\"async\" width=\"1571\" height=\"250\" class=\"gb-image gb-image-4f045811\" src=\"https:\/\/lediamant.ch\/wp-content\/uploads\/2023\/12\/Taille-diamant-diverses.jpg\" alt=\"\" title=\"Diamentenschneider-verschiedene\" srcset=\"https:\/\/lediamant.ch\/wp-content\/uploads\/2023\/12\/Taille-diamant-diverses.jpg 1571w, https:\/\/lediamant.ch\/wp-content\/uploads\/2023\/12\/Taille-diamant-diverses-300x48.jpg 300w, https:\/\/lediamant.ch\/wp-content\/uploads\/2023\/12\/Taille-diamant-diverses-768x122.jpg 768w, https:\/\/lediamant.ch\/wp-content\/uploads\/2023\/12\/Taille-diamant-diverses-1024x163.jpg 1024w, https:\/\/lediamant.ch\/wp-content\/uploads\/2023\/12\/Taille-diamant-diverses-1536x244.jpg 1536w, https:\/\/lediamant.ch\/wp-content\/uploads\/2023\/12\/Taille-diamant-diverses-600x95.jpg 600w, https:\/\/lediamant.ch\/wp-content\/uploads\/2023\/12\/Taille-diamant-diverses-400x64.jpg 400w, https:\/\/lediamant.ch\/wp-content\/uploads\/2023\/12\/Taille-diamant-diverses-64x10.jpg 64w\" sizes=\"auto, (max-width: 1571px) 100vw, 1571px\" \/><\/figure>\n\n\n<h2 class=\"gb-headline gb-headline-edbbbc01 gb-headline-text\" id=\"der-fassen\">Der Fassen<\/h2>\n\n\n<p>Das Fassen bezeichnet die Art und Weise, wie die Steine auf dem Schmuckst\u00fcck befestigt werden. Es gibt die Krappenfassung, die am h\u00e4ufigsten vorkommt und bei der mehr Licht durch den Stein f\u00e4llt, um seinen ganzen Glanz und seine Brillanz zu entfalten.<\/p>\n\n\n<h3 class=\"gb-headline gb-headline-4044aec6 gb-headline-text\" id=\"der-serti-clos\">Der Serti Clos<\/h3>\n\n<div class=\"gb-grid-wrapper gb-grid-wrapper-1b632b97\">\n<div class=\"gb-grid-column gb-grid-column-537d67ad\"><div class=\"gb-container gb-container-537d67ad\">\n\n<figure class=\"gb-block-image gb-block-image-5ab523f2\"><img loading=\"lazy\" decoding=\"async\" width=\"300\" height=\"300\" class=\"gb-image gb-image-5ab523f2\" src=\"https:\/\/lediamant.ch\/wp-content\/uploads\/2023\/12\/serti-clos-lediamant.ch_.jpg\" alt=\"\" title=\"serti-clos-lediamant.ch_\" srcset=\"https:\/\/lediamant.ch\/wp-content\/uploads\/2023\/12\/serti-clos-lediamant.ch_.jpg 300w, https:\/\/lediamant.ch\/wp-content\/uploads\/2023\/12\/serti-clos-lediamant.ch_-150x150.jpg 150w, https:\/\/lediamant.ch\/wp-content\/uploads\/2023\/12\/serti-clos-lediamant.ch_-120x120.jpg 120w, https:\/\/lediamant.ch\/wp-content\/uploads\/2023\/12\/serti-clos-lediamant.ch_-64x64.jpg 64w\" sizes=\"auto, (max-width: 300px) 100vw, 300px\" \/><\/figure>\n\n<\/div><\/div>\n\n<div class=\"gb-grid-column gb-grid-column-d33bfce2\"><div class=\"gb-container gb-container-d33bfce2\">\n\n<p>Besteht darin, den Stein mit dem Edelmetall zu umschlie\u00dfen und so wie einen Kreis um den Diamanten zu bilden. Der Vorteil dieser Fassung liegt darin, dass der Stein optimal vor \u00e4u\u00dferen Einfl\u00fcssen gesch\u00fctzt ist. Diese Fassung kann auch die Illusion eines gr\u00f6\u00dferen Steins erzeugen.<\/p>\n\n<\/div><\/div>\n\n<div class=\"gb-grid-column gb-grid-column-d32bd716\"><div class=\"gb-container gb-container-d32bd716\">\n\n<figure class=\"gb-block-image gb-block-image-1ba509f5\"><img loading=\"lazy\" decoding=\"async\" width=\"550\" height=\"550\" class=\"gb-image gb-image-1ba509f5\" src=\"https:\/\/lediamant.ch\/wp-content\/uploads\/2023\/12\/Bague-fiancaille-serti-clos.jpg\" alt=\"Solit\u00e4rring mit Zargenfassung\" title=\"Verlobungsring mit Zargenfassung\" srcset=\"https:\/\/lediamant.ch\/wp-content\/uploads\/2023\/12\/Bague-fiancaille-serti-clos.jpg 550w, https:\/\/lediamant.ch\/wp-content\/uploads\/2023\/12\/Bague-fiancaille-serti-clos-150x150.jpg 150w, https:\/\/lediamant.ch\/wp-content\/uploads\/2023\/12\/Bague-fiancaille-serti-clos-300x300.jpg 300w, https:\/\/lediamant.ch\/wp-content\/uploads\/2023\/12\/Bague-fiancaille-serti-clos-400x400.jpg 400w, https:\/\/lediamant.ch\/wp-content\/uploads\/2023\/12\/Bague-fiancaille-serti-clos-120x120.jpg 120w, https:\/\/lediamant.ch\/wp-content\/uploads\/2023\/12\/Bague-fiancaille-serti-clos-64x64.jpg 64w\" sizes=\"auto, (max-width: 550px) 100vw, 550px\" \/><\/figure>\n\n<\/div><\/div>\n<\/div>\n\n<h3 class=\"gb-headline gb-headline-1f1d2706 gb-headline-text\" id=\"das-schienenserti\">Das Schienenserti<\/h3>\n\n<div class=\"gb-grid-wrapper gb-grid-wrapper-fb031541\">\n<div class=\"gb-grid-column gb-grid-column-0f28d4ae\"><div class=\"gb-container gb-container-0f28d4ae\">\n\n<figure class=\"gb-block-image gb-block-image-653d9bb2\"><img loading=\"lazy\" decoding=\"async\" width=\"300\" height=\"300\" class=\"gb-image gb-image-653d9bb2\" src=\"https:\/\/lediamant.ch\/wp-content\/uploads\/2023\/12\/Serti-rail-lediamant.ch_.jpg\" alt=\"\" title=\"Serti-rail-lediamant.ch_\" srcset=\"https:\/\/lediamant.ch\/wp-content\/uploads\/2023\/12\/Serti-rail-lediamant.ch_.jpg 300w, https:\/\/lediamant.ch\/wp-content\/uploads\/2023\/12\/Serti-rail-lediamant.ch_-150x150.jpg 150w, https:\/\/lediamant.ch\/wp-content\/uploads\/2023\/12\/Serti-rail-lediamant.ch_-120x120.jpg 120w, https:\/\/lediamant.ch\/wp-content\/uploads\/2023\/12\/Serti-rail-lediamant.ch_-64x64.jpg 64w\" sizes=\"auto, (max-width: 300px) 100vw, 300px\" \/><\/figure>\n\n<\/div><\/div>\n\n<div class=\"gb-grid-column gb-grid-column-ae4932e4\"><div class=\"gb-container gb-container-ae4932e4\">\n\n<p>H\u00e4lt Ihre Edelsteine fest zwischen zwei parallelen W\u00e4nden aus Edelmetall. Diese Art der Fassung eignet sich besonders f\u00fcr Steine gleicher Gr\u00f6\u00dfe und mit rechten Winkeln. Die Schienenfassung sorgt f\u00fcr ein schlankes, elegantes und minimalistisches Aussehen. Die Vorteile der Schienenfassung sind erstens der Schutz der Steine, da sie sich nicht verhaken k\u00f6nnen, und zweitens der Glanz der Steine, die kumuliert nebeneinander liegen.<\/p>\n\n<\/div><\/div>\n\n<div class=\"gb-grid-column gb-grid-column-7144c8af\"><div class=\"gb-container gb-container-7144c8af\">\n\n<figure class=\"gb-block-image gb-block-image-db052a0d\"><img loading=\"lazy\" decoding=\"async\" width=\"1651\" height=\"1651\" class=\"gb-image gb-image-db052a0d\" src=\"https:\/\/lediamant.ch\/wp-content\/uploads\/2023\/12\/Bague-fiancailles-memoire.jpg\" alt=\"Verlobungsring Memory\" title=\"Verlobungsring Memory\" srcset=\"https:\/\/lediamant.ch\/wp-content\/uploads\/2023\/12\/Bague-fiancailles-memoire.jpg 1651w, https:\/\/lediamant.ch\/wp-content\/uploads\/2023\/12\/Bague-fiancailles-memoire-150x150.jpg 150w, https:\/\/lediamant.ch\/wp-content\/uploads\/2023\/12\/Bague-fiancailles-memoire-300x300.jpg 300w, https:\/\/lediamant.ch\/wp-content\/uploads\/2023\/12\/Bague-fiancailles-memoire-768x768.jpg 768w, https:\/\/lediamant.ch\/wp-content\/uploads\/2023\/12\/Bague-fiancailles-memoire-1024x1024.jpg 1024w, https:\/\/lediamant.ch\/wp-content\/uploads\/2023\/12\/Bague-fiancailles-memoire-1536x1536.jpg 1536w, https:\/\/lediamant.ch\/wp-content\/uploads\/2023\/12\/Bague-fiancailles-memoire-600x600.jpg 600w, https:\/\/lediamant.ch\/wp-content\/uploads\/2023\/12\/Bague-fiancailles-memoire-400x400.jpg 400w, https:\/\/lediamant.ch\/wp-content\/uploads\/2023\/12\/Bague-fiancailles-memoire-120x120.jpg 120w, https:\/\/lediamant.ch\/wp-content\/uploads\/2023\/12\/Bague-fiancailles-memoire-64x64.jpg 64w\" sizes=\"auto, (max-width: 1651px) 100vw, 1651px\" \/><\/figure>\n\n<\/div><\/div>\n<\/div>\n\n<h3 class=\"gb-headline gb-headline-e803d1fa gb-headline-text\" id=\"der-krappenfassung\">Der Krappenfassung<\/h3>\n\n<div class=\"gb-grid-wrapper gb-grid-wrapper-5a3ffc53\">\n<div class=\"gb-grid-column gb-grid-column-f5ce1aff\"><div class=\"gb-container gb-container-f5ce1aff\">\n\n<figure class=\"gb-block-image gb-block-image-9909dd97\"><img loading=\"lazy\" decoding=\"async\" width=\"300\" height=\"300\" class=\"gb-image gb-image-9909dd97\" src=\"https:\/\/lediamant.ch\/wp-content\/uploads\/2023\/12\/Serti-griffe-lediamant.ch_.jpg\" alt=\"\" title=\"Criti-griffe-lediamant.ch_\" srcset=\"https:\/\/lediamant.ch\/wp-content\/uploads\/2023\/12\/Serti-griffe-lediamant.ch_.jpg 300w, https:\/\/lediamant.ch\/wp-content\/uploads\/2023\/12\/Serti-griffe-lediamant.ch_-150x150.jpg 150w, https:\/\/lediamant.ch\/wp-content\/uploads\/2023\/12\/Serti-griffe-lediamant.ch_-120x120.jpg 120w, https:\/\/lediamant.ch\/wp-content\/uploads\/2023\/12\/Serti-griffe-lediamant.ch_-64x64.jpg 64w\" sizes=\"auto, (max-width: 300px) 100vw, 300px\" \/><\/figure>\n\n<\/div><\/div>\n\n<div class=\"gb-grid-column gb-grid-column-de7d1d3c\"><div class=\"gb-container gb-container-de7d1d3c\">\n\n<p>Jeder Stein wird zwischen drei bis sechs Krallen untergebracht. Diese werden dann zu einer Nase \u00fcber den Stein gebogen, um ihn zu fixieren. Durch das Anheben des Steins gewinnt er an Glanz und sein Schliff kommt voll zur Geltung. Die Fassung mit vier Krappen ist am sch\u00f6nsten, da sie sowohl \u00e4sthetisch als auch diskret ist. Es handelt sich hierbei um die am h\u00e4ufigsten verwendete Fassung in der Schmuckherstellung.<\/p>\n\n<\/div><\/div>\n\n<div class=\"gb-grid-column gb-grid-column-2f410675\"><div class=\"gb-container gb-container-2f410675\">\n\n<figure class=\"gb-block-image gb-block-image-f8b32ebe\"><img loading=\"lazy\" decoding=\"async\" width=\"1480\" height=\"1480\" class=\"gb-image gb-image-f8b32ebe\" src=\"https:\/\/lediamant.ch\/wp-content\/uploads\/2023\/12\/Bague.-fiancailles-sertissage-illusion.jpg\" alt=\"Verlobungsring \" title=\"Ring. Verlobungsring mit Illusionsfassung\" srcset=\"https:\/\/lediamant.ch\/wp-content\/uploads\/2023\/12\/Bague.-fiancailles-sertissage-illusion.jpg 1480w, https:\/\/lediamant.ch\/wp-content\/uploads\/2023\/12\/Bague.-fiancailles-sertissage-illusion-150x150.jpg 150w, https:\/\/lediamant.ch\/wp-content\/uploads\/2023\/12\/Bague.-fiancailles-sertissage-illusion-300x300.jpg 300w, https:\/\/lediamant.ch\/wp-content\/uploads\/2023\/12\/Bague.-fiancailles-sertissage-illusion-768x768.jpg 768w, https:\/\/lediamant.ch\/wp-content\/uploads\/2023\/12\/Bague.-fiancailles-sertissage-illusion-1024x1024.jpg 1024w, https:\/\/lediamant.ch\/wp-content\/uploads\/2023\/12\/Bague.-fiancailles-sertissage-illusion-600x600.jpg 600w, https:\/\/lediamant.ch\/wp-content\/uploads\/2023\/12\/Bague.-fiancailles-sertissage-illusion-400x400.jpg 400w, https:\/\/lediamant.ch\/wp-content\/uploads\/2023\/12\/Bague.-fiancailles-sertissage-illusion-120x120.jpg 120w, https:\/\/lediamant.ch\/wp-content\/uploads\/2023\/12\/Bague.-fiancailles-sertissage-illusion-64x64.jpg 64w\" sizes=\"auto, (max-width: 1480px) 100vw, 1480px\" \/><\/figure>\n\n<\/div><\/div>\n<\/div>\n\n<h2 class=\"gb-headline gb-headline-2f4802a8 gb-headline-text\" id=\"diamantreinigung\">Diamantreinigung<\/h2>\n\n\n<p>Damit ein Diamant seinen Glanz m\u00f6glichst lange beh\u00e4lt, muss er sorgf\u00e4ltig gepflegt werden.<\/p>\n\n\n\n<p>Befreien Sie Ihren Diamantschmuck von Staub, indem Sie ihn in einer Sch\u00fcssel mit lauwarmem Wasser und etwas Seife, am besten Naturseife, einweichen. Sie k\u00f6nnen ihn auch mit einer Zahnb\u00fcrste mit weichen Borsten sanft schrubben, mit kaltem Wasser absp\u00fclen und anschlie\u00dfend sorgf\u00e4ltig abtrocknen.<\/p>\n\n\n\n<figure class=\"gb-block-image gb-block-image-70cf7faf\"><img loading=\"lazy\" decoding=\"async\" width=\"395\" height=\"590\" class=\"gb-image gb-image-70cf7faf\" src=\"https:\/\/lediamant.ch\/wp-content\/uploads\/2023\/12\/nettoyage-bague-diamant.jpg\" alt=\"\" title=\"reinigung-diamant-ring\" srcset=\"https:\/\/lediamant.ch\/wp-content\/uploads\/2023\/12\/nettoyage-bague-diamant.jpg 395w, https:\/\/lediamant.ch\/wp-content\/uploads\/2023\/12\/nettoyage-bague-diamant-201x300.jpg 201w, https:\/\/lediamant.ch\/wp-content\/uploads\/2023\/12\/nettoyage-bague-diamant-268x400.jpg 268w, https:\/\/lediamant.ch\/wp-content\/uploads\/2023\/12\/nettoyage-bague-diamant-64x96.jpg 64w\" sizes=\"auto, (max-width: 395px) 100vw, 395px\" \/><\/figure>\n\n\n<h2 class=\"gb-headline gb-headline-e069c14e gb-headline-text\" id=\"herkunft-unserer-diamanten\">Herkunft unserer Diamanten<\/h2>\n\n\n<p>Wir verpflichten uns, Schmuck von h\u00f6chster Qualit\u00e4t anzubieten und dabei strenge ethische Standards einzuhalten. Alle unsere Diamanten sind zertifiziert aus legitimen Quellen zu stammen und tragen nicht zur Finanzierung von Konflikten bei. Unsere Lieferanten garantieren uns schriftlich, dass unsere Diamanten konfliktfrei sind, gem\u00e4\u00df den Standards der Vereinten Nationen (UN).<\/p>\n","protected":false},"excerpt":{"rendered":"<p>Der Diamant ist der h\u00e4rteste Edelstein, den es gibt. Er besteht haupts\u00e4chlich aus reinem Kohlenstoff und besitzt au\u00dfergew\u00f6hnliche Eigenschaften, die in der Schmuck- und Uhrenindustrie von Nutzen sind. Sein Name leitet sich vom lateinischen diamas ab, das aus dem griechischen adamas stammt und unbezwingbar bedeutet. Es ist eines der h\u00e4rtesten nat\u00fcrlichen Materialien. Auf der H\u00e4rteskala &#8230; <a title=\"Einkaufsf\u00fchrer: Der Diamant\" class=\"read-more\" href=\"https:\/\/lediamant.ch\/de\/einkaufsfuehrer-der-diamant\/\" aria-label=\"Mehr Informationen \u00fcber Einkaufsf\u00fchrer: Der Diamant\">Weiterlesen &#8230;<\/a><\/p>\n","protected":false},"author":1,"featured_media":207448,"parent":212439,"menu_order":0,"comment_status":"closed","ping_status":"closed","template":"","meta":{"_acf_changed":false,"_seopress_robots_primary_cat":"","_seopress_titles_title":"","_seopress_titles_desc":"","_seopress_robots_index":"","footnotes":""},"categories":[41051],"class_list":{"0":"post-208923","1":"page","2":"type-page","3":"status-publish","4":"has-post-thumbnail","6":"category-leitfaden"},"acf":[],"_links":{"self":[{"href":"https:\/\/lediamant.ch\/de\/wp-json\/wp\/v2\/pages\/208923","targetHints":{"allow":["GET"]}}],"collection":[{"href":"https:\/\/lediamant.ch\/de\/wp-json\/wp\/v2\/pages"}],"about":[{"href":"https:\/\/lediamant.ch\/de\/wp-json\/wp\/v2\/types\/page"}],"author":[{"embeddable":true,"href":"https:\/\/lediamant.ch\/de\/wp-json\/wp\/v2\/users\/1"}],"replies":[{"embeddable":true,"href":"https:\/\/lediamant.ch\/de\/wp-json\/wp\/v2\/comments?post=208923"}],"version-history":[{"count":5,"href":"https:\/\/lediamant.ch\/de\/wp-json\/wp\/v2\/pages\/208923\/revisions"}],"predecessor-version":[{"id":212917,"href":"https:\/\/lediamant.ch\/de\/wp-json\/wp\/v2\/pages\/208923\/revisions\/212917"}],"up":[{"embeddable":true,"href":"https:\/\/lediamant.ch\/de\/wp-json\/wp\/v2\/pages\/212439"}],"wp:featuredmedia":[{"embeddable":true,"href":"https:\/\/lediamant.ch\/de\/wp-json\/wp\/v2\/media\/207448"}],"wp:attachment":[{"href":"https:\/\/lediamant.ch\/de\/wp-json\/wp\/v2\/media?parent=208923"}],"wp:term":[{"taxonomy":"category","embeddable":true,"href":"https:\/\/lediamant.ch\/de\/wp-json\/wp\/v2\/categories?post=208923"}],"curies":[{"name":"wp","href":"https:\/\/api.w.org\/{rel}","templated":true}]}}