{"id":208943,"date":"2023-12-20T16:12:25","date_gmt":"2023-12-20T15:12:25","guid":{"rendered":"https:\/\/lediamant.ch\/anpassen-der-groesse-ihres-uhrenarmbands\/"},"modified":"2024-01-10T14:19:16","modified_gmt":"2024-01-10T13:19:16","slug":"anpassen-der-groesse-ihres-uhrenarmbands","status":"publish","type":"page","link":"https:\/\/lediamant.ch\/de\/anpassen-der-groesse-ihres-uhrenarmbands\/","title":{"rendered":"Anpassen der Gr\u00f6sse Ihres Uhrenarmbands"},"content":{"rendered":"<div class=\"gb-grid-wrapper gb-grid-wrapper-7fde94f5\">\n<div class=\"gb-grid-column gb-grid-column-04bb4b94\"><div class=\"gb-container gb-container-04bb4b94\">\n\n<p>Das Anpassen eines Uhrenarmbands an die eigene Gr\u00f6\u00dfe kann bei Metallarmb\u00e4ndern schwierig bis heikel sein. Die beste L\u00f6sung ist, Ihren Handgelenksumfang genau zu kennen, indem Sie ihn messen. Die Bijouterie Le diamant.ch bietet Ihnen diese M\u00f6glichkeit, indem sie schnell ein Papierarmband ausdruckt, auf dem Sie bei der Bestellung Ihre genaue Gr\u00f6\u00dfe angeben k\u00f6nnen. <\/p>\n\n\n\n<p><strong><a href=\"https:\/\/lediamant.ch\/wp-content\/uploads\/2023\/12\/Grose-Stahlarmband-1.pdf\" target=\"_blank\" rel=\"noreferrer noopener\">Laden Sie das Lineal<\/a>, das wir Ihnen vor der Bestellung zur Verf\u00fcgung stellen, herunter und drucken Sie es aus. Wir sorgen dann daf\u00fcr, dass Ihr Armband perfekt passt.<\/strong><\/p>\n\n<\/div><\/div>\n\n<div class=\"gb-grid-column gb-grid-column-023f233c\"><div class=\"gb-container gb-container-023f233c\">\n\n<figure class=\"gb-block-image gb-block-image-b9120200\"><a href=\"https:\/\/lediamant.ch\/wp-content\/uploads\/2023\/12\/Grose-Stahlarmband-1.pdf\" target=\"_blank\" rel=\"noopener noreferrer\"><img decoding=\"async\" class=\"gb-image gb-image-b9120200\" src=\"https:\/\/lediamant.ch\/wp-content\/uploads\/2023\/12\/Grose-Stahlarmband-lediamant.ch_.jpg\" alt=\"\" title=\"Grandeur-armband-stahl-lediamant.ch_\"><\/a><\/figure>\n\n<\/div><\/div>\n<\/div>","protected":false},"excerpt":{"rendered":"","protected":false},"author":1,"featured_media":208431,"parent":212439,"menu_order":0,"comment_status":"closed","ping_status":"closed","template":"","meta":{"_acf_changed":false,"_seopress_robots_primary_cat":"","_seopress_titles_title":"","_seopress_titles_desc":"","_seopress_robots_index":"","footnotes":""},"categories":[41051],"class_list":{"0":"post-208943","1":"page","2":"type-page","3":"status-publish","4":"has-post-thumbnail","6":"category-leitfaden"},"acf":[],"_links":{"self":[{"href":"https:\/\/lediamant.ch\/de\/wp-json\/wp\/v2\/pages\/208943","targetHints":{"allow":["GET"]}}],"collection":[{"href":"https:\/\/lediamant.ch\/de\/wp-json\/wp\/v2\/pages"}],"about":[{"href":"https:\/\/lediamant.ch\/de\/wp-json\/wp\/v2\/types\/page"}],"author":[{"embeddable":true,"href":"https:\/\/lediamant.ch\/de\/wp-json\/wp\/v2\/users\/1"}],"replies":[{"embeddable":true,"href":"https:\/\/lediamant.ch\/de\/wp-json\/wp\/v2\/comments?post=208943"}],"version-history":[{"count":1,"href":"https:\/\/lediamant.ch\/de\/wp-json\/wp\/v2\/pages\/208943\/revisions"}],"predecessor-version":[{"id":208944,"href":"https:\/\/lediamant.ch\/de\/wp-json\/wp\/v2\/pages\/208943\/revisions\/208944"}],"up":[{"embeddable":true,"href":"https:\/\/lediamant.ch\/de\/wp-json\/wp\/v2\/pages\/212439"}],"wp:featuredmedia":[{"embeddable":true,"href":"https:\/\/lediamant.ch\/de\/wp-json\/wp\/v2\/media\/208431"}],"wp:attachment":[{"href":"https:\/\/lediamant.ch\/de\/wp-json\/wp\/v2\/media?parent=208943"}],"wp:term":[{"taxonomy":"category","embeddable":true,"href":"https:\/\/lediamant.ch\/de\/wp-json\/wp\/v2\/categories?post=208943"}],"curies":[{"name":"wp","href":"https:\/\/api.w.org\/{rel}","templated":true}]}}