{"id":208945,"date":"2023-12-20T15:48:54","date_gmt":"2023-12-20T14:48:54","guid":{"rendered":"https:\/\/lediamant.ch\/was-ist-die-cosc-chronometerzertifizierung\/"},"modified":"2024-01-31T19:56:50","modified_gmt":"2024-01-31T18:56:50","slug":"was-ist-die-cosc-chronometerzertifizierung","status":"publish","type":"page","link":"https:\/\/lediamant.ch\/de\/was-ist-die-cosc-chronometerzertifizierung\/","title":{"rendered":"Was ist die COSC-Chronometerzertifizierung?"},"content":{"rendered":"\n<p>Das Siegel des Testinstituts der Offiziellen Schweizer Chronometerkontrolle gilt weltweit als eine der renommiertesten Auszeichnungen f\u00fcr Pr\u00e4zision.<\/p>\n\n<p>COSC ist ein Akronym, dessen Initialen f\u00fcr Offizielle Schweizerische Chronometerkontrolle stehen. Diese gemeinn\u00fctzige Organisation wurde 1973 in La Chaux-de-Fonds gegr\u00fcndet. Die f\u00fcnf Uhrenkantone Bern, Genf, Neuenburg, Solothurn und Waadt sowie der Verband der Schweizerischen Uhrenindustrie (FH) waren damals Mitglieder des Vereins.<\/p>\n\n<p>Von 7 Beobachtungsb\u00fcros gelangt die COSC 2013 zu einer einfacheren Struktur, indem sie die Anzahl auf 3 reduziert. Diese befinden sich in Biel, Le Locle sowie in Saint-Imier. Sie sind sieben Tage die Woche an 350 Tagen im Jahr aktiv. Jedes Jahr werden \u00fcber eine Million offizielle Chronometerzertifikate von der COSC ausgestellt.<\/p>\n\n<p>Die COSC ist ein neutrales und unparteiisches Gremium, dessen einziges Ziel darin besteht, zu kontrollieren und zu beobachten. Seine Aufgabe ist es, die Konformit\u00e4t eines Uhrwerks mit den Pr\u00e4zisionskriterien zu bescheinigen, die in der internationalen Norm ISO 3159 festgelegt sind, die die Definition eines Chronometers enth\u00e4lt.<\/p>\n\n<figure class=\"gb-block-image gb-block-image-69b516e4\"><img loading=\"lazy\" decoding=\"async\" width=\"1440\" height=\"1080\" class=\"gb-image gb-image-69b516e4\" src=\"https:\/\/lediamant.ch\/wp-content\/uploads\/2023\/12\/cosc.jpg\" alt=\"COSC - Offizielle Schweizer Chronometerkontrolle\" title=\"cosc\" srcset=\"https:\/\/lediamant.ch\/wp-content\/uploads\/2023\/12\/cosc.jpg 1440w, https:\/\/lediamant.ch\/wp-content\/uploads\/2023\/12\/cosc-300x225.jpg 300w, https:\/\/lediamant.ch\/wp-content\/uploads\/2023\/12\/cosc-768x576.jpg 768w, https:\/\/lediamant.ch\/wp-content\/uploads\/2023\/12\/cosc-1024x768.jpg 1024w, https:\/\/lediamant.ch\/wp-content\/uploads\/2023\/12\/cosc-600x450.jpg 600w, https:\/\/lediamant.ch\/wp-content\/uploads\/2023\/12\/cosc-400x300.jpg 400w, https:\/\/lediamant.ch\/wp-content\/uploads\/2023\/12\/cosc-64x48.jpg 64w\" sizes=\"auto, (max-width: 1440px) 100vw, 1440px\" \/><\/figure>\n\n<p>Dazu unterzieht die Organisation die Uhren, die ihr von den Herstellern zugeschickt werden, einer Reihe von Tests. Wenn diese Tests erfolgreich sind, wird der Zeitmesser mit einem offiziellen Chronometerzertifikat ausgezeichnet. Die COSC-Zertifizierung ist ein weithin anerkanntes Qualit\u00e4tsmerkmal und wird von den Marken oft auf einem Begleitdokument der Uhr vermerkt.<\/p>\n\n<p>Bitte beachten Sie, dass die COSC nur Schweizer Uhrenmarken und &#8222;Swiss Made&#8220;-Zeitmesser f\u00fcr ihre Tests zul\u00e4sst. Das bedeutet nicht, dass Modelle aus anderen L\u00e4ndern die Tests nicht bestehen w\u00fcrden, es ist lediglich eine freiwillige Entscheidung, das Prestige der Schweizer Uhrenindustrie aufzuwerten.<\/p>\n\n<p>Die Anforderungen, damit ein Uhrwerk von der COSC zertifiziert werden kann, sind sehr streng. Man spricht sogar von einer &#8222;Exzellenzpr\u00fcfung&#8220;, da nur Zeitinstrumente von h\u00f6chster Qualit\u00e4t die verschiedenen Tests bestehen k\u00f6nnen. Jeder Test ist statisch und findet im Labor statt.<\/p>\n<div class=\"gb-container gb-container-6afc6525 gb-container-overflowing\"><a class=\"gb-container-link\" href=\"https:\/\/lediamant.ch\/de\/uhren\/?_type_montre=chronometer\"><\/a>\n<div class=\"gb-container gb-container-437f833c\">\n\n<figure class=\"gb-block-image gb-block-image-f4b1999d\"><img loading=\"lazy\" decoding=\"async\" width=\"1680\" height=\"1680\" class=\"gb-image gb-image-f4b1999d\" src=\"https:\/\/lediamant.ch\/wp-content\/uploads\/2023\/10\/T142.464.16.332.00_R_1.png\" alt=\"Tissot Heritage 1938 Automatic COSC\" title=\"T142.464.16.332.00_R_1\" srcset=\"https:\/\/lediamant.ch\/wp-content\/uploads\/2023\/10\/T142.464.16.332.00_R_1.png 1680w, https:\/\/lediamant.ch\/wp-content\/uploads\/2023\/10\/T142.464.16.332.00_R_1-150x150.png 150w, https:\/\/lediamant.ch\/wp-content\/uploads\/2023\/10\/T142.464.16.332.00_R_1-300x300.png 300w, https:\/\/lediamant.ch\/wp-content\/uploads\/2023\/10\/T142.464.16.332.00_R_1-768x768.png 768w, https:\/\/lediamant.ch\/wp-content\/uploads\/2023\/10\/T142.464.16.332.00_R_1-1024x1024.png 1024w, https:\/\/lediamant.ch\/wp-content\/uploads\/2023\/10\/T142.464.16.332.00_R_1-1536x1536.png 1536w, https:\/\/lediamant.ch\/wp-content\/uploads\/2023\/10\/T142.464.16.332.00_R_1-600x600.png 600w, https:\/\/lediamant.ch\/wp-content\/uploads\/2023\/10\/T142.464.16.332.00_R_1-400x400.png 400w, https:\/\/lediamant.ch\/wp-content\/uploads\/2023\/10\/T142.464.16.332.00_R_1-120x120.png 120w, https:\/\/lediamant.ch\/wp-content\/uploads\/2023\/10\/T142.464.16.332.00_R_1-64x64.png 64w\" sizes=\"auto, (max-width: 1680px) 100vw, 1680px\" \/><\/figure>\n\n\n\n<div class=\"gb-headline gb-headline-a960b8cf gb-headline-text\">Alle unsere <strong>Chronometer-Uhren<\/strong><\/div>\n\n<\/div>\n\n\n<span class=\"gb-button gb-button-4ef2cb99 gb-button-text gb-button-primary\">Entdecken Sie<\/span>\n\n<\/div>\n<p>Alles beginnt mit einer Kontrolle der auf dem Uhrwerk eingravierten Nummern. Anschlie\u00dfend wird das Uhrwerk in eine spezielle Schlie\u00dfe mit f\u00fcnf Schlitzen gelegt und nach den Richtlinien der Marke aufgezogen. Die Uhren werden f\u00fcr mindestens 12 Stunden in einem Raum mit einer Temperatur von 23\u00b0C aufbewahrt.<\/p>\n\n<p>Danach werden die verschiedenen Teile des Zeitmessers \u00fcber einen Zeitraum von 13 bis 15 Tagen t\u00e4glich mehreren Tests unterzogen, je nachdem, um welche Art von Zeitinstrument es sich handelt. Jeden Tag werden die Instrumente vermessen und aufgezogen.<\/p>\n\n<p>Nach Ablauf dieser Frist werden die Armbanduhren anhand von 7 verschiedenen Kriterien bewertet: durchschnittlicher Tagesgang, durchschnittliche Gangabweichung, gr\u00f6\u00dfte Gangabweichung, Differenz zwischen den G\u00e4ngen in horizontaler und vertikaler Position der Uhr, gr\u00f6\u00dfte Gangabweichung, temperaturabh\u00e4ngige Gangabweichung und Wiederaufnahme des Gangs. Wenn das Instrument diese 7 Kriterien erf\u00fcllt, kann es offiziell die wertvolle Zertifizierung als &#8222;Chronometer&#8220; erhalten.<\/p>\n","protected":false},"excerpt":{"rendered":"<p>Das Siegel des Testinstituts der Offiziellen Schweizer Chronometerkontrolle gilt weltweit als eine der renommiertesten Auszeichnungen f\u00fcr Pr\u00e4zision. COSC ist ein Akronym, dessen Initialen f\u00fcr Offizielle Schweizerische Chronometerkontrolle stehen. Diese gemeinn\u00fctzige Organisation wurde 1973 in La Chaux-de-Fonds gegr\u00fcndet. Die f\u00fcnf Uhrenkantone Bern, Genf, Neuenburg, Solothurn und Waadt sowie der Verband der Schweizerischen Uhrenindustrie (FH) waren damals &#8230; <a title=\"Was ist die COSC-Chronometerzertifizierung?\" class=\"read-more\" href=\"https:\/\/lediamant.ch\/de\/was-ist-die-cosc-chronometerzertifizierung\/\" aria-label=\"Mehr Informationen \u00fcber Was ist die COSC-Chronometerzertifizierung?\">Weiterlesen &#8230;<\/a><\/p>\n","protected":false},"author":1,"featured_media":208415,"parent":212439,"menu_order":0,"comment_status":"closed","ping_status":"closed","template":"","meta":{"_acf_changed":false,"_seopress_robots_primary_cat":"","_seopress_titles_title":"","_seopress_titles_desc":"","_seopress_robots_index":"","footnotes":""},"categories":[41051],"class_list":{"0":"post-208945","1":"page","2":"type-page","3":"status-publish","4":"has-post-thumbnail","6":"category-leitfaden"},"acf":[],"_links":{"self":[{"href":"https:\/\/lediamant.ch\/de\/wp-json\/wp\/v2\/pages\/208945","targetHints":{"allow":["GET"]}}],"collection":[{"href":"https:\/\/lediamant.ch\/de\/wp-json\/wp\/v2\/pages"}],"about":[{"href":"https:\/\/lediamant.ch\/de\/wp-json\/wp\/v2\/types\/page"}],"author":[{"embeddable":true,"href":"https:\/\/lediamant.ch\/de\/wp-json\/wp\/v2\/users\/1"}],"replies":[{"embeddable":true,"href":"https:\/\/lediamant.ch\/de\/wp-json\/wp\/v2\/comments?post=208945"}],"version-history":[{"count":15,"href":"https:\/\/lediamant.ch\/de\/wp-json\/wp\/v2\/pages\/208945\/revisions"}],"predecessor-version":[{"id":209731,"href":"https:\/\/lediamant.ch\/de\/wp-json\/wp\/v2\/pages\/208945\/revisions\/209731"}],"up":[{"embeddable":true,"href":"https:\/\/lediamant.ch\/de\/wp-json\/wp\/v2\/pages\/212439"}],"wp:featuredmedia":[{"embeddable":true,"href":"https:\/\/lediamant.ch\/de\/wp-json\/wp\/v2\/media\/208415"}],"wp:attachment":[{"href":"https:\/\/lediamant.ch\/de\/wp-json\/wp\/v2\/media?parent=208945"}],"wp:term":[{"taxonomy":"category","embeddable":true,"href":"https:\/\/lediamant.ch\/de\/wp-json\/wp\/v2\/categories?post=208945"}],"curies":[{"name":"wp","href":"https:\/\/api.w.org\/{rel}","templated":true}]}}