{"id":208947,"date":"2023-12-20T16:26:56","date_gmt":"2023-12-20T15:26:56","guid":{"rendered":"https:\/\/lediamant.ch\/alles-ueber-die-wasserdichtigkeit-einer-uhr-wissen\/"},"modified":"2024-01-10T14:27:03","modified_gmt":"2024-01-10T13:27:03","slug":"alles-ueber-die-wasserdichtigkeit-einer-uhr-wissen","status":"publish","type":"page","link":"https:\/\/lediamant.ch\/de\/alles-ueber-die-wasserdichtigkeit-einer-uhr-wissen\/","title":{"rendered":"Alles \u00fcber die Wasserdichtigkeit einer Uhr wissen"},"content":{"rendered":"\n<p>&#8222;Kann ich mit meiner Uhr baden?&#8220;, &#8222;Kann ich mit meiner Uhr schwimmen?&#8220;, &#8222;Warum drei Einheiten (ATM, Meter und Bar) f\u00fcr ein einziges Merkmal?&#8220;. Immer wiederkehrende Fragen, die nicht leicht zu beantworten sind, wenn man nicht wei\u00df, was die Angaben auf der Uhr bedeuten.<\/p>\n\n<p>In der Welt der Uhren hat jedes Modell eine Wasserdichtigkeit, die von 30 m bis manchmal 2000 m oder sogar 3000 m reicht. Dies entspricht dem Druck, dem eine Uhr standhalten kann. Auf der Uhr ist immer der Grad der Wasserdichtigkeit angegeben, der in Atmosph\u00e4ren (ATM), Fu\u00df (FT) oder Metern (M) ausgedr\u00fcckt werden kann. Der Luftdruck, in dem wir leben, betr\u00e4gt 1 ATM = 101 325 Pa (Pascal). Da jeder Zeitmesser seine eigene Druckfestigkeit hat, wollen wir uns nun mit den verschiedenen Abstufungen und vor allem mit ihrer Bedeutung befassen. Diese Liste ist nat\u00fcrlich nicht vollst\u00e4ndig, aber wir werden uns mit den am h\u00e4ufigsten vorkommenden Dichtungen befassen.<\/p>\n<div class=\"gb-container gb-container-3b1f4541 gb-container-overflowing\">\n\n<figure class=\"gb-block-image gb-block-image-c4bf9c05\"><img decoding=\"async\" class=\"gb-image gb-image-c4bf9c05\" src=\"https:\/\/lediamant.ch\/wp-content\/uploads\/2023\/12\/wasserdicht-uhr-lediamant.ch_.jpg\" alt=\"\" title=\"wasserdicht-uhr-lediamant.ch\"><\/figure>\n\n<\/div><h2 class=\"gb-headline gb-headline-02476f83 gb-headline-text\" id=\"die-verschiedenen-werte-der-wasserdichtheit\">Die verschiedenen Werte der Wasserdichtheit<\/h2><h3 class=\"gb-headline gb-headline-40dd4e9c gb-headline-text\" id=\"abdichtung-von-30m-oder-3atm\">Abdichtung von 30m oder 3atm<\/h3>\n<p>Eine bis 30 m wasserdichte Uhr ist nicht wirklich bis zu einer Tiefe von 30 m unter Wasser wasserdicht. Das bedeutet n\u00e4mlich, dass sie einem Druck standhalten kann, der 3ATM entspricht, d. h. Spritzwasser, Handw\u00e4sche, Geschirrsp\u00fclen, aber nicht mehr.<\/p>\n<h3 class=\"gb-headline gb-headline-c78b0e72 gb-headline-text\" id=\"50m-oder-5atm-abdichtung\">50m oder 5atm Abdichtung<\/h3>\n<p>Eine Uhr, die bis 50 Meter wasserdicht ist, k\u00f6nnen Sie untertauchen, aber nur bei ruhiger Nutzung, z. B. beim Baden in der Badewanne oder im Schwimmbad, ohne zu tauchen. Ein direkter Wasserstrahl aus der Dusche oder dem Wasserhahn, der direkt auf das Glas oder die Druckkn\u00f6pfe trifft, kann jedoch einem Druck von 50 Metern entsprechen, und Ihre Uhr kann dann unter Wasser geraten.<\/p>\n<h3 class=\"gb-headline gb-headline-a8a6b816 gb-headline-text\" id=\"wasserdichtheit-von-100m-oder-10atm\">Wasserdichtheit von 100m oder 10atm<\/h3>\n<p>Eine Wasserdichtigkeit von 100 Metern wird langsam interessant. Ihre Uhr wird mehr Untertauchen akzeptieren, sie ist jetzt regenfest, spritzwassergesch\u00fctzt und kann auch unter der Dusche getragen werden (aber achten Sie darauf, es nicht zu \u00fcbertreiben, denn auf lange Sicht kann das hei\u00dfe Wasser die Wasserdichtigkeit Ihrer Uhr besch\u00e4digen und beeintr\u00e4chtigen). Man kann gefahrlos unter Wasser tauchen, aber es wird davon abgeraten, h\u00e4ufig mit ihr an der Oberfl\u00e4che zu schwimmen.<\/p>\n<h3 class=\"gb-headline gb-headline-bfd44d64 gb-headline-text\" id=\"abdichtung-von-200m-oder-20atm\">Abdichtung von 200m oder 20atm<\/h3>\n<p>Eine Uhr, die bis 200 m oder 20ATM, also bis zum 20-fachen des Luftdrucks, wasserdicht ist, akzeptiert auch Tauchg\u00e4nge. Sie kann f\u00fcr das sogenannte Sportschwimmen und das Tauchen im Amateursport, also in flachen Gew\u00e4ssern, verwendet werden. Mit dieser Wasserdichtigkeit k\u00f6nnen Sie Ihren Zeitmesser beim t\u00e4glichen Tauchen oder in der Freizeit problemlos am Handgelenk tragen.<\/p>\n<h3 class=\"gb-headline gb-headline-d72e4520 gb-headline-text\" id=\"wasserdichtheit-von-300m-oder-30atm\">Wasserdichtheit von 300m oder 30atm<\/h3>\n<p>Jetzt kommen wir in die Tiefe, mit einer Uhr am Handgelenk, die bis zu 300 m oder 30ATM, dem 30-fachen des normalen Luftdrucks, wasserdicht ist. Jetzt ist alles m\u00f6glich, Sie k\u00f6nnen wirklich mit Flasche und in tiefen Gew\u00e4ssern tauchen, Sportschwimmen und Tauchen. Ihr Zeitmesser kann einem hohen Druck ausgesetzt werden und kann f\u00fcr professionelle Zwecke verwendet werden.<\/p>\n\n<p>F\u00fcr echte Profis sollten Sie wissen, dass es Modelle gibt, die bis 1000 m, 2000 m, sogar bis 3000 m oder 300ATM wasserdicht sind, d. h. Ihre Uhr kann bis zum 300-fachen des Luftdrucks standhalten.<\/p>\n<h2 class=\"gb-headline gb-headline-e3c46abf gb-headline-text\" id=\"dichtheitsgarantie\">Dichtheitsgarantie<\/h2>\n<p>Die Wasserdichtigkeit Ihrer Uhr kann nicht lebenslang garantiert werden. Dichtungen k\u00f6nnen sich abnutzen, Kronen oder Dr\u00fccker k\u00f6nnen St\u00f6\u00dfen ausgesetzt sein und Temperaturschwankungen k\u00f6nnen die Wasserdichtigkeit beeintr\u00e4chtigen. Wir empfehlen Ihnen, die Wasserdichtigkeit alle 18 Monate von einem oder zumindest jedes Mal, wenn das Uhrengeh\u00e4use ge\u00f6ffnet wird, \u00fcberpr\u00fcfen zu lassen.<\/p>\n\n<p>Wichtiger Hinweis: Ber\u00fchren Sie die Dr\u00fccker oder die Krone Ihrer Uhr nicht, wenn sie sich unter Wasser befindet. \u00dcberpr\u00fcfen Sie, ob diese richtig eingedr\u00fcckt oder festgeschraubt sind.<\/p>\n","protected":false},"excerpt":{"rendered":"<p>&#8222;Kann ich mit meiner Uhr baden?&#8220;, &#8222;Kann ich mit meiner Uhr schwimmen?&#8220;, &#8222;Warum drei Einheiten (ATM, Meter und Bar) f\u00fcr ein einziges Merkmal?&#8220;. Immer wiederkehrende Fragen, die nicht leicht zu beantworten sind, wenn man nicht wei\u00df, was die Angaben auf der Uhr bedeuten. In der Welt der Uhren hat jedes Modell eine Wasserdichtigkeit, die von &#8230; <a title=\"Alles \u00fcber die Wasserdichtigkeit einer Uhr wissen\" class=\"read-more\" href=\"https:\/\/lediamant.ch\/de\/alles-ueber-die-wasserdichtigkeit-einer-uhr-wissen\/\" aria-label=\"Mehr Informationen \u00fcber Alles \u00fcber die Wasserdichtigkeit einer Uhr wissen\">Weiterlesen &#8230;<\/a><\/p>\n","protected":false},"author":1,"featured_media":208437,"parent":212439,"menu_order":0,"comment_status":"closed","ping_status":"closed","template":"","meta":{"_acf_changed":false,"_seopress_robots_primary_cat":"","_seopress_titles_title":"","_seopress_titles_desc":"","_seopress_robots_index":"","footnotes":""},"categories":[41051],"class_list":{"0":"post-208947","1":"page","2":"type-page","3":"status-publish","4":"has-post-thumbnail","6":"category-leitfaden"},"acf":[],"_links":{"self":[{"href":"https:\/\/lediamant.ch\/de\/wp-json\/wp\/v2\/pages\/208947","targetHints":{"allow":["GET"]}}],"collection":[{"href":"https:\/\/lediamant.ch\/de\/wp-json\/wp\/v2\/pages"}],"about":[{"href":"https:\/\/lediamant.ch\/de\/wp-json\/wp\/v2\/types\/page"}],"author":[{"embeddable":true,"href":"https:\/\/lediamant.ch\/de\/wp-json\/wp\/v2\/users\/1"}],"replies":[{"embeddable":true,"href":"https:\/\/lediamant.ch\/de\/wp-json\/wp\/v2\/comments?post=208947"}],"version-history":[{"count":1,"href":"https:\/\/lediamant.ch\/de\/wp-json\/wp\/v2\/pages\/208947\/revisions"}],"predecessor-version":[{"id":208948,"href":"https:\/\/lediamant.ch\/de\/wp-json\/wp\/v2\/pages\/208947\/revisions\/208948"}],"up":[{"embeddable":true,"href":"https:\/\/lediamant.ch\/de\/wp-json\/wp\/v2\/pages\/212439"}],"wp:featuredmedia":[{"embeddable":true,"href":"https:\/\/lediamant.ch\/de\/wp-json\/wp\/v2\/media\/208437"}],"wp:attachment":[{"href":"https:\/\/lediamant.ch\/de\/wp-json\/wp\/v2\/media?parent=208947"}],"wp:term":[{"taxonomy":"category","embeddable":true,"href":"https:\/\/lediamant.ch\/de\/wp-json\/wp\/v2\/categories?post=208947"}],"curies":[{"name":"wp","href":"https:\/\/api.w.org\/{rel}","templated":true}]}}