{"id":212439,"date":"2023-11-29T09:50:00","date_gmt":"2023-11-29T08:50:00","guid":{"rendered":"https:\/\/lediamant.ch\/einkaufsfuhrer\/"},"modified":"2024-07-04T10:27:47","modified_gmt":"2024-07-04T08:27:47","slug":"einkaufsfuhrer","status":"publish","type":"page","link":"https:\/\/lediamant.ch\/de\/einkaufsfuhrer\/","title":{"rendered":"Einkaufsf\u00fchrer"},"content":{"rendered":"<div class=\"gb-container gb-container-5ec8d309\">\n<div class=\"gb-container gb-container-ee08eced inner\">\n<div class=\"gb-container gb-container-efb951bd\">\n\n<h1 id=\"entdecken-sie-unsere-einkaufsfuehrer\" class=\"gb-headline gb-headline-478ca7a2\"><span class=\"gb-icon\"><svg width=\"32\" height=\"33\" viewbox=\"0 0 32 33\" fill=\"currentColor\" xmlns=\"http:\/\/www.w3.org\/2000\/svg\">     <path d=\"M16.0498 25.5951C16.4433 25.5951 16.7751 25.46 17.0453 25.1898C17.3144 24.9172 17.4489 24.5854 17.4489 24.1943C17.4489 23.8008 17.3132 23.4689 17.0418 23.1987C16.7704 22.9285 16.4385 22.7934 16.0462 22.7934C15.6527 22.7934 15.3209 22.9291 15.0507 23.2005C14.7804 23.4719 14.6453 23.8037 14.6453 24.196C14.6453 24.5895 14.7816 24.9214 15.0542 25.1916C15.3244 25.4618 15.6563 25.5969 16.0498 25.5969M15.1324 19.7089H16.848C16.893 18.9362 17.0382 18.308 17.2836 17.8245C17.5289 17.3421 18.0332 16.7258 18.7964 15.9756C19.5905 15.1827 20.1807 14.4722 20.5671 13.844C20.9547 13.2159 21.1484 12.4894 21.1484 11.6645C21.1484 10.2636 20.6566 9.14714 19.6729 8.31514C18.688 7.48314 17.523 7.06714 16.1778 7.06714C14.899 7.06714 13.8133 7.4144 12.9209 8.10892C12.0284 8.80462 11.3748 9.60344 10.96 10.5054L12.5956 11.1827C12.88 10.5356 13.2871 9.96373 13.8169 9.46714C14.3467 8.96936 15.1111 8.72047 16.1102 8.72047C17.2634 8.72047 18.1049 9.03692 18.6347 9.66981C19.1668 10.3027 19.4329 10.9984 19.4329 11.7569C19.4329 12.3732 19.2664 12.9231 18.9333 13.4067C18.6015 13.8914 18.1689 14.3785 17.6356 14.868C16.6044 15.8185 15.9289 16.6245 15.6089 17.2858C15.2913 17.946 15.1324 18.7537 15.1324 19.7089ZM16.0053 32.2974C13.7938 32.2974 11.7138 31.8778 9.76533 31.0387C7.81807 30.1984 6.12385 29.0583 4.68267 27.6183C3.24148 26.1794 2.10074 24.487 1.26044 22.5409C0.420148 20.5948 0 18.5154 0 16.3027C0 14.0911 0.419555 12.0111 1.25867 10.0627C2.09896 8.11544 3.23911 6.42122 4.67911 4.98003C6.11793 3.53884 7.81037 2.3981 9.75644 1.55781C11.7025 0.717512 13.7819 0.297363 15.9947 0.297363C18.2062 0.297363 20.2862 0.716919 22.2347 1.55603C24.1819 2.39633 25.8761 3.53647 27.3173 4.97647C28.7585 6.41529 29.8993 8.10773 30.7396 10.0538C31.5799 11.9999 32 14.0793 32 16.292C32 18.5036 31.5804 20.5836 30.7413 22.532C29.901 24.4793 28.7609 26.1735 27.3209 27.6147C25.8821 29.0559 24.1896 30.1966 22.2436 31.0369C20.2975 31.8772 18.2181 32.2974 16.0053 32.2974ZM16 30.5196C19.9704 30.5196 23.3333 29.1418 26.0889 26.3863C28.8444 23.6307 30.2222 20.2677 30.2222 16.2974C30.2222 12.327 28.8444 8.96403 26.0889 6.20847C23.3333 3.45292 19.9704 2.07514 16 2.07514C12.0296 2.07514 8.66667 3.45292 5.91111 6.20847C3.15556 8.96403 1.77778 12.327 1.77778 16.2974C1.77778 20.2677 3.15556 23.6307 5.91111 26.3863C8.66667 29.1418 12.0296 30.5196 16 30.5196Z\"><\/path> <\/svg><\/span><span class=\"gb-headline-text\">Entdecken Sie  <br><mark style=\"background-color:rgba(0, 0, 0, 0)\" class=\"has-inline-color has-link-hover-color\">unsere Einkaufsf\u00fchrer<\/mark><\/span><\/h1>\n\n\n\n<p class=\"gb-headline gb-headline-fa0e5595 gb-headline-text\">Um Ihnen bei der Auswahl der richtigen Uhr oder des richtigen Schmuckst\u00fccks zu helfen,<strong>haben wir f\u00fcr Sie unter<\/strong> <strong>eine Reihe von Ratgebern zusammengestellt<\/strong>.<\/p>\n\n<\/div>\n\n<div class=\"gb-container gb-container-0bbf38bc\">\n\n<div class=\"gb-grid-wrapper gb-grid-wrapper-af8eb739 gb-query-loop-wrapper\">\n<div class=\"gb-grid-column gb-grid-column-10383971 gb-query-loop-item post-208929 page type-page status-publish has-post-thumbnail category-leitfaden\"><div class=\"gb-container gb-container-10383971\" style=\"--background-image: url(https:\/\/lediamant.ch\/wp-content\/uploads\/2023\/12\/guide-achat-metaux.jpg);\"><a class=\"gb-container-link\" href=\"https:\/\/lediamant.ch\/de\/einkaufsfuehrer-metalle-vergoldung-pvd-gold\/\"><\/a>\n\n<div class=\"gb-headline gb-headline-37116529 gb-headline-text\">Unser Vorschlag<\/div>\n\n\n<h2 class=\"gb-headline gb-headline-036c5053 gb-headline-text\"><a href=\"https:\/\/lediamant.ch\/de\/einkaufsfuehrer-metalle-vergoldung-pvd-gold\/\">Einkaufsf\u00fchrer: Metalle - Vergoldung - PVD Gold<\/a><\/h2>\n\n\n<span class=\"gb-button gb-button-240f9f7c gb-button-text light-button-uc\">Entdecken Sie<\/span>\n\n<\/div><\/div>\n<\/div>\n\n<\/div>\n<\/div>\n\n<div class=\"gb-container gb-container-db8a2e48 inner\">\n\n<div class=\"gb-grid-wrapper gb-grid-wrapper-788aa6d9 gb-query-loop-wrapper\">\n<div class=\"gb-grid-column gb-grid-column-482eca6c gb-query-loop-item post-208947 page type-page status-publish has-post-thumbnail category-leitfaden\"><div class=\"gb-container gb-container-482eca6c home-guide-card\"><a class=\"gb-container-link\" href=\"https:\/\/lediamant.ch\/de\/alles-ueber-die-wasserdichtigkeit-einer-uhr-wissen\/\"><\/a>\n<figure class=\"gb-block-image gb-block-image-8fc2cc15\"><img loading=\"lazy\" decoding=\"async\" width=\"2500\" height=\"988\" src=\"https:\/\/lediamant.ch\/wp-content\/uploads\/2023\/12\/etancheite-montre.jpg\" class=\"gb-image-8fc2cc15\" alt=\"\" \/><\/figure>\n\n<div class=\"gb-container gb-container-23c2ddff\">\n<h3 class=\"gb-headline gb-headline-4dbcd5e5 gb-headline-text headline-h5\">Alles \u00fcber die Wasserdichtigkeit einer Uhr wissen<\/h3>\n\n\n<span class=\"gb-button gb-button-b738d5b4 gb-button-text light-button-uc\">Entdecken Sie<\/span>\n\n<\/div>\n<\/div><\/div>\n\n<div class=\"gb-grid-column gb-grid-column-482eca6c gb-query-loop-item post-208949 page type-page status-publish has-post-thumbnail category-leitfaden\"><div class=\"gb-container gb-container-482eca6c home-guide-card\"><a class=\"gb-container-link\" href=\"https:\/\/lediamant.ch\/de\/alles-ueber-uhrwerke-wissen\/\"><\/a>\n<figure class=\"gb-block-image gb-block-image-8fc2cc15\"><img loading=\"lazy\" decoding=\"async\" width=\"2500\" height=\"988\" src=\"https:\/\/lediamant.ch\/wp-content\/uploads\/2023\/12\/tout-savoir-mouvement-montre-1.jpg\" class=\"gb-image-8fc2cc15\" alt=\"\" \/><\/figure>\n\n<div class=\"gb-container gb-container-23c2ddff\">\n<h3 class=\"gb-headline gb-headline-4dbcd5e5 gb-headline-text headline-h5\">Alles \u00fcber Uhrwerke wissen<\/h3>\n\n\n<span class=\"gb-button gb-button-b738d5b4 gb-button-text light-button-uc\">Entdecken Sie<\/span>\n\n<\/div>\n<\/div><\/div>\n\n<div class=\"gb-grid-column gb-grid-column-482eca6c gb-query-loop-item post-208943 page type-page status-publish has-post-thumbnail category-leitfaden\"><div class=\"gb-container gb-container-482eca6c home-guide-card\"><a class=\"gb-container-link\" href=\"https:\/\/lediamant.ch\/de\/anpassen-der-groesse-ihres-uhrenarmbands\/\"><\/a>\n<figure class=\"gb-block-image gb-block-image-8fc2cc15\"><img loading=\"lazy\" decoding=\"async\" width=\"2500\" height=\"988\" src=\"https:\/\/lediamant.ch\/wp-content\/uploads\/2023\/12\/grandeur-bracelet-montre.jpg\" class=\"gb-image-8fc2cc15\" alt=\"\" \/><\/figure>\n\n<div class=\"gb-container gb-container-23c2ddff\">\n<h3 class=\"gb-headline gb-headline-4dbcd5e5 gb-headline-text headline-h5\">Anpassen der Gr\u00f6sse Ihres Uhrenarmbands<\/h3>\n\n\n<span class=\"gb-button gb-button-b738d5b4 gb-button-text light-button-uc\">Entdecken Sie<\/span>\n\n<\/div>\n<\/div><\/div>\n\n<div class=\"gb-grid-column gb-grid-column-482eca6c gb-query-loop-item post-208915 page type-page status-publish has-post-thumbnail category-leitfaden\"><div class=\"gb-container gb-container-482eca6c home-guide-card\"><a class=\"gb-container-link\" href=\"https:\/\/lediamant.ch\/de\/die-richtige-ringgroesse-waehlen\/\"><\/a>\n<figure class=\"gb-block-image gb-block-image-8fc2cc15\"><img loading=\"lazy\" decoding=\"async\" width=\"2500\" height=\"988\" src=\"https:\/\/lediamant.ch\/wp-content\/uploads\/2023\/12\/guide-achat-taille-bague-1.jpg\" class=\"gb-image-8fc2cc15\" alt=\"\" \/><\/figure>\n\n<div class=\"gb-container gb-container-23c2ddff\">\n<h3 class=\"gb-headline gb-headline-4dbcd5e5 gb-headline-text headline-h5\">Die richtige Ringgr\u00f6\u00dfe w\u00e4hlen<\/h3>\n\n\n<span class=\"gb-button gb-button-b738d5b4 gb-button-text light-button-uc\">Entdecken Sie<\/span>\n\n<\/div>\n<\/div><\/div>\n\n<div class=\"gb-grid-column gb-grid-column-482eca6c gb-query-loop-item post-208504 page type-page status-publish has-post-thumbnail category-leitfaden\"><div class=\"gb-container gb-container-482eca6c home-guide-card\"><a class=\"gb-container-link\" href=\"https:\/\/lediamant.ch\/de\/die-richtige-wahl-ihrer-eheringe\/\"><\/a>\n<figure class=\"gb-block-image gb-block-image-8fc2cc15\"><img loading=\"lazy\" decoding=\"async\" width=\"2048\" height=\"1363\" src=\"https:\/\/lediamant.ch\/wp-content\/uploads\/2023\/12\/alliances_ecrin_lediamant.ch_.jpg\" class=\"gb-image-8fc2cc15\" alt=\"\" \/><\/figure>\n\n<div class=\"gb-container gb-container-23c2ddff\">\n<h3 class=\"gb-headline gb-headline-4dbcd5e5 gb-headline-text headline-h5\">Die richtige Wahl Ihrer Eheringe<\/h3>\n\n\n<span class=\"gb-button gb-button-b738d5b4 gb-button-text light-button-uc\">Entdecken Sie<\/span>\n\n<\/div>\n<\/div><\/div>\n\n<div class=\"gb-grid-column gb-grid-column-482eca6c gb-query-loop-item post-208935 page type-page status-publish has-post-thumbnail category-leitfaden\"><div class=\"gb-container gb-container-482eca6c home-guide-card\"><a class=\"gb-container-link\" href=\"https:\/\/lediamant.ch\/de\/einkaufsfuehrer-farbige-steine\/\"><\/a>\n<figure class=\"gb-block-image gb-block-image-8fc2cc15\"><img loading=\"lazy\" decoding=\"async\" width=\"2500\" height=\"988\" src=\"https:\/\/lediamant.ch\/wp-content\/uploads\/2023\/12\/guide-achat-pierres-couleurs.jpg\" class=\"gb-image-8fc2cc15\" alt=\"\" \/><\/figure>\n\n<div class=\"gb-container gb-container-23c2ddff\">\n<h3 class=\"gb-headline gb-headline-4dbcd5e5 gb-headline-text headline-h5\">Einkaufsf\u00fchrer : Farbige Steine<\/h3>\n\n\n<span class=\"gb-button gb-button-b738d5b4 gb-button-text light-button-uc\">Entdecken Sie<\/span>\n\n<\/div>\n<\/div><\/div>\n\n<div class=\"gb-grid-column gb-grid-column-482eca6c gb-query-loop-item post-208923 page type-page status-publish has-post-thumbnail category-leitfaden\"><div class=\"gb-container gb-container-482eca6c home-guide-card\"><a class=\"gb-container-link\" href=\"https:\/\/lediamant.ch\/de\/einkaufsfuehrer-der-diamant\/\"><\/a>\n<figure class=\"gb-block-image gb-block-image-8fc2cc15\"><img loading=\"lazy\" decoding=\"async\" width=\"2500\" height=\"988\" src=\"https:\/\/lediamant.ch\/wp-content\/uploads\/2023\/12\/guide-achat-diamant.jpg\" class=\"gb-image-8fc2cc15\" alt=\"\" \/><\/figure>\n\n<div class=\"gb-container gb-container-23c2ddff\">\n<h3 class=\"gb-headline gb-headline-4dbcd5e5 gb-headline-text headline-h5\">Einkaufsf\u00fchrer: Der Diamant<\/h3>\n\n\n<span class=\"gb-button gb-button-b738d5b4 gb-button-text light-button-uc\">Entdecken Sie<\/span>\n\n<\/div>\n<\/div><\/div>\n\n<div class=\"gb-grid-column gb-grid-column-482eca6c gb-query-loop-item post-208931 page type-page status-publish has-post-thumbnail category-leitfaden\"><div class=\"gb-container gb-container-482eca6c home-guide-card\"><a class=\"gb-container-link\" href=\"https:\/\/lediamant.ch\/de\/einkaufsfuehrer-die-perlen\/\"><\/a>\n<figure class=\"gb-block-image gb-block-image-8fc2cc15\"><img loading=\"lazy\" decoding=\"async\" width=\"2500\" height=\"988\" src=\"https:\/\/lediamant.ch\/wp-content\/uploads\/2023\/12\/guide-achat-perles-1.jpg\" class=\"gb-image-8fc2cc15\" alt=\"\" \/><\/figure>\n\n<div class=\"gb-container gb-container-23c2ddff\">\n<h3 class=\"gb-headline gb-headline-4dbcd5e5 gb-headline-text headline-h5\">Einkaufsf\u00fchrer: Die Perlen<\/h3>\n\n\n<span class=\"gb-button gb-button-b738d5b4 gb-button-text light-button-uc\">Entdecken Sie<\/span>\n\n<\/div>\n<\/div><\/div>\n\n<div class=\"gb-grid-column gb-grid-column-482eca6c gb-query-loop-item post-208929 page type-page status-publish has-post-thumbnail category-leitfaden\"><div class=\"gb-container gb-container-482eca6c home-guide-card\"><a class=\"gb-container-link\" href=\"https:\/\/lediamant.ch\/de\/einkaufsfuehrer-metalle-vergoldung-pvd-gold\/\"><\/a>\n<figure class=\"gb-block-image gb-block-image-8fc2cc15\"><img loading=\"lazy\" decoding=\"async\" width=\"2500\" height=\"988\" src=\"https:\/\/lediamant.ch\/wp-content\/uploads\/2023\/12\/guide-achat-metaux.jpg\" class=\"gb-image-8fc2cc15\" alt=\"\" \/><\/figure>\n\n<div class=\"gb-container gb-container-23c2ddff\">\n<h3 class=\"gb-headline gb-headline-4dbcd5e5 gb-headline-text headline-h5\">Einkaufsf\u00fchrer: Metalle - Vergoldung - PVD Gold<\/h3>\n\n\n<span class=\"gb-button gb-button-b738d5b4 gb-button-text light-button-uc\">Entdecken Sie<\/span>\n\n<\/div>\n<\/div><\/div>\n\n<div class=\"gb-grid-column gb-grid-column-482eca6c gb-query-loop-item post-208941 page type-page status-publish has-post-thumbnail category-leitfaden\"><div class=\"gb-container gb-container-482eca6c home-guide-card\"><a class=\"gb-container-link\" href=\"https:\/\/lediamant.ch\/de\/kaufberatung-die-arten-von-ketten\/\"><\/a>\n<figure class=\"gb-block-image gb-block-image-8fc2cc15\"><img loading=\"lazy\" decoding=\"async\" width=\"2500\" height=\"988\" src=\"https:\/\/lediamant.ch\/wp-content\/uploads\/2023\/12\/guide-des-chaines.jpg\" class=\"gb-image-8fc2cc15\" alt=\"\" \/><\/figure>\n\n<div class=\"gb-container gb-container-23c2ddff\">\n<h3 class=\"gb-headline gb-headline-4dbcd5e5 gb-headline-text headline-h5\">Kaufberatung: Die Arten von Ketten<\/h3>\n\n\n<span class=\"gb-button gb-button-b738d5b4 gb-button-text light-button-uc\">Entdecken Sie<\/span>\n\n<\/div>\n<\/div><\/div>\n\n<div class=\"gb-grid-column gb-grid-column-482eca6c gb-query-loop-item post-82973 page type-page status-publish has-post-thumbnail category-leitfaden\"><div class=\"gb-container gb-container-482eca6c home-guide-card\"><a class=\"gb-container-link\" href=\"https:\/\/lediamant.ch\/de\/kalender-der-sternzeichen\/\"><\/a>\n<figure class=\"gb-block-image gb-block-image-8fc2cc15\"><img loading=\"lazy\" decoding=\"async\" width=\"2500\" height=\"1032\" src=\"https:\/\/lediamant.ch\/wp-content\/uploads\/2023\/11\/calendrier-des-signes-du-zodiaque-1.jpg\" class=\"gb-image-8fc2cc15\" alt=\"Guide d&#039;achat du calendrier des signes du Zodiaque\" \/><\/figure>\n\n<div class=\"gb-container gb-container-23c2ddff\">\n<h3 class=\"gb-headline gb-headline-4dbcd5e5 gb-headline-text headline-h5\">Sternzeichenschmuck<\/h3>\n\n\n<span class=\"gb-button gb-button-b738d5b4 gb-button-text light-button-uc\">Entdecken Sie<\/span>\n\n<\/div>\n<\/div><\/div>\n\n<div class=\"gb-grid-column gb-grid-column-482eca6c gb-query-loop-item post-208945 page type-page status-publish has-post-thumbnail category-leitfaden\"><div class=\"gb-container gb-container-482eca6c home-guide-card\"><a class=\"gb-container-link\" href=\"https:\/\/lediamant.ch\/de\/was-ist-die-cosc-chronometerzertifizierung\/\"><\/a>\n<figure class=\"gb-block-image gb-block-image-8fc2cc15\"><img loading=\"lazy\" decoding=\"async\" width=\"2500\" height=\"988\" src=\"https:\/\/lediamant.ch\/wp-content\/uploads\/2023\/12\/certification-cosc.jpg\" class=\"gb-image-8fc2cc15\" alt=\"\" \/><\/figure>\n\n<div class=\"gb-container gb-container-23c2ddff\">\n<h3 class=\"gb-headline gb-headline-4dbcd5e5 gb-headline-text headline-h5\">Was ist die COSC-Chronometerzertifizierung?<\/h3>\n\n\n<span class=\"gb-button gb-button-b738d5b4 gb-button-text light-button-uc\">Entdecken Sie<\/span>\n\n<\/div>\n<\/div><\/div>\n\n<div class=\"gb-grid-column gb-grid-column-482eca6c gb-query-loop-item post-208917 page type-page status-publish has-post-thumbnail category-leitfaden\"><div class=\"gb-container gb-container-482eca6c home-guide-card\"><a class=\"gb-container-link\" href=\"https:\/\/lediamant.ch\/de\/wie-waehlt-man-den-richtigen-verlobungsring\/\"><\/a>\n<figure class=\"gb-block-image gb-block-image-8fc2cc15\"><img loading=\"lazy\" decoding=\"async\" width=\"2048\" height=\"1363\" src=\"https:\/\/lediamant.ch\/wp-content\/uploads\/2023\/11\/Bague-fiancailles-lediamant_ch.jpg\" class=\"gb-image-8fc2cc15\" alt=\"Guide d&#039;achat - Comment bien choisir sa bague de fian\u00e7aille ?\" \/><\/figure>\n\n<div class=\"gb-container gb-container-23c2ddff\">\n<h3 class=\"gb-headline gb-headline-4dbcd5e5 gb-headline-text headline-h5\">Wie w\u00e4hlt man den richtigen Verlobungsring?<\/h3>\n\n\n<span class=\"gb-button gb-button-b738d5b4 gb-button-text light-button-uc\">Entdecken Sie<\/span>\n\n<\/div>\n<\/div><\/div>\n<\/div>\n\n<\/div>\n<\/div>","protected":false},"excerpt":{"rendered":"<p>Entdecken Sie unsere Einkaufsf\u00fchrer Um Ihnen bei der Auswahl der richtigen Uhr oder des richtigen Schmuckst\u00fccks zu helfen,haben wir f\u00fcr Sie unter&nbsp;eine Reihe von Ratgebern zusammengestellt.<\/p>\n","protected":false},"author":1,"featured_media":0,"parent":0,"menu_order":0,"comment_status":"closed","ping_status":"closed","template":"","meta":{"_acf_changed":false,"_seopress_robots_primary_cat":"","_seopress_titles_title":"","_seopress_titles_desc":"","_seopress_robots_index":"yes","footnotes":""},"categories":[],"class_list":["post-212439","page","type-page","status-publish"],"acf":[],"_links":{"self":[{"href":"https:\/\/lediamant.ch\/de\/wp-json\/wp\/v2\/pages\/212439","targetHints":{"allow":["GET"]}}],"collection":[{"href":"https:\/\/lediamant.ch\/de\/wp-json\/wp\/v2\/pages"}],"about":[{"href":"https:\/\/lediamant.ch\/de\/wp-json\/wp\/v2\/types\/page"}],"author":[{"embeddable":true,"href":"https:\/\/lediamant.ch\/de\/wp-json\/wp\/v2\/users\/1"}],"replies":[{"embeddable":true,"href":"https:\/\/lediamant.ch\/de\/wp-json\/wp\/v2\/comments?post=212439"}],"version-history":[{"count":2,"href":"https:\/\/lediamant.ch\/de\/wp-json\/wp\/v2\/pages\/212439\/revisions"}],"predecessor-version":[{"id":212817,"href":"https:\/\/lediamant.ch\/de\/wp-json\/wp\/v2\/pages\/212439\/revisions\/212817"}],"wp:attachment":[{"href":"https:\/\/lediamant.ch\/de\/wp-json\/wp\/v2\/media?parent=212439"}],"wp:term":[{"taxonomy":"category","embeddable":true,"href":"https:\/\/lediamant.ch\/de\/wp-json\/wp\/v2\/categories?post=212439"}],"curies":[{"name":"wp","href":"https:\/\/api.w.org\/{rel}","templated":true}]}}