{"id":81598,"date":"2023-04-28T16:15:03","date_gmt":"2023-04-28T14:15:03","guid":{"rendered":"https:\/\/lediamant.ch\/unser-laden\/"},"modified":"2025-10-01T09:15:57","modified_gmt":"2025-10-01T07:15:57","slug":"notre-boutique","status":"publish","type":"page","link":"https:\/\/lediamant.ch\/de\/unser-laden\/","title":{"rendered":"Unser Laden"},"content":{"rendered":"<h2 class=\"gb-headline gb-headline-f6dca55e gb-headline-text\" id=\"historisch\">Historisch<\/h2><div class=\"gb-container gb-container-b9d1521f text-two-columns\">\n<p class=\"gb-headline gb-headline-ce00c869 gb-headline-text\">1945 wurde die Firma Orwa SA in der ber\u00fchmten Uhrenmetropole La Chaux-de-Fonds gegr\u00fcndet. Spezialisiert auf die Herstellung und den Verkauf von mechanischen Uhren. Er\u00f6ffnung der <strong>Juweliergesch\u00e4ft Le Diamant<\/strong> in der Avenue L\u00e9opold-Robert. Heute, nach 60 Jahren Erfahrung,  <strong>Die Bijouterie Le Diamant<\/strong> ist einer der \u00e4ltesten Einzelh\u00e4ndler in La Chaux-de-Fonds.  <\/p>\n\n<p class=\"gb-headline gb-headline-ab54c07b gb-headline-text\">Das Familienunternehmen ist von seiner besten Seite und dieser Erfolg ist allen zu verdanken, die uns kennen und sch\u00e4tzen. Eine der wenigen historischen und unabh\u00e4ngigen Boutiquen. <strong>Das Juweliergesch\u00e4ft Le Diamant<\/strong> geht mit der Zeit. Mit unserem E-Commerce Shop <a href=\"https:\/\/lediamant.ch\/de\/\">lediamant.ch<\/a> k\u00f6nnen unsere Kunden jederzeit mehr als 10.000 Uhren und Schmuckst\u00fccke ansehen. <strong>Die Bijouterie Le Diamant<\/strong> in der Avenue L\u00e9opold-Robert in La Chaux-de-Fonds ist offizieller Konzession\u00e4r der Uhren- und Schmuckmarken, die auf unserer E-Commerce-Website vertreten sind. <a href=\"https:\/\/lediamant.ch\/de\/\">lediamant.ch<\/a>.  <\/p>\n\n<p class=\"gb-headline gb-headline-e4de2bde gb-headline-text\">Egal, ob Sie nach einem sch\u00f6nen Goldjuwel oder einer trendigen Uhr suchen, unsere gro\u00dfe Auswahl wird jedem Budget und jedem Geschmack gerecht. <\/p>\n\n<p class=\"gb-headline gb-headline-c9a27f52 gb-headline-text\">Bis bald unter <strong>La Bijouterie Le Diamant<\/strong>. <\/p>\n\n\n<p><\/p>\n\n<\/div><h2 class=\"gb-headline gb-headline-8bacaf6e gb-headline-text\" id=\"das-geschaeft\">Das Gesch\u00e4ft<\/h2>\n<figure class=\"gb-block-image gb-block-image-58fcef46\"><img decoding=\"async\" class=\"gb-image gb-image-58fcef46\" src=\"https:\/\/lediamant.ch\/wp-content\/uploads\/2024\/03\/schema-photo-boutique-lediamant-la-chaux-de-fonds-e1709656515446.jpg\" alt=\"Moderner Schmuck le diamant la chaux-de-Fonds\" title=\"schema-photo-boutique-Lediamant-La Chaux-de-Fonds\"><\/figure>\n<div class=\"gb-container gb-container-32a667b9\">\n<div class=\"gb-grid-wrapper gb-grid-wrapper-0ff710b2\">\n<div class=\"gb-grid-column gb-grid-column-69baedc6\"><div class=\"gb-container gb-container-69baedc6\">\n<h3 class=\"gb-headline gb-headline-f35ee2d3 gb-headline-text\" id=\"bijouterie-le-diamant\">BIJOUTERIE LE DIAMANT<\/h3>\n\n\n<p>Avenue L\u00e9opold-Robert 41<br \/>2300 La Chaux de Fonds<br \/>Schweiz<\/p>\n\n<\/div><\/div>\n\n<div class=\"gb-grid-column gb-grid-column-e2c9ec54\"><div class=\"gb-container gb-container-e2c9ec54\">\n<h3 class=\"gb-headline gb-headline-3e9418b7 gb-headline-text\" id=\"kontakt\">Kontakt<\/h3>\n\n\n<p><strong>Tel<\/strong>: <a href=\"tel:+41%2032%20913%2076%2086\">+41(0)32 913 76 86<\/a><br \/> E-mail: <a href=\"mailto:info@lediamant.ch\">info@lediamant.ch<\/a><\/p>\n\n<\/div><\/div>\n\n<div class=\"gb-grid-column gb-grid-column-9c50edb8\"><div class=\"gb-container gb-container-9c50edb8\">\n<h3 class=\"gb-headline gb-headline-3b73cca6 gb-headline-text\" id=\"oeffnungszeiten\">\u00d6ffnungszeiten<\/h3>\n\n\n<figure class=\"wp-block-table transparent-cells opening-hours\"><table><tbody><tr><th class=\"has-text-align-left\" data-align=\"left\">Montag<\/th><td>Geschlossen<\/td><\/tr><tr><th class=\"has-text-align-left\" data-align=\"left\">Dienstag<\/th><td>09h00 - 12h00 \/ 13h30 - 18h30<\/td><\/tr><tr><th class=\"has-text-align-left\" data-align=\"left\">Mittwoch<\/th><td>09h00 - 12h00 \/ 13h30 - 18h30<\/td><\/tr><tr><th class=\"has-text-align-left\" data-align=\"left\">Donnerstag<\/th><td>09h00 - 12h00 \/ 13h30 - 18h30<\/td><\/tr><tr><th class=\"has-text-align-left\" data-align=\"left\">Freitag<\/th><td>09h00 - 12h00 \/ 13h30 - 18h30<\/td><\/tr><tr><th class=\"has-text-align-left\" data-align=\"left\">Samstag<\/th><td>09h00 - 12h30 \/ 13h30 - 16h30<\/td><\/tr><\/tbody><\/table><\/figure>\n\n<\/div><\/div>\n<\/div>\n<\/div>","protected":false},"excerpt":{"rendered":"<p>Historisch 1945 wurde die Firma Orwa SA in der ber\u00fchmten Uhrenmetropole La Chaux-de-Fonds gegr\u00fcndet. Spezialisiert auf die Herstellung und den Verkauf von mechanischen Uhren. Er\u00f6ffnung der&nbsp;Juweliergesch\u00e4ft Le Diamant in der Avenue L\u00e9opold-Robert. Heute, nach 60 Jahren Erfahrung, &nbsp;Die Bijouterie Le Diamant ist einer der \u00e4ltesten Einzelh\u00e4ndler in La Chaux-de-Fonds. Das Familienunternehmen ist von seiner besten &#8230; <a title=\"Unser Laden\" class=\"read-more\" href=\"https:\/\/lediamant.ch\/de\/unser-laden\/\" aria-label=\"Mehr Informationen \u00fcber Unser Laden\">Weiterlesen &#8230;<\/a><\/p>\n","protected":false},"author":1,"featured_media":0,"parent":0,"menu_order":0,"comment_status":"closed","ping_status":"closed","template":"","meta":{"_acf_changed":false,"_seopress_robots_primary_cat":"20715","_seopress_titles_title":"","_seopress_titles_desc":"","_seopress_robots_index":"","footnotes":""},"categories":[20763],"class_list":{"0":"post-81598","1":"page","2":"type-page","3":"status-publish","5":"category-standard-de"},"acf":[],"_links":{"self":[{"href":"https:\/\/lediamant.ch\/de\/wp-json\/wp\/v2\/pages\/81598","targetHints":{"allow":["GET"]}}],"collection":[{"href":"https:\/\/lediamant.ch\/de\/wp-json\/wp\/v2\/pages"}],"about":[{"href":"https:\/\/lediamant.ch\/de\/wp-json\/wp\/v2\/types\/page"}],"author":[{"embeddable":true,"href":"https:\/\/lediamant.ch\/de\/wp-json\/wp\/v2\/users\/1"}],"replies":[{"embeddable":true,"href":"https:\/\/lediamant.ch\/de\/wp-json\/wp\/v2\/comments?post=81598"}],"version-history":[{"count":11,"href":"https:\/\/lediamant.ch\/de\/wp-json\/wp\/v2\/pages\/81598\/revisions"}],"predecessor-version":[{"id":220610,"href":"https:\/\/lediamant.ch\/de\/wp-json\/wp\/v2\/pages\/81598\/revisions\/220610"}],"wp:attachment":[{"href":"https:\/\/lediamant.ch\/de\/wp-json\/wp\/v2\/media?parent=81598"}],"wp:term":[{"taxonomy":"category","embeddable":true,"href":"https:\/\/lediamant.ch\/de\/wp-json\/wp\/v2\/categories?post=81598"}],"curies":[{"name":"wp","href":"https:\/\/api.w.org\/{rel}","templated":true}]}}