{"id":82386,"date":"2023-06-21T14:24:47","date_gmt":"2023-06-21T12:24:47","guid":{"rendered":"https:\/\/lediamant.ch\/jubilaeen-und-werbegeschenke-2\/"},"modified":"2023-06-23T14:59:25","modified_gmt":"2023-06-23T12:59:25","slug":"jubilaeen-und-werbegeschenke","status":"publish","type":"page","link":"https:\/\/lediamant.ch\/de\/jubilaeen-und-werbegeschenke\/","title":{"rendered":"Jubil\u00e4en und Werbegeschenke"},"content":{"rendered":"\n<p>Als professioneller Kunde haben Sie spezielle Anforderungen. <\/p>\n\n<p>Ob es Ihr Gesch\u00e4ftstag ist, Geschenke f\u00fcr Ihre Gesch\u00e4ftspartner oder Belohnungen f\u00fcr Ihre Mitarbeiter, wir sind f\u00fcr Sie da.<\/p>\n\n<h2 id=\"ihre-vorteile-als-profi\" class=\"gb-headline gb-headline-7fea9c1a gb-headline-text\">Ihre vorteile als Profi<\/h2>\n<div class=\"gb-grid-wrapper gb-grid-wrapper-4e11d375\">\n<div class=\"gb-grid-column gb-grid-column-9b3a9f99\"><div class=\"gb-container gb-container-9b3a9f99\">\n\n<h3 id=\"direkten-kontakt\" class=\"gb-headline gb-headline-5dfc15b1\"><span class=\"gb-icon\"><svg xmlns=\"http:\/\/www.w3.org\/2000\/svg\" xmlns:xlink=\"http:\/\/www.w3.org\/1999\/xlink\" width=\"100%\" height=\"100%\" viewbox=\"0 0 134 134\" version=\"1.1\" xml:space=\"preserve\" style=\"fill-rule:evenodd;clip-rule:evenodd;stroke-linejoin:round;stroke-miterlimit:2;\">\n    <g transform=\"matrix(1,0,0,1,0,-385.072)\">\n        <g transform=\"matrix(4.16667,0,0,4.16667,0,385.072)\">\n            <g transform=\"matrix(0.24,0,0,0.24,0,-92.4173)\">\n                <path d=\"M76.869,400.446L91.304,392.269C91.304,392.269 95.72,408.252 95.72,408.253L112.186,406.225L110.154,422.682L126.136,427.107L117.96,441.537L131.036,451.74L117.96,461.943L126.136,476.369L110.154,480.793L112.186,497.255L95.72,495.224L91.305,511.206L76.869,503.034L66.666,516.105L56.462,503.034L42.032,511.206L37.612,495.224L21.15,497.255C21.15,497.255 23.182,480.793 23.182,480.793L7.2,476.369L15.372,461.943L2.296,451.74L15.372,441.536L7.2,427.107L23.182,422.682L21.15,406.225L37.612,408.253L42.032,392.269L56.462,400.445L66.666,387.37L76.869,400.446ZM66.666,394.143L57.536,405.843C57.536,405.843 44.625,398.527 44.625,398.527L40.67,412.827L25.94,411.013L27.758,425.739L13.456,429.698L20.768,442.61L9.069,451.74L20.768,460.87C20.768,460.87 13.457,473.778 13.457,473.778L27.758,477.737C27.758,477.737 25.94,492.466 25.94,492.466L40.67,490.648L44.625,504.949L57.536,497.638C57.536,497.638 66.666,509.333 66.666,509.333L75.796,497.638C75.796,497.638 88.71,504.949 88.71,504.949L92.662,490.648C92.662,490.648 107.396,492.466 107.396,492.466L105.578,477.737C105.578,477.737 119.879,473.778 119.879,473.778L112.563,460.87L124.263,451.74L112.563,442.61L119.879,429.698L105.578,425.739L107.396,411.013L92.661,412.827L88.711,398.527L75.796,405.842L66.666,394.143ZM38.061,453.021L41.007,450.074L55.813,464.88L92.323,428.37L95.269,431.316L55.813,470.773L38.061,453.021Z\"><\/path>\n            <\/g>\n        <\/g>\n    <\/g>\n<\/svg><\/span><span class=\"gb-headline-text\">Direkten Kontakt<\/span><\/h3>\n\n\n\n<p>Unser kompetentes Team k\u00fcmmert sich pers\u00f6nlich um Ihre Anfrage.<\/p>\n\n<\/div><\/div>\n\n<div class=\"gb-grid-column gb-grid-column-ce04884c\"><div class=\"gb-container gb-container-ce04884c\">\n\n<h3 id=\"sonderangebot\" class=\"gb-headline gb-headline-e853f380\"><span class=\"gb-icon\"><svg xmlns=\"http:\/\/www.w3.org\/2000\/svg\" xmlns:xlink=\"http:\/\/www.w3.org\/1999\/xlink\" width=\"100%\" height=\"100%\" viewbox=\"0 0 134 134\" version=\"1.1\" xml:space=\"preserve\" style=\"fill-rule:evenodd;clip-rule:evenodd;stroke-linejoin:round;stroke-miterlimit:2;\">\n    <g transform=\"matrix(1,0,0,1,0,-535.072)\">\n        <g transform=\"matrix(4.16667,0,0,4.16667,0,535.072)\">\n            <g transform=\"matrix(0.24,0,0,0.24,0,-128.417)\">\n                <path d=\"M66.668,545.616C97.643,545.616 122.791,570.763 122.791,601.737C122.791,632.71 97.643,657.857 66.668,657.857C35.693,657.857 10.545,632.71 10.545,601.737C10.545,570.763 35.693,545.616 66.668,545.616ZM66.668,549.782C37.993,549.782 14.712,573.062 14.712,601.737C14.712,630.411 37.993,653.691 66.668,653.691C95.343,653.691 118.624,630.411 118.624,601.737C118.624,573.062 95.343,549.782 66.668,549.782ZM45.479,625.873L42.532,622.927L89.599,575.86L92.545,578.806L45.479,625.873ZM55.338,602.077C47.904,602.077 41.921,596.094 41.921,588.665C41.921,581.236 47.904,575.252 55.338,575.252C62.767,575.252 68.75,581.236 68.75,588.665C68.75,596.094 62.767,602.077 55.338,602.077ZM55.338,597.911C60.459,597.911 64.584,593.786 64.584,588.665C64.584,583.544 60.459,579.419 55.338,579.419C50.213,579.419 46.088,583.544 46.088,588.665C46.088,593.786 50.213,597.911 55.338,597.911ZM79.74,626.483C72.311,626.483 66.327,620.5 66.327,613.067C66.327,605.637 72.31,599.658 79.74,599.658C87.169,599.658 93.156,605.638 93.156,613.067C93.156,620.5 87.168,626.483 79.74,626.483ZM79.74,622.317C84.861,622.317 88.99,618.191 88.99,613.067C88.99,607.945 84.861,603.825 79.74,603.825C74.619,603.825 70.494,607.946 70.494,613.067C70.494,618.191 74.618,622.317 79.74,622.317Z\"><\/path>\n            <\/g>\n        <\/g>\n    <\/g>\n<\/svg><\/span><span class=\"gb-headline-text\">Sonderangebot<\/span><\/h3>\n\n\n\n<p>F\u00fcr Gro\u00dfauftr\u00e4ge bieten wir auf Anfrage Sonderkonditionen an und beraten Sie zu einem optimalen Produkt.<\/p>\n\n<\/div><\/div>\n\n<div class=\"gb-grid-column gb-grid-column-31794304\"><div class=\"gb-container gb-container-31794304\">\n\n<h3 id=\"ihr-logo-auf-anfrage\" class=\"gb-headline gb-headline-2b80f84c\"><span class=\"gb-icon\"><svg xmlns=\"http:\/\/www.w3.org\/2000\/svg\" xmlns:xlink=\"http:\/\/www.w3.org\/1999\/xlink\" width=\"100%\" height=\"100%\" viewbox=\"0 0 134 134\" version=\"1.1\" xml:space=\"preserve\" style=\"fill-rule:evenodd;clip-rule:evenodd;stroke-linejoin:round;stroke-miterlimit:2;\">\n    <g transform=\"matrix(1,0,0,1,-450,-535.072)\">\n        <g transform=\"matrix(4.16667,0,0,4.16667,450,535.072)\">\n            <g transform=\"matrix(0.24,0,0,0.24,-108,-128.417)\">\n                <path d=\"M472.143,625.878L476.574,650.648L472.472,651.382L458.555,573.579L521.729,619.598L519.275,622.966C519.275,622.966 510.083,616.27 499.228,608.363L472.143,625.878ZM495.62,605.734C480.796,594.935 464.482,583.052 464.482,583.052L471.347,621.43L495.62,605.734ZM540.758,567.105C534.587,563.632 527.466,561.65 519.885,561.65C508.118,561.65 497.464,566.421 489.758,574.127L486.811,571.181C495.272,562.721 506.968,557.483 519.885,557.483C528.364,557.483 536.319,559.742 543.18,563.689L551.997,551.255L555.396,553.665C555.396,553.665 551.232,559.537 545.851,567.126L566.846,568.708L570.114,564.101L573.513,566.511L561.665,583.219C564.854,589.543 566.651,596.684 566.651,604.253C566.651,630.083 545.714,651.019 519.884,651.019C512.304,651.019 505.143,649.217 498.811,646.016L500.691,642.298C506.458,645.213 512.981,646.853 519.884,646.853C543.413,646.853 562.484,627.781 562.484,604.253C562.484,598.155 561.205,592.362 558.899,587.119L539.06,615.097L522.471,615.674L517.545,599.84L540.758,567.105ZM564.034,572.675L543.038,571.093C540.483,574.696 537.783,578.503 535.204,582.141L556.2,583.723L564.034,572.675ZM532.391,586.107C529.229,590.566 526.43,594.513 524.559,597.152L545.555,598.734L553.387,587.689L532.391,586.107ZM522.329,601.162L525.541,611.361L536.858,610.998L542.743,602.7L522.329,601.162Z\"><\/path>\n            <\/g>\n        <\/g>\n    <\/g>\n<\/svg><\/span><span class=\"gb-headline-text\">Ihr Logo auf anfrage<\/span><\/h3>\n\n\n\n<p>M\u00f6chten Sie Uhren personalisieren, indem Sie Ihr eigenes Logo darauf platzieren ? Kein Problem, wir beraten Sie gerne !<\/p>\n\n<\/div><\/div>\n\n<div class=\"gb-grid-column gb-grid-column-c5200a64\"><div class=\"gb-container gb-container-c5200a64\">\n\n<h3 id=\"wir-finden-das-gewuenschte-geschenk\" class=\"gb-headline gb-headline-a1745ff8\"><span class=\"gb-icon\"><svg xmlns=\"http:\/\/www.w3.org\/2000\/svg\" xmlns:xlink=\"http:\/\/www.w3.org\/1999\/xlink\" width=\"100%\" height=\"100%\" viewbox=\"0 0 134 134\" version=\"1.1\" xml:space=\"preserve\" style=\"fill-rule:evenodd;clip-rule:evenodd;stroke-linejoin:round;stroke-miterlimit:2;\">\n    <g transform=\"matrix(1,0,0,1,-300,-535.072)\">\n        <g transform=\"matrix(4.16667,0,0,4.16667,300,535.072)\">\n            <g transform=\"matrix(0.24,0,0,0.24,-72,-128.417)\">\n                <path d=\"M323.889,602.768L317.933,602.768L317.933,576.393L331.89,576.393C327.59,573.561 323.782,568.853 323.782,561.059C323.782,552.663 331.175,548.784 340.376,549.677C350.505,550.66 362.621,557.497 366.957,569.197C371.292,557.497 383.407,550.66 393.535,549.677C402.735,548.784 410.127,552.663 410.127,561.059C410.127,568.853 406.321,573.561 402.022,576.393L415.396,576.393L415.396,602.768L409.447,602.768L409.447,653.924L323.889,653.924L323.889,602.768ZM343.644,580.559L322.1,580.559C322.1,580.559 322.1,598.601 322.1,598.601L364.583,598.601L364.583,580.589L343.955,580.589L343.878,580.583C343.878,580.583 343.796,580.576 343.644,580.559ZM364.583,602.768L328.056,602.768L328.056,649.757C328.056,649.757 345.996,649.757 364.583,649.757L364.583,602.768ZM364.338,576.393C363.117,562.732 350.283,554.825 339.973,553.824C333.557,553.201 327.949,555.204 327.949,561.059C327.949,574.056 341.384,576.125 343.819,576.393L364.338,576.393ZM390.096,576.393C392.511,576.127 405.961,574.064 405.961,561.059C405.961,555.204 400.354,553.201 393.938,553.824C383.63,554.825 370.796,562.732 369.576,576.393L390.096,576.393ZM405.281,602.768L368.749,602.768L368.749,649.757C387.337,649.757 405.281,649.757 405.281,649.757L405.281,602.768ZM368.749,598.601L411.229,598.601C411.229,598.601 411.229,580.559 411.229,580.559L390.27,580.559C390.117,580.576 390.036,580.583 390.036,580.583L389.959,580.589L368.749,580.589L368.749,598.601Z\"><\/path>\n            <\/g>\n        <\/g>\n    <\/g>\n<\/svg><\/span><span class=\"gb-headline-text\">Wir finden das gew\u00fcnschte Geschenk<\/span><\/h3>\n\n\n\n<p>Unser Sortiment umfasst eine gro\u00dfe Auswahl. Wenn Sie etwas suchen, das wir nicht anbieten, werden wir es f\u00fcr Sie besorgen.<\/p>\n\n<\/div><\/div>\n\n<div class=\"gb-grid-column gb-grid-column-79760574\"><div class=\"gb-container gb-container-79760574\">\n\n<h3 id=\"gratisversand\" class=\"gb-headline gb-headline-e8f57fc0\"><span class=\"gb-icon\"><svg xmlns=\"http:\/\/www.w3.org\/2000\/svg\" xmlns:xlink=\"http:\/\/www.w3.org\/1999\/xlink\" width=\"100%\" height=\"100%\" viewbox=\"0 0 134 134\" version=\"1.1\" xml:space=\"preserve\" style=\"fill-rule:evenodd;clip-rule:evenodd;stroke-linejoin:round;stroke-miterlimit:2;\">\n    <g transform=\"matrix(1,0,0,1,-300,-385.072)\">\n        <g transform=\"matrix(4.16667,0,0,4.16667,300,385.072)\">\n            <g transform=\"matrix(0.24,0,0,0.24,-72,-92.4173)\">\n                <path d=\"M309.758,426.038L309.829,423.789L317.092,396.542L416.239,396.542L423.576,424.053L423.575,426.039L423.575,506.934L309.758,506.934L309.758,426.038ZM364.583,400.709L320.293,400.709L314.551,422.253L364.583,422.253L364.583,400.709ZM418.783,422.253C417.178,416.233 413.038,400.709 413.038,400.709L368.75,400.709L368.75,422.253L418.783,422.253ZM313.925,426.419L313.925,502.768L419.408,502.768L419.408,426.419L313.925,426.419ZM376.404,455.094L396.344,458.166L381.581,473.434L385.171,495.463C385.171,495.463 366.669,485.187 366.669,485.187L348.163,495.462L351.753,473.434L336.964,458.14C336.964,458.14 357.809,455.085 357.809,455.085L367.107,434.95L376.404,455.094ZM367.106,444.891L360.645,458.881L345.607,461.084L356.201,472.04C356.201,472.04 353.658,487.645 353.658,487.645L366.669,480.421C366.669,480.421 379.675,487.644 379.675,487.644L377.132,472.04C377.132,472.04 387.752,461.058 387.752,461.058L373.558,458.872L367.106,444.891Z\"><\/path>\n            <\/g>\n        <\/g>\n    <\/g>\n<\/svg><\/span><span class=\"gb-headline-text\">Gratisversand<\/span><\/h3>\n\n\n\n<p>Wir versenden Ihre Waren schnell, kostenlos und zuverl\u00e4ssig in die ganze Schweiz und nach Liechtenstein.<\/p>\n\n<\/div><\/div>\n<\/div>\n<h2 id=\"kontaktiere-uns\" class=\"gb-headline gb-headline-a1a19074 gb-headline-text\">Kontaktiere uns<\/h2>\n\n<p>Gerne erstellen wir f\u00fcr Sie ein ma\u00dfgeschneidertes Angebot. Profitieren Sie von pers\u00f6nlichem Service. Wir werden uns gerne pers\u00f6nlich mit Ihnen in Verbindung setzen und Sie entsprechend Ihren Bed\u00fcrfnissen beraten.<\/p>\n\n<p>Bijouterie Le Diamant, Avenue L\u00e9opold-Robert 41 \u00e0 La Chaux-de-Fonds<\/p>\n\n<p>F\u00fcllen Sie unser Kontaktformular aus oder kontaktieren Sie uns telefonisch unter <a href=\"tel:0041329137686\">+41 (0)32 913 76 86<\/a><\/p>\n\n<a class=\"gb-button gb-button-58e3e39f gb-button-text gb-button-primary\" href=\"https:\/\/lediamant.ch\/de\/kontaktiere-uns\/\">Kontaktiere uns<\/a>\n","protected":false},"excerpt":{"rendered":"<p>Als professioneller Kunde haben Sie spezielle Anforderungen. Ob es Ihr Gesch\u00e4ftstag ist, Geschenke f\u00fcr Ihre Gesch\u00e4ftspartner oder Belohnungen f\u00fcr Ihre Mitarbeiter, wir sind f\u00fcr Sie da. Ihre vorteile als Profi Kontaktiere uns Gerne erstellen wir f\u00fcr Sie ein ma\u00dfgeschneidertes Angebot. Profitieren Sie von pers\u00f6nlichem Service. Wir werden uns gerne pers\u00f6nlich mit Ihnen in Verbindung setzen &#8230; <a title=\"Jubil\u00e4en und Werbegeschenke\" class=\"read-more\" href=\"https:\/\/lediamant.ch\/de\/jubilaeen-und-werbegeschenke\/\" aria-label=\"Mehr Informationen \u00fcber Jubil\u00e4en und Werbegeschenke\">Weiterlesen &#8230;<\/a><\/p>\n","protected":false},"author":1,"featured_media":0,"parent":0,"menu_order":0,"comment_status":"closed","ping_status":"closed","template":"","meta":{"_acf_changed":false,"_seopress_robots_primary_cat":"","_seopress_titles_title":"","_seopress_titles_desc":"","_seopress_robots_index":"","footnotes":""},"categories":[20763],"class_list":{"0":"post-82386","1":"page","2":"type-page","3":"status-publish","5":"category-standard-de"},"acf":[],"_links":{"self":[{"href":"https:\/\/lediamant.ch\/de\/wp-json\/wp\/v2\/pages\/82386","targetHints":{"allow":["GET"]}}],"collection":[{"href":"https:\/\/lediamant.ch\/de\/wp-json\/wp\/v2\/pages"}],"about":[{"href":"https:\/\/lediamant.ch\/de\/wp-json\/wp\/v2\/types\/page"}],"author":[{"embeddable":true,"href":"https:\/\/lediamant.ch\/de\/wp-json\/wp\/v2\/users\/1"}],"replies":[{"embeddable":true,"href":"https:\/\/lediamant.ch\/de\/wp-json\/wp\/v2\/comments?post=82386"}],"version-history":[{"count":1,"href":"https:\/\/lediamant.ch\/de\/wp-json\/wp\/v2\/pages\/82386\/revisions"}],"predecessor-version":[{"id":82387,"href":"https:\/\/lediamant.ch\/de\/wp-json\/wp\/v2\/pages\/82386\/revisions\/82387"}],"wp:attachment":[{"href":"https:\/\/lediamant.ch\/de\/wp-json\/wp\/v2\/media?parent=82386"}],"wp:term":[{"taxonomy":"category","embeddable":true,"href":"https:\/\/lediamant.ch\/de\/wp-json\/wp\/v2\/categories?post=82386"}],"curies":[{"name":"wp","href":"https:\/\/api.w.org\/{rel}","templated":true}]}}