{"id":82392,"date":"2023-06-21T14:30:12","date_gmt":"2023-06-21T12:30:12","guid":{"rendered":"https:\/\/lediamant.ch\/zahlungsmoeglichkeiten-2\/"},"modified":"2026-02-04T15:10:36","modified_gmt":"2026-02-04T14:10:36","slug":"zahlung","status":"publish","type":"page","link":"https:\/\/lediamant.ch\/de\/zahlungsmoeglichkeiten\/","title":{"rendered":"ZAHLUNGOPTIONEN"},"content":{"rendered":"<h2 class=\"wp-block-heading has-button-1-hover-color has-text-color has-link-color wp-elements-313fdb9516c5d5b4f814c523466e2630\" id=\"\"><img loading=\"lazy\" decoding=\"async\" width=\"148\" height=\"84\" class=\"wp-image-74366\" style=\"width: 148px;\" src=\"https:\/\/lediamant.ch\/wp-content\/uploads\/2023\/03\/icon-pmt-visa.jpg\" alt=\"Possibilit\u00e9 de payer avec carte de cr\u00e9dit Visa sur la boutique Le Diamant\" srcset=\"https:\/\/lediamant.ch\/wp-content\/uploads\/2023\/03\/icon-pmt-visa.jpg 148w, https:\/\/lediamant.ch\/wp-content\/uploads\/2023\/03\/icon-pmt-visa-64x36.jpg 64w\" sizes=\"auto, (max-width: 148px) 100vw, 148px\" \/> <img loading=\"lazy\" decoding=\"async\" width=\"148\" height=\"84\" class=\"wp-image-74368\" style=\"width: 148px;\" src=\"https:\/\/lediamant.ch\/wp-content\/uploads\/2023\/02\/icon-pmt-mastercard.jpg\" alt=\"Possibilit\u00e9 de payer avec carte de cr\u00e9dit MasterCard sur la boutique Le Diamant\" srcset=\"https:\/\/lediamant.ch\/wp-content\/uploads\/2023\/02\/icon-pmt-mastercard.jpg 148w, https:\/\/lediamant.ch\/wp-content\/uploads\/2023\/02\/icon-pmt-mastercard-64x36.jpg 64w\" sizes=\"auto, (max-width: 148px) 100vw, 148px\" \/><\/h2><h2 class=\"wp-block-heading has-button-1-color has-text-color has-link-color wp-elements-89ef77b5d62dbd8d569f9e29663c5b4f\" id=\"visa-mastercard\">VISA, MASTERCARD<\/h2>\n<p>Sie k\u00f6nnen sicher mit VISA, MASTARCARD \u00fcber unseren WORLDLINE-Partner Saferpay bezahlen. Im Falle eines Kredits k\u00f6nnen wir Ihnen denselben Betrag problemlos ebenfalls zur\u00fcckzahlen.<\/p>\n\n<p><img loading=\"lazy\" decoding=\"async\" width=\"148\" height=\"83\" class=\"wp-image-182370\" style=\"width: 148px;\" src=\"https:\/\/lediamant.ch\/wp-content\/uploads\/2023\/07\/Twint.60-1-1.jpg\" alt=\"\"\/><\/p>\n<h2 class=\"wp-block-heading has-button-1-color has-text-color has-link-color wp-elements-7d75e5d0f790e4536c8fdaad7aa6fe70\" id=\"twint\">TWINT<\/h2>\n<p>Sie k\u00f6nnen sicher mit TWINT \u00fcber unseren WORLDLINE-Partner Saferpay bezahlen. Im Falle eines Kredits k\u00f6nnen wir Ihnen denselben Betrag problemlos ebenfalls zur\u00fcckzahlen.<\/p>\n\n<p><img loading=\"lazy\" decoding=\"async\" width=\"148\" height=\"84\" class=\"wp-image-182377\" style=\"width: 148px;\" src=\"https:\/\/lediamant.ch\/wp-content\/uploads\/2023\/07\/postfinance_efinance.jpg\" alt=\"\"\/>   <img loading=\"lazy\" decoding=\"async\" width=\"148\" height=\"84\" class=\"wp-image-175567\" style=\"width: 148px;\" src=\"https:\/\/lediamant.ch\/wp-content\/uploads\/2023\/02\/icon-pmt-postfinance.jpg\" alt=\"\" srcset=\"https:\/\/lediamant.ch\/wp-content\/uploads\/2023\/02\/icon-pmt-postfinance.jpg 148w, https:\/\/lediamant.ch\/wp-content\/uploads\/2023\/02\/icon-pmt-postfinance-64x36.jpg 64w\" sizes=\"auto, (max-width: 148px) 100vw, 148px\" \/><\/p>\n<h2 class=\"wp-block-heading has-button-1-color has-text-color has-link-color wp-elements-a30e4c544534c132524501f2618fa553\" id=\"postfinance\">POSTFINANCE<\/h2><div class=\"gb-container gb-container-44f27075\">\n\n<p>Sie k\u00f6nnen sicher mit POSTCARD, POSTFINANCE \u00fcber unseren WORLDLINE-Partner Saferpay bezahlen. Im Falle eines Kredits k\u00f6nnen wir Ihnen denselben Betrag problemlos ebenfalls zur\u00fcckzahlen.<\/p>\n\n<\/div><h2 class=\"wp-block-heading has-button-1-hover-color has-text-color has-link-color wp-elements-e319f4aa18fdc7babcd8d2bde45763ed\" id=\"\"><img loading=\"lazy\" decoding=\"async\" width=\"148\" height=\"84\" class=\"wp-image-225364\" style=\"width: 148px;\" src=\"https:\/\/lediamant.ch\/wp-content\/uploads\/2023\/02\/icon-pmt-klarna.jpg\" alt=\"\" srcset=\"https:\/\/lediamant.ch\/wp-content\/uploads\/2023\/02\/icon-pmt-klarna.jpg 148w, https:\/\/lediamant.ch\/wp-content\/uploads\/2023\/02\/icon-pmt-klarna-64x36.jpg 64w\" sizes=\"auto, (max-width: 148px) 100vw, 148px\" \/><\/h2><h2 class=\"wp-block-heading has-button-1-color has-text-color has-link-color wp-elements-e055baae1ee2004992e2894b3e59186e\" id=\"klarna-auf-rechnung-oder-direktzahlung\">Klarna (auf Rechnung oder Direktzahlung)<\/h2><div class=\"gb-container gb-container-7ada7e26\">\n\n<p>In Zusammenarbeit mit Klarna Bank AB , Sveav\u00e4gen 46, 111 34 Stockholm, Schweden, bieten wir die folgenden Zahlungsoptionen an:  <\/p>\n\n\n\n<p>ZAHLUNG AUF RECHNUNG: Zahlungsfrist 30 Tage ab dem Datum des Versands der Ware.<\/p>\n\n\n\n<p>Die Bedingungen f\u00fcr die Zahlung auf Rechnung finden Sie <a href=\"https:\/\/cdn.klarna.com\/1.0\/shared\/content\/legal\/terms\/0\/fr_ch\/invoice\"><strong>hier<\/strong><\/a>. Die Zahlung erfolgt an Klarna<\/p>\n\n\n\n<p>DIREKTE BEZAHLUNG: Ihr Konto wird sofort nach Abschluss der Bestellung belastet. Die Zahlung erfolgt an Klarna. <\/p>\n\n\n\n<p>Die Zahlung auf Rechnung erfordert eine positive Kreditpr\u00fcfung. Detaillierte Informationen und die Bedingungen von Klarna finden Sie <a href=\"https:\/\/cdn.klarna.com\/1.0\/shared\/content\/legal\/terms\/0\/fr_ch\/invoice\">hier<\/a>. Allgemeine Informationen zu den Dienstleistungen von Klarna finden Sie <a href=\"https:\/\/www.klarna.com\/fr-ch\/\">hier<\/a>. Klarna wird Ihre pers\u00f6nlichen Daten in \u00dcbereinstimmung mit den geltenden Datenschutzbestimmungen und den Informationen in <a href=\"https:\/\/cdn.klarna.com\/1.0\/shared\/content\/legal\/terms\/0\/fr_ch\/privacy_bp\">den<\/a>Datenschutzbestimmungen<a href=\"https:\/\/cdn.klarna.com\/1.0\/shared\/content\/legal\/terms\/0\/fr_ch\/privacy_bp\"> von Klarna<\/a> verarbeiten. Bitte beachten Sie, dass Klarna Ihnen im Falle einer Teillieferung die Kosten erst dann in Rechnung stellt, wenn wir den ersten Teil Ihrer Bestellung versendet haben.    <\/p>\n\n<\/div>\n<p>Weitere Informationen finden Sie hier: <a href=\"https:\/\/www.beliani.ch\/content\/klarna-ch-fr\">Klarna<\/a>.<\/p>\n<div class=\"gb-container gb-container-bebd6719\">\n<h2 class=\"wp-block-heading has-button-1-hover-color has-text-color has-link-color wp-elements-c47da1097b3390b94167297788d6bd81\" id=\"\"><img loading=\"lazy\" decoding=\"async\" width=\"150\" height=\"98\" class=\"wp-image-225367\" style=\"width: 150px;\" src=\"https:\/\/lediamant.ch\/wp-content\/uploads\/2026\/02\/heylight_payment_badge_red_220.png\" alt=\"\" srcset=\"https:\/\/lediamant.ch\/wp-content\/uploads\/2026\/02\/heylight_payment_badge_red_220.png 220w, https:\/\/lediamant.ch\/wp-content\/uploads\/2026\/02\/heylight_payment_badge_red_220-64x42.png 64w\" sizes=\"auto, (max-width: 150px) 100vw, 150px\" \/><\/h2>\n\n<h2 class=\"wp-block-heading has-button-1-color has-text-color has-link-color wp-elements-9c9610aa6550052c768b23c4c8ca5eb1\" id=\"heylight-monatliche-zahlungen-per-kreditkarte-0-ohne-gebuehren-und-zinsen\">HeyLight Monatliche Zahlungen per Kreditkarte 0% (ohne Geb\u00fchren und Zinsen)<\/h2>\n\n\n<p>Das Juweliergesch\u00e4ft Le Diamant bietet Ihnen eine flexible Zahlungsl\u00f6sung, bei der Sie in <strong>3, 6 oder 12 Monatsraten (0%<\/strong> Zinsen) zahlen k\u00f6nnen, wobei die erste Rate zum Zeitpunkt des Kaufs abgebucht wird. Dieser Dienst wird von unserem Partner HeyLight bereitgestellt. Er ist f\u00fcr Schweizer B\u00fcrger zug\u00e4nglich oder Sie m\u00fcssen seit mindestens einem Jahr eine Aufenthaltsgenehmigung (B oder C) besitzen, in der Schweiz wohnen, \u00fcber 18 Jahre alt und frei von Schuldeneintreibung sein. Sie ben\u00f6tigen lediglich eine Visa- oder Mastercard-Kreditkarte und einen g\u00fcltigen Ausweis, um einen einfachen und schnellen Zahlungsvorgang durchzuf\u00fchren. Nach Abschluss k\u00f6nnen Sie Ihren Einkauf in unserem Shop abholen oder wir arrangieren gerne eine Lieferung zu Ihnen nach Hause. Das Bezahlen mit HeyLight ist einfach und dauert weniger als eine Minute. Sie brauchen nur Ihr Mobiltelefon und eine Kreditkarte und schon k\u00f6nnen Sie loslegen. Sie m\u00fcssen keine App herunterladen, Ihr Zahlungsplan wird sofort genehmigt. Die Anzahlung wird zum Zeitpunkt des Kaufs direkt von der Kredit- oder Debitkarte des Kunden abgebucht.<\/p>\n\n\n\n<p>Bei Fragen zu Ihrer Finanzierung wenden Sie sich bitte an den HeyLight-Support unter der folgenden E-Mail-Adresse: support-ch@heylight.com<\/p>\n\n<\/div><h2 class=\"wp-block-heading has-button-1-hover-color has-text-color has-link-color wp-elements-f71da48e8ab7f27ef1365f4923b85d10\" id=\"\"><img loading=\"lazy\" decoding=\"async\" width=\"150\" height=\"60\" class=\"wp-image-225368\" style=\"width: 150px;\" src=\"https:\/\/lediamant.ch\/wp-content\/uploads\/2026\/02\/wire_transfer_chf_big.png\" alt=\"\" srcset=\"https:\/\/lediamant.ch\/wp-content\/uploads\/2026\/02\/wire_transfer_chf_big.png 811w, https:\/\/lediamant.ch\/wp-content\/uploads\/2026\/02\/wire_transfer_chf_big-300x120.png 300w, https:\/\/lediamant.ch\/wp-content\/uploads\/2026\/02\/wire_transfer_chf_big-768x308.png 768w, https:\/\/lediamant.ch\/wp-content\/uploads\/2026\/02\/wire_transfer_chf_big-600x240.png 600w, https:\/\/lediamant.ch\/wp-content\/uploads\/2026\/02\/wire_transfer_chf_big-400x160.png 400w, https:\/\/lediamant.ch\/wp-content\/uploads\/2026\/02\/wire_transfer_chf_big-64x26.png 64w\" sizes=\"auto, (max-width: 150px) 100vw, 150px\" \/><\/h2><h2 class=\"wp-block-heading has-button-1-color has-text-color has-link-color wp-elements-d519954e08d87a45f51ca98870f3ac63\" id=\"vorauszahlung-per-bankueberweisung\">VORAUSZAHLUNG PER BANK\u00dcBERWEISUNG<\/h2>\n<p>Sie bezahlen per Bank\u00fcberweisung. Die Bankdaten werden nach der Abgabe der Bestellung angezeigt und an Ihre E-Mail-Adresse gesendet. Sobald die Zahlung eingegangen ist, erhalten Sie eine Best\u00e4tigungs-E-Mail.  <\/p>\n\n<p>Diese Zahlungsmethode ist kostenlos.<\/p>\n","protected":false},"excerpt":{"rendered":"<p>VISA, MASTERCARD Sie k\u00f6nnen sicher mit VISA, MASTARCARD \u00fcber unseren WORLDLINE-Partner Saferpay bezahlen. Im Falle eines Kredits k\u00f6nnen wir Ihnen denselben Betrag problemlos ebenfalls zur\u00fcckzahlen. TWINT Sie k\u00f6nnen sicher mit TWINT \u00fcber unseren WORLDLINE-Partner Saferpay bezahlen. Im Falle eines Kredits k\u00f6nnen wir Ihnen denselben Betrag problemlos ebenfalls zur\u00fcckzahlen. POSTFINANCE Sie k\u00f6nnen sicher mit POSTCARD, POSTFINANCE &#8230; <a title=\"ZAHLUNGOPTIONEN\" class=\"read-more\" href=\"https:\/\/lediamant.ch\/de\/zahlungsmoeglichkeiten\/\" aria-label=\"Mehr Informationen \u00fcber ZAHLUNGOPTIONEN\">Weiterlesen &#8230;<\/a><\/p>\n","protected":false},"author":1,"featured_media":0,"parent":0,"menu_order":0,"comment_status":"closed","ping_status":"closed","template":"","meta":{"_acf_changed":false,"_seopress_robots_primary_cat":"20715","_seopress_titles_title":"","_seopress_titles_desc":"","_seopress_robots_index":"","footnotes":""},"categories":[20763],"class_list":{"0":"post-82392","1":"page","2":"type-page","3":"status-publish","5":"category-standard-de"},"acf":[],"_links":{"self":[{"href":"https:\/\/lediamant.ch\/de\/wp-json\/wp\/v2\/pages\/82392","targetHints":{"allow":["GET"]}}],"collection":[{"href":"https:\/\/lediamant.ch\/de\/wp-json\/wp\/v2\/pages"}],"about":[{"href":"https:\/\/lediamant.ch\/de\/wp-json\/wp\/v2\/types\/page"}],"author":[{"embeddable":true,"href":"https:\/\/lediamant.ch\/de\/wp-json\/wp\/v2\/users\/1"}],"replies":[{"embeddable":true,"href":"https:\/\/lediamant.ch\/de\/wp-json\/wp\/v2\/comments?post=82392"}],"version-history":[{"count":16,"href":"https:\/\/lediamant.ch\/de\/wp-json\/wp\/v2\/pages\/82392\/revisions"}],"predecessor-version":[{"id":225373,"href":"https:\/\/lediamant.ch\/de\/wp-json\/wp\/v2\/pages\/82392\/revisions\/225373"}],"wp:attachment":[{"href":"https:\/\/lediamant.ch\/de\/wp-json\/wp\/v2\/media?parent=82392"}],"wp:term":[{"taxonomy":"category","embeddable":true,"href":"https:\/\/lediamant.ch\/de\/wp-json\/wp\/v2\/categories?post=82392"}],"curies":[{"name":"wp","href":"https:\/\/api.w.org\/{rel}","templated":true}]}}