{"id":82399,"date":"2023-06-21T14:33:20","date_gmt":"2023-06-21T12:33:20","guid":{"rendered":"https:\/\/lediamant.ch\/allgemeine-geschaeftsbedingungen-agb-2\/"},"modified":"2026-01-28T14:06:46","modified_gmt":"2026-01-28T13:06:46","slug":"allgemeine-verkaufsbedingungen-cgv","status":"publish","type":"page","link":"https:\/\/lediamant.ch\/de\/allgemeine-geschaeftsbedingungen-agb\/","title":{"rendered":"Allgemeine Gesch\u00e4ftsbedingungen (AGB)"},"content":{"rendered":"<h2 class=\"gb-headline gb-headline-92cc6d4a gb-headline-text\" id=\"1-anwendungsbereich\">1. ANWENDUNGSBEREICH<\/h2>\n<p>F\u00fcr die Gesch\u00e4ftsbeziehungen zwischen Orwa SA, Uhren-Bijouterie Le Diamant, Av. L\u00e9opold-Robert 41, CH-2300 La Chaux-de-Fonds, Schweiz, (nachfolgend Bijouterie Le diamant.ch genannt) und dem Kunden f\u00fcr Gesch\u00e4fte im Online-Shop (<a href=\"https:\/\/lediamant.ch\/de\/\">https:\/\/lediamant.ch)<\/a> gelten die folgenden Allgemeinen Gesch\u00e4ftsbedingungen in ihrer zum Zeitpunkt der Bestellung g\u00fcltigen Fassung (nachfolgend &#8222;AGB&#8220; genannt). Davon abweichende Vereinbarungen bed\u00fcrfen zu ihrer Wirksamkeit der Schriftform. \u00dcber Links im Online-Shop kann der Kunde die AGB bei der Bestellung aufrufen, einsehen oder auf seinem Computer speichern. Es ist die Pflicht des Kunden und wird vom Verk\u00e4ufer empfohlen, die AGB auszudrucken. Diese AGB gelten nicht f\u00fcr Eink\u00e4ufe, die in dem in La Chaux-de-Fonds gelegenen Stra\u00dfengesch\u00e4ft get\u00e4tigt werden.<\/p>\n<h2 class=\"gb-headline gb-headline-3170755d gb-headline-text\" id=\"2-gesetzliche-garantie\">2. GESETZLICHE GARANTIE<\/h2>\n<p>LE DIAMANT ist offizieller Konzession\u00e4r der Marken, die in unserem Online-Shop erh\u00e4ltlich sind. Wir arbeiten aktiv mit jeder Marke zusammen, die in unserem Uhren- und Schmucksortiment vertreten ist, um Ihnen den umfassenden Service zu bieten, den Sie von Juwelier-Uhrmachern gewohnt sind. Alle unsere Schmuckst\u00fccke und Uhren erf\u00fcllen die h\u00f6chsten Qualit\u00e4tsstandards und werden strengsten Kontrollen unterzogen. Sie erhalten eine internationale Herstellergarantie von 2 Jahren auf Uhren. Diese Garantie gilt ein Jahr lang f\u00fcr Schmuck. La Bijouterie Le Diamant.ch ist nicht verpflichtet, die Garantie zu \u00fcbernehmen, wenn der Kunde oder Dritte ohne vorherige Zustimmung des Verk\u00e4ufers die Betriebs- oder Wartungsanweisungen f\u00fcr die Waren nicht befolgen, \u00c4nderungen vornehmen, Teile auswechseln oder Verbrauchsmaterialien verwenden, die nicht den Originalspezifikationen entsprechen. Dasselbe gilt f\u00fcr Sch\u00e4den, die durch nat\u00fcrlichen Gebrauch, unsachgem\u00e4\u00dfe Lagerung oder Handhabung, Eingriffe von au\u00dfen und das \u00d6ffnen der Waren entstehen. Eine Gew\u00e4hrleistung f\u00fcr normale Abnutzung, f\u00fcr Verbrauchsmaterialien, f\u00fcr Zubeh\u00f6r und f\u00fcr Batterien\/Akkus ist ausgeschlossen.<\/p>\n<h2 class=\"gb-headline gb-headline-5c709bcc gb-headline-text\" id=\"3-verfuegbarkeit\">3. VERF\u00dcGBARKEIT<\/h2>\n<p>Alle Artikel, die in unserem Online-Shop mit &#8222;auf Lager&#8220; gekennzeichnet sind, sind bei uns oder unseren Lieferanten verf\u00fcgbar und werden innerhalb der angegebenen Lieferzeiten versandt. Es kann ausnahmsweise vorkommen, dass wir eine Bestandsdifferenz haben. Sollte es zu Verz\u00f6gerungen kommen, benachrichtigen wir Sie so schnell wie m\u00f6glich und teilen Ihnen einen neuen Liefertermin mit. Wenn Sie die neuen Liefertermine ablehnen, k\u00f6nnen Sie Ihre Bestellung kostenlos stornieren und erhalten den gesamten gezahlten Betrag zur\u00fcckerstattet.<\/p>\n<h2 class=\"gb-headline gb-headline-0e597f04 gb-headline-text\" id=\"4-territoriale-gueltigkeit-unserer-preise\">4. Territoriale G\u00dcLTIGKEIT unserer Preise<\/h2><div class=\"gb-container gb-container-37bbc981\">\n\n<p>Unser Shop hat seinen Sitz in der Schweiz. Die auf unserer Website angegebenen Preise f\u00fcr die L\u00e4nder der Europ\u00e4ischen Union enthalten weder Mehrwertsteuer noch Zollgeb\u00fchren. Innerhalb der Schweiz sind die Preise in Schweizer Franken angegeben, einschlie\u00dflich der gesetzlichen Mehrwertsteuer (MwSt.).   <\/p>\n\n\n\n<p>F\u00fcr die Europ\u00e4ische Union sind die Preise in Schweizer Franken ohne Mehrwertsteuer und Zollgeb\u00fchren angegeben. Diese Kosten werden direkt mit dem Spediteur FedEx abgerechnet. <\/p>\n\n\n\n<p>Abschluss des Vertrags : Die im Online-Shop aufgef\u00fchrten Produkte und Preise gelten als ein Angebot. Dieses Angebot steht jedoch unter dem Vorbehalt, dass der Vertrag storniert werden kann, wenn sich die Lieferung als unm\u00f6glich erweist oder der Preis falsch ist. <\/p>\n\n<\/div><h2 class=\"gb-headline gb-headline-a6ea9938 gb-headline-text\" id=\"5-lieferung\">5. LIEFERUNG<\/h2>\n<p>Wir versenden alle unsere Artikel per Post als Priority-Einschreiben mit ausdr\u00fccklicher Identit\u00e4tspr\u00fcfung. F\u00fcr Sendungen innerhalb der Schweiz zahlen Sie keine Portokosten. Kostenlose Abholung in der Boutique Uhren-Bijouterie Le Diamant, Av. L\u00e9opold-Robert 41, La Chaux-de-Fonds. Wenn Sie Ihr Paket der Schweizerischen Post \u00fcbergeben, erhalten Sie von uns eine E-Mail mit der Versandbest\u00e4tigung und Ihrer Sendungsnummer (Trackingnummer). Anhand Ihrer Sendungsnummer k\u00f6nnen Sie Ihre Sendung bis zur Zustellung jederzeit online verfolgen.<\/p>\n<div class=\"gb-container gb-container-967fbc62\">\n\n<p>Trotz aller Sorgfalt kann es in seltenen F\u00e4llen vorkommen, dass Sendungen w\u00e4hrend des Transports und der Zustellung besch\u00e4digt werden (bereits ge\u00f6ffnetes Paket, besch\u00e4digter Karton usw.). In diesem Fall werden wir die besch\u00e4digten Artikel selbstverst\u00e4ndlich kostenlos umtauschen. Bitte beachten Sie jedoch folgendes Vorgehen: Transportsch\u00e4den m\u00fcssen der Schweizerischen Post sofort nach Erhalt der Ware gemeldet werden. \u00d6ffnen Sie das Paket im Beisein des Zustellers. Falls Sie Unterschiede oder Sch\u00e4den an den Artikeln feststellen, lassen Sie sich dies bitte vom Zusteller schriftlich best\u00e4tigen und informieren Sie uns \u00fcber den entstandenen Transportschaden. Diese Schadensmeldung ist eine Voraussetzung f\u00fcr eine Entsch\u00e4digung.<\/p>\n\n<\/div><h2 class=\"gb-headline gb-headline-e22c0fc8 gb-headline-text\" id=\"6-rueckgaberecht-amp-umtausch\">6. R\u00dcCKGABERECHT &amp; UMTAUSCH  <\/h2>\n<p>Le Diamant Bijouterie bietet Ihnen in der Regel ein 14-t\u00e4giges R\u00fcckgaberecht. Bitte beachten Sie, dass f\u00fcr bestimmte Artikel eine Ausnahme gemacht wird. <\/p>\n\n<p>Wir k\u00f6nnen Ihnen kein R\u00fcckgaberecht anbieten, aber ein Umtauschrecht f\u00fcr die folgenden Artikel:<\/p>\n\n<ul class=\"wp-block-list\">\n<li>Goldene Artikel<\/li>\n\n\n\n<li>Artikel mit einem Preis von CHF 1&#8217;500.<\/li>\n<\/ul>\n\n<p>Leider k\u00f6nnen wir Ihnen f\u00fcr die folgenden Artikel kein R\u00fcckgabe- und Umtauschrecht anbieten:<\/p>\n\n<ul class=\"wp-block-list\">\n<li>Gravierte Artikel<\/li>\n\n\n\n<li>Trauringe<\/li>\n\n\n\n<li>Artikel im SALE<\/li>\n\n\n\n<li>Verbundene Uhren<\/li>\n<\/ul>\n<h4 class=\"gb-headline gb-headline-cefc7761 gb-headline-text\" id=\"rueckgabebedingungen\">R\u00dcCKGABEBEDINGUNGEN<\/h4>\n<p>Die Artikel m\u00fcssen in neuem und unbenutztem Zustand zur\u00fcckgegeben werden. Sie m\u00fcssen in ihrer Originalverpackung mit allen Schutzvorrichtungen, Etiketten und Aufklebern auf den Produkten sowie mit s\u00e4mtlichem Zubeh\u00f6r zur\u00fcckgegeben werden. Wenn die R\u00fccksendung nicht gem\u00e4\u00df diesen Anweisungen durchgef\u00fchrt wird, ist der Verk\u00e4ufer berechtigt, den Wert der nicht zur\u00fcckgesandten Artikel mit dem Betrag zu verrechnen, der dem Kunden zu erstatten ist. Eine Entsch\u00e4digung findet auch dann statt, wenn die Artikel bei der R\u00fcckgabe aufgrund eines Fehlers des Kunden besch\u00e4digt werden. Der Kunde tr\u00e4gt die direkten Kosten der R\u00fccksendung der Waren und die Haftung\/Versicherung f\u00fcr das Paket, er \u00fcbernimmt die Haftung f\u00fcr die zur\u00fcckgesandten Waren in H\u00f6he ihres Gesamtwertes. In dieser Situation haftet der Verk\u00e4ufer nicht f\u00fcr Verlust, Besch\u00e4digung, Versand an eine falsche Adresse oder Lieferverz\u00f6gerungen bei der R\u00fccksendung. Der Kunde ist selbst f\u00fcr die Versicherung und den Transport der Ware verantwortlich. <\/p>\n\n<p>Dem Kunden wird der Kaufpreis abz\u00fcglich der Liefer- und Versandkosten sowie der Kosten f\u00fcr die Rechnungsstellung durch Dritte erstattet. Die R\u00fcckzahlung erfolgt mit derselben Zahlungsmethode, die der Kunde bei der Bestellung verwendet hat, es sei denn, mit dem Kunden wurde etwas anderes vereinbart. Die R\u00fcckerstattung ist die einzige Leistung des Verk\u00e4ufers bei der R\u00fccksendung. Ein Umtausch des Artikels ist ausgeschlossen. Die R\u00fcckerstattung erfolgt erst, nachdem der Artikel beim Verk\u00e4ufer eingetroffen ist und dieser die Qualit\u00e4t des Artikels gepr\u00fcft hat. Im Zuge der Qualit\u00e4tspr\u00fcfung wird entschieden, ob die Ware noch neuwertig ist oder ob ein Wertverlust festgestellt wird, der entsprechend von der R\u00fcckerstattung abzuziehen ist. <\/p>\n<h2 class=\"gb-headline gb-headline-8680d602 gb-headline-text\" id=\"7-uebertragung-von-risiken-und-gewinnen\">7. \u00dcBERTRAGUNG VON RISIKEN UND GEWINNEN<\/h2>\n<p>Die Leistung des Verk\u00e4ufers besteht in der Verpflichtung zum Versand und endet mit der \u00dcbergabe an den Frachtf\u00fchrer. Nach dem Versand geht die Gefahr der zuf\u00e4lligen Verschlechterung und des zuf\u00e4lligen Untergangs der Ware auf den Kunden \u00fcber. Der Verk\u00e4ufer muss nicht f\u00fcr das Verschulden des beauftragten Transportunternehmens haften.<\/p>\n\n<p>Der Verk\u00e4ufer muss nicht f\u00fcr das Verschulden des beauftragten Transportunternehmens haften.<\/p>\n<h2 class=\"gb-headline gb-headline-8594c739 gb-headline-text\" id=\"8-untersuchungs-und-ruegepflicht\">8. UNTERSUCHUNGS- UND R\u00dcGEPFLICHT<\/h2>\n<p>Der Kunde ist verpflichtet, die gelieferte Ware zu pr\u00fcfen. Handels\u00fcbliche oder technisch unvermeidbare Abweichungen in Qualit\u00e4t, Farbe, Gr\u00f6\u00dfe, Ausstattung oder Design des Artikels stellen keinen Mangel dar. Die Lieferung gilt als angenommen, wenn der Kunde nicht innerhalb von 8 Tagen nach Lieferung eine Reklamation per E-Mail an den Kundendienst richtet. F\u00fcr diese Fragen, W\u00fcnsche und Beschwerden kann sich der Kunde an den Kundendienst des Verk\u00e4ufers wenden: Schriftlich: Orwa SA, Uhren-Bijouterie Le Diamant, E-Commerce, Av. L\u00e9opold-Robert 41, CH-2300 La Chaux-de-Fonds.<\/p>\n<h2 class=\"gb-headline gb-headline-94a3a64b gb-headline-text\" id=\"9-eigentumsvorbehalt\">9. EIGENTUMSVORBEHALT<\/h2>\n<p>Die Bijouterie Le Diamant.ch beh\u00e4lt sich das Eigentum an den gelieferten Waren in jedem Fall bis zur vollst\u00e4ndigen Bezahlung (endg\u00fcltige und vorbehaltlose Gutschrift des gesamten Kaufpreises) des Rechnungsbetrags einer Lieferung vor. F\u00fcr Kunden mit Sitz in der Schweiz ist die Firma Orwa SA, Uhren-Bijouterie Le Diamant berechtigt, einen Eintrag im Eigentumsvorbehaltsregister vorzunehmen.<\/p>\n<h2 class=\"gb-headline gb-headline-57b84ca9 gb-headline-text\" id=\"10-abtretung\">10. ABTRETUNG<\/h2>\n<p>Die Uhren-Bijouterie Le Diamant.ch beh\u00e4lt sich das Recht vor, die im Zusammenhang mit der Lieferung von Artikeln entstandenen Forderungen gegen\u00fcber dem Kunden an Dritte abzutreten oder zu verpf\u00e4nden, einschliesslich allf\u00e4lliger f\u00e4lliger Teilzahlungen, Verzugszinsen und Inkassokosten.<\/p>\n<h2 class=\"gb-headline gb-headline-c6bf0e4e gb-headline-text\" id=\"11-datenschutz\">11. DATENSCHUTZ<\/h2>\n<p>Orwa SA, Bijouterie Le Diamant verpflichtet sich, die Daten seiner Kunden sorgf\u00e4ltig zu behandeln und die Bestimmungen des Datenschutzes einzuhalten. Die Bijouterie Le Diamant verwendet personenbezogene Daten zur vertraglichen und gesetzlichen Bearbeitung und Erf\u00fcllung der angebotenen Dienstleistungen, zur Pflege der Kundenbeziehungen sowie zur Entwicklung, Organisation und Unterbreitung von Angeboten und Artikeln nach Bedarf. Zu Marketingzwecken werden die Daten f\u00fcr einen Zeitraum von bis zu 24 Monaten nach ihrer Erstellung verwendet. Der Kunde kann der Verarbeitung seiner Daten zu Marketingzwecken jederzeit widersprechen. Er kann uns dies schriftlich an folgende Adresse (unter Angabe seiner Kundennummer) mitteilen: Orwa SA, Uhren - Bijouterie Le Diamant.ch, Av. L\u00e9opold-Robert 41, 2300 La Chaux-de-Fonds.<\/p>\n\n<p>Im Rahmen, der f\u00fcr den Abschluss oder die Erf\u00fcllung eines Vertrags erforderlichen Verarbeitung personenbezogener Daten kann die Uhren- Bijouterie Le Diamant.ch Daten an Beh\u00f6rden oder Unternehmen weitergeben, die mit der Eintreibung von Forderungen oder der Sammlung von Kreditinformationen beauftragt sind, oder ihnen Daten zum Zweck der Bonit\u00e4tspr\u00fcfung oder zur Durchsetzung von Anspr\u00fcchen \u00fcbermitteln.<\/p>\n<h4 class=\"gb-headline gb-headline-eb519f39 gb-headline-text\" id=\"google\">GOOGLE<\/h4>\n<p>Diese Website verwendet die Retargeting-Technologie von Google Inc. (\u00ab Google \u00bb). Diese erm\u00f6glicht es Google, Nutzern unserer Webseiten, die bereits Interesse an unserem Shop und unseren Produkten gezeigt haben, personalisierte Werbung anzubieten, die ihren Interessen entspricht. Die Einblendung der Werbung beruht auf einer Cookie-basierten Analyse des Nutzerverhaltens vor dem Aufruf der Website, wobei jedoch keine personenbezogenen Daten gespeichert werden. Im Falle der Retargeting-Technologie wird ein Cookie auf Ihrem Computer oder Mobilger\u00e4t gespeichert, um anonyme Daten \u00fcber Ihre Interessen zu sammeln und die Ihnen angebotene Werbung auf der Grundlage der gespeicherten Informationen anzupassen. Diese Cookies sind kleine Textdateien, die auf Ihrem Computer oder Mobilger\u00e4t gespeichert werden. Sie erm\u00f6glichen es, Ihnen die Werbung anzuzeigen, die Ihren Interessen an Produkten und Informationen am besten entspricht. Sie k\u00f6nnen den Empfang von Cookies dauerhaft verhindern, indem Sie das Browser-Plug-in herunterladen und installieren, das Sie unter folgendem Link finden:<\/p>\n\n<p><a href=\"https:\/\/myadcenter.google.com\">https:\/\/myadcenter.google.com<\/a><\/p>\n\n<p>Hier finden Sie weitere Informationen zu Werbung und Google und k\u00f6nnen die Datenschutzbestimmungen einsehen.<\/p>\n<h2 class=\"gb-headline gb-headline-4d8ef22a gb-headline-text\" id=\"12-aenderungen-und-sonstige-bestimmungen\">12. \u00c4NDERUNGEN UND SONSTIGE BESTIMMUNGEN<\/h2>\n<p>Orwa SA, Uhren - Bijouterie Le Diamant beh\u00e4lt sich das Recht vor, die AGB jederzeit und ohne Vorank\u00fcndigung zu \u00e4ndern. Es gilt die aktuelle Version der AGB, die unter www.lediamant.ch ver\u00f6ffentlicht ist. <\/p>\n<h2 class=\"gb-headline gb-headline-68d8a65a gb-headline-text\" id=\"13-anwendbares-recht\">13. ANWENDBARES RECHT<\/h2>\n<p>Es gilt das Schweizer Recht. Der Gerichtsstand befindet sich in La Chaux-de-Fonds (Schweiz). Zwingende gesetzliche Bestimmungen bleiben vorbehalten.<\/p>\n\n<p>G\u00fcltige Version: 28.01.2026<\/p>\n","protected":false},"excerpt":{"rendered":"<p>1. ANWENDUNGSBEREICH F\u00fcr die Gesch\u00e4ftsbeziehungen zwischen Orwa SA, Uhren-Bijouterie Le Diamant, Av. L\u00e9opold-Robert 41, CH-2300 La Chaux-de-Fonds, Schweiz, (nachfolgend Bijouterie Le diamant.ch genannt) und dem Kunden f\u00fcr Gesch\u00e4fte im Online-Shop (https:\/\/lediamant.ch) gelten die folgenden Allgemeinen Gesch\u00e4ftsbedingungen in ihrer zum Zeitpunkt der Bestellung g\u00fcltigen Fassung (nachfolgend &#8222;AGB&#8220; genannt). Davon abweichende Vereinbarungen bed\u00fcrfen zu ihrer Wirksamkeit der &#8230; <a title=\"Allgemeine Gesch\u00e4ftsbedingungen (AGB)\" class=\"read-more\" href=\"https:\/\/lediamant.ch\/de\/allgemeine-geschaeftsbedingungen-agb\/\" aria-label=\"Mehr Informationen \u00fcber Allgemeine Gesch\u00e4ftsbedingungen (AGB)\">Weiterlesen &#8230;<\/a><\/p>\n","protected":false},"author":1,"featured_media":0,"parent":0,"menu_order":0,"comment_status":"closed","ping_status":"closed","template":"","meta":{"_acf_changed":false,"_seopress_robots_primary_cat":"20715","_seopress_titles_title":"","_seopress_titles_desc":"","_seopress_robots_index":"","footnotes":""},"categories":[20763],"class_list":{"0":"post-82399","1":"page","2":"type-page","3":"status-publish","5":"category-standard-de"},"acf":[],"_links":{"self":[{"href":"https:\/\/lediamant.ch\/de\/wp-json\/wp\/v2\/pages\/82399","targetHints":{"allow":["GET"]}}],"collection":[{"href":"https:\/\/lediamant.ch\/de\/wp-json\/wp\/v2\/pages"}],"about":[{"href":"https:\/\/lediamant.ch\/de\/wp-json\/wp\/v2\/types\/page"}],"author":[{"embeddable":true,"href":"https:\/\/lediamant.ch\/de\/wp-json\/wp\/v2\/users\/1"}],"replies":[{"embeddable":true,"href":"https:\/\/lediamant.ch\/de\/wp-json\/wp\/v2\/comments?post=82399"}],"version-history":[{"count":10,"href":"https:\/\/lediamant.ch\/de\/wp-json\/wp\/v2\/pages\/82399\/revisions"}],"predecessor-version":[{"id":225096,"href":"https:\/\/lediamant.ch\/de\/wp-json\/wp\/v2\/pages\/82399\/revisions\/225096"}],"wp:attachment":[{"href":"https:\/\/lediamant.ch\/de\/wp-json\/wp\/v2\/media?parent=82399"}],"wp:term":[{"taxonomy":"category","embeddable":true,"href":"https:\/\/lediamant.ch\/de\/wp-json\/wp\/v2\/categories?post=82399"}],"curies":[{"name":"wp","href":"https:\/\/api.w.org\/{rel}","templated":true}]}}