{"id":82403,"date":"2023-06-21T14:34:37","date_gmt":"2023-06-21T12:34:37","guid":{"rendered":"https:\/\/lediamant.ch\/impressum-2\/"},"modified":"2024-03-27T15:03:42","modified_gmt":"2024-03-27T14:03:42","slug":"legale-erwaehnungen","status":"publish","type":"page","link":"https:\/\/lediamant.ch\/de\/impressum\/","title":{"rendered":"Impressum"},"content":{"rendered":"<h2 class=\"gb-headline gb-headline-7e4f671c gb-headline-text\" id=\"design-und-eigentum\">DESIGN UND EIGENTUM<\/h2>\n<p>Die Website <a href=\"https:\/\/lediamant.ch\/de\/\">lediamant.ch<\/a> wurde entworfen und ver\u00f6ffentlicht von: <\/p>\n\n<p><strong>Bijouterie Le Diamant<\/strong><br\/>Soci\u00e9t\u00e9 Orwa SA<br\/>Av. L\u00e9opold-Robert 41<br\/>CH-2300 La Chaux-de-Fonds<br\/>Schweiz<br\/><strong>Telefon :<\/strong> <a href=\"tel:0041329137686\">+41 (0)32 913 76 86<\/a><br\/><strong>E-mail :<\/strong> <a href=\"mailto:info@lediamant.ch\">info@lediamant.ch<\/a><\/p>\n\n<p><strong>Handelsregisternummer :<\/strong> CH-645.1007.877-0<br\/><strong>Umsatzsteuer :<\/strong> CHE-108.083.987<\/p>\n<h2 class=\"gb-headline gb-headline-765f659e gb-headline-text\" id=\"designentwicklung\">Design-Entwicklung<\/h2>\n<p><a href=\"https:\/\/newslang.ch\" target=\"_blank\" rel=\"noreferrer noopener\">New Slang<\/a>, Thierry Mathez, <a href=\"mailto:hello@newslang.ch\">hello@newslang.ch<\/a><\/p>\n<h2 class=\"gb-headline gb-headline-4f40647a gb-headline-text\" id=\"urheberrechte\">Urheberrechte<\/h2>\n<p>\u00a9 2023 lediamant.ch. Alle Rechte vorbehalten. Der Inhalt der lediamant.ch-Website unterliegt dem Urheberrecht und anderen Schutzgesetzen. Der Rechtsschutz gilt auch f\u00fcr Datenbanken und \u00e4hnliche Ger\u00e4te. Der Inhalt der lediamant.ch-Website darf ohne die schriftliche Genehmigung von Orwa SA, Bijouterie Le, in keiner Form reproduziert, verbreitet, ge\u00e4ndert oder Dritten zur Verf\u00fcgung gestellt werden, die die Grenzen des Urheberrechts \u00fcberschreitet Diamant.ch. Bestimmte Abschnitte der Website lediamant.ch enthalten auch Bilder, die dem Urheberrecht Dritter unterliegen. Sofern nicht anders angegeben, sind alle auf der lediamant.ch-Website registrierten Marken markenrechtlich gesch\u00fctzt.<\/p>\n<h2 class=\"gb-headline gb-headline-288a2a40 gb-headline-text\" id=\"veroeffentlichungen\">Ver\u00f6ffentlichungen<\/h2>\n<p>Alle auf der Website lediamant.ch ver\u00f6ffentlichten Informationen wurden \u00fcberpr\u00fcft. Wir bem\u00fchen uns, diese Informationen kontinuierlich weiterzuentwickeln und zu aktualisieren. Wir k\u00f6nnen jedoch nicht die Vollst\u00e4ndigkeit, Richtigkeit und Aktualit\u00e4t der Informationen garantieren. lediamant.ch stellt diese Informationen ohne ausdr\u00fcckliche oder stillschweigende Garantie jeglicher Art zur Verf\u00fcgung. Lediamant.ch lehnt jede Verantwortung f\u00fcr Sch\u00e4den ab, die direkt oder indirekt durch die Nutzung der Website lediamant.ch entstehen, es sei denn, dies ist das Ergebnis vors\u00e4tzlichen Fehlverhaltens oder grober Fahrl\u00e4ssigkeit.<\/p>\n","protected":false},"excerpt":{"rendered":"<p>DESIGN UND EIGENTUM Die Website lediamant.ch wurde entworfen und ver\u00f6ffentlicht von: Bijouterie Le DiamantSoci\u00e9t\u00e9 Orwa SAAv. L\u00e9opold-Robert 41CH-2300 La Chaux-de-FondsSchweizTelefon : +41 (0)32 913 76 86E-mail : info@lediamant.ch Handelsregisternummer : CH-645.1007.877-0Umsatzsteuer : CHE-108.083.987 Design-Entwicklung New Slang, Thierry Mathez, hello@newslang.ch Urheberrechte \u00a9 2023 lediamant.ch. Alle Rechte vorbehalten. Der Inhalt der lediamant.ch-Website unterliegt dem Urheberrecht und anderen &#8230; <a title=\"Impressum\" class=\"read-more\" href=\"https:\/\/lediamant.ch\/de\/impressum\/\" aria-label=\"Mehr Informationen \u00fcber Impressum\">Weiterlesen &#8230;<\/a><\/p>\n","protected":false},"author":1,"featured_media":0,"parent":0,"menu_order":0,"comment_status":"closed","ping_status":"closed","template":"","meta":{"_acf_changed":false,"_seopress_robots_primary_cat":"20715","_seopress_titles_title":"","_seopress_titles_desc":"","_seopress_robots_index":"","footnotes":""},"categories":[20763],"class_list":{"0":"post-82403","1":"page","2":"type-page","3":"status-publish","5":"category-standard-de"},"acf":[],"_links":{"self":[{"href":"https:\/\/lediamant.ch\/de\/wp-json\/wp\/v2\/pages\/82403","targetHints":{"allow":["GET"]}}],"collection":[{"href":"https:\/\/lediamant.ch\/de\/wp-json\/wp\/v2\/pages"}],"about":[{"href":"https:\/\/lediamant.ch\/de\/wp-json\/wp\/v2\/types\/page"}],"author":[{"embeddable":true,"href":"https:\/\/lediamant.ch\/de\/wp-json\/wp\/v2\/users\/1"}],"replies":[{"embeddable":true,"href":"https:\/\/lediamant.ch\/de\/wp-json\/wp\/v2\/comments?post=82403"}],"version-history":[{"count":3,"href":"https:\/\/lediamant.ch\/de\/wp-json\/wp\/v2\/pages\/82403\/revisions"}],"predecessor-version":[{"id":210874,"href":"https:\/\/lediamant.ch\/de\/wp-json\/wp\/v2\/pages\/82403\/revisions\/210874"}],"wp:attachment":[{"href":"https:\/\/lediamant.ch\/de\/wp-json\/wp\/v2\/media?parent=82403"}],"wp:term":[{"taxonomy":"category","embeddable":true,"href":"https:\/\/lediamant.ch\/de\/wp-json\/wp\/v2\/categories?post=82403"}],"curies":[{"name":"wp","href":"https:\/\/api.w.org\/{rel}","templated":true}]}}