{"id":82973,"date":"2023-06-21T14:45:02","date_gmt":"2023-06-21T12:45:02","guid":{"rendered":"https:\/\/lediamant.ch\/kalender-der-sternzeichen-2\/"},"modified":"2024-01-17T17:46:19","modified_gmt":"2024-01-17T16:46:19","slug":"kalender-der-sternzeichen","status":"publish","type":"page","link":"https:\/\/lediamant.ch\/de\/kalender-der-sternzeichen\/","title":{"rendered":"Sternzeichenschmuck"},"content":{"rendered":"\n<p>Ob Anh\u00e4nger oder Ohrringe: Schmuck mit Tierkreiszeichen hat einen starken Symbolcharakter und wird gerne als Gl\u00fccksbringer getragen.<\/p>\n\n<p>Entdecken Sie die sch\u00f6nsten Anh\u00e4nger und Ohrringe in Form von Sternzeichen!<\/p>\n<div class=\"gb-container gb-container-102d77c2 overflowing-container\">\n<div class=\"gb-container gb-container-d4669fa5\">\n<div class=\"gb-container gb-container-08862d11\">\n\n<figure class=\"gb-block-image gb-block-image-2807e750\"><a href=\"https:\/\/lediamant.ch\/de\/schmuck\/anhanger\/?_matiere=75018ktgelbgold&#038;_motif=sternzeichen\"><img loading=\"lazy\" decoding=\"async\" width=\"1048\" height=\"1268\" class=\"gb-image gb-image-2807e750\" src=\"https:\/\/lediamant.ch\/wp-content\/uploads\/2020\/03\/1836-Pendentif-signe-du-zodiaque-Sagittaire-or-jaune-75018-ct.-H-19mm-L-14mm.jpg\" alt=\"Sternzeichenanh\u00e4nger Sch\u00fctze Gelbgold 750\/18 ct. H: 19mm \/ L: 14mm\" title=\"Sternzeichenanh\u00e4nger Sch\u00fctze Gelbgold 750\/18 ct. H: 19mm \/ L: 14mm\" srcset=\"https:\/\/lediamant.ch\/wp-content\/uploads\/2020\/03\/1836-Pendentif-signe-du-zodiaque-Sagittaire-or-jaune-75018-ct.-H-19mm-L-14mm.jpg 1048w, https:\/\/lediamant.ch\/wp-content\/uploads\/2020\/03\/1836-Pendentif-signe-du-zodiaque-Sagittaire-or-jaune-75018-ct.-H-19mm-L-14mm-600x726.jpg 600w, https:\/\/lediamant.ch\/wp-content\/uploads\/2020\/03\/1836-Pendentif-signe-du-zodiaque-Sagittaire-or-jaune-75018-ct.-H-19mm-L-14mm-331x400.jpg 331w, https:\/\/lediamant.ch\/wp-content\/uploads\/2020\/03\/1836-Pendentif-signe-du-zodiaque-Sagittaire-or-jaune-75018-ct.-H-19mm-L-14mm-64x77.jpg 64w, https:\/\/lediamant.ch\/wp-content\/uploads\/2020\/03\/1836-Pendentif-signe-du-zodiaque-Sagittaire-or-jaune-75018-ct.-H-19mm-L-14mm-248x300.jpg 248w, https:\/\/lediamant.ch\/wp-content\/uploads\/2020\/03\/1836-Pendentif-signe-du-zodiaque-Sagittaire-or-jaune-75018-ct.-H-19mm-L-14mm-768x929.jpg 768w, https:\/\/lediamant.ch\/wp-content\/uploads\/2020\/03\/1836-Pendentif-signe-du-zodiaque-Sagittaire-or-jaune-75018-ct.-H-19mm-L-14mm-846x1024.jpg 846w\" sizes=\"auto, (max-width: 1048px) 100vw, 1048px\" \/><\/a><\/figure>\n\n<\/div>\n\n<div class=\"gb-container gb-container-cca5973d\">\n<div class=\"gb-headline gb-headline-069e522e gb-headline-text\">Anh\u00e4nger aus Gelbgold<\/div>\n\n\n<p>Entdecken Sie die sch\u00f6nsten Anh\u00e4nger und Ohrringe in Form von Sternzeichen!<\/p>\n\n\n\n<a class=\"gb-button gb-button-f86759ff gb-button-text gb-button-primary\" href=\"https:\/\/lediamant.ch\/de\/schmuck\/anhanger\/?_matiere=75018ktgelbgold&#038;_motif=sternzeichen\">Entdecken Sie<\/a>\n\n<\/div>\n<\/div>\n\n<div class=\"gb-container gb-container-21bfaacf\">\n<div class=\"gb-container gb-container-f60f037f\">\n\n<figure class=\"gb-block-image gb-block-image-62a75acf\"><a href=\"https:\/\/lediamant.ch\/de\/schmuck\/anhanger\/?_matiere=75018ktweissgold&#038;_motif=sternzeichen\"><img loading=\"lazy\" decoding=\"async\" width=\"737\" height=\"849\" class=\"gb-image gb-image-62a75acf\" src=\"https:\/\/lediamant.ch\/wp-content\/uploads\/2020\/03\/1195-Pendentif-signe-du-zodiaque-Capricorne-or-blanc-75018-ct.-rond-16mm-avec-constellation-detoiles.jpg\" alt=\"Anh\u00e4nger Sternzeichen Steinbock 750\/18 ct Wei\u00dfgold rund 16mm mit Sternenkonstellation\" title=\"Anh\u00e4nger Sternzeichen Steinbock 750\/18 ct Wei\u00dfgold rund 16mm mit Sternenkonstellation\" srcset=\"https:\/\/lediamant.ch\/wp-content\/uploads\/2020\/03\/1195-Pendentif-signe-du-zodiaque-Capricorne-or-blanc-75018-ct.-rond-16mm-avec-constellation-detoiles.jpg 737w, https:\/\/lediamant.ch\/wp-content\/uploads\/2020\/03\/1195-Pendentif-signe-du-zodiaque-Capricorne-or-blanc-75018-ct.-rond-16mm-avec-constellation-detoiles-600x691.jpg 600w, https:\/\/lediamant.ch\/wp-content\/uploads\/2020\/03\/1195-Pendentif-signe-du-zodiaque-Capricorne-or-blanc-75018-ct.-rond-16mm-avec-constellation-detoiles-347x400.jpg 347w, https:\/\/lediamant.ch\/wp-content\/uploads\/2020\/03\/1195-Pendentif-signe-du-zodiaque-Capricorne-or-blanc-75018-ct.-rond-16mm-avec-constellation-detoiles-64x74.jpg 64w, https:\/\/lediamant.ch\/wp-content\/uploads\/2020\/03\/1195-Pendentif-signe-du-zodiaque-Capricorne-or-blanc-75018-ct.-rond-16mm-avec-constellation-detoiles-260x300.jpg 260w\" sizes=\"auto, (max-width: 737px) 100vw, 737px\" \/><\/a><\/figure>\n\n<\/div>\n\n<div class=\"gb-container gb-container-56245cf0\">\n<div class=\"gb-headline gb-headline-f3fb640a gb-headline-text\">Anh\u00e4nger aus Wei\u00dfgold<\/div>\n\n\n<p>Entdecken Sie unsere Kollektion von Tierkreiszeichenanh\u00e4ngern aus Wei\u00dfgold.<\/p>\n\n\n\n<a class=\"gb-button gb-button-3fc614aa gb-button-text gb-button-primary\" href=\"https:\/\/lediamant.ch\/de\/schmuck\/anhanger\/?_matiere=75018ktweissgold&#038;_motif=sternzeichen\">Entdecken Sie<\/a>\n\n<\/div>\n<\/div>\n<\/div>\n<p>Ihr Sternzeichen als Schmuckst\u00fcck, ein symbolischer Begleiter, so sch\u00f6n und kraftvoll wie die Sterne: Ein Sternzeichenschmuck vereint die Individualit\u00e4t seines Tr\u00e4gers mit der Symbolkraft der Konstellationen. Die Faszination des Universums, seine Sch\u00f6nheit und Unendlichkeit werden in einem kostbaren Schmuckst\u00fcck festgehalten, das uns t\u00e4glich in allen Lebenslagen begleitet.<\/p>\n\n<p>Eine Kette mit einem Tierkreisanh\u00e4nger repr\u00e4sentiert die dem Sternbild zugeschriebenen Eigenschaften und kann als Gl\u00fccksbringer in schwierigen Situationen Mut, St\u00e4rke und Selbstvertrauen verleihen. Sein Sternzeichen als Anh\u00e4nger an einer Kette oder einem Armband zu tragen, ist eine sch\u00f6ne M\u00f6glichkeit, seine Bedeutung zu verst\u00e4rken. Es ist auch eine gute Gelegenheit, sich n\u00e4her mit den Sternen und ihrer Konstellation zu besch\u00e4ftigen. Die Astrologie ist ein spannendes Thema, das Menschen miteinander in Verbindung bringt.<\/p>\n\n<p>Schmuck mit der Symbolkraft des Sternzeichens wird oft zu einer Geburt, Taufe oder einem \u00e4hnlichen besonderen Ereignis verschenkt. Es ist nicht ungew\u00f6hnlich, dass eine Tierkreiszeichen-Halskette zu einem lebenslangen Begleiter wird! In unserem Schmuckgesch\u00e4ft bieten wir sowohl Ketten mit Sternzeichenanh\u00e4ngern als auch einzelne Anh\u00e4nger in Form eines Sternzeichens an, die eine bereits bestehende Kette erg\u00e4nzen k\u00f6nnen. Sie haben die Wahl zwischen vielen eleganten Varianten aus Gelb- oder Wei\u00dfgold, sowohl bei den Sternzeichenanh\u00e4ngern als auch bei den Ketten. Ein Ohrring mit einem Sternzeichen ist auch eine sch\u00f6ne M\u00f6glichkeit, Ihr Sternzeichen immer bei sich zu tragen.<\/p>\n<div class=\"gb-container gb-container-fbb0abab overflowing-container\">\n<div class=\"gb-container gb-container-4e22b11b\">\n\n<figure class=\"gb-block-image gb-block-image-98d91298\"><a href=\"https:\/\/lediamant.ch\/bijoux\/?_categorie=boucles-d-oreilles&amp;_motif=zodiaque&amp;_genre=homme\"><img loading=\"lazy\" decoding=\"async\" width=\"500\" height=\"500\" class=\"gb-image gb-image-98d91298\" src=\"https:\/\/lediamant.ch\/wp-content\/uploads\/2023\/11\/clou-oreille-zodiaque-or-jaune.jpg\" alt=\"\" title=\"ohrennagel-zodiak-skorpion\" srcset=\"https:\/\/lediamant.ch\/wp-content\/uploads\/2023\/11\/clou-oreille-zodiaque-or-jaune.jpg 500w, https:\/\/lediamant.ch\/wp-content\/uploads\/2023\/11\/clou-oreille-zodiaque-or-jaune-150x150.jpg 150w, https:\/\/lediamant.ch\/wp-content\/uploads\/2023\/11\/clou-oreille-zodiaque-or-jaune-300x300.jpg 300w, https:\/\/lediamant.ch\/wp-content\/uploads\/2023\/11\/clou-oreille-zodiaque-or-jaune-400x400.jpg 400w, https:\/\/lediamant.ch\/wp-content\/uploads\/2023\/11\/clou-oreille-zodiaque-or-jaune-120x120.jpg 120w, https:\/\/lediamant.ch\/wp-content\/uploads\/2023\/11\/clou-oreille-zodiaque-or-jaune-64x64.jpg 64w\" sizes=\"auto, (max-width: 500px) 100vw, 500px\" \/><\/a><\/figure>\n\n<\/div>\n\n<div class=\"gb-container gb-container-482fbe5f\">\n<div class=\"gb-headline gb-headline-ffaeb547 gb-headline-text\">Ohrstecker f\u00fcr M\u00e4nner mit Tierkreiszeichen<\/div>\n\n<div class=\"gb-headline gb-headline-836344b0 gb-headline-text\">Ohrstecker mit Sternzeichen sind bei M\u00e4nnern beliebt. Entdecken Sie unsere Kollektion.<\/div>\n<\/div>\n\n<div class=\"gb-container gb-container-0ceb5980\">\n\n<a class=\"gb-button gb-button-ed7d735d gb-button-text gb-button-primary\" href=\"https:\/\/lediamant.ch\/de\/schmuck\/ohrringe\/?_genre=mann&#038;_motif=sternzeichen\">Entdecken Sie<\/a>\n\n<\/div>\n<\/div>\n<p>Sternzeichenschmuck kann zum Beispiel an das eigene Sternbild erinnern. So stellen die Anh\u00e4nger einer astrologischen Halskette oder Ohrringe oft das Tier dar, das dem Namen des Sternbilds entspricht (wie bei Steinbock, Fische, Widder, Stier, Krebs, L\u00f6we, Skorpion), ein Symbol (wie bei Waage) oder menschliche Formen (bei den Sternbildern Zwillinge, Jungfrau, Sch\u00fctze oder Wassermann).<\/p>\n\n<p>Sie haben also viele M\u00f6glichkeiten, Ihr Sternbild in Form eines Schmuckst\u00fccks immer bei sich zu tragen. So kann dieser Gl\u00fccksbringer Sie jeden Tag begleiten.<\/p>\n\n<figure class=\"wp-block-table is-style-stripes\"><table><thead><tr><th class=\"has-text-align-left\" data-align=\"left\">Zeichen<\/th><th class=\"has-text-align-center\" data-align=\"center\">Termine<\/th><th class=\"has-text-align-center\" data-align=\"center\">Symbole<\/th><\/tr><\/thead><tbody><tr><td class=\"has-text-align-left\" data-align=\"left\"><strong>Widder<\/strong><\/td><td class=\"has-text-align-center\" data-align=\"center\">21.03 \u2013 20.04<\/td><td class=\"has-text-align-center\" data-align=\"center\">\u2648<\/td><\/tr><tr><td class=\"has-text-align-left\" data-align=\"left\"><strong>Stier<\/strong><\/td><td class=\"has-text-align-center\" data-align=\"center\">21.04 \u2013 20.05<\/td><td class=\"has-text-align-center\" data-align=\"center\">\u2649<\/td><\/tr><tr><td class=\"has-text-align-left\" data-align=\"left\"><strong>Zwillinge<\/strong><\/td><td class=\"has-text-align-center\" data-align=\"center\">21.05 \u2013 21.06<\/td><td class=\"has-text-align-center\" data-align=\"center\">\u264a<\/td><\/tr><tr><td class=\"has-text-align-left\" data-align=\"left\"><strong>Krebs<\/strong><\/td><td class=\"has-text-align-center\" data-align=\"center\">22.06 \u2013 22.07<\/td><td class=\"has-text-align-center\" data-align=\"center\">\u264b<\/td><\/tr><tr><td class=\"has-text-align-left\" data-align=\"left\"><strong>L\u00f6we<\/strong><\/td><td class=\"has-text-align-center\" data-align=\"center\">23.07 - 22.08<\/td><td class=\"has-text-align-center\" data-align=\"center\">\u264c<\/td><\/tr><tr><td class=\"has-text-align-left\" data-align=\"left\"><strong>Jungfrau<\/strong><\/td><td class=\"has-text-align-center\" data-align=\"center\">23.08 - 22.09<\/td><td class=\"has-text-align-center\" data-align=\"center\">\u264d<\/td><\/tr><tr><td class=\"has-text-align-left\" data-align=\"left\"><strong>Waage<\/strong><\/td><td class=\"has-text-align-center\" data-align=\"center\">23.09 - 22.10<\/td><td class=\"has-text-align-center\" data-align=\"center\">\u264e<\/td><\/tr><tr><td class=\"has-text-align-left\" data-align=\"left\"><strong>Skorpion<\/strong><\/td><td class=\"has-text-align-center\" data-align=\"center\">24.10 \u2013 22.11<\/td><td class=\"has-text-align-center\" data-align=\"center\">\u264f<\/td><\/tr><tr><td class=\"has-text-align-left\" data-align=\"left\"><strong>Sch\u00fctze<\/strong><\/td><td class=\"has-text-align-center\" data-align=\"center\">23.11 \u2013 21.12<\/td><td class=\"has-text-align-center\" data-align=\"center\">\u2650<\/td><\/tr><tr><td class=\"has-text-align-left\" data-align=\"left\"><strong><strong>Steinbock<\/strong><\/strong><\/td><td class=\"has-text-align-center\" data-align=\"center\">22.12 \u2013 20.01<\/td><td class=\"has-text-align-center\" data-align=\"center\">\u2651<\/td><\/tr><tr><td class=\"has-text-align-left\" data-align=\"left\"><strong><strong>Wassermann<\/strong><\/strong><\/td><td class=\"has-text-align-center\" data-align=\"center\">21.01 \u2013 19.02<\/td><td class=\"has-text-align-center\" data-align=\"center\">\u2652<\/td><\/tr><tr><td class=\"has-text-align-left\" data-align=\"left\"><strong><strong>Fische<\/strong><\/strong><\/td><td class=\"has-text-align-center\" data-align=\"center\">20.02 \u2013 20.03<\/td><td class=\"has-text-align-center\" data-align=\"center\">\u2653<\/td><\/tr><\/tbody><\/table><\/figure>\n","protected":false},"excerpt":{"rendered":"<p>Ob Anh\u00e4nger oder Ohrringe: Schmuck mit Tierkreiszeichen hat einen starken Symbolcharakter und wird gerne als Gl\u00fccksbringer getragen. Entdecken Sie die sch\u00f6nsten Anh\u00e4nger und Ohrringe in Form von Sternzeichen! Anh\u00e4nger aus Gelbgold Entdecken Sie die sch\u00f6nsten Anh\u00e4nger und Ohrringe in Form von Sternzeichen! Anh\u00e4nger aus Wei\u00dfgold Entdecken Sie unsere Kollektion von Tierkreiszeichenanh\u00e4ngern aus Wei\u00dfgold. Ihr Sternzeichen &#8230; <a title=\"Sternzeichenschmuck\" class=\"read-more\" href=\"https:\/\/lediamant.ch\/de\/kalender-der-sternzeichen\/\" aria-label=\"Mehr Informationen \u00fcber Sternzeichenschmuck\">Weiterlesen &#8230;<\/a><\/p>\n","protected":false},"author":1,"featured_media":207240,"parent":212439,"menu_order":0,"comment_status":"closed","ping_status":"closed","template":"","meta":{"_acf_changed":false,"_seopress_robots_primary_cat":"","_seopress_titles_title":"","_seopress_titles_desc":"","_seopress_robots_index":"","footnotes":""},"categories":[41051],"class_list":{"0":"post-82973","1":"page","2":"type-page","3":"status-publish","4":"has-post-thumbnail","6":"category-leitfaden"},"acf":[],"_links":{"self":[{"href":"https:\/\/lediamant.ch\/de\/wp-json\/wp\/v2\/pages\/82973","targetHints":{"allow":["GET"]}}],"collection":[{"href":"https:\/\/lediamant.ch\/de\/wp-json\/wp\/v2\/pages"}],"about":[{"href":"https:\/\/lediamant.ch\/de\/wp-json\/wp\/v2\/types\/page"}],"author":[{"embeddable":true,"href":"https:\/\/lediamant.ch\/de\/wp-json\/wp\/v2\/users\/1"}],"replies":[{"embeddable":true,"href":"https:\/\/lediamant.ch\/de\/wp-json\/wp\/v2\/comments?post=82973"}],"version-history":[{"count":14,"href":"https:\/\/lediamant.ch\/de\/wp-json\/wp\/v2\/pages\/82973\/revisions"}],"predecessor-version":[{"id":209219,"href":"https:\/\/lediamant.ch\/de\/wp-json\/wp\/v2\/pages\/82973\/revisions\/209219"}],"up":[{"embeddable":true,"href":"https:\/\/lediamant.ch\/de\/wp-json\/wp\/v2\/pages\/212439"}],"wp:featuredmedia":[{"embeddable":true,"href":"https:\/\/lediamant.ch\/de\/wp-json\/wp\/v2\/media\/207240"}],"wp:attachment":[{"href":"https:\/\/lediamant.ch\/de\/wp-json\/wp\/v2\/media?parent=82973"}],"wp:term":[{"taxonomy":"category","embeddable":true,"href":"https:\/\/lediamant.ch\/de\/wp-json\/wp\/v2\/categories?post=82973"}],"curies":[{"name":"wp","href":"https:\/\/api.w.org\/{rel}","templated":true}]}}