{"id":83404,"date":"2023-06-21T14:42:54","date_gmt":"2023-06-21T12:42:54","guid":{"rendered":"https:\/\/lediamant.ch\/nachhaltig-und-fair-produzierter-goldschmuck-green-gold-2\/"},"modified":"2025-10-01T09:15:57","modified_gmt":"2025-10-01T07:15:57","slug":"gold-nachhaltig-und-zertifiziert-green-gold","status":"publish","type":"page","link":"https:\/\/lediamant.ch\/de\/nachhaltig-und-fair-produzierter-goldschmuck-green-gold\/","title":{"rendered":"Nachhaltiges und zertifiziertes Gold"},"content":{"rendered":"<h2 class=\"gb-headline gb-headline-ac4ad7bd gb-headline-text\" id=\"green-goldlabel\">Green Gold-Label<\/h2><div class=\"wp-block-image\">\n<figure class=\"aligncenter size-full\"><img loading=\"lazy\" decoding=\"async\" width=\"300\" height=\"300\" src=\"https:\/\/lediamant.ch\/wp-content\/uploads\/2025\/02\/image.png\" alt=\"Logo Green Gold by Wassner, umweltfreundliches Design\" class=\"wp-image-216577\" srcset=\"https:\/\/lediamant.ch\/wp-content\/uploads\/2025\/02\/image.png 300w, https:\/\/lediamant.ch\/wp-content\/uploads\/2025\/02\/image-150x150.png 150w, https:\/\/lediamant.ch\/wp-content\/uploads\/2025\/02\/image-120x120.png 120w, https:\/\/lediamant.ch\/wp-content\/uploads\/2025\/02\/image-64x64.png 64w\" sizes=\"auto, (max-width: 300px) 100vw, 300px\" \/><figcaption class=\"wp-element-caption\">GREEN GOLD LABEL<\/figcaption><\/figure>\n<\/div>\n<div class=\"wp-block-group is-vertical is-layout-flex wp-container-core-group-is-layout-8cf370e7 wp-block-group-is-layout-flex\">\n<p>Einige unserer Juwelen sind in <strong>Label Green Gold<\/strong> zertifiziertem Gold. Die f\u00fcr die Produktion verwendeten Goldbarren sind einzeln nummeriert und k\u00f6nnen daher \u00fcber die gesamte Produktionskette verfolgt werden. Die so gekennzeichneten Juwelen bestehen aus COC-zertifiziertem Gold. Diese Zertifizierung erf\u00fcllt die h\u00f6chsten Standards in Bezug auf Menschenrechte, soziale Verantwortung und \u00d6kologie. Dar\u00fcber hinaus erf\u00fcllt unser Gold den <strong>konfliktfreien Goldstandard<\/strong>, es unterst\u00fctzt die kriegf\u00fchrenden Parteien nicht.<\/p>\n\n\n\n<p>Die COC-Zertifizierung wird vom Verband des <a href=\"https:\/\/www.responsiblejewellery.com\/chain-of-custody-certification\/\" target=\"_blank\" rel=\"noreferrer noopener\">Responsible Jewellery Council (RJC) ausgestellt<\/a>.<\/p>\n\n\n\n<p>Dies garantiert Folgendes.<\/p>\n<\/div>\n\n<ul class=\"wp-block-list\">\n<li class=\"has-medium-font-size\">SOZIAL<\/li>\n\n\n\n<li class=\"has-medium-font-size\">\u00d6KOLOGISCH<\/li>\n\n\n\n<li class=\"has-medium-font-size\">VERANTWORTUNGSVOLL<\/li>\n<\/ul>\n<h2 class=\"gb-headline gb-headline-2f3655cd gb-headline-text\" id=\"unsere-garantie\">UNSERE GARANTIE<\/h2>\n<p>In vollem Umfang ist COC als &#8222;Chain of Custody&#8220; geschrieben, dh als &#8222;Wertsch\u00f6pfungskette&#8220;. Die Zertifizierung untersucht und zertifiziert jede Phase dieser Wertsch\u00f6pfungskette, vom Goldabbau im Herzen der Mine bis hin zu feinem Gold f\u00fcr die Herstellung von Schmuck. Es ist daher m\u00f6glich, zum Ursprung des Goldes zur\u00fcckzukehren. Die Zertifizierung wird vom RJC ausgestellt, einem internationalen Verband der Goldschmuckindustrie, der sich verpflichtet, die im Gold- und Schmucksektor geltenden verantwortlichen Standards einzuhalten.<\/p>\n<div class=\"wp-block-image\">\n<figure class=\"aligncenter size-full is-resized\"><img loading=\"lazy\" decoding=\"async\" width=\"691\" height=\"691\" src=\"https:\/\/lediamant.ch\/wp-content\/uploads\/2025\/02\/image.jpeg\" alt=\"UMWELT NACHHALTIGKEIT UND FAIRNESS\" class=\"wp-image-216599\" style=\"width:313px;height:auto\" srcset=\"https:\/\/lediamant.ch\/wp-content\/uploads\/2025\/02\/image.jpeg 691w, https:\/\/lediamant.ch\/wp-content\/uploads\/2025\/02\/image-300x300.jpeg 300w, https:\/\/lediamant.ch\/wp-content\/uploads\/2025\/02\/image-150x150.jpeg 150w, https:\/\/lediamant.ch\/wp-content\/uploads\/2025\/02\/image-600x600.jpeg 600w, https:\/\/lediamant.ch\/wp-content\/uploads\/2025\/02\/image-400x400.jpeg 400w, https:\/\/lediamant.ch\/wp-content\/uploads\/2025\/02\/image-120x120.jpeg 120w, https:\/\/lediamant.ch\/wp-content\/uploads\/2025\/02\/image-64x64.jpeg 64w\" sizes=\"auto, (max-width: 691px) 100vw, 691px\" \/><figcaption class=\"wp-element-caption\">UMWELT <br \/>NACHHALTIGKEIT - FAIRNESS<\/figcaption><\/figure>\n<\/div>\n<pre class=\"wp-block-preformatted\">Wir unterst\u00fctzen das Konzept des fairen Handels: Goldschmuck ist eine Investition, die Ihnen lange Freude macht. F\u00fcr uns ist es auch wichtig, dass Gold aus verantwortungsvollen Quellen stammt und fair genutzt wird. Das ist genau das, was unser Schmuck tut.<br \/>Es ist sehr wichtig f\u00fcr uns, unser Engagement f\u00fcr ethisches Verhalten, Menschenrechte und verantwortungsvolle soziale und \u00f6kologische Praktiken auf transparente und zuverl\u00e4ssige Weise zu kommunizieren.  <br \/><br \/>Unsere Legierungslieferanten sind alle RJC-zertifiziert. Unsere Diamanten stammen aus konfliktfreien Gebieten.   <br \/><br \/>Alle unsere Legierungen werden aus recycelten Edelmetallen hergestellt!<br \/><br \/>Die COC-Zertifizierung wird vom <a href=\"https:\/\/www.responsiblejewellery.com\/chain-of-custody-certification\/\" target=\"_blank\" rel=\"noreferrer noopener\">Responsible Jewellery Council (RJC<\/a>) ausgestellt.<\/pre>\n","protected":false},"excerpt":{"rendered":"<p>Green Gold-Label Einige unserer Juwelen sind in Label Green Gold zertifiziertem Gold. Die f\u00fcr die Produktion verwendeten Goldbarren sind einzeln nummeriert und k\u00f6nnen daher \u00fcber die gesamte Produktionskette verfolgt werden. Die so gekennzeichneten Juwelen bestehen aus COC-zertifiziertem Gold. Diese Zertifizierung erf\u00fcllt die h\u00f6chsten Standards in Bezug auf Menschenrechte, soziale Verantwortung und \u00d6kologie. Dar\u00fcber hinaus erf\u00fcllt &#8230; <a title=\"Nachhaltiges und zertifiziertes Gold\" class=\"read-more\" href=\"https:\/\/lediamant.ch\/de\/nachhaltig-und-fair-produzierter-goldschmuck-green-gold\/\" aria-label=\"Mehr Informationen \u00fcber Nachhaltiges und zertifiziertes Gold\">Weiterlesen &#8230;<\/a><\/p>\n","protected":false},"author":1,"featured_media":0,"parent":0,"menu_order":0,"comment_status":"closed","ping_status":"closed","template":"","meta":{"_acf_changed":false,"_seopress_robots_primary_cat":"20715","_seopress_titles_title":"","_seopress_titles_desc":"","_seopress_robots_index":"","footnotes":""},"categories":[20763],"class_list":{"0":"post-83404","1":"page","2":"type-page","3":"status-publish","5":"category-standard-de"},"acf":[],"_links":{"self":[{"href":"https:\/\/lediamant.ch\/de\/wp-json\/wp\/v2\/pages\/83404","targetHints":{"allow":["GET"]}}],"collection":[{"href":"https:\/\/lediamant.ch\/de\/wp-json\/wp\/v2\/pages"}],"about":[{"href":"https:\/\/lediamant.ch\/de\/wp-json\/wp\/v2\/types\/page"}],"author":[{"embeddable":true,"href":"https:\/\/lediamant.ch\/de\/wp-json\/wp\/v2\/users\/1"}],"replies":[{"embeddable":true,"href":"https:\/\/lediamant.ch\/de\/wp-json\/wp\/v2\/comments?post=83404"}],"version-history":[{"count":6,"href":"https:\/\/lediamant.ch\/de\/wp-json\/wp\/v2\/pages\/83404\/revisions"}],"predecessor-version":[{"id":220611,"href":"https:\/\/lediamant.ch\/de\/wp-json\/wp\/v2\/pages\/83404\/revisions\/220611"}],"wp:attachment":[{"href":"https:\/\/lediamant.ch\/de\/wp-json\/wp\/v2\/media?parent=83404"}],"wp:term":[{"taxonomy":"category","embeddable":true,"href":"https:\/\/lediamant.ch\/de\/wp-json\/wp\/v2\/categories?post=83404"}],"curies":[{"name":"wp","href":"https:\/\/api.w.org\/{rel}","templated":true}]}}