{"id":118873,"date":"2023-11-18T13:54:17","date_gmt":"2023-11-18T12:54:17","guid":{"rendered":"https:\/\/lediamant.ch\/?post_type=product&#038;p=118873"},"modified":"2026-01-21T17:39:21","modified_gmt":"2026-01-21T16:39:21","slug":"pendentif-plaque-a-graver-en-forme-de-coeur-satinee-or-blanc-75018-ct","status":"publish","type":"product","link":"https:\/\/lediamant.ch\/de\/schmuck\/118873-anhaenger-zum-gravieren-herz-satiniert-weissgold-750-18-kt\/","title":{"rendered":"Anh\u00e4nger mit Herzgravur, satiniert aus Wei\u00dfgold 750\/18 ct."},"content":{"rendered":"<p>Entdecken Sie zeitlose Eleganz mit unserem herzf\u00f6rmigen Gravurplattenanh\u00e4nger, einem exquisiten St\u00fcck aus satiniertem 750\/18 ct Wei\u00dfgold. Dieses zarte Schmuckst\u00fcck vereint den romantischen Charme eines Herzens mit einer anspruchsvollen Verarbeitung und ist das perfekte Accessoire, um Ihre wertvollsten Gef\u00fchle auszudr\u00fccken. Die au\u00dfergew\u00f6hnliche Qualit\u00e4t des 750\/18 ct Wei\u00dfgoldes verleiht diesem Anh\u00e4nger eine lange Lebensdauer. Personalisieren Sie ihn mit einer bedeutungsvollen Nachricht, einem besonderen Datum oder einem Namen und machen Sie ihn so zu einem einzigartigen und pers\u00f6nlichen Schmuckst\u00fcck. Zeigen Sie Ihren Stil und Ihre Liebe mit diesem auff\u00e4lligen Anh\u00e4nger, der in unserem Online-Schmuckgesch\u00e4ft erh\u00e4ltlich ist.    <\/p>\n","protected":false},"excerpt":{"rendered":"<p>Entdecken Sie zeitlose Eleganz mit unserem herzf\u00f6rmigen Gravurplattenanh\u00e4nger, einem exquisiten St\u00fcck aus satiniertem 750\/18 ct Wei\u00dfgold. Dieses zarte Schmuckst\u00fcck vereint den romantischen Charme eines Herzens mit einer anspruchsvollen Verarbeitung und ist das perfekte Accessoire, um Ihre wertvollsten Gef\u00fchle auszudr\u00fccken. Die au\u00dfergew\u00f6hnliche Qualit\u00e4t des 750\/18 ct Wei\u00dfgoldes verleiht diesem Anh\u00e4nger eine lange Lebensdauer. Personalisieren Sie ihn &#8230; <a title=\"Anh\u00e4nger mit Herzgravur, satiniert aus Wei\u00dfgold 750\/18 ct.\" class=\"read-more\" href=\"https:\/\/lediamant.ch\/de\/schmuck\/118873-anhaenger-zum-gravieren-herz-satiniert-weissgold-750-18-kt\/\" aria-label=\"Mehr Informationen \u00fcber Anh\u00e4nger mit Herzgravur, satiniert aus Wei\u00dfgold 750\/18 ct.\">Weiterlesen &#8230;<\/a><\/p>\n","protected":false},"featured_media":118869,"template":"","meta":{"_acf_changed":false,"_seopress_robots_primary_cat":"27280","_seopress_titles_title":"","_seopress_titles_desc":"","_seopress_robots_index":""},"brand":[27089],"product_brand":[],"product_cat":[27213,27251,27125,27281,27121,27147,27153,27135],"product_tag":[],"class_list":{"0":"post-118873","1":"product","2":"type-product","3":"status-publish","4":"has-post-thumbnail","6":"brand-gold-jewellery-de","7":"product_cat-auswahl-fuer-ihn-de","8":"product_cat-auswahl-fuer-sie-de","9":"product_cat-geschenkideen","10":"product_cat-herz-anhanger","11":"product_cat-schmuck","12":"product_cat-text-vorne-hinten","13":"product_cat-valentinstag-de","14":"product_cat-zum-gravieren","15":"pa_garantie-12monate","16":"pa_genre-frau","17":"pa_genre-kind","18":"pa_genre-mann","19":"pa_matiere-75018ktweissgold","20":"pa_motif-herzen","21":"sales-flash-overlay","22":"woocommerce-text-align-center","23":"woocommerce-image-align-center","24":"do-quantity-buttons","26":"first","27":"instock","28":"taxable","29":"shipping-taxable","30":"purchasable","31":"product-type-simple"},"acf":[],"_links":{"self":[{"href":"https:\/\/lediamant.ch\/de\/wp-json\/wp\/v2\/product\/118873","targetHints":{"allow":["GET"]}}],"collection":[{"href":"https:\/\/lediamant.ch\/de\/wp-json\/wp\/v2\/product"}],"about":[{"href":"https:\/\/lediamant.ch\/de\/wp-json\/wp\/v2\/types\/product"}],"wp:featuredmedia":[{"embeddable":true,"href":"https:\/\/lediamant.ch\/de\/wp-json\/wp\/v2\/media\/118869"}],"wp:attachment":[{"href":"https:\/\/lediamant.ch\/de\/wp-json\/wp\/v2\/media?parent=118873"}],"wp:term":[{"taxonomy":"brand","embeddable":true,"href":"https:\/\/lediamant.ch\/de\/wp-json\/wp\/v2\/brand?post=118873"},{"taxonomy":"product_brand","embeddable":true,"href":"https:\/\/lediamant.ch\/de\/wp-json\/wp\/v2\/product_brand?post=118873"},{"taxonomy":"product_cat","embeddable":true,"href":"https:\/\/lediamant.ch\/de\/wp-json\/wp\/v2\/product_cat?post=118873"},{"taxonomy":"product_tag","embeddable":true,"href":"https:\/\/lediamant.ch\/de\/wp-json\/wp\/v2\/product_tag?post=118873"}],"curies":[{"name":"wp","href":"https:\/\/api.w.org\/{rel}","templated":true}]}}