{"id":118891,"date":"2020-03-16T11:29:34","date_gmt":"2020-03-16T10:29:34","guid":{"rendered":"https:\/\/lediamant.ch\/produit\/schmuck-de\/anhanger-de\/medaillen-de\/ovaler-medaillonanhaenger-fuer-fotos-satiniert-weissgold-75018-ct\/"},"modified":"2026-01-21T17:35:50","modified_gmt":"2026-01-21T16:35:50","slug":"anhaenger-medaillon-oval-fuer-foto-satinee-weissgold-75018-ct","status":"publish","type":"product","link":"https:\/\/lediamant.ch\/de\/schmuck\/118891-ovaler-medaillonanhaenger-fuer-fotos-satiniert-weissgold-75018-ct\/","title":{"rendered":"Ovaler Medaillonanh\u00e4nger f\u00fcr Fotos, satiniert, Wei\u00dfgold 750\/18 ct."},"content":{"rendered":"","protected":false},"excerpt":{"rendered":"","protected":false},"featured_media":118887,"template":"","meta":{"_acf_changed":false,"_seopress_robots_primary_cat":"27314","_seopress_titles_title":"","_seopress_titles_desc":"","_seopress_robots_index":""},"brand":[27089],"product_brand":[],"product_cat":[27315,27121],"product_tag":[],"class_list":{"0":"post-118891","1":"product","2":"type-product","3":"status-publish","4":"has-post-thumbnail","6":"brand-gold-jewellery-de","7":"product_cat-medaillen","8":"product_cat-schmuck","9":"pa_garantie-12monate","10":"pa_genre-frau","11":"pa_matiere-75018ktweissgold","12":"sales-flash-overlay","13":"woocommerce-text-align-center","14":"woocommerce-image-align-center","15":"do-quantity-buttons","17":"first","18":"instock","19":"taxable","20":"shipping-taxable","21":"purchasable","22":"product-type-simple"},"acf":[],"_links":{"self":[{"href":"https:\/\/lediamant.ch\/de\/wp-json\/wp\/v2\/product\/118891","targetHints":{"allow":["GET"]}}],"collection":[{"href":"https:\/\/lediamant.ch\/de\/wp-json\/wp\/v2\/product"}],"about":[{"href":"https:\/\/lediamant.ch\/de\/wp-json\/wp\/v2\/types\/product"}],"wp:featuredmedia":[{"embeddable":true,"href":"https:\/\/lediamant.ch\/de\/wp-json\/wp\/v2\/media\/118887"}],"wp:attachment":[{"href":"https:\/\/lediamant.ch\/de\/wp-json\/wp\/v2\/media?parent=118891"}],"wp:term":[{"taxonomy":"brand","embeddable":true,"href":"https:\/\/lediamant.ch\/de\/wp-json\/wp\/v2\/brand?post=118891"},{"taxonomy":"product_brand","embeddable":true,"href":"https:\/\/lediamant.ch\/de\/wp-json\/wp\/v2\/product_brand?post=118891"},{"taxonomy":"product_cat","embeddable":true,"href":"https:\/\/lediamant.ch\/de\/wp-json\/wp\/v2\/product_cat?post=118891"},{"taxonomy":"product_tag","embeddable":true,"href":"https:\/\/lediamant.ch\/de\/wp-json\/wp\/v2\/product_tag?post=118891"}],"curies":[{"name":"wp","href":"https:\/\/api.w.org\/{rel}","templated":true}]}}