{"id":119221,"date":"2020-03-16T11:31:09","date_gmt":"2020-03-16T10:31:09","guid":{"rendered":"https:\/\/lediamant.ch\/produit\/schmuck-de\/anhanger-de\/solitaer-de\/solitaeranhaenger-weissgold-75018ct-6-krappen-diamant-h-si-033ct\/"},"modified":"2025-03-26T18:08:24","modified_gmt":"2025-03-26T17:08:24","slug":"pendentif-solitaire-or-blanc-75018ct-6-griffes-diamant-h-si-033ct","status":"publish","type":"product","link":"https:\/\/lediamant.ch\/de\/schmuck\/119221-solitaeranhaenger-weissgold-75018ct-6-krappen-diamant-h-si-033ct\/","title":{"rendered":"Solit\u00e4ranh\u00e4nger aus Wei\u00dfgold 750\/18ct. 6 Krappen, Diamant H SI 0.33ct."},"content":{"rendered":"","protected":false},"excerpt":{"rendered":"","protected":false},"featured_media":119219,"template":"","meta":{"_acf_changed":false,"_seopress_robots_primary_cat":"27256","_seopress_titles_title":"","_seopress_titles_desc":"","_seopress_robots_index":""},"brand":[27089],"product_brand":[],"product_cat":[27155,27121,27257],"product_tag":[],"class_list":{"0":"post-119221","1":"product","2":"type-product","3":"status-publish","4":"has-post-thumbnail","6":"brand-gold-jewellery-de","7":"product_cat-anhanger","8":"product_cat-schmuck","9":"product_cat-solitar-anhanger","10":"pa_garantie-12monate","11":"pa_genre-frau","12":"pa_matiere-75018ktweissgold","13":"pa_pierres-diamant-de","14":"sales-flash-overlay","15":"woocommerce-text-align-center","16":"woocommerce-image-align-center","17":"do-quantity-buttons","19":"first","20":"instock","21":"taxable","22":"shipping-taxable","23":"purchasable","24":"product-type-simple"},"acf":[],"_links":{"self":[{"href":"https:\/\/lediamant.ch\/de\/wp-json\/wp\/v2\/product\/119221","targetHints":{"allow":["GET"]}}],"collection":[{"href":"https:\/\/lediamant.ch\/de\/wp-json\/wp\/v2\/product"}],"about":[{"href":"https:\/\/lediamant.ch\/de\/wp-json\/wp\/v2\/types\/product"}],"wp:featuredmedia":[{"embeddable":true,"href":"https:\/\/lediamant.ch\/de\/wp-json\/wp\/v2\/media\/119219"}],"wp:attachment":[{"href":"https:\/\/lediamant.ch\/de\/wp-json\/wp\/v2\/media?parent=119221"}],"wp:term":[{"taxonomy":"brand","embeddable":true,"href":"https:\/\/lediamant.ch\/de\/wp-json\/wp\/v2\/brand?post=119221"},{"taxonomy":"product_brand","embeddable":true,"href":"https:\/\/lediamant.ch\/de\/wp-json\/wp\/v2\/product_brand?post=119221"},{"taxonomy":"product_cat","embeddable":true,"href":"https:\/\/lediamant.ch\/de\/wp-json\/wp\/v2\/product_cat?post=119221"},{"taxonomy":"product_tag","embeddable":true,"href":"https:\/\/lediamant.ch\/de\/wp-json\/wp\/v2\/product_tag?post=119221"}],"curies":[{"name":"wp","href":"https:\/\/api.w.org\/{rel}","templated":true}]}}