{"id":119378,"date":"2020-03-16T11:31:42","date_gmt":"2020-03-16T10:31:42","guid":{"rendered":"https:\/\/lediamant.ch\/produit\/schmuck-de\/armschmuck-de\/id-armband-de\/bebe-bracelet-panzer-geschliffen-weissgold-75014-kt-14-cm\/"},"modified":"2026-01-09T14:54:11","modified_gmt":"2026-01-09T13:54:11","slug":"bracelet-d-identite-enfant-gourmette-limee-or-blanc-750-18-ct","status":"publish","type":"product","link":"https:\/\/lediamant.ch\/de\/zum-gravieren\/119378-bebe-bracelet-panzer-geschliffen-weissgold-750-18-kt-oval-bbe2001\/","title":{"rendered":"Identit\u00e4ts-Gurmetarmband aus Wei\u00dfgold 750\/18 ct. Oval"},"content":{"rendered":"<p>Dieses bezaubernde Identit\u00e4tsarmband f\u00fcr Kinder ist ein hochwertiges Schmuckst\u00fcck, das sorgf\u00e4ltig aus 750\/18 ct Wei\u00dfgold gefertigt wurde. Es ist mit einem zarten, gefeilten Band versehen, das dem Design einen Hauch von subtiler Eleganz verleiht. Dieses Armband eignet sich perfekt als Geschenk zur Geburt oder Taufe und ist nicht nur ein wertvolles Schmuckst\u00fcck, sondern auch eine bleibende Erinnerung. Die Gr\u00f6\u00dfe des Armbandes kann angepasst werden, um das Kind \u00fcber die Jahre zu begleiten.   <\/p>\n","protected":false},"excerpt":{"rendered":"<p>Dieses bezaubernde Identit\u00e4tsarmband f\u00fcr Kinder ist ein hochwertiges Schmuckst\u00fcck, das sorgf\u00e4ltig aus 750\/18 ct Wei\u00dfgold gefertigt wurde. Es ist mit einem zarten, gefeilten Band versehen, das dem Design einen Hauch von subtiler Eleganz verleiht. Dieses Armband eignet sich perfekt als Geschenk zur Geburt oder Taufe und ist nicht nur ein wertvolles Schmuckst\u00fcck, sondern auch eine &#8230; <a title=\"Identit\u00e4ts-Gurmetarmband aus Wei\u00dfgold 750\/18 ct. Oval\" class=\"read-more\" href=\"https:\/\/lediamant.ch\/de\/zum-gravieren\/119378-bebe-bracelet-panzer-geschliffen-weissgold-750-18-kt-oval-bbe2001\/\" aria-label=\"Mehr Informationen \u00fcber Identit\u00e4ts-Gurmetarmband aus Wei\u00dfgold 750\/18 ct. Oval\">Weiterlesen &#8230;<\/a><\/p>\n","protected":false},"featured_media":216119,"template":"","meta":{"_acf_changed":false,"_seopress_robots_primary_cat":"27150","_seopress_titles_title":"%%post_title%%","_seopress_titles_desc":"Entdecken Sie unser Identit\u00e4tsarmband f\u00fcr Kinder aus 18 Karat Wei\u00dfgold, das sich perfekt als Geschenk zur Geburt oder Taufe eignet. Das Design ist elegant und verstellbar. ","_seopress_robots_index":""},"brand":[27089],"product_brand":[],"product_cat":[27151,27121,27147,27135],"product_tag":[],"class_list":{"0":"post-119378","1":"product","2":"type-product","3":"status-publish","4":"has-post-thumbnail","6":"brand-gold-jewellery-de","7":"product_cat-bebe-bracelet","8":"product_cat-schmuck","9":"product_cat-text-vorne-hinten","10":"product_cat-zum-gravieren","11":"pa_garantie-12monate","12":"pa_genre-kind","13":"pa_largeur-19-mm","14":"pa_longueurdechaine-12_14cm-de","15":"pa_matiere-75018ktweissgold","16":"sales-flash-overlay","17":"woocommerce-text-align-center","18":"woocommerce-image-align-center","19":"do-quantity-buttons","21":"first","22":"instock","23":"taxable","24":"shipping-taxable","25":"purchasable","26":"product-type-simple"},"acf":[],"_links":{"self":[{"href":"https:\/\/lediamant.ch\/de\/wp-json\/wp\/v2\/product\/119378","targetHints":{"allow":["GET"]}}],"collection":[{"href":"https:\/\/lediamant.ch\/de\/wp-json\/wp\/v2\/product"}],"about":[{"href":"https:\/\/lediamant.ch\/de\/wp-json\/wp\/v2\/types\/product"}],"wp:featuredmedia":[{"embeddable":true,"href":"https:\/\/lediamant.ch\/de\/wp-json\/wp\/v2\/media\/216119"}],"wp:attachment":[{"href":"https:\/\/lediamant.ch\/de\/wp-json\/wp\/v2\/media?parent=119378"}],"wp:term":[{"taxonomy":"brand","embeddable":true,"href":"https:\/\/lediamant.ch\/de\/wp-json\/wp\/v2\/brand?post=119378"},{"taxonomy":"product_brand","embeddable":true,"href":"https:\/\/lediamant.ch\/de\/wp-json\/wp\/v2\/product_brand?post=119378"},{"taxonomy":"product_cat","embeddable":true,"href":"https:\/\/lediamant.ch\/de\/wp-json\/wp\/v2\/product_cat?post=119378"},{"taxonomy":"product_tag","embeddable":true,"href":"https:\/\/lediamant.ch\/de\/wp-json\/wp\/v2\/product_tag?post=119378"}],"curies":[{"name":"wp","href":"https:\/\/api.w.org\/{rel}","templated":true}]}}