{"id":119523,"date":"2020-03-16T11:31:56","date_gmt":"2020-03-16T10:31:56","guid":{"rendered":"https:\/\/lediamant.ch\/produit\/schmuck-de\/armschmuck-de\/id-armband-de\/bebe-bracelet-panzer-diamantiert-weissgold-750-mit-mit-herzanhaenger-gravurplatte-rechtecking-lang\/"},"modified":"2026-01-09T14:42:47","modified_gmt":"2026-01-09T13:42:47","slug":"kinderarmband-figaro-diamant-gold-weiss-75018-ct-mit-herzanhaenger-rechteckiges-plaettchen-lang-14cm","status":"publish","type":"product","link":"https:\/\/lediamant.ch\/de\/schmuck\/119523-bebe-bracelet-panzer-diamantiert-weissgold-750-mit-mit-herzanhaenger-gravurplatte-rechtecking-lang\/","title":{"rendered":"Figaro-Identit\u00e4tsarmband, 750\/18 Kt Wei\u00dfgold, Herzanh\u00e4nger, rechteckiges Pl\u00e4ttchen, 14cm"},"content":{"rendered":"","protected":false},"excerpt":{"rendered":"","protected":false},"featured_media":119517,"template":"","meta":{"_acf_changed":false,"_seopress_robots_primary_cat":"27150","_seopress_titles_title":"","_seopress_titles_desc":"","_seopress_robots_index":""},"brand":[27089],"product_brand":[],"product_cat":[27151,27121,27147,27135],"product_tag":[],"class_list":{"0":"post-119523","1":"product","2":"type-product","3":"status-publish","4":"has-post-thumbnail","6":"brand-gold-jewellery-de","7":"product_cat-bebe-bracelet","8":"product_cat-schmuck","9":"product_cat-text-vorne-hinten","10":"product_cat-zum-gravieren","11":"pa_garantie-12monate","12":"pa_genre-kind","13":"pa_largeur-1-7-mm","14":"pa_matiere-75018ktweissgold","15":"sales-flash-overlay","16":"woocommerce-text-align-center","17":"woocommerce-image-align-center","18":"do-quantity-buttons","20":"first","21":"instock","22":"taxable","23":"shipping-taxable","24":"purchasable","25":"product-type-simple"},"acf":[],"_links":{"self":[{"href":"https:\/\/lediamant.ch\/de\/wp-json\/wp\/v2\/product\/119523","targetHints":{"allow":["GET"]}}],"collection":[{"href":"https:\/\/lediamant.ch\/de\/wp-json\/wp\/v2\/product"}],"about":[{"href":"https:\/\/lediamant.ch\/de\/wp-json\/wp\/v2\/types\/product"}],"wp:featuredmedia":[{"embeddable":true,"href":"https:\/\/lediamant.ch\/de\/wp-json\/wp\/v2\/media\/119517"}],"wp:attachment":[{"href":"https:\/\/lediamant.ch\/de\/wp-json\/wp\/v2\/media?parent=119523"}],"wp:term":[{"taxonomy":"brand","embeddable":true,"href":"https:\/\/lediamant.ch\/de\/wp-json\/wp\/v2\/brand?post=119523"},{"taxonomy":"product_brand","embeddable":true,"href":"https:\/\/lediamant.ch\/de\/wp-json\/wp\/v2\/product_brand?post=119523"},{"taxonomy":"product_cat","embeddable":true,"href":"https:\/\/lediamant.ch\/de\/wp-json\/wp\/v2\/product_cat?post=119523"},{"taxonomy":"product_tag","embeddable":true,"href":"https:\/\/lediamant.ch\/de\/wp-json\/wp\/v2\/product_tag?post=119523"}],"curies":[{"name":"wp","href":"https:\/\/api.w.org\/{rel}","templated":true}]}}