{"id":119671,"date":"2020-03-16T11:32:36","date_gmt":"2020-03-16T10:32:36","guid":{"rendered":"https:\/\/lediamant.ch\/produit\/schmuck-de\/armschmuck-de\/armband-aus-gold-de\/figaro-armband-aus-750-weissgold-ca-45-mm\/"},"modified":"2025-02-07T15:29:42","modified_gmt":"2025-02-07T14:29:42","slug":"figaro-armband-aus-750-weissgold-ca-45-mm","status":"publish","type":"product","link":"https:\/\/lediamant.ch\/de\/schmuck\/119671-figaro-armband-weissgold-750-18-kt-4-5-mm-bfi2007\/","title":{"rendered":"Figaro Armband Wei\u00dfgold 750\/18 Kt. ca. 4,5 mm"},"content":{"rendered":"<p>Entdecken Sie die ultimative Raffinesse mit unserem Figaro-Armband aus 750\/18 kt Wei\u00dfgold mit einer Breite von ca. 4,5 mm. Dieses klassische Schmuckst\u00fcck von zeitloser Eleganz wurde aus hochwertigem Wei\u00dfgold gefertigt und bietet einen au\u00dfergew\u00f6hnlichen Glanz und Haltbarkeit. Sein Figaro-Design, bei dem sich lange und kurze Glieder abwechseln, verleiht Ihrem Handgelenk einen Hauch von Raffinesse. Sie ist die perfekte Wahl f\u00fcr alle, die Wert auf unaufdringliche Eleganz und h\u00f6chste Qualit\u00e4t legen.<br \/>\n*** \u00dcbersetzt mit www.DeepL.com\/Translator (kostenlose Version) ***<\/p>\n<p>&nbsp;<\/p>\n","protected":false},"excerpt":{"rendered":"<p>Entdecken Sie die ultimative Raffinesse mit unserem Figaro-Armband aus 750\/18 kt Wei\u00dfgold mit einer Breite von ca. 4,5 mm. Dieses klassische Schmuckst\u00fcck von zeitloser Eleganz wurde aus hochwertigem Wei\u00dfgold gefertigt und bietet einen au\u00dfergew\u00f6hnlichen Glanz und Haltbarkeit. Sein Figaro-Design, bei dem sich lange und kurze Glieder abwechseln, verleiht Ihrem Handgelenk einen Hauch von Raffinesse. Sie &#8230; <a title=\"Figaro Armband Wei\u00dfgold 750\/18 Kt. ca. 4,5 mm\" class=\"read-more\" href=\"https:\/\/lediamant.ch\/de\/schmuck\/119671-figaro-armband-weissgold-750-18-kt-4-5-mm-bfi2007\/\" aria-label=\"Mehr Informationen \u00fcber Figaro Armband Wei\u00dfgold 750\/18 Kt. ca. 4,5 mm\">Weiterlesen &#8230;<\/a><\/p>\n","protected":false},"featured_media":214623,"template":"","meta":{"_acf_changed":false,"_seopress_robots_primary_cat":"27239","_seopress_titles_title":"%%post_title%%","_seopress_titles_desc":"Entdecken Sie zeitlose Eleganz mit unserem exquisiten Figaro-Armband aus 18 kt Wei\u00dfgold. Ein Symbol f\u00fcr Raffinesse und Qualit\u00e4t.","_seopress_robots_index":""},"brand":[27089],"product_brand":[],"product_cat":[27175,27239,27121],"product_tag":[],"class_list":{"0":"post-119671","1":"product","2":"type-product","3":"status-publish","4":"has-post-thumbnail","6":"brand-gold-jewellery-de","7":"product_cat-armschmuck","8":"product_cat-goldarmbander","9":"product_cat-schmuck","10":"pa_garantie-12monate","11":"pa_genre-frau","12":"pa_genre-mann","13":"pa_largeur-4-5-mm","14":"pa_longueurdechaine-19cm-de","15":"pa_longueurdechaine-22cm-de","16":"pa_matiere-75018ktweissgold","17":"sales-flash-overlay","18":"woocommerce-text-align-center","19":"woocommerce-image-align-center","20":"do-quantity-buttons","22":"first","23":"instock","24":"taxable","25":"shipping-taxable","26":"purchasable","27":"product-type-variable","28":"has-default-attributes"},"acf":[],"_links":{"self":[{"href":"https:\/\/lediamant.ch\/de\/wp-json\/wp\/v2\/product\/119671","targetHints":{"allow":["GET"]}}],"collection":[{"href":"https:\/\/lediamant.ch\/de\/wp-json\/wp\/v2\/product"}],"about":[{"href":"https:\/\/lediamant.ch\/de\/wp-json\/wp\/v2\/types\/product"}],"wp:featuredmedia":[{"embeddable":true,"href":"https:\/\/lediamant.ch\/de\/wp-json\/wp\/v2\/media\/214623"}],"wp:attachment":[{"href":"https:\/\/lediamant.ch\/de\/wp-json\/wp\/v2\/media?parent=119671"}],"wp:term":[{"taxonomy":"brand","embeddable":true,"href":"https:\/\/lediamant.ch\/de\/wp-json\/wp\/v2\/brand?post=119671"},{"taxonomy":"product_brand","embeddable":true,"href":"https:\/\/lediamant.ch\/de\/wp-json\/wp\/v2\/product_brand?post=119671"},{"taxonomy":"product_cat","embeddable":true,"href":"https:\/\/lediamant.ch\/de\/wp-json\/wp\/v2\/product_cat?post=119671"},{"taxonomy":"product_tag","embeddable":true,"href":"https:\/\/lediamant.ch\/de\/wp-json\/wp\/v2\/product_tag?post=119671"}],"curies":[{"name":"wp","href":"https:\/\/api.w.org\/{rel}","templated":true}]}}