{"id":120038,"date":"2020-03-16T11:33:24","date_gmt":"2020-03-16T10:33:24","guid":{"rendered":"https:\/\/lediamant.ch\/produit\/schmuck-de\/ketten-de\/anker-de\/750-weissgold-limitierte-forcat-kette-ca-50-mm\/"},"modified":"2024-11-08T17:28:18","modified_gmt":"2024-11-08T16:28:18","slug":"forcat-limee-or-gris-750-env-50mm","status":"publish","type":"product","link":"https:\/\/lediamant.ch\/de\/schmuck\/120038-anker-kette-weissgold-750-18-kt-ca-5-mm-can2024\/","title":{"rendered":"Anker-Kette Wei\u00dfgold 750\/18 Kt. ca. 5,0 mm"},"content":{"rendered":"<p>Wundersch\u00f6ne Anker Kette, hergestellt aus hochwertigem 750\/18 kt Wei\u00dfgold. Die Kette ist 5 mm breit, was sie sowohl zart als auch bemerkenswert macht. Das Anker Kette Design hebt die gleichm\u00e4\u00dfigen, polierten Glieder hervor, die bei jeder Bewegung einen subtilen Glanz verleihen. Diese Kette ist ein vielseitiges St\u00fcck, das allein f\u00fcr ein minimalistisches Stilbekenntnis getragen werden kann oder mit einem Anh\u00e4nger f\u00fcr einen individuellen Look kombiniert werden kann. Ein zeitloses Schmuckst\u00fcck, das jedem Outfit einen Hauch von Eleganz verleiht.<\/p>\n","protected":false},"excerpt":{"rendered":"<p>Wundersch\u00f6ne Anker Kette, hergestellt aus hochwertigem 750\/18 kt Wei\u00dfgold. Die Kette ist 5 mm breit, was sie sowohl zart als auch bemerkenswert macht. Das Anker Kette Design hebt die gleichm\u00e4\u00dfigen, polierten Glieder hervor, die bei jeder Bewegung einen subtilen Glanz verleihen. Diese Kette ist ein vielseitiges St\u00fcck, das allein f\u00fcr ein minimalistisches Stilbekenntnis getragen werden &#8230; <a title=\"Anker-Kette Wei\u00dfgold 750\/18 Kt. ca. 5,0 mm\" class=\"read-more\" href=\"https:\/\/lediamant.ch\/de\/schmuck\/120038-anker-kette-weissgold-750-18-kt-ca-5-mm-can2024\/\" aria-label=\"Mehr Informationen \u00fcber Anker-Kette Wei\u00dfgold 750\/18 Kt. ca. 5,0 mm\">Weiterlesen &#8230;<\/a><\/p>\n","protected":false},"featured_media":214620,"template":"","meta":{"_acf_changed":false,"_seopress_robots_primary_cat":"27183","_seopress_titles_title":"%%post_title%%","_seopress_titles_desc":"","_seopress_robots_index":""},"brand":[27089],"product_brand":[],"product_cat":[27273,27183,27121],"product_tag":[],"class_list":{"0":"post-120038","1":"product","2":"type-product","3":"status-publish","4":"has-post-thumbnail","6":"brand-gold-jewellery-de","7":"product_cat-anker","8":"product_cat-goldketten","9":"product_cat-schmuck","10":"pa_garantie-12monate","11":"pa_genre-frau","12":"pa_genre-mann","13":"pa_largeur-5-mm","14":"pa_longueurdechaine-45cm-de","15":"pa_longueurdechaine-50cm-de","16":"pa_longueurdechaine-60cm-de","17":"pa_matiere-75018ktweissgold","18":"sales-flash-overlay","19":"woocommerce-text-align-center","20":"woocommerce-image-align-center","21":"do-quantity-buttons","23":"first","24":"instock","25":"taxable","26":"shipping-taxable","27":"purchasable","28":"product-type-variable","29":"has-default-attributes"},"acf":[],"_links":{"self":[{"href":"https:\/\/lediamant.ch\/de\/wp-json\/wp\/v2\/product\/120038","targetHints":{"allow":["GET"]}}],"collection":[{"href":"https:\/\/lediamant.ch\/de\/wp-json\/wp\/v2\/product"}],"about":[{"href":"https:\/\/lediamant.ch\/de\/wp-json\/wp\/v2\/types\/product"}],"wp:featuredmedia":[{"embeddable":true,"href":"https:\/\/lediamant.ch\/de\/wp-json\/wp\/v2\/media\/214620"}],"wp:attachment":[{"href":"https:\/\/lediamant.ch\/de\/wp-json\/wp\/v2\/media?parent=120038"}],"wp:term":[{"taxonomy":"brand","embeddable":true,"href":"https:\/\/lediamant.ch\/de\/wp-json\/wp\/v2\/brand?post=120038"},{"taxonomy":"product_brand","embeddable":true,"href":"https:\/\/lediamant.ch\/de\/wp-json\/wp\/v2\/product_brand?post=120038"},{"taxonomy":"product_cat","embeddable":true,"href":"https:\/\/lediamant.ch\/de\/wp-json\/wp\/v2\/product_cat?post=120038"},{"taxonomy":"product_tag","embeddable":true,"href":"https:\/\/lediamant.ch\/de\/wp-json\/wp\/v2\/product_tag?post=120038"}],"curies":[{"name":"wp","href":"https:\/\/api.w.org\/{rel}","templated":true}]}}