{"id":120663,"date":"2020-03-16T11:35:02","date_gmt":"2020-03-16T10:35:02","guid":{"rendered":"https:\/\/lediamant.ch\/produit\/schmuck-de\/ketten-de\/venezianer-de\/venezianerkette-diamantiert-75018-kt-weissgold-ca-06-mm\/"},"modified":"2025-10-03T08:08:47","modified_gmt":"2025-10-03T06:08:47","slug":"chaine-venitienne-diamantee-or-blanc-75018-ct-env-06-mm","status":"publish","type":"product","link":"https:\/\/lediamant.ch\/de\/schmuck\/120663-venezianerkette-diamantiert-75018-kt-weissgold-ca-06-mm\/","title":{"rendered":"Venezianische Diamantkette, Wei\u00dfgold 750\/18 ct, ca. 0,6 mm"},"content":{"rendered":"","protected":false},"excerpt":{"rendered":"","protected":false},"featured_media":120653,"template":"","meta":{"_acf_changed":false,"_seopress_robots_primary_cat":"27182","_seopress_titles_title":"","_seopress_titles_desc":"Entdecken Sie unsere Venezianische Diamantkette aus Wei\u00dfgold 750\/18 ct. Ein raffiniertes St\u00fcck f\u00fcr Ihre zeitlose Eleganz. Perfekt f\u00fcr jeden Anlass.  ","_seopress_robots_index":""},"brand":[27089],"product_brand":[],"product_cat":[27121,27183,27249],"product_tag":[],"class_list":{"0":"post-120663","1":"product","2":"type-product","3":"status-publish","4":"has-post-thumbnail","6":"brand-gold-jewellery-de","7":"product_cat-schmuck","8":"product_cat-goldketten","9":"product_cat-venezianer","10":"pa_garantie-12monate","11":"pa_genre-frau","12":"pa_genre-kind","13":"pa_genre-mann","14":"pa_longueurdechaine-38cm-de","15":"pa_longueurdechaine-40cm-de","16":"pa_longueurdechaine-42cm-de","17":"pa_longueurdechaine-45cm-de","18":"pa_longueurdechaine-50cm-de","19":"pa_longueurdechaine-60cm-de","20":"pa_matiere-75018ktweissgold","21":"sales-flash-overlay","22":"woocommerce-text-align-center","23":"woocommerce-image-align-center","24":"do-quantity-buttons","26":"first","27":"instock","28":"taxable","29":"shipping-taxable","30":"purchasable","31":"product-type-variable","32":"has-default-attributes"},"acf":[],"_links":{"self":[{"href":"https:\/\/lediamant.ch\/de\/wp-json\/wp\/v2\/product\/120663","targetHints":{"allow":["GET"]}}],"collection":[{"href":"https:\/\/lediamant.ch\/de\/wp-json\/wp\/v2\/product"}],"about":[{"href":"https:\/\/lediamant.ch\/de\/wp-json\/wp\/v2\/types\/product"}],"wp:featuredmedia":[{"embeddable":true,"href":"https:\/\/lediamant.ch\/de\/wp-json\/wp\/v2\/media\/120653"}],"wp:attachment":[{"href":"https:\/\/lediamant.ch\/de\/wp-json\/wp\/v2\/media?parent=120663"}],"wp:term":[{"taxonomy":"brand","embeddable":true,"href":"https:\/\/lediamant.ch\/de\/wp-json\/wp\/v2\/brand?post=120663"},{"taxonomy":"product_brand","embeddable":true,"href":"https:\/\/lediamant.ch\/de\/wp-json\/wp\/v2\/product_brand?post=120663"},{"taxonomy":"product_cat","embeddable":true,"href":"https:\/\/lediamant.ch\/de\/wp-json\/wp\/v2\/product_cat?post=120663"},{"taxonomy":"product_tag","embeddable":true,"href":"https:\/\/lediamant.ch\/de\/wp-json\/wp\/v2\/product_tag?post=120663"}],"curies":[{"name":"wp","href":"https:\/\/api.w.org\/{rel}","templated":true}]}}