{"id":121646,"date":"2024-11-18T13:50:32","date_gmt":"2024-11-18T12:50:32","guid":{"rendered":"https:\/\/lediamant.ch\/?post_type=product&#038;p=121646"},"modified":"2026-01-15T15:02:39","modified_gmt":"2026-01-15T14:02:39","slug":"identitatsarmband-fur-kinder-in-gelbgold-3759ct-mit-ovalplattchen","status":"publish","type":"product","link":"https:\/\/lediamant.ch\/de\/schmuck\/121646-bebe-bracelet-panzer-geschliffen-gelbgold-375-9-kt-mit-gravurplatte-oval\/","title":{"rendered":"Identit\u00e4tsarmband, 375\/9ct Gelbgold, ovales Pl\u00e4ttchen"},"content":{"rendered":"<p>Dieses elegante Identit\u00e4tsarmband f\u00fcr Kinder ist aus 375\/9 ct Gelbgold gefertigt. Es hat ein ovales Pl\u00e4ttchen, das ideal f\u00fcr die Gravur eines Vornamens ist und dieses Schmuckst\u00fcck einzigartig und pers\u00f6nlich macht. Das Armband ist mit einer zarten Gourmetkette versehen, die f\u00fcr einen bequemen und sicheren Sitz sorgt. Perfekt f\u00fcr ein Geburtstagsgeschenk, eine besondere Feier oder einfach als Ausdruck Ihrer Zuneigung.   <\/p>\n","protected":false},"excerpt":{"rendered":"<p>Dieses elegante Identit\u00e4tsarmband f\u00fcr Kinder ist aus 375\/9 ct Gelbgold gefertigt. Es hat ein ovales Pl\u00e4ttchen, das ideal f\u00fcr die Gravur eines Vornamens ist und dieses Schmuckst\u00fcck einzigartig und pers\u00f6nlich macht. Das Armband ist mit einer zarten Gourmetkette versehen, die f\u00fcr einen bequemen und sicheren Sitz sorgt. Perfekt f\u00fcr ein Geburtstagsgeschenk, eine besondere Feier oder &#8230; <a title=\"Identit\u00e4tsarmband, 375\/9ct Gelbgold, ovales Pl\u00e4ttchen\" class=\"read-more\" href=\"https:\/\/lediamant.ch\/de\/schmuck\/121646-bebe-bracelet-panzer-geschliffen-gelbgold-375-9-kt-mit-gravurplatte-oval\/\" aria-label=\"Mehr Informationen \u00fcber Identit\u00e4tsarmband, 375\/9ct Gelbgold, ovales Pl\u00e4ttchen\">Weiterlesen &#8230;<\/a><\/p>\n","protected":false},"featured_media":121637,"template":"","meta":{"_acf_changed":false,"_seopress_robots_primary_cat":"27150","_seopress_titles_title":"%%post_title%%","_seopress_titles_desc":"Entdecken Sie dieses Identit\u00e4tsarmband f\u00fcr Kinder aus 375\/9 Karat Gold mit Gravurpl\u00e4ttchen. Ideal f\u00fcr ein einzigartiges und pers\u00f6nliches Geschenk. ","_seopress_robots_index":""},"brand":[27089],"product_brand":[],"product_cat":[27151,27121,27147,27135],"product_tag":[],"class_list":{"0":"post-121646","1":"product","2":"type-product","3":"status-publish","4":"has-post-thumbnail","6":"brand-gold-jewellery-de","7":"product_cat-bebe-bracelet","8":"product_cat-schmuck","9":"product_cat-text-vorne-hinten","10":"product_cat-zum-gravieren","11":"pa_garantie-12monate","12":"pa_genre-kind","13":"pa_largeur-19-mm","14":"pa_longueurdechaine-12_14cm-de","15":"pa_matiere-3759ktgelbgold","16":"sales-flash-overlay","17":"woocommerce-text-align-center","18":"woocommerce-image-align-center","19":"do-quantity-buttons","21":"first","22":"instock","23":"taxable","24":"shipping-taxable","25":"purchasable","26":"product-type-simple"},"acf":[],"_links":{"self":[{"href":"https:\/\/lediamant.ch\/de\/wp-json\/wp\/v2\/product\/121646","targetHints":{"allow":["GET"]}}],"collection":[{"href":"https:\/\/lediamant.ch\/de\/wp-json\/wp\/v2\/product"}],"about":[{"href":"https:\/\/lediamant.ch\/de\/wp-json\/wp\/v2\/types\/product"}],"wp:featuredmedia":[{"embeddable":true,"href":"https:\/\/lediamant.ch\/de\/wp-json\/wp\/v2\/media\/121637"}],"wp:attachment":[{"href":"https:\/\/lediamant.ch\/de\/wp-json\/wp\/v2\/media?parent=121646"}],"wp:term":[{"taxonomy":"brand","embeddable":true,"href":"https:\/\/lediamant.ch\/de\/wp-json\/wp\/v2\/brand?post=121646"},{"taxonomy":"product_brand","embeddable":true,"href":"https:\/\/lediamant.ch\/de\/wp-json\/wp\/v2\/product_brand?post=121646"},{"taxonomy":"product_cat","embeddable":true,"href":"https:\/\/lediamant.ch\/de\/wp-json\/wp\/v2\/product_cat?post=121646"},{"taxonomy":"product_tag","embeddable":true,"href":"https:\/\/lediamant.ch\/de\/wp-json\/wp\/v2\/product_tag?post=121646"}],"curies":[{"name":"wp","href":"https:\/\/api.w.org\/{rel}","templated":true}]}}