{"id":121805,"date":"2024-11-18T13:47:11","date_gmt":"2024-11-18T12:47:11","guid":{"rendered":"https:\/\/lediamant.ch\/?post_type=product&#038;p=121805"},"modified":"2026-01-15T15:02:34","modified_gmt":"2026-01-15T14:02:34","slug":"bracelet-d-identite-figaro-enfants-or-jaune-3759-ct-14cm-plaquette-rectangulaire-longue-avec-coeur-decoupe-et-motif-coeur","status":"publish","type":"product","link":"https:\/\/lediamant.ch\/de\/schmuck\/121805-bebe-bracelet-figaro-gelbgold-3759-kt-14cm-mit-gravurplatte-rechteckig-lang-mit-ausgestanztem-herz-und-herzmotiv\/","title":{"rendered":"Figaro-Identit\u00e4tsarmband, 375\/9 ct Gelbgold, rechteckiges Pl\u00e4ttchen, Herz"},"content":{"rendered":"<p>Dieses elegante Figaro Identit\u00e4tsarmband ist aus 375 \/ 9 ct Gelbgold gefertigt. Es ist 14 cm lang und verf\u00fcgt \u00fcber ein rechteckiges Pl\u00e4ttchen f\u00fcr die Gravur eines Vornamens, was dieses Schmuckst\u00fcck einzigartig und pers\u00f6nlich macht. Das Armband ist au\u00dferdem mit einem kleinen Herz verziert, das einen Hauch von Liebe und Z\u00e4rtlichkeit verleiht.  <\/p>\n","protected":false},"excerpt":{"rendered":"<p>Dieses elegante Figaro Identit\u00e4tsarmband ist aus 375 \/ 9 ct Gelbgold gefertigt. Es ist 14 cm lang und verf\u00fcgt \u00fcber ein rechteckiges Pl\u00e4ttchen f\u00fcr die Gravur eines Vornamens, was dieses Schmuckst\u00fcck einzigartig und pers\u00f6nlich macht. Das Armband ist au\u00dferdem mit einem kleinen Herz verziert, das einen Hauch von Liebe und Z\u00e4rtlichkeit verleiht.<\/p>\n","protected":false},"featured_media":121799,"template":"","meta":{"_acf_changed":false,"_seopress_robots_primary_cat":"27150","_seopress_titles_title":"%%post_title%%","_seopress_titles_desc":"%%post_excerpt%%","_seopress_robots_index":""},"brand":[27089],"product_brand":[],"product_cat":[27151,27121,27147,27135],"product_tag":[],"class_list":{"0":"post-121805","1":"product","2":"type-product","3":"status-publish","4":"has-post-thumbnail","6":"brand-gold-jewellery-de","7":"product_cat-bebe-bracelet","8":"product_cat-schmuck","9":"product_cat-text-vorne-hinten","10":"product_cat-zum-gravieren","11":"pa_garantie-12monate","12":"pa_genre-kind","13":"pa_matiere-3759ktgelbgold","14":"sales-flash-overlay","15":"woocommerce-text-align-center","16":"woocommerce-image-align-center","17":"do-quantity-buttons","19":"first","20":"instock","21":"taxable","22":"shipping-taxable","23":"purchasable","24":"product-type-simple"},"acf":[],"_links":{"self":[{"href":"https:\/\/lediamant.ch\/de\/wp-json\/wp\/v2\/product\/121805","targetHints":{"allow":["GET"]}}],"collection":[{"href":"https:\/\/lediamant.ch\/de\/wp-json\/wp\/v2\/product"}],"about":[{"href":"https:\/\/lediamant.ch\/de\/wp-json\/wp\/v2\/types\/product"}],"wp:featuredmedia":[{"embeddable":true,"href":"https:\/\/lediamant.ch\/de\/wp-json\/wp\/v2\/media\/121799"}],"wp:attachment":[{"href":"https:\/\/lediamant.ch\/de\/wp-json\/wp\/v2\/media?parent=121805"}],"wp:term":[{"taxonomy":"brand","embeddable":true,"href":"https:\/\/lediamant.ch\/de\/wp-json\/wp\/v2\/brand?post=121805"},{"taxonomy":"product_brand","embeddable":true,"href":"https:\/\/lediamant.ch\/de\/wp-json\/wp\/v2\/product_brand?post=121805"},{"taxonomy":"product_cat","embeddable":true,"href":"https:\/\/lediamant.ch\/de\/wp-json\/wp\/v2\/product_cat?post=121805"},{"taxonomy":"product_tag","embeddable":true,"href":"https:\/\/lediamant.ch\/de\/wp-json\/wp\/v2\/product_tag?post=121805"}],"curies":[{"name":"wp","href":"https:\/\/api.w.org\/{rel}","templated":true}]}}