{"id":121914,"date":"2020-03-16T11:40:01","date_gmt":"2020-03-16T10:40:01","guid":{"rendered":"https:\/\/lediamant.ch\/produit\/schmuck-de\/ketten-de\/carrera-de\/carrera-halskette-poliert-375-gelbgold-ca-40-mm\/"},"modified":"2025-10-03T08:07:17","modified_gmt":"2025-10-03T06:07:17","slug":"collier-carrera-poli-or-jaune-375-env-40mm-2","status":"publish","type":"product","link":"https:\/\/lediamant.ch\/de\/schmuck\/121914-carrera-halskette-poliert-375-gelbgold-ca-40-mm\/","title":{"rendered":"Carrera Halskette, poliert, 375\/9 ct Gelbgold, ca. 4,0 mm"},"content":{"rendered":"<p>Diese wundersch\u00f6ne polierte Carrera Halskette ist ein wahres Juwel f\u00fcr Liebhaber von feinem und elegantem Schmuck. Hergestellt aus 375\/9 ct. Gelbgold, misst ca. 4,0 mm, eine perfekte Gr\u00f6\u00dfe, um sowohl diskret als auch auff\u00e4llig zu sein. Es ist ein vielseitiges Schmuckst\u00fcck, das zu jeder Gelegenheit passt, sei es f\u00fcr einen eleganten Abend oder um einem allt\u00e4glichen Outfit einen Hauch von Raffinesse zu verleihen. Es ist ein zeitloses St\u00fcck, das \u00fcber Jahre hinweg in Mode bleiben wird. F\u00fcgen Sie diese polierte Carrera Halskette Ihrer Sammlung hinzu.<\/p>\n","protected":false},"excerpt":{"rendered":"<p>Diese wundersch\u00f6ne polierte Carrera Halskette ist ein wahres Juwel f\u00fcr Liebhaber von feinem und elegantem Schmuck. Hergestellt aus 375\/9 ct. Gelbgold, misst ca. 4,0 mm, eine perfekte Gr\u00f6\u00dfe, um sowohl diskret als auch auff\u00e4llig zu sein. Es ist ein vielseitiges Schmuckst\u00fcck, das zu jeder Gelegenheit passt, sei es f\u00fcr einen eleganten Abend oder um einem &#8230; <a title=\"Carrera Halskette, poliert, 375\/9 ct Gelbgold, ca. 4,0 mm\" class=\"read-more\" href=\"https:\/\/lediamant.ch\/de\/schmuck\/121914-carrera-halskette-poliert-375-gelbgold-ca-40-mm\/\" aria-label=\"Mehr Informationen \u00fcber Carrera Halskette, poliert, 375\/9 ct Gelbgold, ca. 4,0 mm\">Weiterlesen &#8230;<\/a><\/p>\n","protected":false},"featured_media":121909,"template":"","meta":{"_acf_changed":false,"_seopress_robots_primary_cat":"27226","_seopress_titles_title":"%%post_title%%","_seopress_titles_desc":"Entdecken Sie die Carrera Poli Halskette aus Gelbgold, die perfekt f\u00fcr jeden Anlass ist. Ein elegantes und zeitloses Schmuckst\u00fcck f\u00fcr Ihre Sammlung. ","_seopress_robots_index":""},"brand":[27089],"product_brand":[],"product_cat":[27209,27179,27227,27121],"product_tag":[],"class_list":{"0":"post-121914","1":"product","2":"type-product","3":"status-publish","4":"has-post-thumbnail","6":"brand-gold-jewellery-de","7":"product_cat-carrera","8":"product_cat-colliers-de","9":"product_cat-halsketten-gold","10":"product_cat-schmuck","11":"pa_garantie-12monate","12":"pa_genre-frau","13":"pa_genre-mann","14":"pa_longueurdechaine-45cm-de","15":"pa_longueurdechaine-50cm-de","16":"pa_longueurdechaine-60cm-de","17":"pa_matiere-3759ktgelbgold","18":"sales-flash-overlay","19":"woocommerce-text-align-center","20":"woocommerce-image-align-center","21":"do-quantity-buttons","23":"first","24":"instock","25":"taxable","26":"shipping-taxable","27":"purchasable","28":"product-type-variable","29":"has-default-attributes"},"acf":[],"_links":{"self":[{"href":"https:\/\/lediamant.ch\/de\/wp-json\/wp\/v2\/product\/121914","targetHints":{"allow":["GET"]}}],"collection":[{"href":"https:\/\/lediamant.ch\/de\/wp-json\/wp\/v2\/product"}],"about":[{"href":"https:\/\/lediamant.ch\/de\/wp-json\/wp\/v2\/types\/product"}],"wp:featuredmedia":[{"embeddable":true,"href":"https:\/\/lediamant.ch\/de\/wp-json\/wp\/v2\/media\/121909"}],"wp:attachment":[{"href":"https:\/\/lediamant.ch\/de\/wp-json\/wp\/v2\/media?parent=121914"}],"wp:term":[{"taxonomy":"brand","embeddable":true,"href":"https:\/\/lediamant.ch\/de\/wp-json\/wp\/v2\/brand?post=121914"},{"taxonomy":"product_brand","embeddable":true,"href":"https:\/\/lediamant.ch\/de\/wp-json\/wp\/v2\/product_brand?post=121914"},{"taxonomy":"product_cat","embeddable":true,"href":"https:\/\/lediamant.ch\/de\/wp-json\/wp\/v2\/product_cat?post=121914"},{"taxonomy":"product_tag","embeddable":true,"href":"https:\/\/lediamant.ch\/de\/wp-json\/wp\/v2\/product_tag?post=121914"}],"curies":[{"name":"wp","href":"https:\/\/api.w.org\/{rel}","templated":true}]}}