{"id":122418,"date":"2020-03-16T11:41:01","date_gmt":"2020-03-16T10:41:01","guid":{"rendered":"https:\/\/lediamant.ch\/produit\/schmuck-de\/halsketten-de\/halsketten-gold-de\/palmenkette-585-14ct-gelbgold-ca-16-mm\/"},"modified":"2025-10-03T08:06:29","modified_gmt":"2025-10-03T06:06:29","slug":"palmier-or-jaune-585-env-16mm","status":"publish","type":"product","link":"https:\/\/lediamant.ch\/de\/schmuck\/122418-palmenkette-585-14ct-gelbgold-ca-16-mm\/","title":{"rendered":"Palmenkette, 585\/14ct Gelbgold, ca. 1.6 mm"},"content":{"rendered":"<p>Diese elegante Palmenkette ist aus 585\/14 Karat Gelbgold gefertigt und verspricht einen dauerhaften Glanz. Mit einer St\u00e4rke von ca. 1,6 mm ist diese Kette zart und raffiniert und ideal, um Ihrem t\u00e4glichen Outfit einen Hauch von Eleganz zu verleihen oder Ihren Abendlook zu vervollst\u00e4ndigen. Ihr einfaches, aber raffiniertes Design macht sie zu einem vielseitigen Accessoire, das allein oder mit einem Anh\u00e4nger Ihrer Wahl getragen werden kann. Ein zeitloses Schmuckst\u00fcck, das jeder Schmuckkollektion einen Hauch von Luxus verleiht.   <\/p>\n","protected":false},"excerpt":{"rendered":"<p>Diese elegante Palmenkette ist aus 585\/14 Karat Gelbgold gefertigt und verspricht einen dauerhaften Glanz. Mit einer St\u00e4rke von ca. 1,6 mm ist diese Kette zart und raffiniert und ideal, um Ihrem t\u00e4glichen Outfit einen Hauch von Eleganz zu verleihen oder Ihren Abendlook zu vervollst\u00e4ndigen. Ihr einfaches, aber raffiniertes Design macht sie zu einem vielseitigen Accessoire, &#8230; <a title=\"Palmenkette, 585\/14ct Gelbgold, ca. 1.6 mm\" class=\"read-more\" href=\"https:\/\/lediamant.ch\/de\/schmuck\/122418-palmenkette-585-14ct-gelbgold-ca-16-mm\/\" aria-label=\"Mehr Informationen \u00fcber Palmenkette, 585\/14ct Gelbgold, ca. 1.6 mm\">Weiterlesen &#8230;<\/a><\/p>\n","protected":false},"featured_media":122407,"template":"","meta":{"_acf_changed":false,"_seopress_robots_primary_cat":"27226","_seopress_titles_title":"%%post_title%%","_seopress_titles_desc":"Entdecken Sie die Palmenkette aus 14 Karat Gelbgold, die mit ihrer zeitlosen Eleganz jedes Outfit versch\u00f6nert. Bestellen Sie noch heute! ","_seopress_robots_index":""},"brand":[27089],"product_brand":[],"product_cat":[27179,27183,27227,27121,27359],"product_tag":[],"class_list":{"0":"post-122418","1":"product","2":"type-product","3":"status-publish","4":"has-post-thumbnail","6":"brand-gold-jewellery-de","7":"product_cat-colliers-de","8":"product_cat-goldketten","9":"product_cat-halsketten-gold","10":"product_cat-schmuck","11":"product_cat-zopf","12":"pa_garantie-12monate","13":"pa_genre-frau","14":"pa_largeur-1-6-mm","15":"pa_longueurdechaine-38cm-de","16":"pa_longueurdechaine-40cm-de","17":"pa_longueurdechaine-42cm-de","18":"pa_longueurdechaine-45cm-de","19":"pa_longueurdechaine-50cm-de","20":"pa_longueurdechaine-55cm-de","21":"pa_longueurdechaine-60cm-de","22":"pa_matiere-58514ktgelbgold","23":"sales-flash-overlay","24":"woocommerce-text-align-center","25":"woocommerce-image-align-center","26":"do-quantity-buttons","28":"first","29":"instock","30":"taxable","31":"shipping-taxable","32":"purchasable","33":"product-type-variable","34":"has-default-attributes"},"acf":[],"_links":{"self":[{"href":"https:\/\/lediamant.ch\/de\/wp-json\/wp\/v2\/product\/122418","targetHints":{"allow":["GET"]}}],"collection":[{"href":"https:\/\/lediamant.ch\/de\/wp-json\/wp\/v2\/product"}],"about":[{"href":"https:\/\/lediamant.ch\/de\/wp-json\/wp\/v2\/types\/product"}],"wp:featuredmedia":[{"embeddable":true,"href":"https:\/\/lediamant.ch\/de\/wp-json\/wp\/v2\/media\/122407"}],"wp:attachment":[{"href":"https:\/\/lediamant.ch\/de\/wp-json\/wp\/v2\/media?parent=122418"}],"wp:term":[{"taxonomy":"brand","embeddable":true,"href":"https:\/\/lediamant.ch\/de\/wp-json\/wp\/v2\/brand?post=122418"},{"taxonomy":"product_brand","embeddable":true,"href":"https:\/\/lediamant.ch\/de\/wp-json\/wp\/v2\/product_brand?post=122418"},{"taxonomy":"product_cat","embeddable":true,"href":"https:\/\/lediamant.ch\/de\/wp-json\/wp\/v2\/product_cat?post=122418"},{"taxonomy":"product_tag","embeddable":true,"href":"https:\/\/lediamant.ch\/de\/wp-json\/wp\/v2\/product_tag?post=122418"}],"curies":[{"name":"wp","href":"https:\/\/api.w.org\/{rel}","templated":true}]}}