{"id":122977,"date":"2020-03-16T11:43:28","date_gmt":"2020-03-16T10:43:28","guid":{"rendered":"https:\/\/lediamant.ch\/produit\/schmuck-de\/anhanger-de\/engel-anhaenger-de\/engel-anhanger-gelbgold-750-pergament\/"},"modified":"2025-10-03T08:06:29","modified_gmt":"2025-10-03T06:06:29","slug":"engel-anhaenger-gelbgold750-pergament","status":"publish","type":"product","link":"https:\/\/lediamant.ch\/de\/schmuck\/122977-anhaenger-750\/18-kt-gelbgold-schriftrolle-engel\/","title":{"rendered":"Pergamentanh\u00e4nger aus 750\/18 ct Gelbgold, Schutzengel"},"content":{"rendered":"<p>Tauchen Sie ein in zeitlose Eleganz mit unserem Pergamentanh\u00e4nger aus 750\/18ct Gelbgold, der mit einem Schutzengel verziert und aufwendig poliert ist. Mit einer Gr\u00f6\u00dfe von 11 x 10 mm f\u00e4ngt dieses exquisite Schmuckst\u00fcck die Essenz des himmlischen Schutzes in einem fein ziselierten Design ein. Das polierte Finish verleiht ihm einen blendenden Glanz und verleiht Ihrem Stil einen Hauch von Raffinesse. Ob als Symbol f\u00fcr Ihren pers\u00f6nlichen Glauben oder als bedeutungsvolles Geschenk f\u00fcr einen geliebten Menschen, dieser Pergamentanh\u00e4nger ist eine st\u00e4ndige Erinnerung an das g\u00f6ttliche Wohlwollen, das \u00fcber Sie wacht. Tragen Sie ihn mit Stolz und lassen Sie die beruhigende Pr\u00e4senz des Schutzengels Ihren Weg mit Gelassenheit beleuchten.<\/p>\n","protected":false},"excerpt":{"rendered":"<p>Tauchen Sie ein in zeitlose Eleganz mit unserem Pergamentanh\u00e4nger aus 750\/18ct Gelbgold, der mit einem Schutzengel verziert und aufwendig poliert ist. Mit einer Gr\u00f6\u00dfe von 11 x 10 mm f\u00e4ngt dieses exquisite Schmuckst\u00fcck die Essenz des himmlischen Schutzes in einem fein ziselierten Design ein. Das polierte Finish verleiht ihm einen blendenden Glanz und verleiht Ihrem &#8230; <a title=\"Pergamentanh\u00e4nger aus 750\/18 ct Gelbgold, Schutzengel\" class=\"read-more\" href=\"https:\/\/lediamant.ch\/de\/schmuck\/122977-anhaenger-750\/18-kt-gelbgold-schriftrolle-engel\/\" aria-label=\"Mehr Informationen \u00fcber Pergamentanh\u00e4nger aus 750\/18 ct Gelbgold, Schutzengel\">Weiterlesen &#8230;<\/a><\/p>\n","protected":false},"featured_media":210773,"template":"","meta":{"_acf_changed":false,"_seopress_robots_primary_cat":"27370","_seopress_titles_title":"%%post_title%%","_seopress_titles_desc":"Entdecken Sie unseren Pergamentanh\u00e4nger aus 750\/18ct Gelbgold mit einem zart ziselierten Schutzengel. Ein bedeutungsvolles Schmuckst\u00fcck, das an den himmlischen Schutz erinnert.","_seopress_robots_index":""},"brand":[27089],"product_brand":[],"product_cat":[27371,27121,27145,27135],"product_tag":[],"class_list":{"0":"post-122977","1":"product","2":"type-product","3":"status-publish","4":"has-post-thumbnail","6":"brand-gold-jewellery-de","7":"product_cat-engel-anhanger","8":"product_cat-schmuck","9":"product_cat-text-hinten","10":"product_cat-zum-gravieren","11":"pa_dimensions-10-x-11-mm-de","12":"pa_garantie-12monate","13":"pa_genre-frau","14":"pa_genre-kind","15":"pa_genre-mann","16":"pa_matiere-75018ktgelbgold","17":"pa_motif-engel","18":"sales-flash-overlay","19":"woocommerce-text-align-center","20":"woocommerce-image-align-center","21":"do-quantity-buttons","23":"first","24":"instock","25":"taxable","26":"shipping-taxable","27":"purchasable","28":"product-type-simple"},"acf":[],"_links":{"self":[{"href":"https:\/\/lediamant.ch\/de\/wp-json\/wp\/v2\/product\/122977","targetHints":{"allow":["GET"]}}],"collection":[{"href":"https:\/\/lediamant.ch\/de\/wp-json\/wp\/v2\/product"}],"about":[{"href":"https:\/\/lediamant.ch\/de\/wp-json\/wp\/v2\/types\/product"}],"wp:featuredmedia":[{"embeddable":true,"href":"https:\/\/lediamant.ch\/de\/wp-json\/wp\/v2\/media\/210773"}],"wp:attachment":[{"href":"https:\/\/lediamant.ch\/de\/wp-json\/wp\/v2\/media?parent=122977"}],"wp:term":[{"taxonomy":"brand","embeddable":true,"href":"https:\/\/lediamant.ch\/de\/wp-json\/wp\/v2\/brand?post=122977"},{"taxonomy":"product_brand","embeddable":true,"href":"https:\/\/lediamant.ch\/de\/wp-json\/wp\/v2\/product_brand?post=122977"},{"taxonomy":"product_cat","embeddable":true,"href":"https:\/\/lediamant.ch\/de\/wp-json\/wp\/v2\/product_cat?post=122977"},{"taxonomy":"product_tag","embeddable":true,"href":"https:\/\/lediamant.ch\/de\/wp-json\/wp\/v2\/product_tag?post=122977"}],"curies":[{"name":"wp","href":"https:\/\/api.w.org\/{rel}","templated":true}]}}