{"id":122983,"date":"2020-03-16T11:43:28","date_gmt":"2020-03-16T10:43:28","guid":{"rendered":"https:\/\/lediamant.ch\/produit\/schmuck-de\/anhanger-de\/engel-anhaenger-de\/engel-anhanger-gelbgold-750-kreuz\/"},"modified":"2025-10-03T08:06:23","modified_gmt":"2025-10-03T06:06:23","slug":"engel-anhaenger-gold-gelb750-kreuz","status":"publish","type":"product","link":"https:\/\/lediamant.ch\/de\/schmuck\/122983-anhaenger-750-18-kt-gelbgold-schutzengel\/","title":{"rendered":"Anh\u00e4nger aus 750\/18 ct Gelbgold, Schutzengel"},"content":{"rendered":"<p>Erkunden Sie die Verschmelzung von Glaube und Schutz mit unserem Kreuzanh\u00e4nger aus 750\/18ct Gelbgold, der einen sorgf\u00e4ltig polierten Schutzengel hervorhebt. Mit einer Gr\u00f6\u00dfe von 10 x 10 mm verk\u00f6rpert dieses zarte Schmuckst\u00fcck die heilige Symbolik des Kreuzes mit dem g\u00f6ttlichen Wohlwollen des Schutzengels. Seine polierte Oberfl\u00e4che bietet einen strahlenden Glanz und verleiht Ihrem Outfit einen Hauch von Licht. Ob als Symbol f\u00fcr Ihren pers\u00f6nlichen Glauben oder als bedeutungsvolles Geschenk f\u00fcr einen geliebten Menschen, dieser Kreuzanh\u00e4nger ist eine st\u00e4ndige Erinnerung an die liebevolle Pr\u00e4senz, die \u00fcber Sie wacht.<\/p>\n","protected":false},"excerpt":{"rendered":"<p>Erkunden Sie die Verschmelzung von Glaube und Schutz mit unserem Kreuzanh\u00e4nger aus 750\/18ct Gelbgold, der einen sorgf\u00e4ltig polierten Schutzengel hervorhebt. Mit einer Gr\u00f6\u00dfe von 10 x 10 mm verk\u00f6rpert dieses zarte Schmuckst\u00fcck die heilige Symbolik des Kreuzes mit dem g\u00f6ttlichen Wohlwollen des Schutzengels. Seine polierte Oberfl\u00e4che bietet einen strahlenden Glanz und verleiht Ihrem Outfit einen &#8230; <a title=\"Anh\u00e4nger aus 750\/18 ct Gelbgold, Schutzengel\" class=\"read-more\" href=\"https:\/\/lediamant.ch\/de\/schmuck\/122983-anhaenger-750-18-kt-gelbgold-schutzengel\/\" aria-label=\"Mehr Informationen \u00fcber Anh\u00e4nger aus 750\/18 ct Gelbgold, Schutzengel\">Weiterlesen &#8230;<\/a><\/p>\n","protected":false},"featured_media":210770,"template":"","meta":{"_acf_changed":false,"_seopress_robots_primary_cat":"27370","_seopress_titles_title":"","_seopress_titles_desc":"Entdecken Sie unseren Kreuzanh\u00e4nger aus 750\/18ct Gelbgold, ein Symbol des Glaubens und des Schutzes. Mit seinem Schutzengel und dem strahlenden Glanz ist er ein perfektes Geschenk der Bedeutung und Liebe.","_seopress_robots_index":""},"brand":[27089],"product_brand":[],"product_cat":[27121,27371],"product_tag":[],"class_list":{"0":"post-122983","1":"product","2":"type-product","3":"status-publish","4":"has-post-thumbnail","6":"brand-gold-jewellery-de","7":"product_cat-schmuck","8":"product_cat-engel-anhanger","9":"pa_dimensions-10-x-10-mm","10":"pa_garantie-12monate","11":"pa_genre-frau","12":"pa_genre-kind","13":"pa_genre-mann","14":"pa_matiere-75018ktgelbgold","15":"pa_motif-engel","16":"sales-flash-overlay","17":"woocommerce-text-align-center","18":"woocommerce-image-align-center","19":"do-quantity-buttons","21":"first","22":"instock","23":"taxable","24":"shipping-taxable","25":"purchasable","26":"product-type-simple"},"acf":[],"_links":{"self":[{"href":"https:\/\/lediamant.ch\/de\/wp-json\/wp\/v2\/product\/122983","targetHints":{"allow":["GET"]}}],"collection":[{"href":"https:\/\/lediamant.ch\/de\/wp-json\/wp\/v2\/product"}],"about":[{"href":"https:\/\/lediamant.ch\/de\/wp-json\/wp\/v2\/types\/product"}],"wp:featuredmedia":[{"embeddable":true,"href":"https:\/\/lediamant.ch\/de\/wp-json\/wp\/v2\/media\/210770"}],"wp:attachment":[{"href":"https:\/\/lediamant.ch\/de\/wp-json\/wp\/v2\/media?parent=122983"}],"wp:term":[{"taxonomy":"brand","embeddable":true,"href":"https:\/\/lediamant.ch\/de\/wp-json\/wp\/v2\/brand?post=122983"},{"taxonomy":"product_brand","embeddable":true,"href":"https:\/\/lediamant.ch\/de\/wp-json\/wp\/v2\/product_brand?post=122983"},{"taxonomy":"product_cat","embeddable":true,"href":"https:\/\/lediamant.ch\/de\/wp-json\/wp\/v2\/product_cat?post=122983"},{"taxonomy":"product_tag","embeddable":true,"href":"https:\/\/lediamant.ch\/de\/wp-json\/wp\/v2\/product_tag?post=122983"}],"curies":[{"name":"wp","href":"https:\/\/api.w.org\/{rel}","templated":true}]}}