{"id":123001,"date":"2020-03-16T11:43:32","date_gmt":"2020-03-16T10:43:32","guid":{"rendered":"https:\/\/lediamant.ch\/produit\/schmuck-de\/anhanger-de\/engel-anhaenger-de\/engelsanhanger-gelbgold-750-5\/"},"modified":"2026-02-18T09:46:51","modified_gmt":"2026-02-18T08:46:51","slug":"ange-pendentif-or-jaune-750-5","status":"publish","type":"product","link":"https:\/\/lediamant.ch\/de\/schmuck\/123001-anhaenger-750-18-kt-gelbgold-schutzengel-ame1017\/","title":{"rendered":"Anh\u00e4nger aus 750\/18 ct Gelbgold, Schutzengel"},"content":{"rendered":"<p>Entdecken Sie den himmlischen Schutz mit unserem Anh\u00e4nger aus 750\/18ct Gelbgold, der einen polierten Schutzengel in einer Gr\u00f6\u00dfe von 11 mm tr\u00e4gt. Dieses exquisite Schmuckst\u00fcck verk\u00f6rpert zeitlose Eleganz und die tiefe Symbolik des Wohlwollens. Seine polierte Oberfl\u00e4che reflektiert das Licht strahlend und verleiht Ihrem Outfit einen Hauch von Glanz und Raffinesse. Ob als pers\u00f6nliche Erinnerung an Trost und Schutz oder als bedeutungsvolles Geschenk f\u00fcr einen geliebten Menschen, dieser Anh\u00e4nger bietet eine un\u00fcbertroffene spirituelle Verbindung und Eleganz. Tragen Sie ihn mit Stolz und lassen Sie die wohlwollende Pr\u00e4senz des Schutzengels auf sich wirken.<\/p>\n","protected":false},"excerpt":{"rendered":"<p>Entdecken Sie den himmlischen Schutz mit unserem Anh\u00e4nger aus 750\/18ct Gelbgold, der einen polierten Schutzengel in einer Gr\u00f6\u00dfe von 11 mm tr\u00e4gt. Dieses exquisite Schmuckst\u00fcck verk\u00f6rpert zeitlose Eleganz und die tiefe Symbolik des Wohlwollens. Seine polierte Oberfl\u00e4che reflektiert das Licht strahlend und verleiht Ihrem Outfit einen Hauch von Glanz und Raffinesse. Ob als pers\u00f6nliche Erinnerung &#8230; <a title=\"Anh\u00e4nger aus 750\/18 ct Gelbgold, Schutzengel\" class=\"read-more\" href=\"https:\/\/lediamant.ch\/de\/schmuck\/123001-anhaenger-750-18-kt-gelbgold-schutzengel-ame1017\/\" aria-label=\"Mehr Informationen \u00fcber Anh\u00e4nger aus 750\/18 ct Gelbgold, Schutzengel\">Weiterlesen &#8230;<\/a><\/p>\n","protected":false},"featured_media":210719,"template":"","meta":{"_acf_changed":false,"_seopress_robots_primary_cat":"27370","_seopress_titles_title":"%%post_title%% %%sep%% %%sitetitle%%","_seopress_titles_desc":"%%post_excerpt%%","_seopress_robots_index":""},"brand":[27089],"product_brand":[],"product_cat":[27371,27121],"product_tag":[],"class_list":{"0":"post-123001","1":"product","2":"type-product","3":"status-publish","4":"has-post-thumbnail","6":"brand-gold-jewellery-de","7":"product_cat-engel-anhanger","8":"product_cat-schmuck","9":"pa_dimensions-11mm-de","10":"pa_garantie-12monate","11":"pa_genre-frau","12":"pa_genre-kind","13":"pa_genre-mann","14":"pa_matiere-75018ktgelbgold","15":"pa_motif-engel","16":"sales-flash-overlay","17":"woocommerce-text-align-center","18":"woocommerce-image-align-center","19":"do-quantity-buttons","21":"first","22":"instock","23":"taxable","24":"shipping-taxable","25":"purchasable","26":"product-type-simple"},"acf":[],"_links":{"self":[{"href":"https:\/\/lediamant.ch\/de\/wp-json\/wp\/v2\/product\/123001","targetHints":{"allow":["GET"]}}],"collection":[{"href":"https:\/\/lediamant.ch\/de\/wp-json\/wp\/v2\/product"}],"about":[{"href":"https:\/\/lediamant.ch\/de\/wp-json\/wp\/v2\/types\/product"}],"wp:featuredmedia":[{"embeddable":true,"href":"https:\/\/lediamant.ch\/de\/wp-json\/wp\/v2\/media\/210719"}],"wp:attachment":[{"href":"https:\/\/lediamant.ch\/de\/wp-json\/wp\/v2\/media?parent=123001"}],"wp:term":[{"taxonomy":"brand","embeddable":true,"href":"https:\/\/lediamant.ch\/de\/wp-json\/wp\/v2\/brand?post=123001"},{"taxonomy":"product_brand","embeddable":true,"href":"https:\/\/lediamant.ch\/de\/wp-json\/wp\/v2\/product_brand?post=123001"},{"taxonomy":"product_cat","embeddable":true,"href":"https:\/\/lediamant.ch\/de\/wp-json\/wp\/v2\/product_cat?post=123001"},{"taxonomy":"product_tag","embeddable":true,"href":"https:\/\/lediamant.ch\/de\/wp-json\/wp\/v2\/product_tag?post=123001"}],"curies":[{"name":"wp","href":"https:\/\/api.w.org\/{rel}","templated":true}]}}