{"id":123031,"date":"2020-03-16T11:43:32","date_gmt":"2020-03-16T10:43:32","guid":{"rendered":"https:\/\/lediamant.ch\/produit\/schmuck-de\/anhanger-de\/engel-anhaenger-de\/engelsanhanger-gelbgold-750-8\/"},"modified":"2026-02-18T09:46:54","modified_gmt":"2026-02-18T08:46:54","slug":"ange-pendentif-or-jaune-750-8","status":"publish","type":"product","link":"https:\/\/lediamant.ch\/de\/schmuck\/123031-anhaenger-aus-750-18-ct-gelbgold-engel-ame1023\/","title":{"rendered":"Anh\u00e4nger aus 750\/18 ct Gelbgold, Engel"},"content":{"rendered":"<p>Unser Anh\u00e4nger aus 750\/18ct Gelbgold mit einem Schutzengel mit satiniertem Finish. Als Symbol des Schutzes und des Wohlwollens verk\u00f6rpert dieser Anh\u00e4nger zeitlose Sch\u00f6nheit und g\u00f6ttliche Anmut. Die zarte Satinierung verleiht diesem eleganten St\u00fcck einen Hauch von Raffinesse. Ob als Trost und Inspiration f\u00fcr den Alltag oder als bedeutungsvolles Geschenk f\u00fcr einen geliebten Menschen, dieser Anh\u00e4nger wird die Herzen fesseln und die Seelen erleuchten. Tragen Sie ihn mit Stolz und lassen Sie sich von der Sanftheit seines Schutzengels leiten, wohin auch immer Sie gehen.<\/p>\n","protected":false},"excerpt":{"rendered":"<p>Unser Anh\u00e4nger aus 750\/18ct Gelbgold mit einem Schutzengel mit satiniertem Finish. Als Symbol des Schutzes und des Wohlwollens verk\u00f6rpert dieser Anh\u00e4nger zeitlose Sch\u00f6nheit und g\u00f6ttliche Anmut. Die zarte Satinierung verleiht diesem eleganten St\u00fcck einen Hauch von Raffinesse. Ob als Trost und Inspiration f\u00fcr den Alltag oder als bedeutungsvolles Geschenk f\u00fcr einen geliebten Menschen, dieser Anh\u00e4nger &#8230; <a title=\"Anh\u00e4nger aus 750\/18 ct Gelbgold, Engel\" class=\"read-more\" href=\"https:\/\/lediamant.ch\/de\/schmuck\/123031-anhaenger-aus-750-18-ct-gelbgold-engel-ame1023\/\" aria-label=\"Mehr Informationen \u00fcber Anh\u00e4nger aus 750\/18 ct Gelbgold, Engel\">Weiterlesen &#8230;<\/a><\/p>\n","protected":false},"featured_media":210694,"template":"","meta":{"_acf_changed":false,"_seopress_robots_primary_cat":"27370","_seopress_titles_title":"%%post_title%% %%sep%% %%sitetitle%%.ch","_seopress_titles_desc":"Entdecken Sie unseren Anh\u00e4nger aus 750\/18ct Gelbgold, ein Symbol des Schutzes, das mit einem Schutzengel verziert ist. Zeitloser Charme und perfekte Eleganz f\u00fcr jeden Anlass.","_seopress_robots_index":""},"brand":[27089],"product_brand":[],"product_cat":[27371,27121],"product_tag":[],"class_list":{"0":"post-123031","1":"product","2":"type-product","3":"status-publish","4":"has-post-thumbnail","6":"brand-gold-jewellery-de","7":"product_cat-engel-anhanger","8":"product_cat-schmuck","9":"pa_dimensions-17-mm","10":"pa_garantie-12monate","11":"pa_genre-frau","12":"pa_genre-kind","13":"pa_genre-mann","14":"pa_matiere-75018ktgelbgold","15":"pa_motif-engel","16":"sales-flash-overlay","17":"woocommerce-text-align-center","18":"woocommerce-image-align-center","19":"do-quantity-buttons","21":"first","22":"instock","23":"taxable","24":"shipping-taxable","25":"purchasable","26":"product-type-simple"},"acf":[],"_links":{"self":[{"href":"https:\/\/lediamant.ch\/de\/wp-json\/wp\/v2\/product\/123031","targetHints":{"allow":["GET"]}}],"collection":[{"href":"https:\/\/lediamant.ch\/de\/wp-json\/wp\/v2\/product"}],"about":[{"href":"https:\/\/lediamant.ch\/de\/wp-json\/wp\/v2\/types\/product"}],"wp:featuredmedia":[{"embeddable":true,"href":"https:\/\/lediamant.ch\/de\/wp-json\/wp\/v2\/media\/210694"}],"wp:attachment":[{"href":"https:\/\/lediamant.ch\/de\/wp-json\/wp\/v2\/media?parent=123031"}],"wp:term":[{"taxonomy":"brand","embeddable":true,"href":"https:\/\/lediamant.ch\/de\/wp-json\/wp\/v2\/brand?post=123031"},{"taxonomy":"product_brand","embeddable":true,"href":"https:\/\/lediamant.ch\/de\/wp-json\/wp\/v2\/product_brand?post=123031"},{"taxonomy":"product_cat","embeddable":true,"href":"https:\/\/lediamant.ch\/de\/wp-json\/wp\/v2\/product_cat?post=123031"},{"taxonomy":"product_tag","embeddable":true,"href":"https:\/\/lediamant.ch\/de\/wp-json\/wp\/v2\/product_tag?post=123031"}],"curies":[{"name":"wp","href":"https:\/\/api.w.org\/{rel}","templated":true}]}}