{"id":123037,"date":"2020-03-16T11:43:38","date_gmt":"2020-03-16T10:43:38","guid":{"rendered":"https:\/\/lediamant.ch\/produit\/schmuck-de\/anhanger-de\/engel-anhaenger-de\/engel-anhanger-750-gelbgold-sandgestrahlt\/"},"modified":"2026-02-18T09:49:08","modified_gmt":"2026-02-18T08:49:08","slug":"engel-anhaenger-gold-gelb-750-sand","status":"publish","type":"product","link":"https:\/\/lediamant.ch\/de\/schmuck\/123037-anhaenger-750-18-kt-gelbgold-schutzengel-ame1024\/","title":{"rendered":"Anh\u00e4nger aus 750\/18 ct Gelbgold, Schutzengel"},"content":{"rendered":"<p>Entdecken Sie das Wesen des himmlischen Schutzes mit unserem Anh\u00e4nger aus 750\/18ct Gelbgold, der einen Schutzengel darstellt und sorgf\u00e4ltig sandgestrahlt wurde. Mit einer Gr\u00f6\u00dfe von ca. 17 mm f\u00e4ngt dieses imposante Schmuckst\u00fcck die Aufmerksamkeit mit seinem sandgestrahlten Abschluss ein, der ein Gef\u00fchl von Sanftheit und Trost hervorruft. Der Schutzengel verk\u00f6rpert das g\u00f6ttliche Wohlwollen und bietet seinem Tr\u00e4ger eine beruhigende und sch\u00fctzende Pr\u00e4senz. Ob als Symbol des pers\u00f6nlichen Glaubens oder als bedeutungsvolles Geschenk f\u00fcr einen geliebten Menschen, dieser Anh\u00e4nger verk\u00f6rpert zeitlose Sch\u00f6nheit und tiefe Spiritualit\u00e4t.<\/p>\n","protected":false},"excerpt":{"rendered":"<p>Entdecken Sie das Wesen des himmlischen Schutzes mit unserem Anh\u00e4nger aus 750\/18ct Gelbgold, der einen Schutzengel darstellt und sorgf\u00e4ltig sandgestrahlt wurde. Mit einer Gr\u00f6\u00dfe von ca. 17 mm f\u00e4ngt dieses imposante Schmuckst\u00fcck die Aufmerksamkeit mit seinem sandgestrahlten Abschluss ein, der ein Gef\u00fchl von Sanftheit und Trost hervorruft. Der Schutzengel verk\u00f6rpert das g\u00f6ttliche Wohlwollen und bietet &#8230; <a title=\"Anh\u00e4nger aus 750\/18 ct Gelbgold, Schutzengel\" class=\"read-more\" href=\"https:\/\/lediamant.ch\/de\/schmuck\/123037-anhaenger-750-18-kt-gelbgold-schutzengel-ame1024\/\" aria-label=\"Mehr Informationen \u00fcber Anh\u00e4nger aus 750\/18 ct Gelbgold, Schutzengel\">Weiterlesen &#8230;<\/a><\/p>\n","protected":false},"featured_media":210756,"template":"","meta":{"_acf_changed":false,"_seopress_robots_primary_cat":"27370","_seopress_titles_title":"","_seopress_titles_desc":"Entdecken Sie unseren Schutzengel-Anh\u00e4nger aus 750\/18ct Gold. Ein Symbol f\u00fcr himmlischen Schutz, das eine beruhigende Pr\u00e4senz und zeitlose Sch\u00f6nheit bietet.","_seopress_robots_index":""},"brand":[27089],"product_brand":[],"product_cat":[27371,27121],"product_tag":[],"class_list":{"0":"post-123037","1":"product","2":"type-product","3":"status-publish","4":"has-post-thumbnail","6":"brand-gold-jewellery-de","7":"product_cat-engel-anhanger","8":"product_cat-schmuck","9":"pa_dimensions-17-mm","10":"pa_garantie-12monate","11":"pa_genre-frau","12":"pa_genre-kind","13":"pa_genre-mann","14":"pa_matiere-75018ktgelbgold","15":"pa_motif-engel","16":"sales-flash-overlay","17":"woocommerce-text-align-center","18":"woocommerce-image-align-center","19":"do-quantity-buttons","21":"first","22":"instock","23":"taxable","24":"shipping-taxable","25":"purchasable","26":"product-type-simple"},"acf":[],"_links":{"self":[{"href":"https:\/\/lediamant.ch\/de\/wp-json\/wp\/v2\/product\/123037","targetHints":{"allow":["GET"]}}],"collection":[{"href":"https:\/\/lediamant.ch\/de\/wp-json\/wp\/v2\/product"}],"about":[{"href":"https:\/\/lediamant.ch\/de\/wp-json\/wp\/v2\/types\/product"}],"wp:featuredmedia":[{"embeddable":true,"href":"https:\/\/lediamant.ch\/de\/wp-json\/wp\/v2\/media\/210756"}],"wp:attachment":[{"href":"https:\/\/lediamant.ch\/de\/wp-json\/wp\/v2\/media?parent=123037"}],"wp:term":[{"taxonomy":"brand","embeddable":true,"href":"https:\/\/lediamant.ch\/de\/wp-json\/wp\/v2\/brand?post=123037"},{"taxonomy":"product_brand","embeddable":true,"href":"https:\/\/lediamant.ch\/de\/wp-json\/wp\/v2\/product_brand?post=123037"},{"taxonomy":"product_cat","embeddable":true,"href":"https:\/\/lediamant.ch\/de\/wp-json\/wp\/v2\/product_cat?post=123037"},{"taxonomy":"product_tag","embeddable":true,"href":"https:\/\/lediamant.ch\/de\/wp-json\/wp\/v2\/product_tag?post=123037"}],"curies":[{"name":"wp","href":"https:\/\/api.w.org\/{rel}","templated":true}]}}