{"id":123043,"date":"2020-03-16T11:43:38","date_gmt":"2020-03-16T10:43:38","guid":{"rendered":"https:\/\/lediamant.ch\/produit\/schmuck-de\/anhanger-de\/engel-anhaenger-de\/engel-anhanger-750-gelbgold-sandgestrahlt-2\/"},"modified":"2026-02-18T09:48:57","modified_gmt":"2026-02-18T08:48:57","slug":"engel-anhaenger-gold-gelb-750-sand-2","status":"publish","type":"product","link":"https:\/\/lediamant.ch\/de\/schmuck\/123043-anhaenger-gelbgold-750-18-kt-schutzengel\/","title":{"rendered":"Anh\u00e4nger aus Gelbgold 750\/18 ct. Schutzengel"},"content":{"rendered":"<p>Mit unserem Anh\u00e4nger aus 750\/18ct Gelbgold, der einen Schutzengel in Szene setzt, der erhaben sandgestrahlt ist. Mit einer Gr\u00f6\u00dfe von ca. 19 mm zieht dieses imposante Schmuckst\u00fcck die Aufmerksamkeit mit seiner sandgestrahlten Oberfl\u00e4che auf sich, die ein Gef\u00fchl von Sanftheit und Trost hervorruft. Die zart dargestellte Figur des Schutzengels symbolisiert das himmlische Wohlwollen und verleiht seinem Tr\u00e4ger ein Gef\u00fchl der Sicherheit und des Friedens. Sei es als Glaubensbekenntnis oder als bedeutungsvolles Geschenk f\u00fcr einen geliebten Menschen.<\/p>\n","protected":false},"excerpt":{"rendered":"<p>Mit unserem Anh\u00e4nger aus 750\/18ct Gelbgold, der einen Schutzengel in Szene setzt, der erhaben sandgestrahlt ist. Mit einer Gr\u00f6\u00dfe von ca. 19 mm zieht dieses imposante Schmuckst\u00fcck die Aufmerksamkeit mit seiner sandgestrahlten Oberfl\u00e4che auf sich, die ein Gef\u00fchl von Sanftheit und Trost hervorruft. Die zart dargestellte Figur des Schutzengels symbolisiert das himmlische Wohlwollen und verleiht &#8230; <a title=\"Anh\u00e4nger aus Gelbgold 750\/18 ct. Schutzengel\" class=\"read-more\" href=\"https:\/\/lediamant.ch\/de\/schmuck\/123043-anhaenger-gelbgold-750-18-kt-schutzengel\/\" aria-label=\"Mehr Informationen \u00fcber Anh\u00e4nger aus Gelbgold 750\/18 ct. Schutzengel\">Weiterlesen &#8230;<\/a><\/p>\n","protected":false},"featured_media":210761,"template":"","meta":{"_acf_changed":false,"_seopress_robots_primary_cat":"27370","_seopress_titles_title":"","_seopress_titles_desc":"Veredeln Sie Ihren Stil mit unserem Anh\u00e4nger aus Gelbgold, der einen Schutzengel in Szene setzt. Ein 19 mm gro\u00dfes Schmuckst\u00fcck, das an Sanftheit, Trost und Sicherheit erinnert.","_seopress_robots_index":""},"brand":[27089],"product_brand":[],"product_cat":[27371,27121],"product_tag":[],"class_list":{"0":"post-123043","1":"product","2":"type-product","3":"status-publish","4":"has-post-thumbnail","6":"brand-gold-jewellery-de","7":"product_cat-engel-anhanger","8":"product_cat-schmuck","9":"pa_dimensions-19-mm-de","10":"pa_garantie-12monate","11":"pa_genre-frau","12":"pa_genre-kind","13":"pa_genre-mann","14":"pa_matiere-75018ktgelbgold","15":"pa_motif-engel","16":"sales-flash-overlay","17":"woocommerce-text-align-center","18":"woocommerce-image-align-center","19":"do-quantity-buttons","21":"first","22":"instock","23":"taxable","24":"shipping-taxable","25":"purchasable","26":"product-type-simple"},"acf":[],"_links":{"self":[{"href":"https:\/\/lediamant.ch\/de\/wp-json\/wp\/v2\/product\/123043","targetHints":{"allow":["GET"]}}],"collection":[{"href":"https:\/\/lediamant.ch\/de\/wp-json\/wp\/v2\/product"}],"about":[{"href":"https:\/\/lediamant.ch\/de\/wp-json\/wp\/v2\/types\/product"}],"wp:featuredmedia":[{"embeddable":true,"href":"https:\/\/lediamant.ch\/de\/wp-json\/wp\/v2\/media\/210761"}],"wp:attachment":[{"href":"https:\/\/lediamant.ch\/de\/wp-json\/wp\/v2\/media?parent=123043"}],"wp:term":[{"taxonomy":"brand","embeddable":true,"href":"https:\/\/lediamant.ch\/de\/wp-json\/wp\/v2\/brand?post=123043"},{"taxonomy":"product_brand","embeddable":true,"href":"https:\/\/lediamant.ch\/de\/wp-json\/wp\/v2\/product_brand?post=123043"},{"taxonomy":"product_cat","embeddable":true,"href":"https:\/\/lediamant.ch\/de\/wp-json\/wp\/v2\/product_cat?post=123043"},{"taxonomy":"product_tag","embeddable":true,"href":"https:\/\/lediamant.ch\/de\/wp-json\/wp\/v2\/product_tag?post=123043"}],"curies":[{"name":"wp","href":"https:\/\/api.w.org\/{rel}","templated":true}]}}