{"id":123067,"date":"2020-03-16T11:43:43","date_gmt":"2020-03-16T10:43:43","guid":{"rendered":"https:\/\/lediamant.ch\/produit\/schmuck-de\/anhanger-de\/engel-anhaenger-de\/engelsanhanger-gelbgold-750-9\/"},"modified":"2026-02-17T17:48:51","modified_gmt":"2026-02-17T16:48:51","slug":"ange-pendentif-or-jaune-750-9","status":"publish","type":"product","link":"https:\/\/lediamant.ch\/de\/schmuck\/123067-anhaenger-aus-750\/18-kt-gelbgold-3-diamanten-0015-kt-engel-ame1029\/","title":{"rendered":"Anh\u00e4nger aus 750\/18 Karat Gelbgold, 3 Diamanten 0,015 Karat, Engel"},"content":{"rendered":"<p>Lassen Sie das g\u00f6ttliche Licht mit unserem wundersch\u00f6nen Anh\u00e4nger aus 750\/18 Karat Gelbgold erstrahlen, der mit drei funkelnden Diamanten von insgesamt 0,015 ct. besetzt ist und einen Schutzengel darstellt. Mit seinen Abmessungen von 15 x 13 mm verk\u00f6rpert dieses exquisite Schmuckst\u00fcck die perfekte Kombination aus zeitloser Eleganz und himmlischem Schutz. Seine subtile Mischung aus polierten und satinierten Oberfl\u00e4chen schafft einen spannenden Kontrast und verleiht Ihrem Outfit einen Hauch von Raffinesse. Ob als Symbol f\u00fcr Trost und Wohlwollen im Alltag oder als bedeutungsvolles Geschenk f\u00fcr einen geliebten Menschen, dieser Anh\u00e4nger verk\u00f6rpert Liebe und Geborgenheit.<\/p>\n","protected":false},"excerpt":{"rendered":"<p>Lassen Sie das g\u00f6ttliche Licht mit unserem wundersch\u00f6nen Anh\u00e4nger aus 750\/18 Karat Gelbgold erstrahlen, der mit drei funkelnden Diamanten von insgesamt 0,015 ct. besetzt ist und einen Schutzengel darstellt. Mit seinen Abmessungen von 15 x 13 mm verk\u00f6rpert dieses exquisite Schmuckst\u00fcck die perfekte Kombination aus zeitloser Eleganz und himmlischem Schutz. Seine subtile Mischung aus polierten &#8230; <a title=\"Anh\u00e4nger aus 750\/18 Karat Gelbgold, 3 Diamanten 0,015 Karat, Engel\" class=\"read-more\" href=\"https:\/\/lediamant.ch\/de\/schmuck\/123067-anhaenger-aus-750\/18-kt-gelbgold-3-diamanten-0015-kt-engel-ame1029\/\" aria-label=\"Mehr Informationen \u00fcber Anh\u00e4nger aus 750\/18 Karat Gelbgold, 3 Diamanten 0,015 Karat, Engel\">Weiterlesen &#8230;<\/a><\/p>\n","protected":false},"featured_media":210732,"template":"","meta":{"_acf_changed":false,"_seopress_robots_primary_cat":"27370","_seopress_titles_title":"%%post_title%%","_seopress_titles_desc":"%%tagline%%","_seopress_robots_index":""},"brand":[27089],"product_brand":[],"product_cat":[27371,27121,27145,27135],"product_tag":[],"class_list":{"0":"post-123067","1":"product","2":"type-product","3":"status-publish","4":"has-post-thumbnail","6":"brand-gold-jewellery-de","7":"product_cat-engel-anhanger","8":"product_cat-schmuck","9":"product_cat-text-hinten","10":"product_cat-zum-gravieren","11":"pa_detail-de-s-pierres-s-3-diamanten-h-si-0-015-ct","12":"pa_dimensions-15-x-13-mm","13":"pa_garantie-12monate","14":"pa_genre-frau","15":"pa_genre-kind","16":"pa_genre-mann","17":"pa_matiere-75018ktgelbgold","18":"pa_motif-engel","19":"sales-flash-overlay","20":"woocommerce-text-align-center","21":"woocommerce-image-align-center","22":"do-quantity-buttons","24":"first","25":"instock","26":"taxable","27":"shipping-taxable","28":"purchasable","29":"product-type-simple"},"acf":[],"_links":{"self":[{"href":"https:\/\/lediamant.ch\/de\/wp-json\/wp\/v2\/product\/123067","targetHints":{"allow":["GET"]}}],"collection":[{"href":"https:\/\/lediamant.ch\/de\/wp-json\/wp\/v2\/product"}],"about":[{"href":"https:\/\/lediamant.ch\/de\/wp-json\/wp\/v2\/types\/product"}],"wp:featuredmedia":[{"embeddable":true,"href":"https:\/\/lediamant.ch\/de\/wp-json\/wp\/v2\/media\/210732"}],"wp:attachment":[{"href":"https:\/\/lediamant.ch\/de\/wp-json\/wp\/v2\/media?parent=123067"}],"wp:term":[{"taxonomy":"brand","embeddable":true,"href":"https:\/\/lediamant.ch\/de\/wp-json\/wp\/v2\/brand?post=123067"},{"taxonomy":"product_brand","embeddable":true,"href":"https:\/\/lediamant.ch\/de\/wp-json\/wp\/v2\/product_brand?post=123067"},{"taxonomy":"product_cat","embeddable":true,"href":"https:\/\/lediamant.ch\/de\/wp-json\/wp\/v2\/product_cat?post=123067"},{"taxonomy":"product_tag","embeddable":true,"href":"https:\/\/lediamant.ch\/de\/wp-json\/wp\/v2\/product_tag?post=123067"}],"curies":[{"name":"wp","href":"https:\/\/api.w.org\/{rel}","templated":true}]}}