{"id":123073,"date":"2020-03-16T11:43:43","date_gmt":"2020-03-16T10:43:43","guid":{"rendered":"https:\/\/lediamant.ch\/produit\/schmuck-de\/anhanger-de\/engel-anhaenger-de\/engelsanhanger-750-gelbgold-mit-brillantem-h-p1-0005-ct\/"},"modified":"2025-10-03T08:05:56","modified_gmt":"2025-10-03T06:05:56","slug":"ange-pendentif-or-jaune-750-avce-brillant-h-p1-0005ct","status":"publish","type":"product","link":"https:\/\/lediamant.ch\/de\/schmuck\/123073-anhaenger-750-18-kt-gelbgold-mit-diamant-schutzengel\/","title":{"rendered":"Anh\u00e4nger aus 750\/18 ct Gelbgold mit Diamant, Schutzengel"},"content":{"rendered":"<p>Bringen Sie Ihren Glauben und Ihre Eleganz mit unserem Anh\u00e4nger aus 750\/18ct Gelbgold zum Ausdruck, der mit einem strahlenden Diamanten von 0,005 ct. verziert ist und einen Schutzengel darstellt. Mit seinen Abmessungen von 12 x 9 mm f\u00e4ngt dieses zarte Schmuckst\u00fcck die Essenz des himmlischen Schutzes in einem Schrein der Sch\u00f6nheit ein. Sein poliertes Finish verleiht ihm einen Hauch von Raffinesse und reflektiert das Licht mit blendendem Glanz. Ob als Symbol f\u00fcr das Vertrauen in ein h\u00f6heres Wesen oder als bedeutungsvolles Geschenk f\u00fcr einen geliebten Menschen, dieser Anh\u00e4nger verk\u00f6rpert zeitlose Sch\u00f6nheit und g\u00f6ttliches Wohlwollen. Tragen Sie ihn und lassen Sie sich von der Pr\u00e4senz des Schutzengels auf dem Weg des Lebens leiten.<\/p>\n","protected":false},"excerpt":{"rendered":"<p>Bringen Sie Ihren Glauben und Ihre Eleganz mit unserem Anh\u00e4nger aus 750\/18ct Gelbgold zum Ausdruck, der mit einem strahlenden Diamanten von 0,005 ct. verziert ist und einen Schutzengel darstellt. Mit seinen Abmessungen von 12 x 9 mm f\u00e4ngt dieses zarte Schmuckst\u00fcck die Essenz des himmlischen Schutzes in einem Schrein der Sch\u00f6nheit ein. Sein poliertes Finish &#8230; <a title=\"Anh\u00e4nger aus 750\/18 ct Gelbgold mit Diamant, Schutzengel\" class=\"read-more\" href=\"https:\/\/lediamant.ch\/de\/schmuck\/123073-anhaenger-750-18-kt-gelbgold-mit-diamant-schutzengel\/\" aria-label=\"Mehr Informationen \u00fcber Anh\u00e4nger aus 750\/18 ct Gelbgold mit Diamant, Schutzengel\">Weiterlesen &#8230;<\/a><\/p>\n","protected":false},"featured_media":210746,"template":"","meta":{"_acf_changed":false,"_seopress_robots_primary_cat":"27370","_seopress_titles_title":"%%post_title%%","_seopress_titles_desc":"Bringen Sie Ihren Glauben zum Ausdruck mit unserem Schutzengelanh\u00e4nger aus 750\/18ct Gold, der mit einem strahlenden Diamanten besetzt ist. Ein Symbol, das Sie durch das Leben f\u00fchrt.","_seopress_robots_index":""},"brand":[27089],"product_brand":[],"product_cat":[27371,27121,27145,27135],"product_tag":[],"class_list":{"0":"post-123073","1":"product","2":"type-product","3":"status-publish","4":"has-post-thumbnail","6":"brand-gold-jewellery-de","7":"product_cat-engel-anhanger","8":"product_cat-schmuck","9":"product_cat-text-hinten","10":"product_cat-zum-gravieren","11":"pa_dimensions-9-x-12-mm","12":"pa_garantie-12monate","13":"pa_genre-frau","14":"pa_genre-kind","15":"pa_genre-mann","16":"pa_matiere-75018ktgelbgold","17":"pa_motif-engel","18":"pa_pierres-diamant-de","19":"sales-flash-overlay","20":"woocommerce-text-align-center","21":"woocommerce-image-align-center","22":"do-quantity-buttons","24":"first","25":"outofstock","26":"taxable","27":"shipping-taxable","28":"purchasable","29":"product-type-simple"},"acf":[],"_links":{"self":[{"href":"https:\/\/lediamant.ch\/de\/wp-json\/wp\/v2\/product\/123073","targetHints":{"allow":["GET"]}}],"collection":[{"href":"https:\/\/lediamant.ch\/de\/wp-json\/wp\/v2\/product"}],"about":[{"href":"https:\/\/lediamant.ch\/de\/wp-json\/wp\/v2\/types\/product"}],"wp:featuredmedia":[{"embeddable":true,"href":"https:\/\/lediamant.ch\/de\/wp-json\/wp\/v2\/media\/210746"}],"wp:attachment":[{"href":"https:\/\/lediamant.ch\/de\/wp-json\/wp\/v2\/media?parent=123073"}],"wp:term":[{"taxonomy":"brand","embeddable":true,"href":"https:\/\/lediamant.ch\/de\/wp-json\/wp\/v2\/brand?post=123073"},{"taxonomy":"product_brand","embeddable":true,"href":"https:\/\/lediamant.ch\/de\/wp-json\/wp\/v2\/product_brand?post=123073"},{"taxonomy":"product_cat","embeddable":true,"href":"https:\/\/lediamant.ch\/de\/wp-json\/wp\/v2\/product_cat?post=123073"},{"taxonomy":"product_tag","embeddable":true,"href":"https:\/\/lediamant.ch\/de\/wp-json\/wp\/v2\/product_tag?post=123073"}],"curies":[{"name":"wp","href":"https:\/\/api.w.org\/{rel}","templated":true}]}}