{"id":123079,"date":"2020-03-16T11:43:43","date_gmt":"2020-03-16T10:43:43","guid":{"rendered":"https:\/\/lediamant.ch\/produit\/schmuck-de\/anhanger-de\/engel-anhaenger-de\/engelsanhanger-gelbgold-750-10\/"},"modified":"2026-02-18T09:47:44","modified_gmt":"2026-02-18T08:47:44","slug":"ange-pendentif-or-jaune-750-10","status":"publish","type":"product","link":"https:\/\/lediamant.ch\/de\/schmuck\/123079-anhaenger-750\/18-kt-gelbgold-mit-diamant-schutzengel-ame1031\/","title":{"rendered":"Anh\u00e4nger aus 750\/18 ct Gelbgold mit Diamant, Schutzengel"},"content":{"rendered":"<p>Verschenken Sie ein bedeutungsvolles und elegantes Schmuckst\u00fcck mit unserem Anh\u00e4nger aus 750\/18ct Gelbgold, der mit einem funkelnden Diamanten von insgesamt 0,005 ct. verziert und zu einem Herz geformt ist, das einen Schutzengel darstellt. Mit einer Gr\u00f6\u00dfe von 10 x 11 mm verk\u00f6rpert dieses exquisite Schmuckst\u00fcck die perfekte Verschmelzung der Symbolik der Liebe und des g\u00f6ttlichen Schutzes. Seine polierte und satinierte Oberfl\u00e4che schafft einen bezaubernden Kontrast und verleiht Ihrem Stil einen Hauch von Raffinesse. Ob als emotionsgeladenes Geschenk oder als Ausdruck Ihres eigenen Glaubens und Ihrer Liebe, dieser Anh\u00e4nger verk\u00f6rpert zeitlose Sch\u00f6nheit und himmlisches Wohlwollen.<\/p>\n","protected":false},"excerpt":{"rendered":"<p>Verschenken Sie ein bedeutungsvolles und elegantes Schmuckst\u00fcck mit unserem Anh\u00e4nger aus 750\/18ct Gelbgold, der mit einem funkelnden Diamanten von insgesamt 0,005 ct. verziert und zu einem Herz geformt ist, das einen Schutzengel darstellt. Mit einer Gr\u00f6\u00dfe von 10 x 11 mm verk\u00f6rpert dieses exquisite Schmuckst\u00fcck die perfekte Verschmelzung der Symbolik der Liebe und des g\u00f6ttlichen &#8230; <a title=\"Anh\u00e4nger aus 750\/18 ct Gelbgold mit Diamant, Schutzengel\" class=\"read-more\" href=\"https:\/\/lediamant.ch\/de\/schmuck\/123079-anhaenger-750\/18-kt-gelbgold-mit-diamant-schutzengel-ame1031\/\" aria-label=\"Mehr Informationen \u00fcber Anh\u00e4nger aus 750\/18 ct Gelbgold mit Diamant, Schutzengel\">Weiterlesen &#8230;<\/a><\/p>\n","protected":false},"featured_media":210735,"template":"","meta":{"_acf_changed":false,"_seopress_robots_primary_cat":"27370","_seopress_titles_title":"%%post_title%% %%sep%% %%sitetitle%%","_seopress_titles_desc":"%%tagline%%","_seopress_robots_index":""},"brand":[27089],"product_brand":[],"product_cat":[27371,27121,27145,27135],"product_tag":[],"class_list":{"0":"post-123079","1":"product","2":"type-product","3":"status-publish","4":"has-post-thumbnail","6":"brand-gold-jewellery-de","7":"product_cat-engel-anhanger","8":"product_cat-schmuck","9":"product_cat-text-hinten","10":"product_cat-zum-gravieren","11":"pa_detail-de-s-pierres-s-diamant-h-si-0005-ct","12":"pa_dimensions-10-x-11-mm-de","13":"pa_garantie-12monate","14":"pa_genre-frau","15":"pa_genre-kind","16":"pa_genre-mann","17":"pa_matiere-75018ktgelbgold","18":"pa_motif-engel","19":"sales-flash-overlay","20":"woocommerce-text-align-center","21":"woocommerce-image-align-center","22":"do-quantity-buttons","24":"first","25":"instock","26":"taxable","27":"shipping-taxable","28":"purchasable","29":"product-type-simple"},"acf":[],"_links":{"self":[{"href":"https:\/\/lediamant.ch\/de\/wp-json\/wp\/v2\/product\/123079","targetHints":{"allow":["GET"]}}],"collection":[{"href":"https:\/\/lediamant.ch\/de\/wp-json\/wp\/v2\/product"}],"about":[{"href":"https:\/\/lediamant.ch\/de\/wp-json\/wp\/v2\/types\/product"}],"wp:featuredmedia":[{"embeddable":true,"href":"https:\/\/lediamant.ch\/de\/wp-json\/wp\/v2\/media\/210735"}],"wp:attachment":[{"href":"https:\/\/lediamant.ch\/de\/wp-json\/wp\/v2\/media?parent=123079"}],"wp:term":[{"taxonomy":"brand","embeddable":true,"href":"https:\/\/lediamant.ch\/de\/wp-json\/wp\/v2\/brand?post=123079"},{"taxonomy":"product_brand","embeddable":true,"href":"https:\/\/lediamant.ch\/de\/wp-json\/wp\/v2\/product_brand?post=123079"},{"taxonomy":"product_cat","embeddable":true,"href":"https:\/\/lediamant.ch\/de\/wp-json\/wp\/v2\/product_cat?post=123079"},{"taxonomy":"product_tag","embeddable":true,"href":"https:\/\/lediamant.ch\/de\/wp-json\/wp\/v2\/product_tag?post=123079"}],"curies":[{"name":"wp","href":"https:\/\/api.w.org\/{rel}","templated":true}]}}