{"id":123979,"date":"2020-03-16T11:47:26","date_gmt":"2020-03-16T10:47:26","guid":{"rendered":"https:\/\/lediamant.ch\/produit\/schmuck-de\/armschmuck-de\/offenes-gourmette-armband-aus-750-gelbgold-ca-19-mm\/"},"modified":"2025-12-24T13:55:29","modified_gmt":"2025-12-24T12:55:29","slug":"offenes-diamant-diamant-gelbgold-750-env-19mm-kettchen","status":"publish","type":"product","link":"https:\/\/lediamant.ch\/de\/schmuck\/123979-extraflaches-armband-gelbgold-750-18-kt-1-9-mm-19-cm-kettchen-bpa1015\/","title":{"rendered":"Extraflaches Armband mit Diamanten in Gelbgold 750\/18 ct. 1,9 mm 19 cm"},"content":{"rendered":"<p>Entdecken Sie unser extraflaches, diamantbesetztes Gourmetarmband aus 750\/18 Karat Gelbgold. Mit einer Breite von ca. 1,9 mm und einer L\u00e4nge von 19 cm zeichnet sich dieses Schmuckst\u00fcck durch sein einzigartiges Design und seine unbestreitbare Eleganz aus. Der Diamantschliff verleiht dem Schmuckst\u00fcck einen Hauch von Glanz, der die nat\u00fcrliche Sch\u00f6nheit des Gelbgoldes unterstreicht und die Blicke auf sich zieht. Dieses Armband ist die perfekte Wahl f\u00fcr alle, die ihrem Handgelenk einen Hauch von Luxus verleihen m\u00f6chten. Sie ist auch ein wunderbares Geschenk f\u00fcr besondere Anl\u00e4sse.    <\/p>\n","protected":false},"excerpt":{"rendered":"<p>Entdecken Sie unser extraflaches, diamantbesetztes Gourmetarmband aus 750\/18 Karat Gelbgold. Mit einer Breite von ca. 1,9 mm und einer L\u00e4nge von 19 cm zeichnet sich dieses Schmuckst\u00fcck durch sein einzigartiges Design und seine unbestreitbare Eleganz aus. Der Diamantschliff verleiht dem Schmuckst\u00fcck einen Hauch von Glanz, der die nat\u00fcrliche Sch\u00f6nheit des Gelbgoldes unterstreicht und die Blicke &#8230; <a title=\"Extraflaches Armband mit Diamanten in Gelbgold 750\/18 ct. 1,9 mm 19 cm\" class=\"read-more\" href=\"https:\/\/lediamant.ch\/de\/schmuck\/123979-extraflaches-armband-gelbgold-750-18-kt-1-9-mm-19-cm-kettchen-bpa1015\/\" aria-label=\"Mehr Informationen \u00fcber Extraflaches Armband mit Diamanten in Gelbgold 750\/18 ct. 1,9 mm 19 cm\">Weiterlesen &#8230;<\/a><\/p>\n","protected":false},"featured_media":216125,"template":"","meta":{"_acf_changed":false,"_seopress_robots_primary_cat":"27238","_seopress_titles_title":"%%post_title%%","_seopress_titles_desc":"Entdecken Sie die Eleganz unseres 19 cm langen Gurmettenarmbands aus 750er Gelbgold mit Diamantbeschichtung. Ein perfektes Schmuckst\u00fcck f\u00fcr jeden Anlass. ","_seopress_robots_index":""},"brand":[27089],"product_brand":[],"product_cat":[27175,27239,27121],"product_tag":[],"class_list":{"0":"post-123979","1":"product","2":"type-product","3":"status-publish","4":"has-post-thumbnail","6":"brand-gold-jewellery-de","7":"product_cat-armschmuck","8":"product_cat-goldarmbander","9":"product_cat-schmuck","10":"pa_garantie-12monate","11":"pa_genre-frau","12":"pa_largeur-19-mm","13":"pa_matiere-75018ktgelbgold","14":"sales-flash-overlay","15":"woocommerce-text-align-center","16":"woocommerce-image-align-center","17":"do-quantity-buttons","19":"first","20":"instock","21":"taxable","22":"shipping-taxable","23":"purchasable","24":"product-type-simple"},"acf":[],"_links":{"self":[{"href":"https:\/\/lediamant.ch\/de\/wp-json\/wp\/v2\/product\/123979","targetHints":{"allow":["GET"]}}],"collection":[{"href":"https:\/\/lediamant.ch\/de\/wp-json\/wp\/v2\/product"}],"about":[{"href":"https:\/\/lediamant.ch\/de\/wp-json\/wp\/v2\/types\/product"}],"wp:featuredmedia":[{"embeddable":true,"href":"https:\/\/lediamant.ch\/de\/wp-json\/wp\/v2\/media\/216125"}],"wp:attachment":[{"href":"https:\/\/lediamant.ch\/de\/wp-json\/wp\/v2\/media?parent=123979"}],"wp:term":[{"taxonomy":"brand","embeddable":true,"href":"https:\/\/lediamant.ch\/de\/wp-json\/wp\/v2\/brand?post=123979"},{"taxonomy":"product_brand","embeddable":true,"href":"https:\/\/lediamant.ch\/de\/wp-json\/wp\/v2\/product_brand?post=123979"},{"taxonomy":"product_cat","embeddable":true,"href":"https:\/\/lediamant.ch\/de\/wp-json\/wp\/v2\/product_cat?post=123979"},{"taxonomy":"product_tag","embeddable":true,"href":"https:\/\/lediamant.ch\/de\/wp-json\/wp\/v2\/product_tag?post=123979"}],"curies":[{"name":"wp","href":"https:\/\/api.w.org\/{rel}","templated":true}]}}