{"id":124286,"date":"2020-03-16T11:48:10","date_gmt":"2020-03-16T10:48:10","guid":{"rendered":"https:\/\/lediamant.ch\/produit\/schmuck-de\/ketten-de\/runde-forcat-kette-aus-750-gelbgold-ca-12-mm\/"},"modified":"2025-10-03T08:04:47","modified_gmt":"2025-10-03T06:04:47","slug":"forcat-ronde-or-jaune-750-env-12mm-avec-coup-couteau","status":"publish","type":"product","link":"https:\/\/lediamant.ch\/de\/schmuck\/124286-runde-forcat-kette-aus-750-gelbgold-ca-12-mm\/","title":{"rendered":"Runde For\u00e7at-Kette aus Gelbgold 750\/18 ct. ca. 1,2 mm"},"content":{"rendered":"<p>Entdecken Sie unsere Forcat Ronde Kette aus 750\/18 ct Gelbgold, ein wahres Schmuckst\u00fcck an Eleganz und Raffinesse. Mit einem Durchmesser von ca. 1,2 mm hat diese fein gearbeitete Kette ein einzigartiges Design mit abgerundeten Gliedern. Hergestellt aus 750er Gelbgold ist diese Kette nicht nur sch\u00f6n, sondern auch langlebig und widerstandsf\u00e4hig. Eine perfekte Wahl f\u00fcr ein Geschenk oder um sich selbst zu verw\u00f6hnen.<\/p>\n","protected":false},"excerpt":{"rendered":"<p>Entdecken Sie unsere Forcat Ronde Kette aus 750\/18 ct Gelbgold, ein wahres Schmuckst\u00fcck an Eleganz und Raffinesse. Mit einem Durchmesser von ca. 1,2 mm hat diese fein gearbeitete Kette ein einzigartiges Design mit abgerundeten Gliedern. Hergestellt aus 750er Gelbgold ist diese Kette nicht nur sch\u00f6n, sondern auch langlebig und widerstandsf\u00e4hig. Eine perfekte Wahl f\u00fcr ein &#8230; <a title=\"Runde For\u00e7at-Kette aus Gelbgold 750\/18 ct. ca. 1,2 mm\" class=\"read-more\" href=\"https:\/\/lediamant.ch\/de\/schmuck\/124286-runde-forcat-kette-aus-750-gelbgold-ca-12-mm\/\" aria-label=\"Mehr Informationen \u00fcber Runde For\u00e7at-Kette aus Gelbgold 750\/18 ct. ca. 1,2 mm\">Weiterlesen &#8230;<\/a><\/p>\n","protected":false},"featured_media":124275,"template":"","meta":{"_acf_changed":false,"_seopress_robots_primary_cat":"27182","_seopress_titles_title":"%%post_title%%","_seopress_titles_desc":"","_seopress_robots_index":""},"brand":[27089],"product_brand":[],"product_cat":[27273,27183,27121],"product_tag":[],"class_list":{"0":"post-124286","1":"product","2":"type-product","3":"status-publish","4":"has-post-thumbnail","6":"brand-gold-jewellery-de","7":"product_cat-anker","8":"product_cat-goldketten","9":"product_cat-schmuck","10":"pa_garantie-12monate","11":"pa_genre-frau","12":"pa_genre-kind","13":"pa_genre-mann","14":"pa_largeur-1-2-mm","15":"pa_longueurdechaine-38cm-de","16":"pa_longueurdechaine-40cm-de","17":"pa_longueurdechaine-42cm-de","18":"pa_longueurdechaine-45cm-de","19":"pa_longueurdechaine-50cm-de","20":"pa_longueurdechaine-55cm-de","21":"pa_longueurdechaine-60cm-de","22":"pa_matiere-75018ktgelbgold","23":"sales-flash-overlay","24":"woocommerce-text-align-center","25":"woocommerce-image-align-center","26":"do-quantity-buttons","28":"first","29":"instock","30":"taxable","31":"shipping-taxable","32":"purchasable","33":"product-type-variable","34":"has-default-attributes"},"acf":[],"_links":{"self":[{"href":"https:\/\/lediamant.ch\/de\/wp-json\/wp\/v2\/product\/124286","targetHints":{"allow":["GET"]}}],"collection":[{"href":"https:\/\/lediamant.ch\/de\/wp-json\/wp\/v2\/product"}],"about":[{"href":"https:\/\/lediamant.ch\/de\/wp-json\/wp\/v2\/types\/product"}],"wp:featuredmedia":[{"embeddable":true,"href":"https:\/\/lediamant.ch\/de\/wp-json\/wp\/v2\/media\/124275"}],"wp:attachment":[{"href":"https:\/\/lediamant.ch\/de\/wp-json\/wp\/v2\/media?parent=124286"}],"wp:term":[{"taxonomy":"brand","embeddable":true,"href":"https:\/\/lediamant.ch\/de\/wp-json\/wp\/v2\/brand?post=124286"},{"taxonomy":"product_brand","embeddable":true,"href":"https:\/\/lediamant.ch\/de\/wp-json\/wp\/v2\/product_brand?post=124286"},{"taxonomy":"product_cat","embeddable":true,"href":"https:\/\/lediamant.ch\/de\/wp-json\/wp\/v2\/product_cat?post=124286"},{"taxonomy":"product_tag","embeddable":true,"href":"https:\/\/lediamant.ch\/de\/wp-json\/wp\/v2\/product_tag?post=124286"}],"curies":[{"name":"wp","href":"https:\/\/api.w.org\/{rel}","templated":true}]}}