{"id":125677,"date":"2020-03-16T11:52:25","date_gmt":"2020-03-16T10:52:25","guid":{"rendered":"https:\/\/lediamant.ch\/produit\/schmuck-de\/ohrringe-de\/ohrstecker-de\/ohrstecker-aus-750-gelbgoldperlen-mit-runden-weissen-susswasserperlen-55-60-mm\/"},"modified":"2026-03-17T14:26:13","modified_gmt":"2026-03-17T13:26:13","slug":"ohrringe-perlen-gelbgold-750-mit-suesswasserperlen-rund-weiss","status":"publish","type":"product","link":"https:\/\/lediamant.ch\/de\/schmuck\/125677-ohrstecker-aus-750-gelbgoldperlen-mit-runden-weissen-susswasserperlen-55-60-mm\/","title":{"rendered":"Ohrstecker 750er Gelbgoldperlen, mit runden, wei\u00dfen S\u00fc\u00dfwasserperlen, 5,5-6,0 mm"},"content":{"rendered":"","protected":false},"excerpt":{"rendered":"","protected":false},"featured_media":125675,"template":"","meta":{"_acf_changed":false,"_seopress_robots_primary_cat":"27192","_seopress_titles_title":"","_seopress_titles_desc":"","_seopress_robots_index":""},"brand":[27089],"product_brand":[],"product_cat":[27251,27125,27171,27193,27121,27153],"product_tag":[],"class_list":{"0":"post-125677","1":"product","2":"type-product","3":"status-publish","4":"has-post-thumbnail","6":"brand-gold-jewellery-de","7":"product_cat-auswahl-fuer-sie-de","8":"product_cat-geschenkideen","9":"product_cat-ohrringe","10":"product_cat-ohrstecker","11":"product_cat-schmuck","12":"product_cat-valentinstag-de","13":"pa_garantie-12monate","14":"pa_genre-frau","15":"pa_matiere-75018ktgelbgold","16":"pa_perles-suesswasser","17":"sales-flash-overlay","18":"woocommerce-text-align-center","19":"woocommerce-image-align-center","20":"do-quantity-buttons","22":"first","23":"instock","24":"taxable","25":"shipping-taxable","26":"purchasable","27":"product-type-simple"},"acf":[],"_links":{"self":[{"href":"https:\/\/lediamant.ch\/de\/wp-json\/wp\/v2\/product\/125677","targetHints":{"allow":["GET"]}}],"collection":[{"href":"https:\/\/lediamant.ch\/de\/wp-json\/wp\/v2\/product"}],"about":[{"href":"https:\/\/lediamant.ch\/de\/wp-json\/wp\/v2\/types\/product"}],"wp:featuredmedia":[{"embeddable":true,"href":"https:\/\/lediamant.ch\/de\/wp-json\/wp\/v2\/media\/125675"}],"wp:attachment":[{"href":"https:\/\/lediamant.ch\/de\/wp-json\/wp\/v2\/media?parent=125677"}],"wp:term":[{"taxonomy":"brand","embeddable":true,"href":"https:\/\/lediamant.ch\/de\/wp-json\/wp\/v2\/brand?post=125677"},{"taxonomy":"product_brand","embeddable":true,"href":"https:\/\/lediamant.ch\/de\/wp-json\/wp\/v2\/product_brand?post=125677"},{"taxonomy":"product_cat","embeddable":true,"href":"https:\/\/lediamant.ch\/de\/wp-json\/wp\/v2\/product_cat?post=125677"},{"taxonomy":"product_tag","embeddable":true,"href":"https:\/\/lediamant.ch\/de\/wp-json\/wp\/v2\/product_tag?post=125677"}],"curies":[{"name":"wp","href":"https:\/\/api.w.org\/{rel}","templated":true}]}}