{"id":126747,"date":"2020-03-16T12:59:31","date_gmt":"2020-03-16T11:59:31","guid":{"rendered":"https:\/\/lediamant.ch\/produit\/uhren-de\/aerowatch-de\/intuition-de\/aerowatch-intuition-lady-quarz-stahlband\/"},"modified":"2025-08-27T17:04:16","modified_gmt":"2025-08-27T15:04:16","slug":"aerowatch-intuition-classic-lady-quartz-bracelet-acier","status":"publish","type":"product","link":"https:\/\/lediamant.ch\/de\/uhren\/126747-aerowatch-intuition-classic-lady-quartz-stahlarmband-a-31988-aa02-m\/","title":{"rendered":"Aerowatch Intuition Classic Lady Quarz Stahlarmband"},"content":{"rendered":"<p class=\"h5 text-uppercase\">Geh\u00e4use<\/p>\n<p>Polierter Stahl, gew\u00f6lbtes Saphirglas<\/p>\n<p class=\"h5 text-uppercase\">Zifferblatt<\/p>\n<p>Wei\u00dfes Perlmutt mit arabischen Ziffern<\/p>\n<p class=\"h5 text-uppercase\">Uhrwerck<\/p>\n<p>Schweizer Quarz. Stunden, Minuten und kleine Sekunde bei 6 Uhr<\/p>\n<p class=\"h5 text-uppercase\">Armband<\/p>\n<p>Stahlarmband mit Faltschlie\u00dfe<\/p>\n","protected":false},"excerpt":{"rendered":"<p>Geh\u00e4use Polierter Stahl, gew\u00f6lbtes Saphirglas Zifferblatt Wei\u00dfes Perlmutt mit arabischen Ziffern Uhrwerck Schweizer Quarz. Stunden, Minuten und kleine Sekunde bei 6 Uhr Armband Stahlarmband mit Faltschlie\u00dfe<\/p>\n","protected":false},"featured_media":219481,"template":"","meta":{"_acf_changed":false,"_seopress_robots_primary_cat":"27167","_seopress_titles_title":"%%post_title%%","_seopress_titles_desc":"Entdecken Sie den Luxus einer Schweizer Quarzuhr: Polierter Stahl, Perlmuttzifferblatt und exquisites Stahlarmband.","_seopress_robots_index":""},"brand":[27081],"product_brand":[],"product_cat":[27167,27137,27267,27133,27123,27141],"product_tag":[],"class_list":{"0":"post-126747","1":"product","2":"type-product","3":"status-publish","4":"has-post-thumbnail","6":"brand-aerowatch-de","7":"product_cat-aerowatch-de","8":"product_cat-bracelet-ajustable-de","9":"product_cat-intuition-de","10":"product_cat-sale","11":"product_cat-uhren","12":"product_cat-uhren-sale","13":"pa_couleurduboitier-grau-de","14":"pa_couleurducadran-weiss","15":"pa_etancheite-50m-de","16":"pa_forme-rechteckig-de","17":"pa_garantie-24monate","18":"pa_genre-frau","19":"pa_matiere-stahl","20":"pa_matierebraceletmontre-edelstahl","21":"pa_mouvement-quarzbatterie-de","22":"pa_swissmade-ja-de","23":"sales-flash-overlay","24":"woocommerce-text-align-center","25":"woocommerce-image-align-center","26":"do-quantity-buttons","28":"first","29":"instock","30":"sale","31":"taxable","32":"shipping-taxable","33":"purchasable","34":"product-type-simple"},"acf":[],"_links":{"self":[{"href":"https:\/\/lediamant.ch\/de\/wp-json\/wp\/v2\/product\/126747","targetHints":{"allow":["GET"]}}],"collection":[{"href":"https:\/\/lediamant.ch\/de\/wp-json\/wp\/v2\/product"}],"about":[{"href":"https:\/\/lediamant.ch\/de\/wp-json\/wp\/v2\/types\/product"}],"wp:featuredmedia":[{"embeddable":true,"href":"https:\/\/lediamant.ch\/de\/wp-json\/wp\/v2\/media\/219481"}],"wp:attachment":[{"href":"https:\/\/lediamant.ch\/de\/wp-json\/wp\/v2\/media?parent=126747"}],"wp:term":[{"taxonomy":"brand","embeddable":true,"href":"https:\/\/lediamant.ch\/de\/wp-json\/wp\/v2\/brand?post=126747"},{"taxonomy":"product_brand","embeddable":true,"href":"https:\/\/lediamant.ch\/de\/wp-json\/wp\/v2\/product_brand?post=126747"},{"taxonomy":"product_cat","embeddable":true,"href":"https:\/\/lediamant.ch\/de\/wp-json\/wp\/v2\/product_cat?post=126747"},{"taxonomy":"product_tag","embeddable":true,"href":"https:\/\/lediamant.ch\/de\/wp-json\/wp\/v2\/product_tag?post=126747"}],"curies":[{"name":"wp","href":"https:\/\/api.w.org\/{rel}","templated":true}]}}