{"id":126767,"date":"2020-03-16T12:59:48","date_gmt":"2020-03-16T11:59:48","guid":{"rendered":"https:\/\/lediamant.ch\/produit\/uhren-de\/aerowatch-de\/intuition-de\/aerowatch-intuition-classic-lady-quarz-rose-leder-braun\/"},"modified":"2020-03-16T12:59:48","modified_gmt":"2020-03-16T11:59:48","slug":"aerowatch-intuition-classic-lady-quarz-rose-leder-braun","status":"publish","type":"product","link":"https:\/\/lediamant.ch\/de\/uhren\/126767-aerowatch-intuition-classic-lady-quarz-rose-leder-braun\/","title":{"rendered":"Aerowatch, Intuition Classic, Lady, Quarz, Ros\u00e9, Leder braun"},"content":{"rendered":"<p class=\"h5 text-uppercase\">Geh\u00e4use<\/p>\n<p>Edelstahlgeh\u00e4use, Ros\u00e9gold PVD, gew\u00f6lbtes Saphirglas<\/p>\n<p class=\"h5 text-uppercase\">Zifferblatt<\/p>\n<p>Wei\u00df-silber, in der Mitte guillochiert, r\u00f6mische Ziffern<\/p>\n<p class=\"h5 text-uppercase\">Uhrwerk<\/p>\n<p>Swiss Quarz, Stunden, Minuten und Datum bei 6 Uhr<\/p>\n<p class=\"h5 text-uppercase\">Armband<\/p>\n<p>Dunkelbraunes Leder, 20.00 mm, Dornschlie\u00dfe<\/p>\n","protected":false},"excerpt":{"rendered":"<p>Geh\u00e4use Edelstahlgeh\u00e4use, Ros\u00e9gold PVD, gew\u00f6lbtes Saphirglas Zifferblatt Wei\u00df-silber, in der Mitte guillochiert, r\u00f6mische Ziffern Uhrwerk Swiss Quarz, Stunden, Minuten und Datum bei 6 Uhr Armband Dunkelbraunes Leder, 20.00 mm, Dornschlie\u00dfe<\/p>\n","protected":false},"featured_media":126762,"template":"","meta":{"_acf_changed":false,"_seopress_robots_primary_cat":"","_seopress_titles_title":"","_seopress_titles_desc":"","_seopress_robots_index":""},"brand":[27081],"product_brand":[],"product_cat":[27167,27267,27123],"product_tag":[],"class_list":{"0":"post-126767","1":"product","2":"type-product","3":"status-publish","4":"has-post-thumbnail","6":"brand-aerowatch-de","7":"product_cat-aerowatch-de","8":"product_cat-intuition-de","9":"product_cat-uhren","10":"pa_couleurduboitier-pinkrosa-de","11":"pa_couleurdubracelet-braun-de","12":"pa_couleurducadran-silber","13":"pa_etancheite-50m-de","14":"pa_forme-rechteckig-de","15":"pa_garantie-24monate","16":"pa_genre-frau","17":"pa_genre-mann","18":"pa_matiere-rosegoldpvd","19":"pa_matierebraceletmontre-leder","20":"pa_mouvement-quarzbatterie-de","21":"pa_swissmade-ja-de","22":"sales-flash-overlay","23":"woocommerce-text-align-center","24":"woocommerce-image-align-center","25":"do-quantity-buttons","27":"first","28":"instock","29":"taxable","30":"shipping-taxable","31":"purchasable","32":"product-type-simple"},"acf":[],"_links":{"self":[{"href":"https:\/\/lediamant.ch\/de\/wp-json\/wp\/v2\/product\/126767","targetHints":{"allow":["GET"]}}],"collection":[{"href":"https:\/\/lediamant.ch\/de\/wp-json\/wp\/v2\/product"}],"about":[{"href":"https:\/\/lediamant.ch\/de\/wp-json\/wp\/v2\/types\/product"}],"wp:featuredmedia":[{"embeddable":true,"href":"https:\/\/lediamant.ch\/de\/wp-json\/wp\/v2\/media\/126762"}],"wp:attachment":[{"href":"https:\/\/lediamant.ch\/de\/wp-json\/wp\/v2\/media?parent=126767"}],"wp:term":[{"taxonomy":"brand","embeddable":true,"href":"https:\/\/lediamant.ch\/de\/wp-json\/wp\/v2\/brand?post=126767"},{"taxonomy":"product_brand","embeddable":true,"href":"https:\/\/lediamant.ch\/de\/wp-json\/wp\/v2\/product_brand?post=126767"},{"taxonomy":"product_cat","embeddable":true,"href":"https:\/\/lediamant.ch\/de\/wp-json\/wp\/v2\/product_cat?post=126767"},{"taxonomy":"product_tag","embeddable":true,"href":"https:\/\/lediamant.ch\/de\/wp-json\/wp\/v2\/product_tag?post=126767"}],"curies":[{"name":"wp","href":"https:\/\/api.w.org\/{rel}","templated":true}]}}