{"id":126795,"date":"2020-03-16T12:59:54","date_gmt":"2020-03-16T11:59:54","guid":{"rendered":"https:\/\/lediamant.ch\/produit\/uhren-de\/aerowatch-de\/renaissance-de\/aerowatch-renaissance-cobweb-skeleton-blau\/"},"modified":"2023-12-06T15:56:57","modified_gmt":"2023-12-06T14:56:57","slug":"aerowatch-renaissance-cobweb-skeleton-blau","status":"publish","type":"product","link":"https:\/\/lediamant.ch\/de\/uhren\/126795-aerowatch-renaissance-cobweb-skeleton-blau\/","title":{"rendered":"Aerowatch Renaissance Cobweb Skeleton Blau"},"content":{"rendered":"<p class=\"h5 text-uppercase\">Geh\u00e4use<\/p>\n<p>Edelstahlgeh\u00e4use, gew\u00f6lbtes Saphirglas, Sichtboden<\/p>\n<p class=\"h5 text-uppercase\">Zifferblatt<\/p>\n<p>Blau satinierter Ring, lumineszierender Index<\/p>\n<p class=\"h5 text-uppercase\">Uhrwerk<\/p>\n<p>Handaufzug 16 1\/2&#8220;&#8216; Unitas 6498-1, 17 Rubine, Skelett Spinnennetz, Stunden, Minuten und Sekunden<\/p>\n<p class=\"h5 text-uppercase\">Armband<\/p>\n<p>Blaues Leder, 22.00 mm, Faltschlie\u00dfe<\/p>\n","protected":false},"excerpt":{"rendered":"<p>Geh\u00e4use Edelstahlgeh\u00e4use, gew\u00f6lbtes Saphirglas, Sichtboden Zifferblatt Blau satinierter Ring, lumineszierender Index Uhrwerk Handaufzug 16 1\/2&#8220;&#8216; Unitas 6498-1, 17 Rubine, Skelett Spinnennetz, Stunden, Minuten und Sekunden Armband Blaues Leder, 22.00 mm, Faltschlie\u00dfe<\/p>\n","protected":false},"featured_media":126781,"template":"","meta":{"_acf_changed":false,"_seopress_robots_primary_cat":"","_seopress_titles_title":"","_seopress_titles_desc":"","_seopress_robots_index":""},"brand":[27081],"product_brand":[],"product_cat":[27167,27321,27123],"product_tag":[],"class_list":{"0":"post-126795","1":"product","2":"type-product","3":"status-publish","4":"has-post-thumbnail","6":"brand-aerowatch-de","7":"product_cat-aerowatch-de","8":"product_cat-renaissance-de","9":"product_cat-uhren","10":"pa_couleurduboitier-grau-de","11":"pa_couleurdubracelet-blau-de","12":"pa_couleurducadran-blau","13":"pa_etancheite-50m-de","14":"pa_forme-runden","15":"pa_garantie-24monate","16":"pa_genre-mann","17":"pa_matiere-stahl","18":"pa_matierebraceletmontre-leder","19":"pa_mouvement-mechanik","20":"pa_swissmade-ja-de","21":"pa_typedemontre-skelettuhren","22":"pa_typedemontre-uhrenmithandaufzug","23":"sales-flash-overlay","24":"woocommerce-text-align-center","25":"woocommerce-image-align-center","26":"do-quantity-buttons","28":"first","29":"instock","30":"taxable","31":"shipping-taxable","32":"purchasable","33":"product-type-simple"},"acf":[],"_links":{"self":[{"href":"https:\/\/lediamant.ch\/de\/wp-json\/wp\/v2\/product\/126795","targetHints":{"allow":["GET"]}}],"collection":[{"href":"https:\/\/lediamant.ch\/de\/wp-json\/wp\/v2\/product"}],"about":[{"href":"https:\/\/lediamant.ch\/de\/wp-json\/wp\/v2\/types\/product"}],"wp:featuredmedia":[{"embeddable":true,"href":"https:\/\/lediamant.ch\/de\/wp-json\/wp\/v2\/media\/126781"}],"wp:attachment":[{"href":"https:\/\/lediamant.ch\/de\/wp-json\/wp\/v2\/media?parent=126795"}],"wp:term":[{"taxonomy":"brand","embeddable":true,"href":"https:\/\/lediamant.ch\/de\/wp-json\/wp\/v2\/brand?post=126795"},{"taxonomy":"product_brand","embeddable":true,"href":"https:\/\/lediamant.ch\/de\/wp-json\/wp\/v2\/product_brand?post=126795"},{"taxonomy":"product_cat","embeddable":true,"href":"https:\/\/lediamant.ch\/de\/wp-json\/wp\/v2\/product_cat?post=126795"},{"taxonomy":"product_tag","embeddable":true,"href":"https:\/\/lediamant.ch\/de\/wp-json\/wp\/v2\/product_tag?post=126795"}],"curies":[{"name":"wp","href":"https:\/\/api.w.org\/{rel}","templated":true}]}}