{"id":126819,"date":"2020-03-16T12:59:54","date_gmt":"2020-03-16T11:59:54","guid":{"rendered":"https:\/\/lediamant.ch\/produit\/uhren-de\/aerowatch-de\/renaissance-de\/aerowatch-renaissance-cobweb-skeleton-noir-orange\/"},"modified":"2025-10-03T08:20:02","modified_gmt":"2025-10-03T06:20:02","slug":"aerowatch-renaissance-cobweb-skeleton-noir-orange","status":"publish","type":"product","link":"https:\/\/lediamant.ch\/de\/uhren\/126819-aerowatch-renaissance-cobweb-skeleton-noir-orange\/","title":{"rendered":"Aerowatch Renaissance Cobweb Skeleton schwarz\/orange"},"content":{"rendered":"<p>Entdecken Sie die Aerowatch Renaissance Cobweb Skeleton in Schwarz und Orange, eine Uhr, die Eleganz und Raffinesse in sich vereint. Das fein gearbeitete Skelett-Zifferblatt bietet einen faszinierenden Einblick in den inneren Mechanismus, w\u00e4hrend die leuchtend orangefarbenen Zeiger einen modernen Touch verleihen. Das schwarze Geh\u00e4use und das schwarze Lederarmband vervollst\u00e4ndigen das gewagte Design. Diese Uhr ist mehr als nur ein Accessoire, sie ist ein Stil-Statement.   <\/p>\n","protected":false},"excerpt":{"rendered":"<p>Entdecken Sie die Aerowatch Renaissance Cobweb Skeleton in Schwarz und Orange, eine Uhr, die Eleganz und Raffinesse in sich vereint. Das fein gearbeitete Skelett-Zifferblatt bietet einen faszinierenden Einblick in den inneren Mechanismus, w\u00e4hrend die leuchtend orangefarbenen Zeiger einen modernen Touch verleihen. Das schwarze Geh\u00e4use und das schwarze Lederarmband vervollst\u00e4ndigen das gewagte Design. Diese Uhr ist &#8230; <a title=\"Aerowatch Renaissance Cobweb Skeleton schwarz\/orange\" class=\"read-more\" href=\"https:\/\/lediamant.ch\/de\/uhren\/126819-aerowatch-renaissance-cobweb-skeleton-noir-orange\/\" aria-label=\"Mehr Informationen \u00fcber Aerowatch Renaissance Cobweb Skeleton schwarz\/orange\">Weiterlesen &#8230;<\/a><\/p>\n","protected":false},"featured_media":217483,"template":"","meta":{"_acf_changed":false,"_seopress_robots_primary_cat":"27166","_seopress_titles_title":"%%post_title%%","_seopress_titles_desc":"Entdecken Sie die Eleganz der Aerowatch Renaissance Cobweb Skeleton, mit einem kunstvoll gearbeiteten Skelett-Zifferblatt und modernen orangefarbenen Akzenten.","_seopress_robots_index":""},"brand":[27081],"product_brand":[],"product_cat":[27167,27321,27123],"product_tag":[],"class_list":{"0":"post-126819","1":"product","2":"type-product","3":"status-publish","4":"has-post-thumbnail","6":"brand-aerowatch-de","7":"product_cat-aerowatch-de","8":"product_cat-renaissance-de","9":"product_cat-uhren","10":"pa_couleurduboitier-schwarz-de","11":"pa_couleurdubracelet-schwarz-de","12":"pa_couleurducadran-orange-de","13":"pa_etancheite-50m-de","14":"pa_forme-runden","15":"pa_garantie-24monate","16":"pa_genre-mann","17":"pa_matiere-schwarzespvd","18":"pa_matierebraceletmontre-leder","19":"pa_mouvement-mechanik","20":"pa_swissmade-ja-de","21":"pa_typedemontre-skelettuhren","22":"pa_typedemontre-uhrenmithandaufzug","23":"pa_verre-saphir-de","24":"sales-flash-overlay","25":"woocommerce-text-align-center","26":"woocommerce-image-align-center","27":"do-quantity-buttons","29":"first","30":"instock","31":"taxable","32":"shipping-taxable","33":"purchasable","34":"product-type-simple"},"acf":[],"_links":{"self":[{"href":"https:\/\/lediamant.ch\/de\/wp-json\/wp\/v2\/product\/126819","targetHints":{"allow":["GET"]}}],"collection":[{"href":"https:\/\/lediamant.ch\/de\/wp-json\/wp\/v2\/product"}],"about":[{"href":"https:\/\/lediamant.ch\/de\/wp-json\/wp\/v2\/types\/product"}],"wp:featuredmedia":[{"embeddable":true,"href":"https:\/\/lediamant.ch\/de\/wp-json\/wp\/v2\/media\/217483"}],"wp:attachment":[{"href":"https:\/\/lediamant.ch\/de\/wp-json\/wp\/v2\/media?parent=126819"}],"wp:term":[{"taxonomy":"brand","embeddable":true,"href":"https:\/\/lediamant.ch\/de\/wp-json\/wp\/v2\/brand?post=126819"},{"taxonomy":"product_brand","embeddable":true,"href":"https:\/\/lediamant.ch\/de\/wp-json\/wp\/v2\/product_brand?post=126819"},{"taxonomy":"product_cat","embeddable":true,"href":"https:\/\/lediamant.ch\/de\/wp-json\/wp\/v2\/product_cat?post=126819"},{"taxonomy":"product_tag","embeddable":true,"href":"https:\/\/lediamant.ch\/de\/wp-json\/wp\/v2\/product_tag?post=126819"}],"curies":[{"name":"wp","href":"https:\/\/api.w.org\/{rel}","templated":true}]}}