{"id":126923,"date":"2020-03-16T13:00:29","date_gmt":"2020-03-16T12:00:29","guid":{"rendered":"https:\/\/lediamant.ch\/produit\/uhren-de\/aerowatch-de\/anhaenger-uhren-de\/aerowatch-krankenschwester-uhr-quarz-stahl\/"},"modified":"2020-03-16T13:00:29","modified_gmt":"2020-03-16T12:00:29","slug":"aerowatch-krankenschwester-uhr-quarz-stahl","status":"publish","type":"product","link":"https:\/\/lediamant.ch\/de\/uhren\/126923-aerowatch-krankenschwester-uhr-quarz-stahl\/","title":{"rendered":"Aerowatch, Krankenschwester Uhr, Quarz, Stahl"},"content":{"rendered":"<p class=\"h5 text-uppercase\">Geh\u00e4use<\/p>\n<p>L\u00e9pine-Anh\u00e4nger, palladiumbeschichtet, poliert, Mineralglas, wasserdicht bis 30 Meter<\/p>\n<p class=\"h5 text-uppercase\">Zifferblatt<\/p>\n<p>Wei\u00df, 11 arabische gemalte Ziffern, Pulsometerskala in rot<\/p>\n<p class=\"h5 text-uppercase\">Uhrwerk<\/p>\n<p>Swiss Quarz, Stunden, Minuten, Sekunden und Datum bei 3 Uhr<\/p>\n","protected":false},"excerpt":{"rendered":"<p>Geh\u00e4use L\u00e9pine-Anh\u00e4nger, palladiumbeschichtet, poliert, Mineralglas, wasserdicht bis 30 Meter Zifferblatt Wei\u00df, 11 arabische gemalte Ziffern, Pulsometerskala in rot Uhrwerk Swiss Quarz, Stunden, Minuten, Sekunden und Datum bei 3 Uhr<\/p>\n","protected":false},"featured_media":126918,"template":"","meta":{"_acf_changed":false,"_seopress_robots_primary_cat":"","_seopress_titles_title":"","_seopress_titles_desc":"","_seopress_robots_index":""},"brand":[27081],"product_brand":[],"product_cat":[27167,27347,27123],"product_tag":[],"class_list":{"0":"post-126923","1":"product","2":"type-product","3":"status-publish","4":"has-post-thumbnail","6":"brand-aerowatch-de","7":"product_cat-aerowatch-de","8":"product_cat-anhaenger-uhren","9":"product_cat-uhren","10":"pa_couleurduboitier-grau-de","11":"pa_couleurducadran-weiss","12":"pa_forme-runden","13":"pa_garantie-24monate","14":"pa_genre-frau","15":"pa_matiere-stahl","16":"pa_mouvement-quarzbatterie-de","17":"pa_swissmade-ja-de","18":"sales-flash-overlay","19":"woocommerce-text-align-center","20":"woocommerce-image-align-center","21":"do-quantity-buttons","23":"first","24":"instock","25":"taxable","26":"shipping-taxable","27":"purchasable","28":"product-type-simple"},"acf":[],"_links":{"self":[{"href":"https:\/\/lediamant.ch\/de\/wp-json\/wp\/v2\/product\/126923","targetHints":{"allow":["GET"]}}],"collection":[{"href":"https:\/\/lediamant.ch\/de\/wp-json\/wp\/v2\/product"}],"about":[{"href":"https:\/\/lediamant.ch\/de\/wp-json\/wp\/v2\/types\/product"}],"wp:featuredmedia":[{"embeddable":true,"href":"https:\/\/lediamant.ch\/de\/wp-json\/wp\/v2\/media\/126918"}],"wp:attachment":[{"href":"https:\/\/lediamant.ch\/de\/wp-json\/wp\/v2\/media?parent=126923"}],"wp:term":[{"taxonomy":"brand","embeddable":true,"href":"https:\/\/lediamant.ch\/de\/wp-json\/wp\/v2\/brand?post=126923"},{"taxonomy":"product_brand","embeddable":true,"href":"https:\/\/lediamant.ch\/de\/wp-json\/wp\/v2\/product_brand?post=126923"},{"taxonomy":"product_cat","embeddable":true,"href":"https:\/\/lediamant.ch\/de\/wp-json\/wp\/v2\/product_cat?post=126923"},{"taxonomy":"product_tag","embeddable":true,"href":"https:\/\/lediamant.ch\/de\/wp-json\/wp\/v2\/product_tag?post=126923"}],"curies":[{"name":"wp","href":"https:\/\/api.w.org\/{rel}","templated":true}]}}