{"id":126955,"date":"2025-02-14T17:00:47","date_gmt":"2025-02-14T16:00:47","guid":{"rendered":"https:\/\/lediamant.ch\/produit\/uhren-de\/aerowatch-de\/taschenuhren-de\/aerowatch-taschenuhr-mit-handaufzug-belle-epoque-3\/"},"modified":"2025-02-14T18:04:49","modified_gmt":"2025-02-14T17:04:49","slug":"aerowatch-montre-de-poche-a-remontage-manuel-belle-epoque-3","status":"publish","type":"product","link":"https:\/\/lediamant.ch\/de\/uhren\/126955-aerowatch-taschenuhr-night-day-quartz-44829-ja01\/","title":{"rendered":"Aerowatch Night &#038; Day Quartz"},"content":{"rendered":"<p>Diese wundersch\u00f6ne Aerowatch-Taschenuhr mit Schweizer Quarzwerk zeigt die Stunden, Minuten, Sekunden, das Datum sowie Tag und Nacht an.<br \/>\nDas 48 mm gro\u00dfe L\u00e9pine-Geh\u00e4use aus poliertem Stahl mit Gelbgoldbeschichtung und das Saphirglas verleihen der Uhr eine raffinierte \u00c4sthetik und optimale Haltbarkeit.<br \/>\nDas silberne Zifferblatt ist mit r\u00f6mischen Ziffern verziert, die f\u00fcr einen zus\u00e4tzlichen Hauch von Eleganz sorgen. Dieses Modell ist wasserdicht bis zu einer Tiefe von 30 Metern.<\/p>\n","protected":false},"excerpt":{"rendered":"<p>Diese wundersch\u00f6ne Aerowatch-Taschenuhr mit Schweizer Quarzwerk zeigt die Stunden, Minuten, Sekunden, das Datum sowie Tag und Nacht an. Das 48 mm gro\u00dfe L\u00e9pine-Geh\u00e4use aus poliertem Stahl mit Gelbgoldbeschichtung und das Saphirglas verleihen der Uhr eine raffinierte \u00c4sthetik und optimale Haltbarkeit. Das silberne Zifferblatt ist mit r\u00f6mischen Ziffern verziert, die f\u00fcr einen zus\u00e4tzlichen Hauch von Eleganz &#8230; <a title=\"Aerowatch Night &#038; Day Quartz\" class=\"read-more\" href=\"https:\/\/lediamant.ch\/de\/uhren\/126955-aerowatch-taschenuhr-night-day-quartz-44829-ja01\/\" aria-label=\"Mehr Informationen \u00fcber Aerowatch Night &#038; Day Quartz\">Weiterlesen &#8230;<\/a><\/p>\n","protected":false},"featured_media":216270,"template":"","meta":{"_acf_changed":false,"_seopress_robots_primary_cat":"27167","_seopress_titles_title":"","_seopress_titles_desc":"Entdecken Sie die Eleganz der Aerowatch Taschenuhr: Schweizer Pr\u00e4zision, Tag\/Nacht-Anzeige, wasserdicht bis 30m. Ein Hauch von Luxus am Handgelenk.","_seopress_robots_index":""},"brand":[27081],"product_brand":[],"product_cat":[27167,27337,27123],"product_tag":[],"class_list":{"0":"post-126955","1":"product","2":"type-product","3":"status-publish","4":"has-post-thumbnail","6":"brand-aerowatch-de","7":"product_cat-aerowatch-de","8":"product_cat-taschenuhren","9":"product_cat-uhren","10":"pa_couleurduboitier-gelb-de","11":"pa_couleurducadran-silber","12":"pa_dimensions-o-48-mm","13":"pa_etancheite-30m-de","14":"pa_forme-runden","15":"pa_garantie-24monate","16":"pa_genre-mann","17":"pa_matiere-gelbvergoldet","18":"pa_mouvement-quarzbatterie-de","19":"pa_swissmade-ja-de","20":"pa_typedemontre-taschenuhren","21":"pa_verre-saphir-de","22":"sales-flash-overlay","23":"woocommerce-text-align-center","24":"woocommerce-image-align-center","25":"do-quantity-buttons","27":"first","28":"instock","29":"taxable","30":"shipping-taxable","31":"purchasable","32":"product-type-simple"},"acf":[],"_links":{"self":[{"href":"https:\/\/lediamant.ch\/de\/wp-json\/wp\/v2\/product\/126955","targetHints":{"allow":["GET"]}}],"collection":[{"href":"https:\/\/lediamant.ch\/de\/wp-json\/wp\/v2\/product"}],"about":[{"href":"https:\/\/lediamant.ch\/de\/wp-json\/wp\/v2\/types\/product"}],"wp:featuredmedia":[{"embeddable":true,"href":"https:\/\/lediamant.ch\/de\/wp-json\/wp\/v2\/media\/216270"}],"wp:attachment":[{"href":"https:\/\/lediamant.ch\/de\/wp-json\/wp\/v2\/media?parent=126955"}],"wp:term":[{"taxonomy":"brand","embeddable":true,"href":"https:\/\/lediamant.ch\/de\/wp-json\/wp\/v2\/brand?post=126955"},{"taxonomy":"product_brand","embeddable":true,"href":"https:\/\/lediamant.ch\/de\/wp-json\/wp\/v2\/product_brand?post=126955"},{"taxonomy":"product_cat","embeddable":true,"href":"https:\/\/lediamant.ch\/de\/wp-json\/wp\/v2\/product_cat?post=126955"},{"taxonomy":"product_tag","embeddable":true,"href":"https:\/\/lediamant.ch\/de\/wp-json\/wp\/v2\/product_tag?post=126955"}],"curies":[{"name":"wp","href":"https:\/\/api.w.org\/{rel}","templated":true}]}}