{"id":126971,"date":"2020-03-16T13:00:59","date_gmt":"2020-03-16T12:00:59","guid":{"rendered":"https:\/\/lediamant.ch\/produit\/uhren-de\/aerowatch-de\/taschenuhren-de\/aerowatch-taschenuhr-mit-handaufzug-vergoldet-2\/"},"modified":"2025-08-08T15:30:38","modified_gmt":"2025-08-08T13:30:38","slug":"aerowatch-montre-de-poche-a-remontage-manuel-plaquee-or","status":"publish","type":"product","link":"https:\/\/lediamant.ch\/de\/uhren\/126971-aerowatch-taschenuhr-savonnette-mechanical-vergoldet-55644-j501\/","title":{"rendered":"Aerowatch Taschenuhr Savonnette Mechanical vergoldet"},"content":{"rendered":"<p class=\"h5 text-uppercase\">Savonnette-Geh\u00e4use, Metallbasis, poliert, dekoriert, Gelbgoldplaqu\u00e9, Mineralglas. Wei\u00dfes Zifferblatt, 11 gemalte r\u00f6mische Ziffern, 55 vergoldete Punkte. Mechanisches Uhrwerk 16 1\/2&#8220;&#8217;ETA 6498-1, vernickelt, 17 Steine. Stunden, Minuten und kleine Sekunde bei 6 Uhr.<\/p>\n","protected":false},"excerpt":{"rendered":"<p>Savonnette-Geh\u00e4use, Metallbasis, poliert, dekoriert, Gelbgoldplaqu\u00e9, Mineralglas. Wei\u00dfes Zifferblatt, 11 gemalte r\u00f6mische Ziffern, 55 vergoldete Punkte. Mechanisches Uhrwerk 16 1\/2&#8220;&#8217;ETA 6498-1, vernickelt, 17 Steine. Stunden, Minuten und kleine Sekunde bei 6 Uhr.<\/p>\n","protected":false},"featured_media":219217,"template":"","meta":{"_acf_changed":false,"_seopress_robots_primary_cat":"27337","_seopress_titles_title":"","_seopress_titles_desc":"Entdecken Sie unsere Uhr Bo\u00eetier Savonnette mit mechanischem Uhrwerk ETA 6498-1 und dekoriertem Zifferblatt mit r\u00f6mischen Ziffern. Ein zeitloses Meisterwerk.","_seopress_robots_index":""},"brand":[27081],"product_brand":[],"product_cat":[27167,42083,27337,27123],"product_tag":[],"class_list":{"0":"post-126971","1":"product","2":"type-product","3":"status-publish","4":"has-post-thumbnail","6":"brand-aerowatch-de","7":"product_cat-aerowatch-de","8":"product_cat-savonnette-de","9":"product_cat-taschenuhren","10":"product_cat-uhren","11":"pa_garantie-24monate","12":"sales-flash-overlay","13":"woocommerce-text-align-center","14":"woocommerce-image-align-center","15":"do-quantity-buttons","17":"first","18":"instock","19":"taxable","20":"shipping-taxable","21":"purchasable","22":"product-type-simple"},"acf":[],"_links":{"self":[{"href":"https:\/\/lediamant.ch\/de\/wp-json\/wp\/v2\/product\/126971","targetHints":{"allow":["GET"]}}],"collection":[{"href":"https:\/\/lediamant.ch\/de\/wp-json\/wp\/v2\/product"}],"about":[{"href":"https:\/\/lediamant.ch\/de\/wp-json\/wp\/v2\/types\/product"}],"wp:featuredmedia":[{"embeddable":true,"href":"https:\/\/lediamant.ch\/de\/wp-json\/wp\/v2\/media\/219217"}],"wp:attachment":[{"href":"https:\/\/lediamant.ch\/de\/wp-json\/wp\/v2\/media?parent=126971"}],"wp:term":[{"taxonomy":"brand","embeddable":true,"href":"https:\/\/lediamant.ch\/de\/wp-json\/wp\/v2\/brand?post=126971"},{"taxonomy":"product_brand","embeddable":true,"href":"https:\/\/lediamant.ch\/de\/wp-json\/wp\/v2\/product_brand?post=126971"},{"taxonomy":"product_cat","embeddable":true,"href":"https:\/\/lediamant.ch\/de\/wp-json\/wp\/v2\/product_cat?post=126971"},{"taxonomy":"product_tag","embeddable":true,"href":"https:\/\/lediamant.ch\/de\/wp-json\/wp\/v2\/product_tag?post=126971"}],"curies":[{"name":"wp","href":"https:\/\/api.w.org\/{rel}","templated":true}]}}