{"id":126989,"date":"2020-03-16T13:00:59","date_gmt":"2020-03-16T12:00:59","guid":{"rendered":"https:\/\/lediamant.ch\/produit\/uhren-de\/aerowatch-de\/taschenuhren-de\/aerowatch-taschenuhr-mit-handaufzug-vergoldet-3\/"},"modified":"2025-08-08T14:32:20","modified_gmt":"2025-08-08T12:32:20","slug":"aerowatch-montre-de-poche-a-remontage-manuel-plaquee-or-3","status":"publish","type":"product","link":"https:\/\/lediamant.ch\/de\/uhren\/126989-aerowatch-taschenuhr-mit-handaufzug-vergoldet-55645-ja01\/","title":{"rendered":"Aerowatch Handaufzug Taschenuhr savonette"},"content":{"rendered":"<p>Entdecken Sie zeitlose Eleganz mit dieser mechanischen Taschenuhr von Aerowatch mit Gelbgoldplaqu\u00e9. Dieses St\u00fcck Schweizer Uhrmacherkunst vereint Tradition und Moderne. Das wei\u00dfe Zifferblatt mit schwarzen r\u00f6mischen Ziffern und goldenen Zeigern verspr\u00fcht einen Vintage-Charme, w\u00e4hrend der Handaufzugsmechanismus von der traditionellen Uhrmacherkunst zeugt. Das fein gearbeitete Geh\u00e4use verleiht der Uhr einen Hauch von Raffinesse. Diese Taschenuhr ist mehr als nur ein Zeitmesser, sie ist ein echtes Schmuckst\u00fcck, das Ihren Stil auf raffinierte Weise erg\u00e4nzt.   <\/p>\n","protected":false},"excerpt":{"rendered":"<p>Entdecken Sie zeitlose Eleganz mit dieser mechanischen Taschenuhr von Aerowatch mit Gelbgoldplaqu\u00e9. Dieses St\u00fcck Schweizer Uhrmacherkunst vereint Tradition und Moderne. Das wei\u00dfe Zifferblatt mit schwarzen r\u00f6mischen Ziffern und goldenen Zeigern verspr\u00fcht einen Vintage-Charme, w\u00e4hrend der Handaufzugsmechanismus von der traditionellen Uhrmacherkunst zeugt. Das fein gearbeitete Geh\u00e4use verleiht der Uhr einen Hauch von Raffinesse. Diese Taschenuhr ist &#8230; <a title=\"Aerowatch Handaufzug Taschenuhr savonette\" class=\"read-more\" href=\"https:\/\/lediamant.ch\/de\/uhren\/126989-aerowatch-taschenuhr-mit-handaufzug-vergoldet-55645-ja01\/\" aria-label=\"Mehr Informationen \u00fcber Aerowatch Handaufzug Taschenuhr savonette\">Weiterlesen &#8230;<\/a><\/p>\n","protected":false},"featured_media":218127,"template":"","meta":{"_acf_changed":false,"_seopress_robots_primary_cat":"27336","_seopress_titles_title":"%%post_title%%","_seopress_titles_desc":"Eleganz und Tradition mit der vergoldeten Aerowatch. Schweizer Handwerkskunst, Vintage-Design und Raffinesse in einem einzigen Schmuckst\u00fcck. ","_seopress_robots_index":""},"brand":[27081],"product_brand":[],"product_cat":[27167,27337,27123],"product_tag":[],"class_list":{"0":"post-126989","1":"product","2":"type-product","3":"status-publish","4":"has-post-thumbnail","6":"brand-aerowatch-de","7":"product_cat-aerowatch-de","8":"product_cat-taschenuhren","9":"product_cat-uhren","10":"pa_couleurduboitier-gelb-de","11":"pa_couleurducadran-weiss","12":"pa_forme-runden","13":"pa_garantie-24monate","14":"pa_genre-mann","15":"pa_matiere-gelbvergoldet","16":"pa_modele-de-mouvement-eta-unitas-6498-1-de","17":"pa_mouvement-mechanik","18":"pa_swissmade-ja-de","19":"pa_typedemontre-taschenuhren","20":"pa_verre-mineralglas-de","21":"sales-flash-overlay","22":"woocommerce-text-align-center","23":"woocommerce-image-align-center","24":"do-quantity-buttons","26":"first","27":"instock","28":"taxable","29":"shipping-taxable","30":"purchasable","31":"product-type-simple"},"acf":[],"_links":{"self":[{"href":"https:\/\/lediamant.ch\/de\/wp-json\/wp\/v2\/product\/126989","targetHints":{"allow":["GET"]}}],"collection":[{"href":"https:\/\/lediamant.ch\/de\/wp-json\/wp\/v2\/product"}],"about":[{"href":"https:\/\/lediamant.ch\/de\/wp-json\/wp\/v2\/types\/product"}],"wp:featuredmedia":[{"embeddable":true,"href":"https:\/\/lediamant.ch\/de\/wp-json\/wp\/v2\/media\/218127"}],"wp:attachment":[{"href":"https:\/\/lediamant.ch\/de\/wp-json\/wp\/v2\/media?parent=126989"}],"wp:term":[{"taxonomy":"brand","embeddable":true,"href":"https:\/\/lediamant.ch\/de\/wp-json\/wp\/v2\/brand?post=126989"},{"taxonomy":"product_brand","embeddable":true,"href":"https:\/\/lediamant.ch\/de\/wp-json\/wp\/v2\/product_brand?post=126989"},{"taxonomy":"product_cat","embeddable":true,"href":"https:\/\/lediamant.ch\/de\/wp-json\/wp\/v2\/product_cat?post=126989"},{"taxonomy":"product_tag","embeddable":true,"href":"https:\/\/lediamant.ch\/de\/wp-json\/wp\/v2\/product_tag?post=126989"}],"curies":[{"name":"wp","href":"https:\/\/api.w.org\/{rel}","templated":true}]}}