{"id":126993,"date":"2020-03-16T13:00:59","date_gmt":"2020-03-16T12:00:59","guid":{"rendered":"https:\/\/lediamant.ch\/produit\/uhren-de\/aerowatch-de\/taschenuhren-de\/aerowatch-taschenuhr-mit-handaufzug-925-silber\/"},"modified":"2025-05-16T16:40:15","modified_gmt":"2025-05-16T14:40:15","slug":"aerowatch-montre-de-poche-a-remontage-manuel-argent-925","status":"publish","type":"product","link":"https:\/\/lediamant.ch\/de\/uhren\/126993-aerowatch-taschenuhr-savonette-mechanisch-silber-925-55650-a901\/","title":{"rendered":"Aerowatch Taschenuhr Savonette mechanisch Silber 925"},"content":{"rendered":"<p>Diese Taschenuhr von Aerowatch ist ein elegantes Schmuckst\u00fcck. Das Geh\u00e4use aus 925er Silber hat ein klassisches Design mit einem wei\u00dfen Zifferblatt, das mit r\u00f6mischen Ziffern verziert ist, um die Zeit leicht ablesen zu k\u00f6nnen. Das mechanische Handaufzugswerk ETA Unitas 6497-1 sorgt f\u00fcr ein authentisches Vintage-Gef\u00fchl. Diese Uhr ist mehr als nur ein Zeitmesser, sie ist ein modisches Accessoire, das jedes Outfit perfekt erg\u00e4nzt.<\/p>\n","protected":false},"excerpt":{"rendered":"<p>Diese Taschenuhr von Aerowatch ist ein elegantes Schmuckst\u00fcck. Das Geh\u00e4use aus 925er Silber hat ein klassisches Design mit einem wei\u00dfen Zifferblatt, das mit r\u00f6mischen Ziffern verziert ist, um die Zeit leicht ablesen zu k\u00f6nnen. Das mechanische Handaufzugswerk ETA Unitas 6497-1 sorgt f\u00fcr ein authentisches Vintage-Gef\u00fchl. Diese Uhr ist mehr als nur ein Zeitmesser, sie ist &#8230; <a title=\"Aerowatch Taschenuhr Savonette mechanisch Silber 925\" class=\"read-more\" href=\"https:\/\/lediamant.ch\/de\/uhren\/126993-aerowatch-taschenuhr-savonette-mechanisch-silber-925-55650-a901\/\" aria-label=\"Mehr Informationen \u00fcber Aerowatch Taschenuhr Savonette mechanisch Silber 925\">Weiterlesen &#8230;<\/a><\/p>\n","protected":false},"featured_media":218149,"template":"","meta":{"_acf_changed":false,"_seopress_robots_primary_cat":"27337","_seopress_titles_title":"%%post_title%%","_seopress_titles_desc":"Diese Aerowatch Savonnette-Taschenuhr ist ein elegantes Schmuckst\u00fcck. Das Geh\u00e4use aus 925er Silber hat ein klassisches Design.","_seopress_robots_index":""},"brand":[27081],"product_brand":[],"product_cat":[27167,27337,27123],"product_tag":[],"class_list":{"0":"post-126993","1":"product","2":"type-product","3":"status-publish","4":"has-post-thumbnail","6":"brand-aerowatch-de","7":"product_cat-aerowatch-de","8":"product_cat-taschenuhren","9":"product_cat-uhren","10":"pa_couleurduboitier-grau-de","11":"pa_couleurducadran-weiss","12":"pa_forme-runden","13":"pa_garantie-24monate","14":"pa_genre-mann","15":"pa_matiere-925silber","16":"pa_modele-de-mouvement-eta-6497-1-de","17":"pa_mouvement-mechanik","18":"pa_swissmade-ja-de","19":"pa_typedemontre-taschenuhren","20":"pa_verre-mineralglas-de","21":"sales-flash-overlay","22":"woocommerce-text-align-center","23":"woocommerce-image-align-center","24":"do-quantity-buttons","26":"first","27":"instock","28":"taxable","29":"shipping-taxable","30":"purchasable","31":"product-type-simple"},"acf":[],"_links":{"self":[{"href":"https:\/\/lediamant.ch\/de\/wp-json\/wp\/v2\/product\/126993","targetHints":{"allow":["GET"]}}],"collection":[{"href":"https:\/\/lediamant.ch\/de\/wp-json\/wp\/v2\/product"}],"about":[{"href":"https:\/\/lediamant.ch\/de\/wp-json\/wp\/v2\/types\/product"}],"wp:featuredmedia":[{"embeddable":true,"href":"https:\/\/lediamant.ch\/de\/wp-json\/wp\/v2\/media\/218149"}],"wp:attachment":[{"href":"https:\/\/lediamant.ch\/de\/wp-json\/wp\/v2\/media?parent=126993"}],"wp:term":[{"taxonomy":"brand","embeddable":true,"href":"https:\/\/lediamant.ch\/de\/wp-json\/wp\/v2\/brand?post=126993"},{"taxonomy":"product_brand","embeddable":true,"href":"https:\/\/lediamant.ch\/de\/wp-json\/wp\/v2\/product_brand?post=126993"},{"taxonomy":"product_cat","embeddable":true,"href":"https:\/\/lediamant.ch\/de\/wp-json\/wp\/v2\/product_cat?post=126993"},{"taxonomy":"product_tag","embeddable":true,"href":"https:\/\/lediamant.ch\/de\/wp-json\/wp\/v2\/product_tag?post=126993"}],"curies":[{"name":"wp","href":"https:\/\/api.w.org\/{rel}","templated":true}]}}