{"id":126999,"date":"2020-03-16T13:01:05","date_gmt":"2020-03-16T12:01:05","guid":{"rendered":"https:\/\/lediamant.ch\/produit\/uhren-de\/aerowatch-de\/taschenuhren-de\/aerowatch-taschenuhr-mit-handaufzug-5\/"},"modified":"2025-05-16T16:59:33","modified_gmt":"2025-05-16T14:59:33","slug":"aerowatch-montre-de-poche-a-remontage-manuel-argentee-2","status":"publish","type":"product","link":"https:\/\/lediamant.ch\/de\/uhren\/126999-aerowatch-taschenuhr-savonnette-mechanisch-silber-55700-ag01\/","title":{"rendered":"Aerowatch Taschenuhr Savonnette mechanisch Silber"},"content":{"rendered":"<p>Entdecken Sie diese elegante Aerowatch Taschenuhr mit Handaufzug. Das Stahlgeh\u00e4use mit Glasscheibe zeigt die Zeit auf dem wei\u00dfen Zifferblatt an. Diese Uhr ist eine echte Mischung aus Raffinesse und klassischem Stil. Sowohl auf der Innen- als auch auf der Au\u00dfenseite sind r\u00f6mische Ziffern zu sehen. Der Handaufzugsmechanismus verleiht diesem St\u00fcck eine authentische Vintage-Note. Diese Aerowatch Taschenuhr ist perfekt f\u00fcr alle, die traditionelle Uhrmacherkunst sch\u00e4tzen. Sie ist mehr als nur ein Accessoire, sie ist ein Erbe, das weitergegeben wird.<\/p>\n","protected":false},"excerpt":{"rendered":"<p>Entdecken Sie diese elegante Aerowatch Taschenuhr mit Handaufzug. Das Stahlgeh\u00e4use mit Glasscheibe zeigt die Zeit auf dem wei\u00dfen Zifferblatt an. Diese Uhr ist eine echte Mischung aus Raffinesse und klassischem Stil. Sowohl auf der Innen- als auch auf der Au\u00dfenseite sind r\u00f6mische Ziffern zu sehen. Der Handaufzugsmechanismus verleiht diesem St\u00fcck eine authentische Vintage-Note. Diese Aerowatch &#8230; <a title=\"Aerowatch Taschenuhr Savonnette mechanisch Silber\" class=\"read-more\" href=\"https:\/\/lediamant.ch\/de\/uhren\/126999-aerowatch-taschenuhr-savonnette-mechanisch-silber-55700-ag01\/\" aria-label=\"Mehr Informationen \u00fcber Aerowatch Taschenuhr Savonnette mechanisch Silber\">Weiterlesen &#8230;<\/a><\/p>\n","protected":false},"featured_media":218154,"template":"","meta":{"_acf_changed":false,"_seopress_robots_primary_cat":"27337","_seopress_titles_title":"%%post_title%%","_seopress_titles_desc":"Entdecken Sie die Aerowatch Taschenuhr mit Handaufzug: ein Meisterwerk an Stil und Eleganz mit wei\u00dfem Zifferblatt und r\u00f6mischen Ziffern.","_seopress_robots_index":""},"brand":[27081],"product_brand":[],"product_cat":[27167,27337,27123],"product_tag":[],"class_list":{"0":"post-126999","1":"product","2":"type-product","3":"status-publish","4":"has-post-thumbnail","6":"brand-aerowatch-de","7":"product_cat-aerowatch-de","8":"product_cat-taschenuhren","9":"product_cat-uhren","10":"pa_couleurduboitier-grau-de","11":"pa_couleurducadran-weiss","12":"pa_forme-runden","13":"pa_garantie-24monate","14":"pa_genre-mann","15":"pa_matiere-stahl","16":"pa_modele-de-mouvement-eta-unitas-6498-1-de","17":"pa_mouvement-mechanik","18":"pa_swissmade-ja-de","19":"pa_typedemontre-taschenuhren","20":"pa_verre-mineralglas-de","21":"sales-flash-overlay","22":"woocommerce-text-align-center","23":"woocommerce-image-align-center","24":"do-quantity-buttons","26":"first","27":"instock","28":"taxable","29":"shipping-taxable","30":"purchasable","31":"product-type-simple"},"acf":[],"_links":{"self":[{"href":"https:\/\/lediamant.ch\/de\/wp-json\/wp\/v2\/product\/126999","targetHints":{"allow":["GET"]}}],"collection":[{"href":"https:\/\/lediamant.ch\/de\/wp-json\/wp\/v2\/product"}],"about":[{"href":"https:\/\/lediamant.ch\/de\/wp-json\/wp\/v2\/types\/product"}],"wp:featuredmedia":[{"embeddable":true,"href":"https:\/\/lediamant.ch\/de\/wp-json\/wp\/v2\/media\/218154"}],"wp:attachment":[{"href":"https:\/\/lediamant.ch\/de\/wp-json\/wp\/v2\/media?parent=126999"}],"wp:term":[{"taxonomy":"brand","embeddable":true,"href":"https:\/\/lediamant.ch\/de\/wp-json\/wp\/v2\/brand?post=126999"},{"taxonomy":"product_brand","embeddable":true,"href":"https:\/\/lediamant.ch\/de\/wp-json\/wp\/v2\/product_brand?post=126999"},{"taxonomy":"product_cat","embeddable":true,"href":"https:\/\/lediamant.ch\/de\/wp-json\/wp\/v2\/product_cat?post=126999"},{"taxonomy":"product_tag","embeddable":true,"href":"https:\/\/lediamant.ch\/de\/wp-json\/wp\/v2\/product_tag?post=126999"}],"curies":[{"name":"wp","href":"https:\/\/api.w.org\/{rel}","templated":true}]}}