{"id":127037,"date":"2020-03-16T13:01:11","date_gmt":"2020-03-16T12:01:11","guid":{"rendered":"https:\/\/lediamant.ch\/produit\/uhren-de\/aerowatch-de\/taschenuhren-de\/aerowatch-taschenuhr-mit-handaufzug-vergoldet-5\/"},"modified":"2025-05-16T18:12:27","modified_gmt":"2025-05-16T16:12:27","slug":"aerowatch-montre-de-poche-a-remontage-manuel-plaquee-or-5","status":"publish","type":"product","link":"https:\/\/lediamant.ch\/de\/uhren\/127037-aerowatch-taschenuhr-lepine-mechanical-chrono-moon-phase-69681-j101\/","title":{"rendered":"Aerowatch Taschenuhr Lepine Mechanical Chrono Moon Phase"},"content":{"rendered":"<p>Um sein wertvolles Erbe zu bewahren, pr\u00e4sentiert das Familienunternehmen AEROWATCH die mechanische L\u00e9pine Taschenuhr mit einem Durchmesser von 47 mm. Sie verf\u00fcgt \u00fcber ein mechanisches Uhrwerk ETA 7760: Chronograph, Mondphase und Datumsanzeige per Zeiger. Das wei\u00dfe Zifferblatt mit r\u00f6mischen Ziffern und das mit Gelbgold plattierte Geh\u00e4use verleihen dieser Uhr einen authentischen Stil, der die Werte und Wurzeln der jurassischen Marke widerspiegelt. Dauphine-Zeiger und ein gew\u00f6lbtes Glas wurden ebenfalls sorgf\u00e4ltig ausgew\u00e4hlt, um den Look dieser Taschenuhr zu vervollst\u00e4ndigen.<\/p>\n","protected":false},"excerpt":{"rendered":"<p>Um sein wertvolles Erbe zu bewahren, pr\u00e4sentiert das Familienunternehmen AEROWATCH die mechanische L\u00e9pine Taschenuhr mit einem Durchmesser von 47 mm. Sie verf\u00fcgt \u00fcber ein mechanisches Uhrwerk ETA 7760: Chronograph, Mondphase und Datumsanzeige per Zeiger. Das wei\u00dfe Zifferblatt mit r\u00f6mischen Ziffern und das mit Gelbgold plattierte Geh\u00e4use verleihen dieser Uhr einen authentischen Stil, der die Werte &#8230; <a title=\"Aerowatch Taschenuhr Lepine Mechanical Chrono Moon Phase\" class=\"read-more\" href=\"https:\/\/lediamant.ch\/de\/uhren\/127037-aerowatch-taschenuhr-lepine-mechanical-chrono-moon-phase-69681-j101\/\" aria-label=\"Mehr Informationen \u00fcber Aerowatch Taschenuhr Lepine Mechanical Chrono Moon Phase\">Weiterlesen &#8230;<\/a><\/p>\n","protected":false},"featured_media":218186,"template":"","meta":{"_acf_changed":false,"_seopress_robots_primary_cat":"27337","_seopress_titles_title":"%%post_title%%","_seopress_titles_desc":"Entdecken Sie zeitlose Eleganz mit der Taschenuhr L\u00e9pine von AEROWATCH, 47mm, ETA 7760 Uhrwerk, Chrono, Mondphase und Datum.","_seopress_robots_index":""},"brand":[27081],"product_brand":[],"product_cat":[27167,27337,27123],"product_tag":[],"class_list":{"0":"post-127037","1":"product","2":"type-product","3":"status-publish","4":"has-post-thumbnail","6":"brand-aerowatch-de","7":"product_cat-aerowatch-de","8":"product_cat-taschenuhren","9":"product_cat-uhren","10":"pa_couleurduboitier-gelb-de","11":"pa_couleurducadran-weiss","12":"pa_forme-runden","13":"pa_garantie-24monate","14":"pa_genre-mann","15":"pa_matiere-gelbvergoldet","16":"pa_modele-de-mouvement-eta-7760-de","17":"pa_mouvement-mechanik","18":"pa_swissmade-ja-de","19":"pa_typedemontre-taschenuhren","20":"pa_verre-mineralglas-de","21":"sales-flash-overlay","22":"woocommerce-text-align-center","23":"woocommerce-image-align-center","24":"do-quantity-buttons","26":"first","27":"instock","28":"taxable","29":"shipping-taxable","30":"purchasable","31":"product-type-simple"},"acf":[],"_links":{"self":[{"href":"https:\/\/lediamant.ch\/de\/wp-json\/wp\/v2\/product\/127037","targetHints":{"allow":["GET"]}}],"collection":[{"href":"https:\/\/lediamant.ch\/de\/wp-json\/wp\/v2\/product"}],"about":[{"href":"https:\/\/lediamant.ch\/de\/wp-json\/wp\/v2\/types\/product"}],"wp:featuredmedia":[{"embeddable":true,"href":"https:\/\/lediamant.ch\/de\/wp-json\/wp\/v2\/media\/218186"}],"wp:attachment":[{"href":"https:\/\/lediamant.ch\/de\/wp-json\/wp\/v2\/media?parent=127037"}],"wp:term":[{"taxonomy":"brand","embeddable":true,"href":"https:\/\/lediamant.ch\/de\/wp-json\/wp\/v2\/brand?post=127037"},{"taxonomy":"product_brand","embeddable":true,"href":"https:\/\/lediamant.ch\/de\/wp-json\/wp\/v2\/product_brand?post=127037"},{"taxonomy":"product_cat","embeddable":true,"href":"https:\/\/lediamant.ch\/de\/wp-json\/wp\/v2\/product_cat?post=127037"},{"taxonomy":"product_tag","embeddable":true,"href":"https:\/\/lediamant.ch\/de\/wp-json\/wp\/v2\/product_tag?post=127037"}],"curies":[{"name":"wp","href":"https:\/\/api.w.org\/{rel}","templated":true}]}}