{"id":127041,"date":"2020-03-16T13:01:18","date_gmt":"2020-03-16T12:01:18","guid":{"rendered":"https:\/\/lediamant.ch\/produit\/uhren-de\/aerowatch-de\/taschenuhren-de\/aerowatch-taschenuhr-mit-handaufzug-vergoldet-6\/"},"modified":"2025-05-17T11:45:27","modified_gmt":"2025-05-17T09:45:27","slug":"aerowatch-montre-de-poche-a-remontage-manuel-plaquee-or-6","status":"publish","type":"product","link":"https:\/\/lediamant.ch\/de\/uhren\/127041-aerowatch-taschenuhr-lepine-mechanical-chrono-moon-phase-69681-j102\/","title":{"rendered":"Aerowatch Taschenuhr Lepine Mechanical Chrono Moon Phase"},"content":{"rendered":"<p class=\"h5 text-uppercase\">Um sein wertvolles Erbe zu bewahren, pr\u00e4sentiert das Familienunternehmen AEROWATCH die mechanische L\u00e9pine Taschenuhr mit einem Durchmesser von 47 mm. Sie verf\u00fcgt \u00fcber ein mechanisches Uhrwerk ETA 7760: Chronograph, Mondphase und Datumsanzeige per Zeiger. Ein wei\u00dfes Zifferblatt mit arabischen Ziffern und ein mit Gelbgold plattiertes Geh\u00e4use verleihen dieser Uhr einen authentischen Stil, der die Werte und Wurzeln der jurassischen Marke widerspiegelt. Die Dauphine-Zeiger und das gew\u00f6lbte Glas wurden ebenfalls sorgf\u00e4ltig ausgew\u00e4hlt, um den Look dieser Taschenuhr zu vervollst\u00e4ndigen.<\/p>\n","protected":false},"excerpt":{"rendered":"<p>Um sein wertvolles Erbe zu bewahren, pr\u00e4sentiert das Familienunternehmen AEROWATCH die mechanische L\u00e9pine Taschenuhr mit einem Durchmesser von 47 mm. Sie verf\u00fcgt \u00fcber ein mechanisches Uhrwerk ETA 7760: Chronograph, Mondphase und Datumsanzeige per Zeiger. Ein wei\u00dfes Zifferblatt mit arabischen Ziffern und ein mit Gelbgold plattiertes Geh\u00e4use verleihen dieser Uhr einen authentischen Stil, der die Werte &#8230; <a title=\"Aerowatch Taschenuhr Lepine Mechanical Chrono Moon Phase\" class=\"read-more\" href=\"https:\/\/lediamant.ch\/de\/uhren\/127041-aerowatch-taschenuhr-lepine-mechanical-chrono-moon-phase-69681-j102\/\" aria-label=\"Mehr Informationen \u00fcber Aerowatch Taschenuhr Lepine Mechanical Chrono Moon Phase\">Weiterlesen &#8230;<\/a><\/p>\n","protected":false},"featured_media":218198,"template":"","meta":{"_acf_changed":false,"_seopress_robots_primary_cat":"27337","_seopress_titles_title":"","_seopress_titles_desc":"","_seopress_robots_index":""},"brand":[27081],"product_brand":[],"product_cat":[27167,27337,27123],"product_tag":[],"class_list":{"0":"post-127041","1":"product","2":"type-product","3":"status-publish","4":"has-post-thumbnail","6":"brand-aerowatch-de","7":"product_cat-aerowatch-de","8":"product_cat-taschenuhren","9":"product_cat-uhren","10":"pa_couleurduboitier-gelb-de","11":"pa_couleurducadran-weiss","12":"pa_forme-runden","13":"pa_garantie-24monate","14":"pa_genre-mann","15":"pa_matiere-gelbvergoldet","16":"pa_modele-de-mouvement-eta-7760-de","17":"pa_mouvement-mechanik","18":"pa_swissmade-ja-de","19":"pa_typedemontre-taschenuhren","20":"pa_verre-mineralglas-de","21":"sales-flash-overlay","22":"woocommerce-text-align-center","23":"woocommerce-image-align-center","24":"do-quantity-buttons","26":"first","27":"instock","28":"taxable","29":"shipping-taxable","30":"purchasable","31":"product-type-simple"},"acf":[],"_links":{"self":[{"href":"https:\/\/lediamant.ch\/de\/wp-json\/wp\/v2\/product\/127041","targetHints":{"allow":["GET"]}}],"collection":[{"href":"https:\/\/lediamant.ch\/de\/wp-json\/wp\/v2\/product"}],"about":[{"href":"https:\/\/lediamant.ch\/de\/wp-json\/wp\/v2\/types\/product"}],"wp:featuredmedia":[{"embeddable":true,"href":"https:\/\/lediamant.ch\/de\/wp-json\/wp\/v2\/media\/218198"}],"wp:attachment":[{"href":"https:\/\/lediamant.ch\/de\/wp-json\/wp\/v2\/media?parent=127041"}],"wp:term":[{"taxonomy":"brand","embeddable":true,"href":"https:\/\/lediamant.ch\/de\/wp-json\/wp\/v2\/brand?post=127041"},{"taxonomy":"product_brand","embeddable":true,"href":"https:\/\/lediamant.ch\/de\/wp-json\/wp\/v2\/product_brand?post=127041"},{"taxonomy":"product_cat","embeddable":true,"href":"https:\/\/lediamant.ch\/de\/wp-json\/wp\/v2\/product_cat?post=127041"},{"taxonomy":"product_tag","embeddable":true,"href":"https:\/\/lediamant.ch\/de\/wp-json\/wp\/v2\/product_tag?post=127041"}],"curies":[{"name":"wp","href":"https:\/\/api.w.org\/{rel}","templated":true}]}}